{"id":10413,"date":"2025-01-21T12:13:49","date_gmt":"2025-01-21T11:13:49","guid":{"rendered":"https:\/\/kreftforeningen.no\/innsamlingsaksjonen\/?page_id=10413"},"modified":"2026-02-04T13:48:55","modified_gmt":"2026-02-04T12:48:55","slug":"hvordan-bli-innsamler-for-kreftforeningens-innsamlingsaksjon","status":"publish","type":"page","link":"https:\/\/kreftforeningen.no\/innsamlingsaksjonen\/hvordan-bli-innsamler-for-kreftforeningens-innsamlingsaksjon\/","title":{"rendered":"Hvordan kan jeg bli innsamler for Kreftforeningens innsamlingsaksjon?"},"content":{"rendered":"\n<div class=\"wp-block-kf-ingress\"><div class=\"kf-header__ingress\"><p>\u00c5 bli innsamler for Kreftforeningens innsamlingsaksjon handler om mer enn \u00e5 g\u00e5 d\u00f8r til d\u00f8r \u2013 det handler om \u00e5 gi h\u00e5p, redde liv og bidra til en fremtid med bedre behandlinger for kreft. I \u00e5r er datoen vi g\u00e5r s\u00f8ndag 15. mars. <\/p><\/div><\/div>\n\n\n\n<figure class=\"wp-block-image size-large\"><img loading=\"lazy\" decoding=\"async\" width=\"2560\" height=\"1439\" src=\"https:\/\/kreftforeningen.no\/content\/uploads\/2025\/01\/DSC01404-edited-scaled.jpg\" alt=\"En person holder et skilt for en innsamlingsaksjon i 2025, med en kaffekanneillustrasjon og en QR-kode.\" class=\"wp-image-185938\" srcset=\"https:\/\/kreftforeningen.no\/content\/uploads\/2025\/01\/DSC01404-edited-scaled.jpg 2560w, https:\/\/kreftforeningen.no\/content\/uploads\/2025\/01\/DSC01404-edited-300x169.jpg 300w, https:\/\/kreftforeningen.no\/content\/uploads\/2025\/01\/DSC01404-edited-1024x576.jpg 1024w, https:\/\/kreftforeningen.no\/content\/uploads\/2025\/01\/DSC01404-edited-768x432.jpg 768w, https:\/\/kreftforeningen.no\/content\/uploads\/2025\/01\/DSC01404-edited-1536x863.jpg 1536w, https:\/\/kreftforeningen.no\/content\/uploads\/2025\/01\/DSC01404-edited-2048x1151.jpg 2048w, https:\/\/kreftforeningen.no\/content\/uploads\/2025\/01\/DSC01404-edited-135x76.jpg 135w\" sizes=\"auto, (max-width: 2560px) 100vw, 2560px\" \/><\/figure>\n\n\n\n<h2 class=\"wp-block-heading\" id=\"h-her-er-alt-du-trenger-a-vite-for-a-komme-i-gang-som-innsamler-nbsp\">Her er alt du trenger \u00e5 vite for \u00e5 komme i gang som innsamler:&nbsp;<\/h2>\n\n\n\n<h3 class=\"wp-block-heading\" id=\"h-hvordan-melder-jeg-meg-som-innsamler-nbsp\"><strong>Hvordan melder jeg meg som innsamler?<\/strong>&nbsp;<\/h3>\n\n\n\n<ul class=\"wp-block-list\">\n<li>G\u00e5 til<a href=\"https:\/\/innsamler.kreftforeningen.no\/\"> innsamler.kreftforeningen.no <\/a>og trykk p\u00e5 <strong>\u00abBli med \u00e5 g\u00e5\u00bb<\/strong>.&nbsp;<\/li>\n\n\n\n<li>Velg en rute i n\u00e6rheten av der du bor ved \u00e5 s\u00f8ke p\u00e5 \u00f8nsket adresse. Du f\u00e5r foresl\u00e5tt ledige ruter basert p\u00e5 s\u00f8ket ditt.&nbsp;<\/li>\n\n\n\n<li>N\u00e5r du reserverer ruten f\u00e5r du tilsendt alle detaljer, inkludert innsamlingsmateriell p\u00e5 mail, dette m\u00e5 du s\u00e5 printe ut. <\/li>\n<\/ul>\n\n\n\n<h3 class=\"wp-block-heading\" id=\"h-hva-innebaerer-det-a-ga-en-rute-nbsp\"><strong>Hva inneb\u00e6rer det \u00e5 g\u00e5 en rute?<\/strong>&nbsp;<\/h3>\n\n\n\n<ul class=\"wp-block-list\">\n<li><strong>Hvor lenge m\u00e5 jeg g\u00e5?<\/strong> Tiden avhenger av ruten du velger, men du f\u00e5r et estimat f\u00f8r du reserverer. Du kan velge en lengre eller kortere rute. Vi oppfordrer deg til \u00e5 g\u00e5 hele ruten \u2013 mange venter p\u00e5 at du skal komme p\u00e5 d\u00f8ren deres denne dagen.&nbsp;<\/li>\n\n\n\n<li><strong>M\u00e5 jeg g\u00e5 alene?<\/strong> Nei, du kan g\u00e5 sammen med andre. Dersom dere er flere, anbefaler vi at dere reserverer \u00e9n rute per person, slik at vi dekker flest mulig husstander.&nbsp;Det er ogs\u00e5 mulig \u00e5 f\u00e5 tilsendt flere innsamler-plakater n\u00e5r du melder deg.<\/li>\n\n\n\n<li><strong>N\u00e5r b\u00f8r jeg g\u00e5?<\/strong> Du kan g\u00e5 n\u00e5r som helst p\u00e5 aksjonsdagen, men vi anbefaler ettermiddagen mellom kl. <strong>16-19<\/strong>, da flest folk er hjemme.&nbsp;<\/li>\n<\/ul>\n\n\n\n<h3 class=\"wp-block-heading\" id=\"h-hvordan-samler-jeg-inn-penger-nbsp\"><strong>Hvordan samler jeg inn penger?<\/strong>&nbsp;<\/h3>\n\n\n\n<ul class=\"wp-block-list\">\n<li>Innsamlingen er <strong>kontantfri<\/strong>, og du f\u00e5r en personlig QR-kode som brukes til \u00e5 samle inn penger via Vipps, SMS eller bankoverf\u00f8ring.&nbsp;<\/li>\n\n\n\n<li><strong>Hva med kontanter?<\/strong> Av sikkerhetshensyn tar vi ikke imot kontanter. Dette gj\u00f8r det tryggere b\u00e5de for deg og giverne.&nbsp;<\/li>\n<\/ul>\n\n\n\n<h3 class=\"wp-block-heading\" id=\"h-hvordan-fungerer-det-med-qr-koden-nbsp\"><strong>Hvordan fungerer det med QR-koden? <\/strong>&nbsp;<\/h3>\n\n\n\n<ul class=\"wp-block-list\">\n<li>Innsamleren vil ha med seg en plakat og klistremerker med QR-kode p\u00e5, som givere kan scanne og betale gjennom Vipps eller bankkort. &nbsp;<\/li>\n<\/ul>\n\n\n\n<h3 class=\"wp-block-heading\" id=\"h-hva-er-alternative-givermater-til-qr-koden-nbsp-nbsp\"><strong>Hva er alternative giverm\u00e5ter til QR-koden?&nbsp;<\/strong>&nbsp;<\/h3>\n\n\n\n<p>De som \u00f8nsker \u00e5 gi penger kan ogs\u00e5:&nbsp;<\/p>\n\n\n\n<ul class=\"wp-block-list\">\n<li>Vipse til v\u00e5rt hovednummer: 3366&nbsp;<\/li>\n\n\n\n<li>Sende en sms med ordet: \u201cGI\u201d til 2277 (giver trekkes da 250 kr)&nbsp;&nbsp;<\/li>\n\n\n\n<li>Betale over bankoverf\u00f8ring til kontornummer: 1503.07.66056&nbsp;&nbsp;<\/li>\n\n\n\n<li>Bruke <a href=\"https:\/\/kreftforeningen.no\/innsamlingsaksjonen\/stott-innsamlingsaksjonen\/\">gaveskjema p\u00e5 nettsiden v\u00e5r<\/a> og velge ett valgfritt bel\u00f8p<\/li>\n<\/ul>\n\n\n\n<h3 class=\"wp-block-heading\" id=\"h-hva-trenger-jeg-a-ta-med-meg-nbsp\"><strong>Hva trenger jeg \u00e5 ta med meg?<\/strong>&nbsp;<\/h3>\n\n\n\n<ul class=\"wp-block-list\">\n<li>Alt innsamlingsmateriell, inkludert QR-kode og veiledning, blir sendt til deg. Om du melder deg kort tid f\u00f8r aksjonen, f\u00e5r du materiellet digitalt og kan printe det selv.&nbsp;<\/li>\n\n\n\n<li>Kle deg etter v\u00e6ret, og ta med et smil!&nbsp;<\/li>\n<\/ul>\n\n\n\n<h3 class=\"wp-block-heading\" id=\"h-kan-barn-vaere-med-nbsp\"><strong>Kan barn v\u00e6re med?<\/strong>&nbsp;<\/h3>\n\n\n\n<ul class=\"wp-block-list\">\n<li>Ja, men barn under 15 \u00e5r b\u00f8r g\u00e5 sammen med en voksen. \u00c5 samle inn penger kan v\u00e6re en flott m\u00e5te \u00e5 engasjere unge p\u00e5 i en viktig sak.&nbsp;<\/li>\n<\/ul>\n\n\n\n<h3 class=\"wp-block-heading\" id=\"h-hva-gjor-jeg-hvis-ingen-er-hjemme-nbsp\"><strong>Hva gj\u00f8r jeg hvis ingen er hjemme?<\/strong>&nbsp;<\/h3>\n\n\n\n<ul class=\"wp-block-list\">\n<li>Legg igjen et giverkort i postkassen. Her st\u00e5r det informasjon om hvordan de kan st\u00f8tte innsamlingsaksjonen senere.&nbsp;<\/li>\n<\/ul>\n\n\n\n<h3 class=\"wp-block-heading\" id=\"h-hvordan-kan-jeg-samle-inn-digitalt-utover-dor-til-dor-aksjonen-nbsp\"><strong>Hvordan kan jeg samle inn digitalt utover d\u00f8r-til-d\u00f8r-aksjonen?<\/strong>&nbsp;<\/h3>\n\n\n\n<ul class=\"wp-block-list\">\n<li>Du f\u00e5r en QR-kode som leder inn til din digitale innsamling, den kan du dele p\u00e5 sosiale medier, e-post eller SMS &#8211; du bestemmer hvor og hva den deles p\u00e5.&nbsp;<\/li>\n\n\n\n<li>Husk ogs\u00e5 at innsamlingen er \u00e5pen f\u00f8r, under og etter aksjonsdagen, slik at du kan n\u00e5 ut til flest mulig!&nbsp;<\/li>\n<\/ul>\n\n\n\n<h3 class=\"wp-block-heading\" id=\"h-hva-gar-pengene-til-nbsp\"><strong>Hva g\u00e5r pengene til?<\/strong>&nbsp;<\/h3>\n\n\n\n<ul class=\"wp-block-list\">\n<li>Pengene fra \u00e5rets innsamlingsaksjon g\u00e5r til \u00e5 gi flere kreftpasienter tilgang til gentesting av kreftsvulsten \u2013 en avansert diagnostisk teknologi som kan \u00e5pne for nye behandlingsmuligheter og gi et lenger liv til flere. Dette gir flere pasienter mulighet til behandling skreddersydd for deres unike krefttype.<\/li>\n\n\n\n<li><a href=\"https:\/\/kreftforeningen.no\/innsamlingsaksjonen\/dette-gar-pengene-fra-innsamlingsaksjonen-til\/\" target=\"_blank\" rel=\"noreferrer noopener\">Les mer om hva pengene fra innsamlingsaksjonen g\u00e5r til<\/a>.&nbsp;<\/li>\n<\/ul>\n\n\n\n<h2 class=\"wp-block-heading\" id=\"h-bli-en-del-av-fellesskapet-nbsp\"><strong>Bli en del av fellesskapet<\/strong>&nbsp;<\/h2>\n\n\n\n<p>Ingen g\u00e5r gjennom livet uten \u00e5 bli ber\u00f8rt av kreft, men sammen kan vi gj\u00f8re en forskjell. Tusen takk for at du vurderer \u00e5 bli med p\u00e5 <strong>v\u00e5rens viktigste s\u00f8ndagstur<\/strong>. Meld deg som innsamler n\u00e5, og bli med p\u00e5 \u00e5 gi h\u00e5p til tusenvis av familier.<\/p>\n\n\n\n<p>\u00d8nsker du \u00e5 engasjere deg p\u00e5 andre m\u00e5ter? F\u00e5<a href=\"https:\/\/kreftforeningen.no\/innsamlingsaksjonen\/engasjer-deg\/\"> tips til hvordan du kan engasjere deg<\/a>.<\/p>\n\n\n\t<div style=\"min-height:400px\" class=\"has-background-dim has-blue-light-background-color align is-style-content-right wp-block-teft-banner\" id=\"wp-block-teft-banner-bc4615770086\">\n\t\t\t\t\t<div class=\"wp-block-teft-banner__media\" style=\"background-image: url(https:\/\/kreftforeningen.no\/content\/uploads\/2026\/01\/2.png);background-position: 46% 69%\">\n\t\t\t<\/div>\n\t\t\t\t<div class=\"wp-block-teft-banner__inner-container\">\n\t\t\t\n\n<h2 class=\"wp-block-heading\" id=\"h-ga-for-kreftsaken-sondag-15-mars\">G\u00e5 for kreftsaken s\u00f8ndag 15. mars!<\/h2>\n\n\n\n<p><\/p>\n\n\n\n<p>Pengene som samles inn til Kreftforeningens innsamlingsaksjon bidrar til at pasienter som kan ha nytte av det kan f\u00e5 en gentest. Det kan \u00e5pne for ny behandling, som kan forlenge livet til flere.<\/p>\n\n\n\n<p>Meld deg som innsamler n\u00e5, og bli med p\u00e5 \u00e5 gi h\u00e5p til tusenvis av familier!<\/p>\n\n\n\n<div class=\"wp-block-button\"><a class=\"wp-block-button__link wp-element-button\" href=\"https:\/\/innsamler.kreftforeningen.no\/?utm_source=nettside_blokk&amp;utm_medium=organisk&amp;utm_campaign=kia_2025&amp;utm_term=alle&amp;utm_content=knapp_monster_smal\">Meld deg som innsamler<\/a><\/div>\n\n\t\t<\/div>\n\t<\/div>\n\t\n\n","protected":false},"excerpt":{"rendered":"<p>Her er alt du trenger \u00e5 vite for \u00e5 komme i gang som innsamler:&nbsp; Hvordan melder jeg meg som innsamler?&nbsp; Hva inneb\u00e6rer det \u00e5 g\u00e5 en rute?&nbsp; Hvordan samler jeg inn penger?&nbsp; Hvordan fungerer det med QR-koden? &nbsp; Hva er alternative giverm\u00e5ter til QR-koden?&nbsp;&nbsp; De som \u00f8nsker \u00e5 gi penger kan ogs\u00e5:&nbsp; Hva trenger jeg [&hellip;]<\/p>\n","protected":false},"author":68,"featured_media":0,"parent":0,"menu_order":0,"comment_status":"closed","ping_status":"closed","template":"","meta":{"_relevanssi_hide_post":"","_relevanssi_hide_content":"","_relevanssi_pin_for_all":"","_relevanssi_pin_keywords":"","_relevanssi_unpin_keywords":"","_relevanssi_related_keywords":"","_relevanssi_related_include_ids":"","_relevanssi_related_exclude_ids":"","_relevanssi_related_no_append":"","_relevanssi_related_not_related":"","_relevanssi_related_posts":"13,7198,9,897,7200,8745","_relevanssi_noindex_reason":"","kf_show_post_date":false,"kf_show_updated_date":false,"kf_show_print_page":false,"kf_show_chapters":false,"kf_show_chapters_expanded":false,"kf_show_post_outdated":true,"kf_toggle_title":false,"kf_is_template":false,"kf_post_authors":[],"teft_cards_label":"","teft_cards_image_id":0,"teft_cards_image_focal_point_x":0,"teft_cards_image_focal_point_y":0,"teft_cards_title":"","teft_cards_excerpt":"","footnotes":""},"class_list":["post-10413","page","type-page","status-publish","hentry"],"yoast_head":"<!-- This site is optimized with the Yoast SEO Premium plugin v27.3 (Yoast SEO v27.4) - https:\/\/yoast.com\/product\/yoast-seo-premium-wordpress\/ -->\n<title>Hvordan kan jeg bli innsamler for Kreftforeningens innsamlingsaksjon?<\/title>\n<meta name=\"description\" content=\"Her er alt du trenger \u00e5 vite for \u00e5 komme i gang og melde deg som innsamler for Kreftforeningens Innsamlingsaksjon.\" \/>\n<meta name=\"robots\" content=\"index, follow, max-snippet:-1, max-image-preview:large, max-video-preview:-1\" \/>\n<link rel=\"canonical\" href=\"https:\/\/kreftforeningen.no\/innsamlingsaksjonen\/hvordan-bli-innsamler-for-kreftforeningens-innsamlingsaksjon\/\" \/>\n<meta property=\"og:locale\" content=\"nb_NO\" \/>\n<meta property=\"og:type\" content=\"article\" \/>\n<meta property=\"og:title\" content=\"Hvordan kan jeg bli innsamler for Kreftforeningens innsamlingsaksjon?\" \/>\n<meta property=\"og:description\" content=\"Her er alt du trenger \u00e5 vite for \u00e5 komme i gang og melde deg som innsamler for Kreftforeningens Innsamlingsaksjon.\" \/>\n<meta property=\"og:url\" content=\"https:\/\/kreftforeningen.no\/innsamlingsaksjonen\/hvordan-bli-innsamler-for-kreftforeningens-innsamlingsaksjon\/\" \/>\n<meta property=\"og:site_name\" content=\"Kreftforeningens innsamlingsaksjon\" \/>\n<meta property=\"article:published_time\" content=\"2025-01-21T11:13:49+00:00\" \/>\n<meta property=\"article:modified_time\" content=\"2026-02-04T12:48:55+00:00\" \/>\n<meta name=\"twitter:card\" content=\"summary_large_image\" \/>\n<meta name=\"twitter:label1\" content=\"Ansl. lesetid\" \/>\n\t<meta name=\"twitter:data1\" content=\"5 minutter\" \/>\n<script type=\"application\/ld+json\" class=\"yoast-schema-graph\">{\"@context\":\"https:\\\/\\\/schema.org\",\"@graph\":[{\"@type\":\"WebPage\",\"@id\":\"https:\\\/\\\/kreftforeningen.no\\\/innsamlingsaksjonen\\\/hvordan-bli-innsamler-for-kreftforeningens-innsamlingsaksjon\\\/\",\"url\":\"https:\\\/\\\/kreftforeningen.no\\\/innsamlingsaksjonen\\\/hvordan-bli-innsamler-for-kreftforeningens-innsamlingsaksjon\\\/\",\"name\":\"Hvordan kan jeg bli innsamler for Kreftforeningens innsamlingsaksjon?\",\"isPartOf\":{\"@id\":\"https:\\\/\\\/kreftforeningen.no\\\/innsamlingsaksjonen\\\/#website\"},\"primaryImageOfPage\":{\"@id\":\"https:\\\/\\\/kreftforeningen.no\\\/innsamlingsaksjonen\\\/hvordan-bli-innsamler-for-kreftforeningens-innsamlingsaksjon\\\/#primaryimage\"},\"image\":{\"@id\":\"https:\\\/\\\/kreftforeningen.no\\\/innsamlingsaksjonen\\\/hvordan-bli-innsamler-for-kreftforeningens-innsamlingsaksjon\\\/#primaryimage\"},\"thumbnailUrl\":\"https:\\\/\\\/kreftforeningen.no\\\/content\\\/uploads\\\/2025\\\/01\\\/DSC01404-edited-scaled.jpg\",\"datePublished\":\"2025-01-21T11:13:49+00:00\",\"dateModified\":\"2026-02-04T12:48:55+00:00\",\"description\":\"Her er alt du trenger \u00e5 vite for \u00e5 komme i gang og melde deg som innsamler for Kreftforeningens Innsamlingsaksjon.\",\"breadcrumb\":{\"@id\":\"https:\\\/\\\/kreftforeningen.no\\\/innsamlingsaksjonen\\\/hvordan-bli-innsamler-for-kreftforeningens-innsamlingsaksjon\\\/#breadcrumb\"},\"inLanguage\":\"nb-NO\",\"potentialAction\":[{\"@type\":\"ReadAction\",\"target\":[\"https:\\\/\\\/kreftforeningen.no\\\/innsamlingsaksjonen\\\/hvordan-bli-innsamler-for-kreftforeningens-innsamlingsaksjon\\\/\"]}]},{\"@type\":\"ImageObject\",\"inLanguage\":\"nb-NO\",\"@id\":\"https:\\\/\\\/kreftforeningen.no\\\/innsamlingsaksjonen\\\/hvordan-bli-innsamler-for-kreftforeningens-innsamlingsaksjon\\\/#primaryimage\",\"url\":\"https:\\\/\\\/kreftforeningen.no\\\/content\\\/uploads\\\/2025\\\/01\\\/DSC01404-edited-scaled.jpg\",\"contentUrl\":\"https:\\\/\\\/kreftforeningen.no\\\/content\\\/uploads\\\/2025\\\/01\\\/DSC01404-edited-scaled.jpg\"},{\"@type\":\"BreadcrumbList\",\"@id\":\"https:\\\/\\\/kreftforeningen.no\\\/innsamlingsaksjonen\\\/hvordan-bli-innsamler-for-kreftforeningens-innsamlingsaksjon\\\/#breadcrumb\",\"itemListElement\":[{\"@type\":\"ListItem\",\"position\":1,\"name\":\"Forside\",\"item\":\"https:\\\/\\\/kreftforeningen.no\\\/innsamlingsaksjonen\\\/\"},{\"@type\":\"ListItem\",\"position\":2,\"name\":\"Hvordan kan jeg bli innsamler for Kreftforeningens innsamlingsaksjon?\"}]},{\"@type\":\"WebSite\",\"@id\":\"https:\\\/\\\/kreftforeningen.no\\\/innsamlingsaksjonen\\\/#website\",\"url\":\"https:\\\/\\\/kreftforeningen.no\\\/innsamlingsaksjonen\\\/\",\"name\":\"Kreftforeningens innsamlingsaksjon\",\"description\":\"\",\"publisher\":{\"@id\":\"https:\\\/\\\/kreftforeningen.no\\\/innsamlingsaksjonen\\\/#organization\"},\"potentialAction\":[{\"@type\":\"SearchAction\",\"target\":{\"@type\":\"EntryPoint\",\"urlTemplate\":\"https:\\\/\\\/kreftforeningen.no\\\/innsamlingsaksjonen\\\/?s={search_term_string}\"},\"query-input\":{\"@type\":\"PropertyValueSpecification\",\"valueRequired\":true,\"valueName\":\"search_term_string\"}}],\"inLanguage\":\"nb-NO\"},{\"@type\":\"Organization\",\"@id\":\"https:\\\/\\\/kreftforeningen.no\\\/innsamlingsaksjonen\\\/#organization\",\"name\":\"Kreftforeningens innsamlingsaksjon\",\"url\":\"https:\\\/\\\/kreftforeningen.no\\\/innsamlingsaksjonen\\\/\",\"logo\":{\"@type\":\"ImageObject\",\"inLanguage\":\"nb-NO\",\"@id\":\"https:\\\/\\\/kreftforeningen.no\\\/innsamlingsaksjonen\\\/#\\\/schema\\\/logo\\\/image\\\/\",\"url\":\"https:\\\/\\\/kreftforeningen.no\\\/content\\\/uploads\\\/2023\\\/11\\\/Kreftforeningen_logo_med_innsamlingsaksjonen-hor.svg\",\"contentUrl\":\"https:\\\/\\\/kreftforeningen.no\\\/content\\\/uploads\\\/2023\\\/11\\\/Kreftforeningen_logo_med_innsamlingsaksjonen-hor.svg\",\"caption\":\"Kreftforeningens innsamlingsaksjon\"},\"image\":{\"@id\":\"https:\\\/\\\/kreftforeningen.no\\\/innsamlingsaksjonen\\\/#\\\/schema\\\/logo\\\/image\\\/\"}}]}<\/script>\n<!-- \/ Yoast SEO Premium plugin. -->","yoast_head_json":{"title":"Hvordan kan jeg bli innsamler for Kreftforeningens innsamlingsaksjon?","description":"Her er alt du trenger \u00e5 vite for \u00e5 komme i gang og melde deg som innsamler for Kreftforeningens Innsamlingsaksjon.","robots":{"index":"index","follow":"follow","max-snippet":"max-snippet:-1","max-image-preview":"max-image-preview:large","max-video-preview":"max-video-preview:-1"},"canonical":"https:\/\/kreftforeningen.no\/innsamlingsaksjonen\/hvordan-bli-innsamler-for-kreftforeningens-innsamlingsaksjon\/","og_locale":"nb_NO","og_type":"article","og_title":"Hvordan kan jeg bli innsamler for Kreftforeningens innsamlingsaksjon?","og_description":"Her er alt du trenger \u00e5 vite for \u00e5 komme i gang og melde deg som innsamler for Kreftforeningens Innsamlingsaksjon.","og_url":"https:\/\/kreftforeningen.no\/innsamlingsaksjonen\/hvordan-bli-innsamler-for-kreftforeningens-innsamlingsaksjon\/","og_site_name":"Kreftforeningens innsamlingsaksjon","article_published_time":"2025-01-21T11:13:49+00:00","article_modified_time":"2026-02-04T12:48:55+00:00","twitter_card":"summary_large_image","twitter_misc":{"Ansl. lesetid":"5 minutter"},"schema":{"@context":"https:\/\/schema.org","@graph":[{"@type":"WebPage","@id":"https:\/\/kreftforeningen.no\/innsamlingsaksjonen\/hvordan-bli-innsamler-for-kreftforeningens-innsamlingsaksjon\/","url":"https:\/\/kreftforeningen.no\/innsamlingsaksjonen\/hvordan-bli-innsamler-for-kreftforeningens-innsamlingsaksjon\/","name":"Hvordan kan jeg bli innsamler for Kreftforeningens innsamlingsaksjon?","isPartOf":{"@id":"https:\/\/kreftforeningen.no\/innsamlingsaksjonen\/#website"},"primaryImageOfPage":{"@id":"https:\/\/kreftforeningen.no\/innsamlingsaksjonen\/hvordan-bli-innsamler-for-kreftforeningens-innsamlingsaksjon\/#primaryimage"},"image":{"@id":"https:\/\/kreftforeningen.no\/innsamlingsaksjonen\/hvordan-bli-innsamler-for-kreftforeningens-innsamlingsaksjon\/#primaryimage"},"thumbnailUrl":"https:\/\/kreftforeningen.no\/content\/uploads\/2025\/01\/DSC01404-edited-scaled.jpg","datePublished":"2025-01-21T11:13:49+00:00","dateModified":"2026-02-04T12:48:55+00:00","description":"Her er alt du trenger \u00e5 vite for \u00e5 komme i gang og melde deg som innsamler for Kreftforeningens Innsamlingsaksjon.","breadcrumb":{"@id":"https:\/\/kreftforeningen.no\/innsamlingsaksjonen\/hvordan-bli-innsamler-for-kreftforeningens-innsamlingsaksjon\/#breadcrumb"},"inLanguage":"nb-NO","potentialAction":[{"@type":"ReadAction","target":["https:\/\/kreftforeningen.no\/innsamlingsaksjonen\/hvordan-bli-innsamler-for-kreftforeningens-innsamlingsaksjon\/"]}]},{"@type":"ImageObject","inLanguage":"nb-NO","@id":"https:\/\/kreftforeningen.no\/innsamlingsaksjonen\/hvordan-bli-innsamler-for-kreftforeningens-innsamlingsaksjon\/#primaryimage","url":"https:\/\/kreftforeningen.no\/content\/uploads\/2025\/01\/DSC01404-edited-scaled.jpg","contentUrl":"https:\/\/kreftforeningen.no\/content\/uploads\/2025\/01\/DSC01404-edited-scaled.jpg"},{"@type":"BreadcrumbList","@id":"https:\/\/kreftforeningen.no\/innsamlingsaksjonen\/hvordan-bli-innsamler-for-kreftforeningens-innsamlingsaksjon\/#breadcrumb","itemListElement":[{"@type":"ListItem","position":1,"name":"Forside","item":"https:\/\/kreftforeningen.no\/innsamlingsaksjonen\/"},{"@type":"ListItem","position":2,"name":"Hvordan kan jeg bli innsamler for Kreftforeningens innsamlingsaksjon?"}]},{"@type":"WebSite","@id":"https:\/\/kreftforeningen.no\/innsamlingsaksjonen\/#website","url":"https:\/\/kreftforeningen.no\/innsamlingsaksjonen\/","name":"Kreftforeningens innsamlingsaksjon","description":"","publisher":{"@id":"https:\/\/kreftforeningen.no\/innsamlingsaksjonen\/#organization"},"potentialAction":[{"@type":"SearchAction","target":{"@type":"EntryPoint","urlTemplate":"https:\/\/kreftforeningen.no\/innsamlingsaksjonen\/?s={search_term_string}"},"query-input":{"@type":"PropertyValueSpecification","valueRequired":true,"valueName":"search_term_string"}}],"inLanguage":"nb-NO"},{"@type":"Organization","@id":"https:\/\/kreftforeningen.no\/innsamlingsaksjonen\/#organization","name":"Kreftforeningens innsamlingsaksjon","url":"https:\/\/kreftforeningen.no\/innsamlingsaksjonen\/","logo":{"@type":"ImageObject","inLanguage":"nb-NO","@id":"https:\/\/kreftforeningen.no\/innsamlingsaksjonen\/#\/schema\/logo\/image\/","url":"https:\/\/kreftforeningen.no\/content\/uploads\/2023\/11\/Kreftforeningen_logo_med_innsamlingsaksjonen-hor.svg","contentUrl":"https:\/\/kreftforeningen.no\/content\/uploads\/2023\/11\/Kreftforeningen_logo_med_innsamlingsaksjonen-hor.svg","caption":"Kreftforeningens innsamlingsaksjon"},"image":{"@id":"https:\/\/kreftforeningen.no\/innsamlingsaksjonen\/#\/schema\/logo\/image\/"}}]}},"_links":{"self":[{"href":"https:\/\/kreftforeningen.no\/innsamlingsaksjonen\/wp-json\/wp\/v2\/pages\/10413","targetHints":{"allow":["GET"]}}],"collection":[{"href":"https:\/\/kreftforeningen.no\/innsamlingsaksjonen\/wp-json\/wp\/v2\/pages"}],"about":[{"href":"https:\/\/kreftforeningen.no\/innsamlingsaksjonen\/wp-json\/wp\/v2\/types\/page"}],"author":[{"embeddable":true,"href":"https:\/\/kreftforeningen.no\/innsamlingsaksjonen\/wp-json\/wp\/v2\/users\/68"}],"replies":[{"embeddable":true,"href":"https:\/\/kreftforeningen.no\/innsamlingsaksjonen\/wp-json\/wp\/v2\/comments?post=10413"}],"version-history":[{"count":16,"href":"https:\/\/kreftforeningen.no\/innsamlingsaksjonen\/wp-json\/wp\/v2\/pages\/10413\/revisions"}],"predecessor-version":[{"id":11094,"href":"https:\/\/kreftforeningen.no\/innsamlingsaksjonen\/wp-json\/wp\/v2\/pages\/10413\/revisions\/11094"}],"wp:attachment":[{"href":"https:\/\/kreftforeningen.no\/innsamlingsaksjonen\/wp-json\/wp\/v2\/media?parent=10413"}],"curies":[{"name":"wp","href":"https:\/\/api.w.org\/{rel}","templated":true}]}}