{"id":117,"date":"2020-05-28T19:09:09","date_gmt":"2020-05-28T17:09:09","guid":{"rendered":"https:\/\/stage2.kreftforeningen.no\/krafttakmotkreft\/?page_id=117"},"modified":"2026-03-10T12:00:07","modified_gmt":"2026-03-10T11:00:07","slug":"kontakt","status":"publish","type":"page","link":"https:\/\/kreftforeningen.no\/innsamlingsaksjonen\/kontakt\/","title":{"rendered":"Kontakt"},"content":{"rendered":"\n<div class=\"wp-block-kf-ingress\"><div class=\"kf-header__ingress\"><p>Har du sp\u00f8rsm\u00e5l eller andre henvendelser om Innsamlingsaksjonen, ta kontakt med relevante person under.<\/p><\/div><\/div>\n\n\n\n<p><strong>Line H\u00f8st &#8211; Aksjonsleder<br><\/strong><a href=\"mailto:line.host@kreftforeningen.no\">line.host@kreftforeningen.no<\/a><br><a href=\"tel:4000 5038\">40 00 50 38<\/a><\/p>\n\n\n\n<p><strong>Henriette Numme &#8211; Kommunikasjonsansvarlig <br><\/strong><a href=\"mailto:henriette.numme@kreftforeningen.no\">henriette.numme@kreftforeningen.no<\/a><br><a href=\"tel:90 80 57 05\">90 80 57 05<\/a><\/p>\n\n\n\n\n\n\n\n<p><strong>For n\u00e6ringslivssamarbeid<br><\/strong><a href=\"mailto:naeringsliv@kreftforeningen.no\">naeringsliv@kreftforeningen.no<\/a><\/p>\n\n\n\n<p><strong>For generelle sp\u00f8rsm\u00e5l om Innsamlingsaksjonen<\/strong><br><a href=\"mailto:innsamler@kreftforeningen.no\">innsamler@kreftforeningen.no<\/a><\/p>\n\n\n\n<p class=\"has-blue-light-background-color has-background\"><strong>Jobber du i pressen?<\/strong> <a href=\"https:\/\/kreftforeningen.no\/innsamlingsaksjonen\/presserom\/\">Se v\u00e5rt presserom<\/a> og finn flere kontaktpersoner og pressebilder<\/p>\n\n\n\n<div class=\"wp-block-kf-accordion is-questions-closed is-style-normal\"><h2 class=\"kf-accordion__title\" id=\"lokale-kontaktpersoner\">Lokale kontaktpersoner<\/h2><p class=\"kf-accordion__description\">Har du et lag, skoleklasse, en organisasjon eller \u00f8nsker \u00e5 engasjere deg i Innsamlingsaksjonen? Ta kontakt med en av v\u00e5re lokale kontaktpersoner for \u00e5 h\u00f8re hvordan du kan bidra.<\/p>\n<div class=\"wp-block-kf-accordion-item\"><h3 class=\"kf-accordion__question\" id=\"agder\"><button type=\"button\" class=\"kf-accordion__button\">Agder<\/button><\/h3><div class=\"kf-accordion__answer\">\n<p><strong>Amalie \u00c5s Berge<br><\/strong><a href=\"mailto:connie.larsen@kreftforeningen.no\">amalie.berge@kreftforeningen.no<\/a><br><a href=\"tel:95924870\">46 89 99 64<\/a><\/p>\n<\/div><\/div>\n\n\n\n<div class=\"wp-block-kf-accordion-item\"><h3 class=\"kf-accordion__question\" id=\"innlandet\"><button type=\"button\" class=\"kf-accordion__button\"><strong>Innlandet<\/strong><\/button><\/h3><div class=\"kf-accordion__answer\">\n<p><strong>Per Bj\u00f8rnstad<\/strong><br><a href=\"mailto:Per.Bjornstad@kreftforeningen.no\">Per.Bjornstad@kreftforeningen.no<br><\/a><a href=\"tel:95924870\">95924870<\/a><\/p>\n<\/div><\/div>\n\n\n\n<div class=\"wp-block-kf-accordion-item\"><h3 class=\"kf-accordion__question\" id=\"more-og-romsdal-og-trondelag\"><button type=\"button\" class=\"kf-accordion__button\">M\u00f8re og Romsdal og Tr\u00f8ndelag<\/button><\/h3><div class=\"kf-accordion__answer\">\n<p><strong>Petter Spolen<br><\/strong><a href=\"mailto:petter.spolen@kreftforeningen.no\">Petter.Spolen@kreftforeningen.no<\/a><br><a href=\"tel:93080263\">93080263<\/a><\/p>\n<\/div><\/div>\n\n\n\n<div class=\"wp-block-kf-accordion-item\"><h3 class=\"kf-accordion__question\" id=\"finnmark-nordland-og-troms\"><button type=\"button\" class=\"kf-accordion__button\">Finnmark, Nordland og Troms<\/button><\/h3><div class=\"kf-accordion__answer\">\n<p><strong>Johanne Christine Henriksen<br><\/strong><a href=\"mailto:Johanne.Henriksen@kreftforeningen.no\">Johanne.Henriksen@kreftforeningen.no<\/a><br><a href=\"tel:97102026\">97102026<\/a><\/p>\n<\/div><\/div>\n\n\n\n<div class=\"wp-block-kf-accordion-item\"><h3 class=\"kf-accordion__question\" id=\"rogaland\"><button type=\"button\" class=\"kf-accordion__button\">Rogaland<\/button><\/h3><div class=\"kf-accordion__answer\">\n<p><strong>Vegard Vetrhus<\/strong><\/p>\n\n\n\n<p><a href=\"mailto:henrik.seljeas@kreftfo\">vegard.vetrhus@kreftfo<\/a><a href=\"mailto:nina.hansen@kreftforeningen.no\">reningen.no<\/a><br><a href=\"tel:97 65 09 14\">47 50 57 38<\/a><\/p>\n<\/div><\/div>\n\n\n\n<div class=\"wp-block-kf-accordion-item\"><h3 class=\"kf-accordion__question\" id=\"vestland\"><button type=\"button\" class=\"kf-accordion__button\">Vestland<\/button><\/h3><div class=\"kf-accordion__answer\">\n<p><strong>Mathias Urhaug<br><\/strong><a href=\"mailto:mathias.urhaug@kreftforeningen.no\">mathias.urhaug@kreftforeningen.no<\/a><br><a href=\"tel:40145929\">40145929<\/a><\/p>\n<\/div><\/div>\n\n\n\n<div class=\"wp-block-kf-accordion-item\"><h3 class=\"kf-accordion__question\" id=\"ostfold-buskerud-og-vestfold-og-telemark\"><button type=\"button\" class=\"kf-accordion__button\">\u00d8stfold, Buskerud og Vestfold og Telemark<\/button><\/h3><div class=\"kf-accordion__answer\">\n<p><strong>Steffen Gusfre<br><\/strong><a href=\"mailto:Steffen.Gusfre@kreftforeningen.no\">Steffen.Gusfre@kreftforeningen.no<\/a><br><\/p>\n<\/div><\/div>\n<\/div>\n\n\n\n<div class=\"wp-block-kf-cta-block has-blue-light-background-color content-align-left\"><div class=\"wp-block-cta-inner-block\">\n<h2 class=\"wp-block-heading\" id=\"h-vil-du-engasjere-din-arbeidsplass-eller-bedrift\"><strong>Vil du engasjere din arbeidsplass eller bedrift<\/strong>?<\/h2>\n\n\n\n<p>Vi inviterer bedrifter og n\u00e6ringsliv til \u00e5 ta et krafttak mot kreft under Kreftforeningens innsamlingsaksjon. Din arbeidsplass kan gj\u00f8re en forskjell!<\/p>\n\n\n\n<div class=\"wp-block-buttons is-layout-flex wp-block-buttons-is-layout-flex\">\n<div class=\"wp-block-button\"><a class=\"wp-block-button__link wp-element-button\" href=\"https:\/\/kreftforeningen.no\/innsamlingsaksjonen\/for-bedrifter\/\">Se hvordan dere kan bidra<\/a><\/div>\n<\/div>\n<\/div><\/div>\n","protected":false},"excerpt":{"rendered":"<p>Line H\u00f8st &#8211; Aksjonslederline.host@kreftforeningen.no40 00 50 38 Henriette Numme &#8211; Kommunikasjonsansvarlig henriette.numme@kreftforeningen.no90 80 57 05 For n\u00e6ringslivssamarbeidnaeringsliv@kreftforeningen.no For generelle sp\u00f8rsm\u00e5l om Innsamlingsaksjoneninnsamler@kreftforeningen.no Jobber du i pressen? Se v\u00e5rt presserom og finn flere kontaktpersoner og pressebilder<\/p>\n","protected":false},"author":3,"featured_media":186105,"parent":0,"menu_order":0,"comment_status":"closed","ping_status":"closed","template":"","meta":{"_relevanssi_hide_post":"","_relevanssi_hide_content":"","_relevanssi_pin_for_all":"","_relevanssi_pin_keywords":"","_relevanssi_unpin_keywords":"","_relevanssi_related_keywords":"","_relevanssi_related_include_ids":"","_relevanssi_related_exclude_ids":"","_relevanssi_related_no_append":"","_relevanssi_related_not_related":"","_relevanssi_related_posts":"173,173","_relevanssi_noindex_reason":"","kf_show_post_date":false,"kf_show_updated_date":false,"kf_show_print_page":false,"kf_show_chapters":false,"kf_show_chapters_expanded":false,"kf_show_post_outdated":true,"kf_post_authors":[],"kf_toggle_title":false,"teft_cards_label":"","kf_is_template":false,"teft_cards_image_id":0,"teft_cards_image_focal_point_x":0,"teft_cards_image_focal_point_y":0,"teft_cards_title":"","teft_cards_excerpt":"","footnotes":""},"class_list":["post-117","page","type-page","status-publish","has-post-thumbnail","hentry"],"yoast_head":"<!-- This site is optimized with the Yoast SEO Premium plugin v26.8 (Yoast SEO v26.8) - https:\/\/yoast.com\/product\/yoast-seo-premium-wordpress\/ -->\n<title>Ta kontakt med oss - Kreftforeningens innsamlingsaksjon<\/title>\n<meta name=\"description\" content=\"Ta kontakt ved sp\u00f8rsm\u00e5l eller andre henvendelser om Innsamlingsaksjonen. Her finner du kontaktinformasjon til flere som jobber med aksjonen.\" \/>\n<meta name=\"robots\" content=\"index, follow, max-snippet:-1, max-image-preview:large, max-video-preview:-1\" \/>\n<link rel=\"canonical\" href=\"https:\/\/kreftforeningen.no\/innsamlingsaksjonen\/kontakt\/\" \/>\n<meta property=\"og:locale\" content=\"nb_NO\" \/>\n<meta property=\"og:type\" content=\"article\" \/>\n<meta property=\"og:title\" content=\"Kontakt\" \/>\n<meta property=\"og:description\" content=\"Ta kontakt ved sp\u00f8rsm\u00e5l eller andre henvendelser om Innsamlingsaksjonen. Her finner du kontaktinformasjon til flere som jobber med aksjonen.\" \/>\n<meta property=\"og:url\" content=\"https:\/\/kreftforeningen.no\/innsamlingsaksjonen\/kontakt\/\" \/>\n<meta property=\"og:site_name\" content=\"Kreftforeningens innsamlingsaksjon\" \/>\n<meta property=\"article:published_time\" content=\"2020-05-28T17:09:09+00:00\" \/>\n<meta property=\"article:modified_time\" content=\"2026-03-10T11:00:07+00:00\" \/>\n<meta name=\"twitter:card\" content=\"summary_large_image\" \/>\n<meta name=\"twitter:label1\" content=\"Ansl. lesetid\" \/>\n\t<meta name=\"twitter:data1\" content=\"2 minutter\" \/>\n<script type=\"application\/ld+json\" class=\"yoast-schema-graph\">{\"@context\":\"https:\/\/schema.org\",\"@graph\":[{\"@type\":\"WebPage\",\"@id\":\"https:\/\/kreftforeningen.no\/innsamlingsaksjonen\/kontakt\/\",\"url\":\"https:\/\/kreftforeningen.no\/innsamlingsaksjonen\/kontakt\/\",\"name\":\"Ta kontakt med oss - Kreftforeningens innsamlingsaksjon\",\"isPartOf\":{\"@id\":\"https:\/\/kreftforeningen.no\/innsamlingsaksjonen\/#website\"},\"primaryImageOfPage\":{\"@id\":\"https:\/\/kreftforeningen.no\/innsamlingsaksjonen\/kontakt\/#primaryimage\"},\"image\":{\"@id\":\"https:\/\/kreftforeningen.no\/innsamlingsaksjonen\/kontakt\/#primaryimage\"},\"thumbnailUrl\":\"\",\"datePublished\":\"2020-05-28T17:09:09+00:00\",\"dateModified\":\"2026-03-10T11:00:07+00:00\",\"description\":\"Ta kontakt ved sp\u00f8rsm\u00e5l eller andre henvendelser om Innsamlingsaksjonen. Her finner du kontaktinformasjon til flere som jobber med aksjonen.\",\"breadcrumb\":{\"@id\":\"https:\/\/kreftforeningen.no\/innsamlingsaksjonen\/kontakt\/#breadcrumb\"},\"inLanguage\":\"nb-NO\",\"potentialAction\":[{\"@type\":\"ReadAction\",\"target\":[\"https:\/\/kreftforeningen.no\/innsamlingsaksjonen\/kontakt\/\"]}]},{\"@type\":\"ImageObject\",\"inLanguage\":\"nb-NO\",\"@id\":\"https:\/\/kreftforeningen.no\/innsamlingsaksjonen\/kontakt\/#primaryimage\",\"url\":\"\",\"contentUrl\":\"\"},{\"@type\":\"BreadcrumbList\",\"@id\":\"https:\/\/kreftforeningen.no\/innsamlingsaksjonen\/kontakt\/#breadcrumb\",\"itemListElement\":[{\"@type\":\"ListItem\",\"position\":1,\"name\":\"Forside\",\"item\":\"https:\/\/kreftforeningen.no\/innsamlingsaksjonen\/\"},{\"@type\":\"ListItem\",\"position\":2,\"name\":\"Kontakt\"}]},{\"@type\":\"WebSite\",\"@id\":\"https:\/\/kreftforeningen.no\/innsamlingsaksjonen\/#website\",\"url\":\"https:\/\/kreftforeningen.no\/innsamlingsaksjonen\/\",\"name\":\"Kreftforeningens innsamlingsaksjon\",\"description\":\"\",\"publisher\":{\"@id\":\"https:\/\/kreftforeningen.no\/innsamlingsaksjonen\/#organization\"},\"potentialAction\":[{\"@type\":\"SearchAction\",\"target\":{\"@type\":\"EntryPoint\",\"urlTemplate\":\"https:\/\/kreftforeningen.no\/innsamlingsaksjonen\/?s={search_term_string}\"},\"query-input\":{\"@type\":\"PropertyValueSpecification\",\"valueRequired\":true,\"valueName\":\"search_term_string\"}}],\"inLanguage\":\"nb-NO\"},{\"@type\":\"Organization\",\"@id\":\"https:\/\/kreftforeningen.no\/innsamlingsaksjonen\/#organization\",\"name\":\"Kreftforeningens innsamlingsaksjon\",\"url\":\"https:\/\/kreftforeningen.no\/innsamlingsaksjonen\/\",\"logo\":{\"@type\":\"ImageObject\",\"inLanguage\":\"nb-NO\",\"@id\":\"https:\/\/kreftforeningen.no\/innsamlingsaksjonen\/#\/schema\/logo\/image\/\",\"url\":\"https:\/\/kreftforeningen.no\/content\/uploads\/2023\/11\/Kreftforeningen_logo_med_innsamlingsaksjonen-hor.svg\",\"contentUrl\":\"https:\/\/kreftforeningen.no\/content\/uploads\/2023\/11\/Kreftforeningen_logo_med_innsamlingsaksjonen-hor.svg\",\"caption\":\"Kreftforeningens innsamlingsaksjon\"},\"image\":{\"@id\":\"https:\/\/kreftforeningen.no\/innsamlingsaksjonen\/#\/schema\/logo\/image\/\"}}]}<\/script>\n<!-- \/ Yoast SEO Premium plugin. -->","yoast_head_json":{"title":"Ta kontakt med oss - Kreftforeningens innsamlingsaksjon","description":"Ta kontakt ved sp\u00f8rsm\u00e5l eller andre henvendelser om Innsamlingsaksjonen. Her finner du kontaktinformasjon til flere som jobber med aksjonen.","robots":{"index":"index","follow":"follow","max-snippet":"max-snippet:-1","max-image-preview":"max-image-preview:large","max-video-preview":"max-video-preview:-1"},"canonical":"https:\/\/kreftforeningen.no\/innsamlingsaksjonen\/kontakt\/","og_locale":"nb_NO","og_type":"article","og_title":"Kontakt","og_description":"Ta kontakt ved sp\u00f8rsm\u00e5l eller andre henvendelser om Innsamlingsaksjonen. Her finner du kontaktinformasjon til flere som jobber med aksjonen.","og_url":"https:\/\/kreftforeningen.no\/innsamlingsaksjonen\/kontakt\/","og_site_name":"Kreftforeningens innsamlingsaksjon","article_published_time":"2020-05-28T17:09:09+00:00","article_modified_time":"2026-03-10T11:00:07+00:00","twitter_card":"summary_large_image","twitter_misc":{"Ansl. lesetid":"2 minutter"},"schema":{"@context":"https:\/\/schema.org","@graph":[{"@type":"WebPage","@id":"https:\/\/kreftforeningen.no\/innsamlingsaksjonen\/kontakt\/","url":"https:\/\/kreftforeningen.no\/innsamlingsaksjonen\/kontakt\/","name":"Ta kontakt med oss - Kreftforeningens innsamlingsaksjon","isPartOf":{"@id":"https:\/\/kreftforeningen.no\/innsamlingsaksjonen\/#website"},"primaryImageOfPage":{"@id":"https:\/\/kreftforeningen.no\/innsamlingsaksjonen\/kontakt\/#primaryimage"},"image":{"@id":"https:\/\/kreftforeningen.no\/innsamlingsaksjonen\/kontakt\/#primaryimage"},"thumbnailUrl":"","datePublished":"2020-05-28T17:09:09+00:00","dateModified":"2026-03-10T11:00:07+00:00","description":"Ta kontakt ved sp\u00f8rsm\u00e5l eller andre henvendelser om Innsamlingsaksjonen. Her finner du kontaktinformasjon til flere som jobber med aksjonen.","breadcrumb":{"@id":"https:\/\/kreftforeningen.no\/innsamlingsaksjonen\/kontakt\/#breadcrumb"},"inLanguage":"nb-NO","potentialAction":[{"@type":"ReadAction","target":["https:\/\/kreftforeningen.no\/innsamlingsaksjonen\/kontakt\/"]}]},{"@type":"ImageObject","inLanguage":"nb-NO","@id":"https:\/\/kreftforeningen.no\/innsamlingsaksjonen\/kontakt\/#primaryimage","url":"","contentUrl":""},{"@type":"BreadcrumbList","@id":"https:\/\/kreftforeningen.no\/innsamlingsaksjonen\/kontakt\/#breadcrumb","itemListElement":[{"@type":"ListItem","position":1,"name":"Forside","item":"https:\/\/kreftforeningen.no\/innsamlingsaksjonen\/"},{"@type":"ListItem","position":2,"name":"Kontakt"}]},{"@type":"WebSite","@id":"https:\/\/kreftforeningen.no\/innsamlingsaksjonen\/#website","url":"https:\/\/kreftforeningen.no\/innsamlingsaksjonen\/","name":"Kreftforeningens innsamlingsaksjon","description":"","publisher":{"@id":"https:\/\/kreftforeningen.no\/innsamlingsaksjonen\/#organization"},"potentialAction":[{"@type":"SearchAction","target":{"@type":"EntryPoint","urlTemplate":"https:\/\/kreftforeningen.no\/innsamlingsaksjonen\/?s={search_term_string}"},"query-input":{"@type":"PropertyValueSpecification","valueRequired":true,"valueName":"search_term_string"}}],"inLanguage":"nb-NO"},{"@type":"Organization","@id":"https:\/\/kreftforeningen.no\/innsamlingsaksjonen\/#organization","name":"Kreftforeningens innsamlingsaksjon","url":"https:\/\/kreftforeningen.no\/innsamlingsaksjonen\/","logo":{"@type":"ImageObject","inLanguage":"nb-NO","@id":"https:\/\/kreftforeningen.no\/innsamlingsaksjonen\/#\/schema\/logo\/image\/","url":"https:\/\/kreftforeningen.no\/content\/uploads\/2023\/11\/Kreftforeningen_logo_med_innsamlingsaksjonen-hor.svg","contentUrl":"https:\/\/kreftforeningen.no\/content\/uploads\/2023\/11\/Kreftforeningen_logo_med_innsamlingsaksjonen-hor.svg","caption":"Kreftforeningens innsamlingsaksjon"},"image":{"@id":"https:\/\/kreftforeningen.no\/innsamlingsaksjonen\/#\/schema\/logo\/image\/"}}]}},"_links":{"self":[{"href":"https:\/\/kreftforeningen.no\/innsamlingsaksjonen\/wp-json\/wp\/v2\/pages\/117"}],"collection":[{"href":"https:\/\/kreftforeningen.no\/innsamlingsaksjonen\/wp-json\/wp\/v2\/pages"}],"about":[{"href":"https:\/\/kreftforeningen.no\/innsamlingsaksjonen\/wp-json\/wp\/v2\/types\/page"}],"author":[{"embeddable":true,"href":"https:\/\/kreftforeningen.no\/innsamlingsaksjonen\/wp-json\/wp\/v2\/users\/3"}],"replies":[{"embeddable":true,"href":"https:\/\/kreftforeningen.no\/innsamlingsaksjonen\/wp-json\/wp\/v2\/comments?post=117"}],"version-history":[{"count":40,"href":"https:\/\/kreftforeningen.no\/innsamlingsaksjonen\/wp-json\/wp\/v2\/pages\/117\/revisions"}],"predecessor-version":[{"id":11164,"href":"https:\/\/kreftforeningen.no\/innsamlingsaksjonen\/wp-json\/wp\/v2\/pages\/117\/revisions\/11164"}],"wp:featuredmedia":[{"embeddable":true,"href":"https:\/\/kreftforeningen.no\/innsamlingsaksjonen\/wp-json\/"}],"wp:attachment":[{"href":"https:\/\/kreftforeningen.no\/innsamlingsaksjonen\/wp-json\/wp\/v2\/media?parent=117"}],"curies":[{"name":"wp","href":"https:\/\/api.w.org\/{rel}","templated":true}]}}