{"id":225,"date":"2020-08-19T12:06:28","date_gmt":"2020-08-19T10:06:28","guid":{"rendered":"https:\/\/kreftforeningen.no\/krafttakmotkreft\/?page_id=225"},"modified":"2025-07-03T09:22:18","modified_gmt":"2025-07-03T07:22:18","slug":"meld-pa-komite","status":"publish","type":"page","link":"https:\/\/kreftforeningen.no\/innsamlingsaksjonen\/meld-pa-komite\/","title":{"rendered":"S\u00e5 stas at dere vil v\u00e6re med p\u00e5 Kreftforeningens innsamlingsaksjon 2026!"},"content":{"rendered":"\n<div class=\"wp-block-kf-ingress\"><div class=\"kf-header__ingress\"><p>Sammen skal vi samle inn penger til livsviktig kreftforskning og gjennombrudd.<\/p><\/div><\/div>\n\n\n\n<p>Fyll ut skjemaet under og velg en kontaktperson, s\u00e5 tar vi kontakt fra det n\u00e6rmeste regionskontoret og gir dere all informasjonen dere trenger for \u00e5 sette i gang arbeidet med \u00e5 ta et krafttak mot kreft.<\/p>\n\n\n\n<p>Kreftforeningens innsamlingsaksjon vil g\u00e5 av stabelen i uke 11, 9.-15. mars 2026. Uka avsluttes med en stor, nasjonal d\u00f8r-til-d\u00f8r-aksjon <strong>s\u00f8ndag 15. mars<\/strong>.<\/p>\n\n\n\n<p>Sammen skal vi gj\u00f8re dette til en aksjon vi vil huske. Sammen skal vi skape h\u00e5p!<\/p>\n\n\n\n<figure class=\"wp-block-image size-large is-style-default\"><img decoding=\"async\" src=\"https:\/\/kreftforeningen.no\/content\/uploads\/2025\/01\/DSC01274-edited-1024x576.jpg\" alt=\"Tre personer i vinterkl\u00e6r smiler og holder innsamlingsmateriell for Kreftforeningens Innsamlingsaksjon. De st\u00e5r i urbane omgivelser med bolighus i bakgrunnen.\" class=\"wp-image-185945\" \/><\/figure>\n\n\n<script type=\"text\/javascript\">\n\/* <![CDATA[ *\/\nvar gform;gform||(document.addEventListener(\"gform_main_scripts_loaded\",function(){gform.scriptsLoaded=!0}),document.addEventListener(\"gform\/theme\/scripts_loaded\",function(){gform.themeScriptsLoaded=!0}),window.addEventListener(\"DOMContentLoaded\",function(){gform.domLoaded=!0}),gform={domLoaded:!1,scriptsLoaded:!1,themeScriptsLoaded:!1,isFormEditor:()=>\"function\"==typeof InitializeEditor,callIfLoaded:function(o){return!(!gform.domLoaded||!gform.scriptsLoaded||!gform.themeScriptsLoaded&&!gform.isFormEditor()||(gform.isFormEditor()&&console.warn(\"The use of gform.initializeOnLoaded() is deprecated in the form editor context and will be removed in Gravity Forms 3.1.\"),o(),0))},initializeOnLoaded:function(o){gform.callIfLoaded(o)||(document.addEventListener(\"gform_main_scripts_loaded\",()=>{gform.scriptsLoaded=!0,gform.callIfLoaded(o)}),document.addEventListener(\"gform\/theme\/scripts_loaded\",()=>{gform.themeScriptsLoaded=!0,gform.callIfLoaded(o)}),window.addEventListener(\"DOMContentLoaded\",()=>{gform.domLoaded=!0,gform.callIfLoaded(o)}))},hooks:{action:{},filter:{}},addAction:function(o,r,e,t){gform.addHook(\"action\",o,r,e,t)},addFilter:function(o,r,e,t){gform.addHook(\"filter\",o,r,e,t)},doAction:function(o){gform.doHook(\"action\",o,arguments)},applyFilters:function(o){return gform.doHook(\"filter\",o,arguments)},removeAction:function(o,r){gform.removeHook(\"action\",o,r)},removeFilter:function(o,r,e){gform.removeHook(\"filter\",o,r,e)},addHook:function(o,r,e,t,n){null==gform.hooks[o][r]&&(gform.hooks[o][r]=[]);var d=gform.hooks[o][r];null==n&&(n=r+\"_\"+d.length),gform.hooks[o][r].push({tag:n,callable:e,priority:t=null==t?10:t})},doHook:function(r,o,e){var t;if(e=Array.prototype.slice.call(e,1),null!=gform.hooks[r][o]&&((o=gform.hooks[r][o]).sort(function(o,r){return o.priority-r.priority}),o.forEach(function(o){\"function\"!=typeof(t=o.callable)&&(t=window[t]),\"action\"==r?t.apply(null,e):e[0]=t.apply(null,e)})),\"filter\"==r)return e[0]},removeHook:function(o,r,t,n){var e;null!=gform.hooks[o][r]&&(e=(e=gform.hooks[o][r]).filter(function(o,r,e){return!!(null!=n&&n!=o.tag||null!=t&&t!=o.priority)}),gform.hooks[o][r]=e)}});\n\/* ]]> *\/\n<\/script>\n\n                <div class='gf_browser_gecko gform_wrapper gravity-theme gform-theme--no-framework' data-form-theme='gravity-theme' data-form-index='0' id='gform_wrapper_1' >\n                        <div class='gform_heading'>\n\t\t\t\t\t\t\t<p class='gform_required_legend'>&quot;<span class=\"gfield_required gfield_required_asterisk\">*<\/span>&quot; obligatorisk felt<\/p>\n                        <\/div><form method='post' enctype='multipart\/form-data'  id='gform_1'  action='\/innsamlingsaksjonen\/wp-json\/wp\/v2\/pages\/225' data-formid='1' novalidate>\n                        <div class='gform-body gform_body'><div id='gform_fields_1' class='gform_fields top_label form_sublabel_below description_below validation_below'><div id=\"field_1_9\" class=\"gfield gfield--type-honeypot gform_validation_container field_sublabel_below gfield--has-description field_description_below field_validation_below gfield_visibility_visible\"  ><label class='gfield_label gform-field-label' for='input_1_9'>X\/Twitter<\/label><div class='ginput_container'><input name='input_9' id='input_1_9' type='text' value='' autocomplete='new-password'\/><\/div><div class='gfield_description' id='gfield_description_1_9'>Dette feltet er for valideringsform\u00e5l og skal st\u00e5 uendret.<\/div><\/div><div id=\"field_1_4\" class=\"gfield gfield--type-text gfield--input-type-text gfield_contains_required field_sublabel_below gfield--has-description field_description_below field_validation_below gfield_visibility_visible\"  ><label class='gfield_label gform-field-label' for='input_1_4'>Navn p\u00e5 komiteen<span class=\"gfield_required\"><span class=\"gfield_required gfield_required_asterisk\">*<\/span><\/span><\/label><div class='ginput_container ginput_container_text'><input name='input_4' id='input_1_4' type='text' value='' class='medium'  aria-describedby=\"gfield_description_1_4\"   aria-required=\"true\" aria-invalid=\"false\"   \/><\/div><div class='gfield_description' id='gfield_description_1_4'>For eksempel navnet p\u00e5 skolen, laget eller foreningen du representerer.<\/div><\/div><div id=\"field_1_8\" class=\"gfield gfield--type-text gfield--input-type-text gfield--width-full field_sublabel_below gfield--no-description field_description_below field_validation_below gfield_visibility_visible\"  ><label class='gfield_label gform-field-label' for='input_1_8'>Kommune<\/label><div class='ginput_container ginput_container_text'><input name='input_8' id='input_1_8' type='text' value='' class='large'      aria-invalid=\"false\"   \/><\/div><\/div><div id=\"field_1_1\" class=\"gfield gfield--type-text gfield--input-type-text gfield_contains_required field_sublabel_below gfield--no-description field_description_below field_validation_below gfield_visibility_visible\"  ><label class='gfield_label gform-field-label' for='input_1_1'>Navn p\u00e5 kontaktperson<span class=\"gfield_required\"><span class=\"gfield_required gfield_required_asterisk\">*<\/span><\/span><\/label><div class='ginput_container ginput_container_text'><input name='input_1' id='input_1_1' type='text' value='' class='large'     aria-required=\"true\" aria-invalid=\"false\"   \/><\/div><\/div><div id=\"field_1_5\" class=\"gfield gfield--type-email gfield--input-type-email gfield--width-half gfield_contains_required field_sublabel_below gfield--no-description field_description_below field_validation_below gfield_visibility_visible\"  ><label class='gfield_label gform-field-label' for='input_1_5'>E-post<span class=\"gfield_required\"><span class=\"gfield_required gfield_required_asterisk\">*<\/span><\/span><\/label><div class='ginput_container ginput_container_email'>\n                            <input name='input_5' id='input_1_5' type='email' value='' class='large'    aria-required=\"true\" aria-invalid=\"false\"  \/>\n                        <\/div><\/div><div id=\"field_1_7\" class=\"gfield gfield--type-text gfield--input-type-text gfield--width-half gfield_contains_required field_sublabel_below gfield--no-description field_description_below field_validation_below gfield_visibility_visible\"  ><label class='gfield_label gform-field-label' for='input_1_7'>Mobilnummer<span class=\"gfield_required\"><span class=\"gfield_required gfield_required_asterisk\">*<\/span><\/span><\/label><div class='ginput_container ginput_container_text'><input name='input_7' id='input_1_7' type='text' value='' class='large' maxlength='8'    aria-required=\"true\" aria-invalid=\"false\"   \/><\/div><\/div><\/div><\/div>\n        <div class='gform-footer gform_footer top_label'> <input type='submit' id='gform_submit_button_1' class='gform_button button' onclick='gform.submission.handleButtonClick(this);' data-submission-type='submit' value='Send inn'  \/> \n            <input type='hidden' class='gform_hidden' name='gform_submission_method' data-js='gform_submission_method_1' value='postback' \/>\n            <input type='hidden' class='gform_hidden' name='gform_theme' data-js='gform_theme_1' id='gform_theme_1' value='gravity-theme' \/>\n            <input type='hidden' class='gform_hidden' name='gform_style_settings' data-js='gform_style_settings_1' id='gform_style_settings_1' value='{&quot;inputPrimaryColor&quot;:&quot;#204ce5&quot;}' \/>\n            <input type='hidden' class='gform_hidden' name='is_submit_1' value='1' \/>\n            <input type='hidden' class='gform_hidden' name='gform_submit' value='1' \/>\n            \n            <input type='hidden' class='gform_hidden' name='gform_unique_id' value='' \/>\n            <input type='hidden' class='gform_hidden' name='state_1' value='WyJbXSIsIjllYTBlOWFlY2ZlOGY0OGI0NGY5N2VkZGUxZjMwODRlIl0=' \/>\n            <input type='hidden' autocomplete='off' class='gform_hidden' name='gform_target_page_number_1' id='gform_target_page_number_1' value='0' \/>\n            <input type='hidden' autocomplete='off' class='gform_hidden' name='gform_source_page_number_1' id='gform_source_page_number_1' value='1' \/>\n            <input type='hidden' name='gform_field_values' value='' \/>\n            \n        <\/div>\n                        <\/form>\n                        <\/div><script type=\"text\/javascript\">\n\/* <![CDATA[ *\/\n gform.initializeOnLoaded( function() {gformInitSpinner( 1, 'https:\/\/kreftforeningen.no\/content\/plugins\/gravityforms\/images\/spinner.svg', true );jQuery('#gform_ajax_frame_1').on('load',function(){var contents = jQuery(this).contents().find('*').html();var is_postback = contents.indexOf('GF_AJAX_POSTBACK') >= 0;if(!is_postback){return;}var form_content = jQuery(this).contents().find('#gform_wrapper_1');var is_confirmation = jQuery(this).contents().find('#gform_confirmation_wrapper_1').length > 0;var is_redirect = contents.indexOf('gformRedirect(){') >= 0;var is_form = form_content.length > 0 && ! is_redirect && ! is_confirmation;var mt = parseInt(jQuery('html').css('margin-top'), 10) + parseInt(jQuery('body').css('margin-top'), 10) + 100;if(is_form){jQuery('#gform_wrapper_1').html(form_content.html());if(form_content.hasClass('gform_validation_error')){jQuery('#gform_wrapper_1').addClass('gform_validation_error');} else {jQuery('#gform_wrapper_1').removeClass('gform_validation_error');}setTimeout( function() { \/* delay the scroll by 50 milliseconds to fix a bug in chrome *\/  }, 50 );if(window['gformInitDatepicker']) {gformInitDatepicker();}if(window['gformInitPriceFields']) {gformInitPriceFields();}var current_page = jQuery('#gform_source_page_number_1').val();gformInitSpinner( 1, 'https:\/\/kreftforeningen.no\/content\/plugins\/gravityforms\/images\/spinner.svg', true );jQuery(document).trigger('gform_page_loaded', [1, current_page]);window['gf_submitting_1'] = false;}else if(!is_redirect){var confirmation_content = jQuery(this).contents().find('.GF_AJAX_POSTBACK').html();if(!confirmation_content){confirmation_content = contents;}jQuery('#gform_wrapper_1').replaceWith(confirmation_content);jQuery(document).trigger('gform_confirmation_loaded', [1]);window['gf_submitting_1'] = false;wp.a11y.speak(jQuery('#gform_confirmation_message_1').text());}else{jQuery('#gform_1').append(contents);if(window['gformRedirect']) {gformRedirect();}}jQuery(document).trigger(\"gform_pre_post_render\", [{ formId: \"1\", currentPage: \"current_page\", abort: function() { this.preventDefault(); } }]);        if (event && event.defaultPrevented) {                return;        }        const gformWrapperDiv = document.getElementById( \"gform_wrapper_1\" );        if ( gformWrapperDiv ) {            const visibilitySpan = document.createElement( \"span\" );            visibilitySpan.id = \"gform_visibility_test_1\";            gformWrapperDiv.insertAdjacentElement( \"afterend\", visibilitySpan );        }        const visibilityTestDiv = document.getElementById( \"gform_visibility_test_1\" );        let postRenderFired = false;        function triggerPostRender() {            if ( postRenderFired ) {                return;            }            postRenderFired = true;            gform.core.triggerPostRenderEvents( 1, current_page );            if ( visibilityTestDiv ) {                visibilityTestDiv.parentNode.removeChild( visibilityTestDiv );            }        }        function debounce( func, wait, immediate ) {            var timeout;            return function() {                var context = this, args = arguments;                var later = function() {                    timeout = null;                    if ( !immediate ) func.apply( context, args );                };                var callNow = immediate && !timeout;                clearTimeout( timeout );                timeout = setTimeout( later, wait );                if ( callNow ) func.apply( context, args );            };        }        const debouncedTriggerPostRender = debounce( function() {            triggerPostRender();        }, 200 );        if ( visibilityTestDiv && visibilityTestDiv.offsetParent === null ) {            const observer = new MutationObserver( ( mutations ) => {                mutations.forEach( ( mutation ) => {                    if ( mutation.type === 'attributes' && visibilityTestDiv.offsetParent !== null ) {                        debouncedTriggerPostRender();                        observer.disconnect();                    }                });            });            observer.observe( document.body, {                attributes: true,                childList: false,                subtree: true,                attributeFilter: [ 'style', 'class' ],            });        } else {            triggerPostRender();        }    } );} ); \n\/* ]]> *\/\n<\/script>\n","protected":false},"excerpt":{"rendered":"<p>Fyll ut skjemaet under og velg en kontaktperson, s\u00e5 tar vi kontakt fra det n\u00e6rmeste regionskontoret og gir dere all informasjonen dere trenger for \u00e5 sette i gang arbeidet med \u00e5 ta et krafttak mot kreft. Kreftforeningens innsamlingsaksjon vil g\u00e5 av stabelen i uke 11, 9.-15. mars 2026. Uka avsluttes med en stor, nasjonal d\u00f8r-til-d\u00f8r-aksjon [&hellip;]<\/p>\n","protected":false},"author":3,"featured_media":0,"parent":0,"menu_order":0,"comment_status":"closed","ping_status":"closed","template":"","meta":{"_relevanssi_hide_post":"on","_relevanssi_hide_content":"","_relevanssi_pin_for_all":"","_relevanssi_pin_keywords":"","_relevanssi_unpin_keywords":"","_relevanssi_related_keywords":"","_relevanssi_related_include_ids":"","_relevanssi_related_exclude_ids":"","_relevanssi_related_no_append":"on","_relevanssi_related_not_related":"on","_relevanssi_related_posts":"173","_relevanssi_noindex_reason":"Relevanssi index exclude","kf_show_post_date":false,"kf_show_updated_date":false,"kf_show_print_page":false,"kf_show_chapters":false,"kf_show_chapters_expanded":false,"kf_show_post_outdated":true,"kf_post_authors":[],"kf_toggle_title":false,"teft_cards_label":"","kf_is_template":false,"teft_cards_image_id":0,"teft_cards_image_focal_point_x":0,"teft_cards_image_focal_point_y":0,"teft_cards_title":"","teft_cards_excerpt":"","footnotes":""},"class_list":["post-225","page","type-page","status-publish","hentry"],"yoast_head":"<!-- This site is optimized with the Yoast SEO Premium plugin v26.8 (Yoast SEO v26.8) - https:\/\/yoast.com\/product\/yoast-seo-premium-wordpress\/ -->\n<title>S\u00e5 stas at dere vil v\u00e6re med p\u00e5 Kreftforeningens innsamlingsaksjon 2026! - Kreftforeningens innsamlingsaksjon<\/title>\n<meta name=\"robots\" content=\"noindex, nofollow\" \/>\n<meta property=\"og:locale\" content=\"nb_NO\" \/>\n<meta property=\"og:type\" content=\"article\" \/>\n<meta property=\"og:title\" content=\"S\u00e5 stas at dere vil v\u00e6re med p\u00e5 Kreftforeningens innsamlingsaksjon 2026!\" \/>\n<meta property=\"og:description\" content=\"Fyll ut skjemaet under og velg en kontaktperson, s\u00e5 tar vi kontakt fra det n\u00e6rmeste regionskontoret og gir dere all informasjonen dere trenger for \u00e5 sette i gang arbeidet med \u00e5 ta et krafttak mot kreft. Kreftforeningens innsamlingsaksjon vil g\u00e5 av stabelen i uke 11, 9.-15. mars 2026. Uka avsluttes med en stor, nasjonal d\u00f8r-til-d\u00f8r-aksjon [&hellip;]\" \/>\n<meta property=\"og:url\" content=\"https:\/\/kreftforeningen.no\/innsamlingsaksjonen\/meld-pa-komite\/\" \/>\n<meta property=\"og:site_name\" content=\"Kreftforeningens innsamlingsaksjon\" \/>\n<meta property=\"article:published_time\" content=\"2020-08-19T10:06:28+00:00\" \/>\n<meta property=\"article:modified_time\" content=\"2025-07-03T07:22:18+00:00\" \/>\n<meta name=\"twitter:card\" content=\"summary_large_image\" \/>\n<meta name=\"twitter:label1\" content=\"Ansl. lesetid\" \/>\n\t<meta name=\"twitter:data1\" content=\"1 minutt\" \/>\n<script type=\"application\/ld+json\" class=\"yoast-schema-graph\">{\"@context\":\"https:\/\/schema.org\",\"@graph\":[{\"@type\":\"WebPage\",\"@id\":\"https:\/\/kreftforeningen.no\/innsamlingsaksjonen\/meld-pa-komite\/\",\"url\":\"https:\/\/kreftforeningen.no\/innsamlingsaksjonen\/meld-pa-komite\/\",\"name\":\"S\u00e5 stas at dere vil v\u00e6re med p\u00e5 Kreftforeningens innsamlingsaksjon 2026! - Kreftforeningens innsamlingsaksjon\",\"isPartOf\":{\"@id\":\"https:\/\/kreftforeningen.no\/innsamlingsaksjonen\/#website\"},\"primaryImageOfPage\":{\"@id\":\"https:\/\/kreftforeningen.no\/innsamlingsaksjonen\/meld-pa-komite\/#primaryimage\"},\"image\":{\"@id\":\"https:\/\/kreftforeningen.no\/innsamlingsaksjonen\/meld-pa-komite\/#primaryimage\"},\"thumbnailUrl\":\"https:\/\/kreftforeningen.no\/content\/uploads\/2025\/01\/DSC01274-edited-1024x576.jpg\",\"datePublished\":\"2020-08-19T10:06:28+00:00\",\"dateModified\":\"2025-07-03T07:22:18+00:00\",\"breadcrumb\":{\"@id\":\"https:\/\/kreftforeningen.no\/innsamlingsaksjonen\/meld-pa-komite\/#breadcrumb\"},\"inLanguage\":\"nb-NO\",\"potentialAction\":[{\"@type\":\"ReadAction\",\"target\":[\"https:\/\/kreftforeningen.no\/innsamlingsaksjonen\/meld-pa-komite\/\"]}]},{\"@type\":\"ImageObject\",\"inLanguage\":\"nb-NO\",\"@id\":\"https:\/\/kreftforeningen.no\/innsamlingsaksjonen\/meld-pa-komite\/#primaryimage\",\"url\":\"https:\/\/kreftforeningen.no\/content\/uploads\/2025\/01\/DSC01274-edited-1024x576.jpg\",\"contentUrl\":\"https:\/\/kreftforeningen.no\/content\/uploads\/2025\/01\/DSC01274-edited-1024x576.jpg\"},{\"@type\":\"BreadcrumbList\",\"@id\":\"https:\/\/kreftforeningen.no\/innsamlingsaksjonen\/meld-pa-komite\/#breadcrumb\",\"itemListElement\":[{\"@type\":\"ListItem\",\"position\":1,\"name\":\"Forside\",\"item\":\"https:\/\/kreftforeningen.no\/innsamlingsaksjonen\/\"},{\"@type\":\"ListItem\",\"position\":2,\"name\":\"S\u00e5 stas at dere vil v\u00e6re med p\u00e5 Kreftforeningens innsamlingsaksjon 2026!\"}]},{\"@type\":\"WebSite\",\"@id\":\"https:\/\/kreftforeningen.no\/innsamlingsaksjonen\/#website\",\"url\":\"https:\/\/kreftforeningen.no\/innsamlingsaksjonen\/\",\"name\":\"Kreftforeningens innsamlingsaksjon\",\"description\":\"\",\"publisher\":{\"@id\":\"https:\/\/kreftforeningen.no\/innsamlingsaksjonen\/#organization\"},\"potentialAction\":[{\"@type\":\"SearchAction\",\"target\":{\"@type\":\"EntryPoint\",\"urlTemplate\":\"https:\/\/kreftforeningen.no\/innsamlingsaksjonen\/?s={search_term_string}\"},\"query-input\":{\"@type\":\"PropertyValueSpecification\",\"valueRequired\":true,\"valueName\":\"search_term_string\"}}],\"inLanguage\":\"nb-NO\"},{\"@type\":\"Organization\",\"@id\":\"https:\/\/kreftforeningen.no\/innsamlingsaksjonen\/#organization\",\"name\":\"Kreftforeningens innsamlingsaksjon\",\"url\":\"https:\/\/kreftforeningen.no\/innsamlingsaksjonen\/\",\"logo\":{\"@type\":\"ImageObject\",\"inLanguage\":\"nb-NO\",\"@id\":\"https:\/\/kreftforeningen.no\/innsamlingsaksjonen\/#\/schema\/logo\/image\/\",\"url\":\"https:\/\/kreftforeningen.no\/content\/uploads\/2023\/11\/Kreftforeningen_logo_med_innsamlingsaksjonen-hor.svg\",\"contentUrl\":\"https:\/\/kreftforeningen.no\/content\/uploads\/2023\/11\/Kreftforeningen_logo_med_innsamlingsaksjonen-hor.svg\",\"caption\":\"Kreftforeningens innsamlingsaksjon\"},\"image\":{\"@id\":\"https:\/\/kreftforeningen.no\/innsamlingsaksjonen\/#\/schema\/logo\/image\/\"}}]}<\/script>\n<!-- \/ Yoast SEO Premium plugin. -->","yoast_head_json":{"title":"S\u00e5 stas at dere vil v\u00e6re med p\u00e5 Kreftforeningens innsamlingsaksjon 2026! - Kreftforeningens innsamlingsaksjon","robots":{"index":"noindex","follow":"nofollow"},"og_locale":"nb_NO","og_type":"article","og_title":"S\u00e5 stas at dere vil v\u00e6re med p\u00e5 Kreftforeningens innsamlingsaksjon 2026!","og_description":"Fyll ut skjemaet under og velg en kontaktperson, s\u00e5 tar vi kontakt fra det n\u00e6rmeste regionskontoret og gir dere all informasjonen dere trenger for \u00e5 sette i gang arbeidet med \u00e5 ta et krafttak mot kreft. Kreftforeningens innsamlingsaksjon vil g\u00e5 av stabelen i uke 11, 9.-15. mars 2026. Uka avsluttes med en stor, nasjonal d\u00f8r-til-d\u00f8r-aksjon [&hellip;]","og_url":"https:\/\/kreftforeningen.no\/innsamlingsaksjonen\/meld-pa-komite\/","og_site_name":"Kreftforeningens innsamlingsaksjon","article_published_time":"2020-08-19T10:06:28+00:00","article_modified_time":"2025-07-03T07:22:18+00:00","twitter_card":"summary_large_image","twitter_misc":{"Ansl. lesetid":"1 minutt"},"schema":{"@context":"https:\/\/schema.org","@graph":[{"@type":"WebPage","@id":"https:\/\/kreftforeningen.no\/innsamlingsaksjonen\/meld-pa-komite\/","url":"https:\/\/kreftforeningen.no\/innsamlingsaksjonen\/meld-pa-komite\/","name":"S\u00e5 stas at dere vil v\u00e6re med p\u00e5 Kreftforeningens innsamlingsaksjon 2026! - Kreftforeningens innsamlingsaksjon","isPartOf":{"@id":"https:\/\/kreftforeningen.no\/innsamlingsaksjonen\/#website"},"primaryImageOfPage":{"@id":"https:\/\/kreftforeningen.no\/innsamlingsaksjonen\/meld-pa-komite\/#primaryimage"},"image":{"@id":"https:\/\/kreftforeningen.no\/innsamlingsaksjonen\/meld-pa-komite\/#primaryimage"},"thumbnailUrl":"https:\/\/kreftforeningen.no\/content\/uploads\/2025\/01\/DSC01274-edited-1024x576.jpg","datePublished":"2020-08-19T10:06:28+00:00","dateModified":"2025-07-03T07:22:18+00:00","breadcrumb":{"@id":"https:\/\/kreftforeningen.no\/innsamlingsaksjonen\/meld-pa-komite\/#breadcrumb"},"inLanguage":"nb-NO","potentialAction":[{"@type":"ReadAction","target":["https:\/\/kreftforeningen.no\/innsamlingsaksjonen\/meld-pa-komite\/"]}]},{"@type":"ImageObject","inLanguage":"nb-NO","@id":"https:\/\/kreftforeningen.no\/innsamlingsaksjonen\/meld-pa-komite\/#primaryimage","url":"https:\/\/kreftforeningen.no\/content\/uploads\/2025\/01\/DSC01274-edited-1024x576.jpg","contentUrl":"https:\/\/kreftforeningen.no\/content\/uploads\/2025\/01\/DSC01274-edited-1024x576.jpg"},{"@type":"BreadcrumbList","@id":"https:\/\/kreftforeningen.no\/innsamlingsaksjonen\/meld-pa-komite\/#breadcrumb","itemListElement":[{"@type":"ListItem","position":1,"name":"Forside","item":"https:\/\/kreftforeningen.no\/innsamlingsaksjonen\/"},{"@type":"ListItem","position":2,"name":"S\u00e5 stas at dere vil v\u00e6re med p\u00e5 Kreftforeningens innsamlingsaksjon 2026!"}]},{"@type":"WebSite","@id":"https:\/\/kreftforeningen.no\/innsamlingsaksjonen\/#website","url":"https:\/\/kreftforeningen.no\/innsamlingsaksjonen\/","name":"Kreftforeningens innsamlingsaksjon","description":"","publisher":{"@id":"https:\/\/kreftforeningen.no\/innsamlingsaksjonen\/#organization"},"potentialAction":[{"@type":"SearchAction","target":{"@type":"EntryPoint","urlTemplate":"https:\/\/kreftforeningen.no\/innsamlingsaksjonen\/?s={search_term_string}"},"query-input":{"@type":"PropertyValueSpecification","valueRequired":true,"valueName":"search_term_string"}}],"inLanguage":"nb-NO"},{"@type":"Organization","@id":"https:\/\/kreftforeningen.no\/innsamlingsaksjonen\/#organization","name":"Kreftforeningens innsamlingsaksjon","url":"https:\/\/kreftforeningen.no\/innsamlingsaksjonen\/","logo":{"@type":"ImageObject","inLanguage":"nb-NO","@id":"https:\/\/kreftforeningen.no\/innsamlingsaksjonen\/#\/schema\/logo\/image\/","url":"https:\/\/kreftforeningen.no\/content\/uploads\/2023\/11\/Kreftforeningen_logo_med_innsamlingsaksjonen-hor.svg","contentUrl":"https:\/\/kreftforeningen.no\/content\/uploads\/2023\/11\/Kreftforeningen_logo_med_innsamlingsaksjonen-hor.svg","caption":"Kreftforeningens innsamlingsaksjon"},"image":{"@id":"https:\/\/kreftforeningen.no\/innsamlingsaksjonen\/#\/schema\/logo\/image\/"}}]}},"_links":{"self":[{"href":"https:\/\/kreftforeningen.no\/innsamlingsaksjonen\/wp-json\/wp\/v2\/pages\/225"}],"collection":[{"href":"https:\/\/kreftforeningen.no\/innsamlingsaksjonen\/wp-json\/wp\/v2\/pages"}],"about":[{"href":"https:\/\/kreftforeningen.no\/innsamlingsaksjonen\/wp-json\/wp\/v2\/types\/page"}],"author":[{"embeddable":true,"href":"https:\/\/kreftforeningen.no\/innsamlingsaksjonen\/wp-json\/wp\/v2\/users\/3"}],"replies":[{"embeddable":true,"href":"https:\/\/kreftforeningen.no\/innsamlingsaksjonen\/wp-json\/wp\/v2\/comments?post=225"}],"version-history":[{"count":29,"href":"https:\/\/kreftforeningen.no\/innsamlingsaksjonen\/wp-json\/wp\/v2\/pages\/225\/revisions"}],"predecessor-version":[{"id":10908,"href":"https:\/\/kreftforeningen.no\/innsamlingsaksjonen\/wp-json\/wp\/v2\/pages\/225\/revisions\/10908"}],"wp:attachment":[{"href":"https:\/\/kreftforeningen.no\/innsamlingsaksjonen\/wp-json\/wp\/v2\/media?parent=225"}],"curies":[{"name":"wp","href":"https:\/\/api.w.org\/{rel}","templated":true}]}}