{"id":7158,"date":"2022-02-07T13:32:16","date_gmt":"2022-02-07T12:32:16","guid":{"rendered":"https:\/\/kreftforeningen.no\/krafttakmotkreft\/?page_id=7158"},"modified":"2026-01-07T16:14:21","modified_gmt":"2026-01-07T15:14:21","slug":"stott-innsamlingsaksjonen","status":"publish","type":"page","link":"https:\/\/kreftforeningen.no\/innsamlingsaksjonen\/stott-innsamlingsaksjonen\/","title":{"rendered":"St\u00f8tt Innsamlingsaksjonen"},"content":{"rendered":"\n<div class=\"wp-block-kf-ingress\"><div class=\"kf-header__ingress\"><p>Ved \u00e5 st\u00f8tte Kreftforeningens innsamlingsaksjon, er du med p\u00e5 \u00e5 samle inn penger til forskning slik at alle kreftpasienter som kan ha nytte av det, f\u00e5r tilbud om en gentest og den beste behandlingen basert p\u00e5 resultatene.\u202f\u202f&nbsp;&nbsp;<\/p><\/div><\/div>\n\n\n\n<div class=\"wp-block-columns is-layout-flex wp-container-core-columns-is-layout-1 wp-block-columns-is-layout-flex\">\n<div class=\"wp-block-column in-chapters is-layout-flow wp-block-column in-chapters-is-layout-flow\">\n<div class=\"wp-block-kf-cta-block alignwide has-blue-light-background-color content-align-left\"><div class=\"wp-block-cta-inner-block\">\n<h3 class=\"wp-block-heading\" id=\"h-vipps-til-3366\">Vipps til 3366<\/h3>\n\n\n\n<p>Vipps et valgfritt bel\u00f8p til nummeret: <strong>3366<\/strong> eller vipps 350 kroner direkte under.<\/p>\n\n\n<div  class=\"wp-block-kf-vipps-button wp-block-button \">\n\t\t\t<a href=\"https:\/\/nettbutikk.kreftforeningen.no\/innsamlingsaksjonen\/vipps-buy-product\/?pr=cff29f4b\" class=\"vipps-button wp-block-button__link reverse\" >\n\t\t\t\t<div class=\"button-inner-wrapper\">\n\t\t\t\t\t<span class=\"screen-reader-text\">Vipps button<\/span>\n\t\t\t\t\t<span>350 kr<\/span>\n\t\t\t\t\t<svg fill=\"none\" height=\"16\" viewBox=\"0 0 64 16\" width=\"64\" xmlns=\"http:\/\/www.w3.org\/2000\/svg\">\n\t<path fill=\"none\" clip-rule=\"evenodd\" d=\"m64 3.83839c-.7202-2.74771-2.4686-3.83839-4.8553-3.83839-1.9336 0-4.3605 1.09068-4.3605 3.71715 0 1.69686 1.1723 3.03045 3.0852 3.37402l1.8103.32301c1.2344.22211 1.5842.68692 1.5842 1.31323 0 .70706-.7612 1.11103-1.8926 1.11103-1.4809 0-2.4067-.5252-2.5508-2.00016l-2.6124.40419c.4112 2.84833 2.9619 4.02043 5.2658 4.02043 2.1808 0 4.5053-1.2528 4.5053-3.77796 0-1.71743-1.0494-2.96961-3.0036-3.33375l-1.9951-.36327c-1.1111-.20199-1.4812-.74754-1.4812-1.27275 0-.6668.7198-1.09068 1.7073-1.09068 1.255 0 2.1395.42388 2.1806 1.81787zm-58.075 4.32289 2.7149-7.858411h3.1884l-4.73144 11.656531h-2.3654l-4.73146-11.656312h3.18843zm16.6834-4.52488c0 .92918-.7406 1.57562-1.6047 1.57562-.864 0-1.6043-.64644-1.6043-1.57562 0-.92939.7403-1.57562 1.6043-1.57562.8641 0 1.6049.64623 1.6049 1.57562zm.4936 4.12135c-1.0699 1.37336-2.2013 2.32285-4.1967 2.32295-2.036 0-3.6204-1.21214-4.8546-2.98975-.4939-.72741-1.255-.88891-1.8105-.50507-.5142.36371-.6374 1.13138-.1645 1.79818 1.7073 2.56564 4.0729 4.06024 6.8294 4.06024 2.5305 0 4.5055-1.2119 6.0481-3.23217.5759-.74732.5553-1.515 0-1.93932-.5144-.40441-1.2755-.26239-1.8512.48494zm7.098-1.65681c0 2.384 1.3989 3.63662 2.9625 3.63662 1.4809 0 3.0034-1.17187 3.0034-3.63662 0-2.42449-1.5225-3.59592-2.9831-3.59592-1.5839 0-2.9828 1.11103-2.9828 3.59592zm0-4.18153v-1.596408h-2.9004v15.676998h2.9004v-5.576c.9669 1.2932 2.2217 1.8389 3.6409 1.8389 2.6541 0 5.2459-2.0608 5.2459-6.30311 0-4.06095-2.6948-5.95957116-4.9989-5.95957116-1.8309 0-3.0855.82807716-3.8879 1.91919116zm13.9275 4.18153c0 2.384 1.3987 3.63662 2.9623 3.63662 1.4809 0 3.0032-1.17187 3.0032-3.63662 0-2.42449-1.5223-3.59592-2.9828-3.59592-1.584 0-2.9829 1.11103-2.9829 3.59592zm0-4.18153v-1.596408h-.0002-2.9004v15.676998h2.9004v-5.576c.967 1.2932 2.2217 1.8389 3.641 1.8389 2.6539 0 5.2459-2.0608 5.2459-6.30311 0-4.06095-2.6948-5.95957116-4.999-5.95957116-1.8309 0-3.0854.82807716-3.8877 1.91919116z\" fill-rule=\"evenodd\"\/><\/svg>\n\t\t\t\t<\/div>\n\t\t\t<\/a>\n\t\t<\/div><\/div><\/div>\n<\/div>\n\n\n\n<div class=\"wp-block-column in-chapters is-layout-flow wp-block-column in-chapters-is-layout-flow\">\n<div class=\"wp-block-kf-cta-block alignwide has-blue-light-background-color content-align-left\"><div class=\"wp-block-cta-inner-block\">\n<h3 class=\"wp-block-heading\" id=\"h-bankoverforing\">Bankoverf\u00f8ring<\/h3>\n\n\n\n<p>Overf\u00f8r et valgfritt bel\u00f8p til kontonummer <strong>1503 07 66056<\/strong><\/p>\n<\/div><\/div>\n<\/div>\n<\/div>\n\n\n\n<div class=\"wp-block-columns is-layout-flex wp-container-core-columns-is-layout-2 wp-block-columns-is-layout-flex\">\n<div class=\"wp-block-column in-chapters is-layout-flow wp-block-column in-chapters-is-layout-flow\">\n<div class=\"wp-block-kf-cta-block alignwide has-blue-light-background-color content-align-left\"><div class=\"wp-block-cta-inner-block\">\n<h3 class=\"wp-block-heading\" id=\"h-start-en-innsamling\">Start en innsamling<\/h3>\n\n\n\n<p>Opprett en <a href=\"https:\/\/innsamlingsaksjonen.kreftforeningen.no\/projects\/kreftforeningens-innsamlingsaksjon-2026\">digital innsamling p\u00e5 denne siden \u2192<\/a><\/p>\n<\/div><\/div>\n<\/div>\n\n\n\n<div class=\"wp-block-column in-chapters is-layout-flow wp-block-column in-chapters-is-layout-flow\">\n<div class=\"wp-block-kf-cta-block alignwide has-blue-light-background-color content-align-left\"><div class=\"wp-block-cta-inner-block\">\n<h3 class=\"wp-block-heading\" id=\"h-sms-gi-til-2277\">SMS &laquo;GI&raquo; til 2277<\/h3>\n\n\n\n<p>Send kodeord <strong>GI <\/strong>til <strong>2277<\/strong>. Da bidrar du med <strong>250 <\/strong>kroner som belastes fra telefonregningen din.<\/p>\n<\/div><\/div>\n<\/div>\n<\/div>\n\n\n\n\t\t<div class=\"fundy-form-wrapper wp-block-fundy-donation-form\">\n\t\t\t<div\n\t\t\t\tclass=\"fundy-form fundraising-form\"\n\t\t\t\tdata-form-id=\"67\"\n\t\t\t\tdata-core-url=\"https:\/\/fundy.cloud\/core\"\n\t\t\t\tdata-button-classes=\"wp-element-button\"\n\t\t\t><\/div>\n\t\t<\/div>\n\t\t\n\n\n<p><\/p>\n","protected":false},"excerpt":{"rendered":"","protected":false},"author":47,"featured_media":203946,"parent":0,"menu_order":0,"comment_status":"closed","ping_status":"closed","template":"","meta":{"_relevanssi_hide_post":"","_relevanssi_hide_content":"","_relevanssi_pin_for_all":"","_relevanssi_pin_keywords":"","_relevanssi_unpin_keywords":"","_relevanssi_related_keywords":"","_relevanssi_related_include_ids":"","_relevanssi_related_exclude_ids":"","_relevanssi_related_no_append":"","_relevanssi_related_not_related":"","_relevanssi_related_posts":"173","_relevanssi_noindex_reason":"","kf_show_post_date":false,"kf_show_updated_date":false,"kf_show_print_page":false,"kf_show_chapters":false,"kf_show_chapters_expanded":false,"kf_show_post_outdated":true,"kf_post_authors":[],"kf_toggle_title":false,"teft_cards_label":"","kf_is_template":false,"teft_cards_image_id":0,"teft_cards_image_focal_point_x":0,"teft_cards_image_focal_point_y":0,"teft_cards_title":"","teft_cards_excerpt":"","footnotes":""},"class_list":["post-7158","page","type-page","status-publish","has-post-thumbnail","hentry"],"yoast_head":"<!-- This site is optimized with the Yoast SEO Premium plugin v26.8 (Yoast SEO v26.8) - https:\/\/yoast.com\/product\/yoast-seo-premium-wordpress\/ -->\n<title>St\u00f8tt Innsamlingsaksjonen<\/title>\n<meta name=\"description\" content=\"St\u00f8tt Kreftforeningens innsamlingsaksjonen via Vipps, SMS,\u00a0bankoverf\u00f8ring eller ved \u00e5\u00a0fylle ut gaveskjemaet\u00a0v\u00e5rt.\" \/>\n<meta name=\"robots\" content=\"index, follow, max-snippet:-1, max-image-preview:large, max-video-preview:-1\" \/>\n<link rel=\"canonical\" href=\"https:\/\/kreftforeningen.no\/innsamlingsaksjonen\/stott-innsamlingsaksjonen\/\" \/>\n<meta property=\"og:locale\" content=\"nb_NO\" \/>\n<meta property=\"og:type\" content=\"article\" \/>\n<meta property=\"og:title\" content=\"St\u00f8tt Innsamlingsaksjonen\" \/>\n<meta property=\"og:description\" content=\"St\u00f8tt Kreftforeningens innsamlingsaksjonen via Vipps, SMS,\u00a0bankoverf\u00f8ring eller ved \u00e5\u00a0fylle ut gaveskjemaet\u00a0v\u00e5rt.\" \/>\n<meta property=\"og:url\" content=\"https:\/\/kreftforeningen.no\/innsamlingsaksjonen\/stott-innsamlingsaksjonen\/\" \/>\n<meta property=\"og:site_name\" content=\"Kreftforeningens innsamlingsaksjon\" \/>\n<meta property=\"article:published_time\" content=\"2022-02-07T12:32:16+00:00\" \/>\n<meta property=\"article:modified_time\" content=\"2026-01-07T15:14:21+00:00\" \/>\n<meta property=\"og:image\" content=\"https:\/\/kreftforeningen.no\/content\/uploads\/2026\/01\/Bilder-til-nettside-1.png\" \/>\n\t<meta property=\"og:image:width\" content=\"1080\" \/>\n\t<meta property=\"og:image:height\" content=\"1080\" \/>\n\t<meta property=\"og:image:type\" content=\"image\/jpeg\" \/>\n<meta name=\"twitter:card\" content=\"summary_large_image\" \/>\n<meta name=\"twitter:label1\" content=\"Ansl. lesetid\" \/>\n\t<meta name=\"twitter:data1\" content=\"1 minutt\" \/>\n<script type=\"application\/ld+json\" class=\"yoast-schema-graph\">{\"@context\":\"https:\/\/schema.org\",\"@graph\":[{\"@type\":\"WebPage\",\"@id\":\"https:\/\/kreftforeningen.no\/innsamlingsaksjonen\/stott-innsamlingsaksjonen\/\",\"url\":\"https:\/\/kreftforeningen.no\/innsamlingsaksjonen\/stott-innsamlingsaksjonen\/\",\"name\":\"St\u00f8tt Innsamlingsaksjonen\",\"isPartOf\":{\"@id\":\"https:\/\/kreftforeningen.no\/innsamlingsaksjonen\/#website\"},\"primaryImageOfPage\":{\"@id\":\"https:\/\/kreftforeningen.no\/innsamlingsaksjonen\/stott-innsamlingsaksjonen\/#primaryimage\"},\"image\":{\"@id\":\"https:\/\/kreftforeningen.no\/innsamlingsaksjonen\/stott-innsamlingsaksjonen\/#primaryimage\"},\"thumbnailUrl\":\"https:\/\/kreftforeningen.no\/content\/uploads\/2026\/01\/Bilder-til-nettside-1.png\",\"datePublished\":\"2022-02-07T12:32:16+00:00\",\"dateModified\":\"2026-01-07T15:14:21+00:00\",\"description\":\"St\u00f8tt Kreftforeningens innsamlingsaksjonen via Vipps, SMS,\u00a0bankoverf\u00f8ring eller ved \u00e5\u00a0fylle ut gaveskjemaet\u00a0v\u00e5rt.\",\"breadcrumb\":{\"@id\":\"https:\/\/kreftforeningen.no\/innsamlingsaksjonen\/stott-innsamlingsaksjonen\/#breadcrumb\"},\"inLanguage\":\"nb-NO\",\"potentialAction\":[{\"@type\":\"ReadAction\",\"target\":[\"https:\/\/kreftforeningen.no\/innsamlingsaksjonen\/stott-innsamlingsaksjonen\/\"]}]},{\"@type\":\"ImageObject\",\"inLanguage\":\"nb-NO\",\"@id\":\"https:\/\/kreftforeningen.no\/innsamlingsaksjonen\/stott-innsamlingsaksjonen\/#primaryimage\",\"url\":\"https:\/\/kreftforeningen.no\/content\/uploads\/2026\/01\/Bilder-til-nettside-1.png\",\"contentUrl\":\"https:\/\/kreftforeningen.no\/content\/uploads\/2026\/01\/Bilder-til-nettside-1.png\"},{\"@type\":\"BreadcrumbList\",\"@id\":\"https:\/\/kreftforeningen.no\/innsamlingsaksjonen\/stott-innsamlingsaksjonen\/#breadcrumb\",\"itemListElement\":[{\"@type\":\"ListItem\",\"position\":1,\"name\":\"Forside\",\"item\":\"https:\/\/kreftforeningen.no\/innsamlingsaksjonen\/\"},{\"@type\":\"ListItem\",\"position\":2,\"name\":\"St\u00f8tt Innsamlingsaksjonen\"}]},{\"@type\":\"WebSite\",\"@id\":\"https:\/\/kreftforeningen.no\/innsamlingsaksjonen\/#website\",\"url\":\"https:\/\/kreftforeningen.no\/innsamlingsaksjonen\/\",\"name\":\"Kreftforeningens innsamlingsaksjon\",\"description\":\"\",\"publisher\":{\"@id\":\"https:\/\/kreftforeningen.no\/innsamlingsaksjonen\/#organization\"},\"potentialAction\":[{\"@type\":\"SearchAction\",\"target\":{\"@type\":\"EntryPoint\",\"urlTemplate\":\"https:\/\/kreftforeningen.no\/innsamlingsaksjonen\/?s={search_term_string}\"},\"query-input\":{\"@type\":\"PropertyValueSpecification\",\"valueRequired\":true,\"valueName\":\"search_term_string\"}}],\"inLanguage\":\"nb-NO\"},{\"@type\":\"Organization\",\"@id\":\"https:\/\/kreftforeningen.no\/innsamlingsaksjonen\/#organization\",\"name\":\"Kreftforeningens innsamlingsaksjon\",\"url\":\"https:\/\/kreftforeningen.no\/innsamlingsaksjonen\/\",\"logo\":{\"@type\":\"ImageObject\",\"inLanguage\":\"nb-NO\",\"@id\":\"https:\/\/kreftforeningen.no\/innsamlingsaksjonen\/#\/schema\/logo\/image\/\",\"url\":\"https:\/\/kreftforeningen.no\/content\/uploads\/2023\/11\/Kreftforeningen_logo_med_innsamlingsaksjonen-hor.svg\",\"contentUrl\":\"https:\/\/kreftforeningen.no\/content\/uploads\/2023\/11\/Kreftforeningen_logo_med_innsamlingsaksjonen-hor.svg\",\"caption\":\"Kreftforeningens innsamlingsaksjon\"},\"image\":{\"@id\":\"https:\/\/kreftforeningen.no\/innsamlingsaksjonen\/#\/schema\/logo\/image\/\"}}]}<\/script>\n<!-- \/ Yoast SEO Premium plugin. -->","yoast_head_json":{"title":"St\u00f8tt Innsamlingsaksjonen","description":"St\u00f8tt Kreftforeningens innsamlingsaksjonen via Vipps, SMS,\u00a0bankoverf\u00f8ring eller ved \u00e5\u00a0fylle ut gaveskjemaet\u00a0v\u00e5rt.","robots":{"index":"index","follow":"follow","max-snippet":"max-snippet:-1","max-image-preview":"max-image-preview:large","max-video-preview":"max-video-preview:-1"},"canonical":"https:\/\/kreftforeningen.no\/innsamlingsaksjonen\/stott-innsamlingsaksjonen\/","og_locale":"nb_NO","og_type":"article","og_title":"St\u00f8tt Innsamlingsaksjonen","og_description":"St\u00f8tt Kreftforeningens innsamlingsaksjonen via Vipps, SMS,\u00a0bankoverf\u00f8ring eller ved \u00e5\u00a0fylle ut gaveskjemaet\u00a0v\u00e5rt.","og_url":"https:\/\/kreftforeningen.no\/innsamlingsaksjonen\/stott-innsamlingsaksjonen\/","og_site_name":"Kreftforeningens innsamlingsaksjon","article_published_time":"2022-02-07T12:32:16+00:00","article_modified_time":"2026-01-07T15:14:21+00:00","og_image":[{"width":1080,"height":1080,"url":"https:\/\/kreftforeningen.no\/content\/uploads\/2026\/01\/Bilder-til-nettside-1.png","type":"image\/jpeg"}],"twitter_card":"summary_large_image","twitter_misc":{"Ansl. lesetid":"1 minutt"},"schema":{"@context":"https:\/\/schema.org","@graph":[{"@type":"WebPage","@id":"https:\/\/kreftforeningen.no\/innsamlingsaksjonen\/stott-innsamlingsaksjonen\/","url":"https:\/\/kreftforeningen.no\/innsamlingsaksjonen\/stott-innsamlingsaksjonen\/","name":"St\u00f8tt Innsamlingsaksjonen","isPartOf":{"@id":"https:\/\/kreftforeningen.no\/innsamlingsaksjonen\/#website"},"primaryImageOfPage":{"@id":"https:\/\/kreftforeningen.no\/innsamlingsaksjonen\/stott-innsamlingsaksjonen\/#primaryimage"},"image":{"@id":"https:\/\/kreftforeningen.no\/innsamlingsaksjonen\/stott-innsamlingsaksjonen\/#primaryimage"},"thumbnailUrl":"https:\/\/kreftforeningen.no\/content\/uploads\/2026\/01\/Bilder-til-nettside-1.png","datePublished":"2022-02-07T12:32:16+00:00","dateModified":"2026-01-07T15:14:21+00:00","description":"St\u00f8tt Kreftforeningens innsamlingsaksjonen via Vipps, SMS,\u00a0bankoverf\u00f8ring eller ved \u00e5\u00a0fylle ut gaveskjemaet\u00a0v\u00e5rt.","breadcrumb":{"@id":"https:\/\/kreftforeningen.no\/innsamlingsaksjonen\/stott-innsamlingsaksjonen\/#breadcrumb"},"inLanguage":"nb-NO","potentialAction":[{"@type":"ReadAction","target":["https:\/\/kreftforeningen.no\/innsamlingsaksjonen\/stott-innsamlingsaksjonen\/"]}]},{"@type":"ImageObject","inLanguage":"nb-NO","@id":"https:\/\/kreftforeningen.no\/innsamlingsaksjonen\/stott-innsamlingsaksjonen\/#primaryimage","url":"https:\/\/kreftforeningen.no\/content\/uploads\/2026\/01\/Bilder-til-nettside-1.png","contentUrl":"https:\/\/kreftforeningen.no\/content\/uploads\/2026\/01\/Bilder-til-nettside-1.png"},{"@type":"BreadcrumbList","@id":"https:\/\/kreftforeningen.no\/innsamlingsaksjonen\/stott-innsamlingsaksjonen\/#breadcrumb","itemListElement":[{"@type":"ListItem","position":1,"name":"Forside","item":"https:\/\/kreftforeningen.no\/innsamlingsaksjonen\/"},{"@type":"ListItem","position":2,"name":"St\u00f8tt Innsamlingsaksjonen"}]},{"@type":"WebSite","@id":"https:\/\/kreftforeningen.no\/innsamlingsaksjonen\/#website","url":"https:\/\/kreftforeningen.no\/innsamlingsaksjonen\/","name":"Kreftforeningens innsamlingsaksjon","description":"","publisher":{"@id":"https:\/\/kreftforeningen.no\/innsamlingsaksjonen\/#organization"},"potentialAction":[{"@type":"SearchAction","target":{"@type":"EntryPoint","urlTemplate":"https:\/\/kreftforeningen.no\/innsamlingsaksjonen\/?s={search_term_string}"},"query-input":{"@type":"PropertyValueSpecification","valueRequired":true,"valueName":"search_term_string"}}],"inLanguage":"nb-NO"},{"@type":"Organization","@id":"https:\/\/kreftforeningen.no\/innsamlingsaksjonen\/#organization","name":"Kreftforeningens innsamlingsaksjon","url":"https:\/\/kreftforeningen.no\/innsamlingsaksjonen\/","logo":{"@type":"ImageObject","inLanguage":"nb-NO","@id":"https:\/\/kreftforeningen.no\/innsamlingsaksjonen\/#\/schema\/logo\/image\/","url":"https:\/\/kreftforeningen.no\/content\/uploads\/2023\/11\/Kreftforeningen_logo_med_innsamlingsaksjonen-hor.svg","contentUrl":"https:\/\/kreftforeningen.no\/content\/uploads\/2023\/11\/Kreftforeningen_logo_med_innsamlingsaksjonen-hor.svg","caption":"Kreftforeningens innsamlingsaksjon"},"image":{"@id":"https:\/\/kreftforeningen.no\/innsamlingsaksjonen\/#\/schema\/logo\/image\/"}}]}},"_links":{"self":[{"href":"https:\/\/kreftforeningen.no\/innsamlingsaksjonen\/wp-json\/wp\/v2\/pages\/7158"}],"collection":[{"href":"https:\/\/kreftforeningen.no\/innsamlingsaksjonen\/wp-json\/wp\/v2\/pages"}],"about":[{"href":"https:\/\/kreftforeningen.no\/innsamlingsaksjonen\/wp-json\/wp\/v2\/types\/page"}],"author":[{"embeddable":true,"href":"https:\/\/kreftforeningen.no\/innsamlingsaksjonen\/wp-json\/wp\/v2\/users\/47"}],"replies":[{"embeddable":true,"href":"https:\/\/kreftforeningen.no\/innsamlingsaksjonen\/wp-json\/wp\/v2\/comments?post=7158"}],"version-history":[{"count":109,"href":"https:\/\/kreftforeningen.no\/innsamlingsaksjonen\/wp-json\/wp\/v2\/pages\/7158\/revisions"}],"predecessor-version":[{"id":11018,"href":"https:\/\/kreftforeningen.no\/innsamlingsaksjonen\/wp-json\/wp\/v2\/pages\/7158\/revisions\/11018"}],"wp:featuredmedia":[{"embeddable":true,"href":"https:\/\/kreftforeningen.no\/innsamlingsaksjonen\/wp-json\/"}],"wp:attachment":[{"href":"https:\/\/kreftforeningen.no\/innsamlingsaksjonen\/wp-json\/wp\/v2\/media?parent=7158"}],"curies":[{"name":"wp","href":"https:\/\/api.w.org\/{rel}","templated":true}]}}