{"id":77,"date":"2020-05-25T14:31:33","date_gmt":"2020-05-25T12:31:33","guid":{"rendered":"https:\/\/stage2.kreftforeningen.no\/krafttakmotkreft\/?page_id=77"},"modified":"2026-02-04T13:26:53","modified_gmt":"2026-02-04T12:26:53","slug":"om-innsamlingsaksjonen","status":"publish","type":"page","link":"https:\/\/kreftforeningen.no\/innsamlingsaksjonen\/om-innsamlingsaksjonen\/","title":{"rendered":"Hva er Kreftforeningens innsamlingsaksjon?"},"content":{"rendered":"\n<div class=\"wp-block-kf-ingress\"><div class=\"kf-header__ingress\"><p>Kreft rammer hardt og bredt, ung som gammel. Vi vil ha f\u00e6rre krefttilfeller, bedre behandling og flere som overlever. Derfor inviterer vi hele Norge til \u00e5 bli med p\u00e5 Kreftforeningens innsamlingsaksjon, en \u00e5rlig felles dugnad for \u00e5 samle inn midler til forskning, forebyggende tiltak og st\u00f8tte til pasienter og p\u00e5r\u00f8rende.<\/p><\/div><\/div>\n\n\n\n<figure class=\"wp-block-image size-large\"><img loading=\"lazy\" decoding=\"async\" width=\"1024\" height=\"576\" src=\"https:\/\/kreftforeningen.no\/content\/uploads\/2025\/01\/DSC01711-1-edited-1024x576.png\" alt=\"Kvinne st\u00e5r foran et gr\u00f8nt hus og holder en bl\u00e5 innsamlingsplakat for Kreftforeninges innsamlingsaksjon. \" class=\"wp-image-186112\" srcset=\"https:\/\/kreftforeningen.no\/content\/uploads\/2025\/01\/DSC01711-1-edited-1024x576.png 1024w, https:\/\/kreftforeningen.no\/content\/uploads\/2025\/01\/DSC01711-1-edited-300x169.png 300w, https:\/\/kreftforeningen.no\/content\/uploads\/2025\/01\/DSC01711-1-edited-768x432.png 768w, https:\/\/kreftforeningen.no\/content\/uploads\/2025\/01\/DSC01711-1-edited-1536x863.png 1536w, https:\/\/kreftforeningen.no\/content\/uploads\/2025\/01\/DSC01711-1-edited-2048x1151.png 2048w, https:\/\/kreftforeningen.no\/content\/uploads\/2025\/01\/DSC01711-1-edited-135x76.png 135w\" sizes=\"(max-width: 1024px) 100vw, 1024px\" \/><\/figure>\n\n\n\n<p>Visste du at \u00e9n av tre nordmenn vil f\u00e5 kreft en gang i l\u00f8pet av livet? I dag overlever heldigvis tre av fire, men slik har det ikke alltid v\u00e6rt. Forskning har gitt resultater, men det er fortsatt en vei \u00e5 g\u00e5 &#8211; og forskning krever midler. Dette er en sjanse til \u00e5 bidra med noe som vi vet hjelper.<\/p>\n\n\n\n<h2 class=\"wp-block-heading\" id=\"h-innsamlingsaksjonen-kort-fortalt\"><strong>Innsamlingsaksjonen kort fortalt<\/strong><\/h2>\n\n\n\n<p>Kreftforeningens innsamlingsaksjon er v\u00e5r \u00e5rlige dugnad for kreftsaken i Norge, og har siden 2006 samlet inn n\u00e6rmere 550 millioner kroner til kreftsaken.&nbsp;&nbsp;&nbsp;<\/p>\n\n\n\n<p>Flere tusen frivillige engasjerer seg i aksjonsperioden, som varer en uke og holdes i mars hvert \u00e5r. En s\u00f8ndag dedikeres til innsamlingens d\u00f8r-til-d\u00f8r-aksjon, som er Norges nest st\u00f8rste etter TV-aksjonen.&nbsp;<\/p>\n\n\n\n<p>I 2024 ble d\u00f8r-til-d\u00f8r-aksjonen for f\u00f8rste gang b\u00f8ssel\u00f8s, det betyr at vi ikke lenger tar i mot kontanter. Alle innsamlere har n\u00e5 med seg informasjon om hvordan du kan betale digitalt, for eksempel gjennom en QR-kode eller et Vipps-nummer. Trenger du hjelp til digital overf\u00f8ring s\u00e5 hjelper vi deg. Det at aksjonen er digital gj\u00f8r det lettere for alle \u00e5 bli med, og det gj\u00f8r det ogs\u00e5 sikrere og mer effektivt for alle parter. Dato for \u00e5rets d\u00f8r til d\u00f8r aksjon er 15. mars. Lenke til p\u00e5melding kommer.<\/p>\n\n\n\n<p>Tidligere var aksjonen kjent som <em>Krafttak mot kreft<\/em>, og selv om navnet n\u00e5 er oppdatert til Kreftforeningens innsamlingsaksjon for \u00e5 tydeliggj\u00f8re hva kampanjen handler om, st\u00e5r budskapet fortsatt fast: Sammen kan vi gj\u00f8re en forskjell i kampen mot kreft.<\/p>\n\n\n\n<p>Vi \u00f8nsker at b\u00e5de n\u00e6ringslivet og privatpersoner skal delta og engasjere seg, fordi kreft ber\u00f8rer alle sider av samfunnet. Vi har hatt med over hundre bedrifter i aksjonen, det betyr mye for oss, og kan ofte ogs\u00e5 bety mye for de ansatte.<\/p>\n\n\n\n<p>Vil du engasjere din arbeidsplass? <a href=\"https:\/\/kreftforeningen.no\/innsamlingsaksjonen\/for-bedrifter\/\" target=\"_blank\" rel=\"noreferrer noopener\">Les mer om hvordan bedrifter og n\u00e6ringsliv kan bidra<\/a>.<\/p>\n\n\n\n<h2 class=\"wp-block-heading\" id=\"h-hvordan-har-innsamlingsaksjonen-utviklet-seg-nbsp\"><strong>Hvordan har innsamlingsaksjonen utviklet seg?<\/strong>&nbsp;<\/h2>\n\n\n\n<p>Gjennom \u00e5rene har aksjonen utviklet seg fra \u00e5 hovedsakelig v\u00e6re en mer fysisk aksjon med b\u00f8sseb\u00e6rere og lokale arrangementer, til at det ogs\u00e5 n\u00e5 inkluderer en moderne, digital innsamlingsplattform.<\/p>\n\n\n\n<p>N\u00e5 kan du ogs\u00e5 delta via nettinnsamlinger, crowdfunding, eller ved \u00e5 dele informasjon p\u00e5 sosiale medier. Dette har gjort aksjonen mer tilgjengelig, slik at flere kan bidra, uansett hvor de er.<\/p>\n\n\n\n<p>Du kan allerede n\u00e5 opprette din egen <a href=\"https:\/\/fundraising.kreftforeningen.no\/events\/kreftforeningens-innsamlingsaksjon-2026\">digitale innsamling<\/a>, ha loppemarked med venner, eller pante flasker og donere pantelappen til aksjonen. Men du kan ogs\u00e5 g\u00e5 som innsamler eller bli med p\u00e5 lokale arrangementer. <\/p>\n\n\n\n<div class=\"wp-block-buttons is-layout-flex wp-block-buttons-is-layout-flex\">\n<div class=\"wp-block-button\"><a class=\"wp-block-button__link wp-element-button\" href=\"https:\/\/fundraising.kreftforeningen.no\/events\/kreftforeningens-innsamlingsaksjon-2026\">Opprett en innsamling<\/a><\/div>\n\n\n\n<div class=\"wp-block-button is-style-outline is-style-outline--d1608ee9c2826b7b04f73a052d463992\"><a class=\"wp-block-button__link wp-element-button\" href=\"https:\/\/kreftforeningen.no\/innsamlingsaksjonen\/engasjer-deg\/\">Engasjer deg p\u00e5 andre m\u00e5ter<\/a><\/div>\n<\/div>\n\n\n\n<h2 class=\"wp-block-heading\" id=\"h-hvordan-kan-du-bidra-nbsp\"><strong>Hvordan kan du bidra?<\/strong>&nbsp;<\/h2>\n\n\n\n<p>\u00c5 delta i aksjonen er enklere enn noen gang. Her er noen m\u00e5ter du kan bidra i Kreftforeningens innsamlingsaksjon p\u00e5:<\/p>\n\n\n\n<p><strong>Gi en valgfri donasjon\/gave: <\/strong>Du kan enkelt donere via <a href=\"https:\/\/kreftforeningen.no\/innsamlingsaksjonen\/stott-innsamlingsaksjonen\/\">Innsamlingsaksjonens nettside<\/a>, Vipps til 3366, via SMS eller andre digitale l\u00f8sninger. <a href=\"https:\/\/kreftforeningen.no\/innsamlingsaksjonen\/stott-innsamlingsaksjonen\/\">Se alle m\u00e5ter du kan gi p\u00e5 her<\/a>. <\/p>\n\n\n\n<p><strong>Start din egen <a href=\"https:\/\/fundraising.kreftforeningen.no\/events\/kreftforeningens-innsamlingsaksjon-2026\">digitale innsamling<\/a>:<\/strong> Inviter venner, kolleger eller familie til \u00e5 bidra til din personlige kampanje.&nbsp;&nbsp;<\/p>\n\n\n\n<p><strong>Del informasjon: <\/strong>Spre budskapet og dine digitale innsamlinger via sosiale medier for \u00e5 inspirere flere til \u00e5 st\u00f8tte saken.&nbsp;Tagg gjerne #Innsamlingsaksjonen og @Kreftforeningen n\u00e5r du deler ditt innhold.<\/p>\n\n\n\n<p>\u2013 Og husk at hver lille handling bidrar til en st\u00f8rre bevegelse!&nbsp;<\/p>\n\n\n\n<h2 class=\"wp-block-heading\" id=\"h-hva-gar-pengene-fra-innsamlingsaksjonen-til-nbsp\"><strong>Hva g\u00e5r pengene fra innsamlingsaksjonen til?<\/strong>&nbsp;<\/h2>\n\n\n\n<p>Penger som samles inn gjennom aksjonen, g\u00e5r alltid til \u00f8remerkede prosjekter der det er st\u00f8rst behov. Midlene som samles inn under Kreftforeningens innsamlingsaksjon i \u00e5rene 2024 til 2027 skal brukes til \u00e5 s\u00f8rge for at mange flere kreftpasienter med spredning f\u00e5r mulighet til \u00e5 f\u00e5 en gentest av svulsten sin. Gentester og m\u00e5lrettet behandling tilpasset svulstens og pasientens genetiske profil utgj\u00f8r en stadig viktigere del av kreftdiagnostikk og behandling.&nbsp;&nbsp;<\/p>\n\n\n\n<p>En gentest kan \u00e5pne opp for mer m\u00e5lrettet behandling, noe som kan bidra til at flere pasienter kan slippe nyttel\u00f8s behandling med mange bivirkninger, og leve lengre og bedre liv.<\/p>\n\n\n\n<p><a href=\"https:\/\/kreftforeningen.no\/innsamlingsaksjonen\/dette-gar-pengene-fra-innsamlingsaksjonen-til\/\">Les mer om gentesting.<\/a><\/p>\n\n\n\n<h2 class=\"wp-block-heading\" id=\"h-vi-vil-ha-deg-med-pa-laget\"><strong>Vi vil ha deg med p\u00e5 laget<\/strong><\/h2>\n\n\n\n<p>Kreft skal ikke stjele flere liv enn n\u00f8dvendig, og ingen skal m\u00f8te sykdommen alene. Forskning hjelper, men det er fortsatt mye \u00e5 forske p\u00e5. Dette er en sjanse til \u00e5 bidra med noe som vi vet hjelper. Vi h\u00e5per du vil bli med 15. mars 2026 og st\u00f8tte Kreftforeningens innsamlingssaksjon.&nbsp;&nbsp;&nbsp;&nbsp;&nbsp;<\/p>\n\n\n\n\n\n\n\n\n\t<div style=\"min-height:400px\" class=\"has-background-dim has-blue-light-background-color is-style-content-right wp-block-teft-banner\" id=\"wp-block-teft-banner-5b29c087a022\">\n\t\t\t\t\t<div class=\"wp-block-teft-banner__media\" style=\"background-image: url(https:\/\/kreftforeningen.no\/content\/uploads\/2026\/01\/2.png);background-position: 46% 69%\">\n\t\t\t<\/div>\n\t\t\t\t<div class=\"wp-block-teft-banner__inner-container\">\n\t\t\t\n\n<h2 class=\"wp-block-heading\" id=\"h-ga-for-kreftsaken-sondag-15-mars\">G\u00e5 for kreftsaken s\u00f8ndag 15. mars!<\/h2>\n\n\n\n<p><\/p>\n\n\n\n<p>Pengene som samles inn til Kreftforeningens innsamlingsaksjon bidrar til at pasienter som kan ha nytte av det kan f\u00e5 en gentest. Det kan \u00e5pne for ny behandling, som kan forlenge livet til flere.<\/p>\n\n\n\n<p>Meld deg som innsamler n\u00e5, og bli med p\u00e5 \u00e5 gi h\u00e5p til tusenvis av familier!<\/p>\n\n\n\n<div class=\"wp-block-button\"><a class=\"wp-block-button__link wp-element-button\" href=\"https:\/\/innsamler.kreftforeningen.no\/?utm_source=nettside_blokk&amp;utm_medium=organisk&amp;utm_campaign=kia_2025&amp;utm_term=alle&amp;utm_content=knapp_monster_smal\">Meld deg som innsamler<\/a><\/div>\n\n\t\t<\/div>\n\t<\/div>\n\t","protected":false},"excerpt":{"rendered":"<p>Visste du at \u00e9n av tre nordmenn vil f\u00e5 kreft en gang i l\u00f8pet av livet? I dag overlever heldigvis tre av fire, men slik har det ikke alltid v\u00e6rt. Forskning har gitt resultater, men det er fortsatt en vei \u00e5 g\u00e5 &#8211; og forskning krever midler. Dette er en sjanse til \u00e5 bidra med [&hellip;]<\/p>\n","protected":false},"author":3,"featured_media":186112,"parent":0,"menu_order":0,"comment_status":"closed","ping_status":"closed","template":"","meta":{"_relevanssi_hide_post":"","_relevanssi_hide_content":"","_relevanssi_pin_for_all":"","_relevanssi_pin_keywords":"","_relevanssi_unpin_keywords":"","_relevanssi_related_keywords":"","_relevanssi_related_include_ids":"","_relevanssi_related_exclude_ids":"","_relevanssi_related_no_append":"","_relevanssi_related_not_related":"","_relevanssi_related_posts":"173","_relevanssi_noindex_reason":"","kf_show_post_date":false,"kf_show_updated_date":false,"kf_show_print_page":false,"kf_show_chapters":false,"kf_show_chapters_expanded":false,"kf_show_post_outdated":true,"kf_post_authors":[],"kf_toggle_title":false,"teft_cards_label":"","kf_is_template":false,"teft_cards_image_id":0,"teft_cards_image_focal_point_x":0.5,"teft_cards_image_focal_point_y":0.5,"teft_cards_title":"","teft_cards_excerpt":"","footnotes":""},"class_list":["post-77","page","type-page","status-publish","has-post-thumbnail","hentry"],"yoast_head":"<!-- This site is optimized with the Yoast SEO Premium plugin v26.8 (Yoast SEO v26.8) - https:\/\/yoast.com\/product\/yoast-seo-premium-wordpress\/ -->\n<title>Om Kreftforeningens innsamlingsaksjon<\/title>\n<meta name=\"description\" content=\"Kreftforeningens innsamlingsaksjon er v\u00e5r felles store dugnad.\u00a0Hvert \u00e5r samler vi inn penger til livsviktig kreftforskning.\" \/>\n<meta name=\"robots\" content=\"index, follow, max-snippet:-1, max-image-preview:large, max-video-preview:-1\" \/>\n<link rel=\"canonical\" href=\"https:\/\/kreftforeningen.no\/innsamlingsaksjonen\/om-innsamlingsaksjonen\/\" \/>\n<meta property=\"og:locale\" content=\"nb_NO\" \/>\n<meta property=\"og:type\" content=\"article\" \/>\n<meta property=\"og:title\" content=\"Hva er Kreftforeningens innsamlingsaksjon?\" \/>\n<meta property=\"og:description\" content=\"Kreftforeningens innsamlingsaksjon er v\u00e5r felles store dugnad.\u00a0Hvert \u00e5r samler vi inn penger til livsviktig kreftforskning.\" \/>\n<meta property=\"og:url\" content=\"https:\/\/kreftforeningen.no\/innsamlingsaksjonen\/om-innsamlingsaksjonen\/\" \/>\n<meta property=\"og:site_name\" content=\"Kreftforeningens innsamlingsaksjon\" \/>\n<meta property=\"article:published_time\" content=\"2020-05-25T12:31:33+00:00\" \/>\n<meta property=\"article:modified_time\" content=\"2026-02-04T12:26:53+00:00\" \/>\n<meta property=\"og:image\" content=\"https:\/\/kreftforeningen.no\/content\/uploads\/2025\/01\/DSC01711-1-edited.png\" \/>\n\t<meta property=\"og:image:width\" content=\"6000\" \/>\n\t<meta property=\"og:image:height\" content=\"3373\" \/>\n\t<meta property=\"og:image:type\" content=\"image\/jpeg\" \/>\n<meta name=\"twitter:card\" content=\"summary_large_image\" \/>\n<meta name=\"twitter:label1\" content=\"Ansl. lesetid\" \/>\n\t<meta name=\"twitter:data1\" content=\"5 minutter\" \/>\n<script type=\"application\/ld+json\" class=\"yoast-schema-graph\">{\"@context\":\"https:\/\/schema.org\",\"@graph\":[{\"@type\":\"WebPage\",\"@id\":\"https:\/\/kreftforeningen.no\/innsamlingsaksjonen\/om-innsamlingsaksjonen\/\",\"url\":\"https:\/\/kreftforeningen.no\/innsamlingsaksjonen\/om-innsamlingsaksjonen\/\",\"name\":\"Om Kreftforeningens innsamlingsaksjon\",\"isPartOf\":{\"@id\":\"https:\/\/kreftforeningen.no\/innsamlingsaksjonen\/#website\"},\"primaryImageOfPage\":{\"@id\":\"https:\/\/kreftforeningen.no\/innsamlingsaksjonen\/om-innsamlingsaksjonen\/#primaryimage\"},\"image\":{\"@id\":\"https:\/\/kreftforeningen.no\/innsamlingsaksjonen\/om-innsamlingsaksjonen\/#primaryimage\"},\"thumbnailUrl\":\"https:\/\/kreftforeningen.no\/content\/uploads\/2025\/01\/DSC01711-1-edited.png\",\"datePublished\":\"2020-05-25T12:31:33+00:00\",\"dateModified\":\"2026-02-04T12:26:53+00:00\",\"description\":\"Kreftforeningens innsamlingsaksjon er v\u00e5r felles store dugnad.\u00a0Hvert \u00e5r samler vi inn penger til livsviktig kreftforskning.\",\"breadcrumb\":{\"@id\":\"https:\/\/kreftforeningen.no\/innsamlingsaksjonen\/om-innsamlingsaksjonen\/#breadcrumb\"},\"inLanguage\":\"nb-NO\",\"potentialAction\":[{\"@type\":\"ReadAction\",\"target\":[\"https:\/\/kreftforeningen.no\/innsamlingsaksjonen\/om-innsamlingsaksjonen\/\"]}]},{\"@type\":\"ImageObject\",\"inLanguage\":\"nb-NO\",\"@id\":\"https:\/\/kreftforeningen.no\/innsamlingsaksjonen\/om-innsamlingsaksjonen\/#primaryimage\",\"url\":\"https:\/\/kreftforeningen.no\/content\/uploads\/2025\/01\/DSC01711-1-edited.png\",\"contentUrl\":\"https:\/\/kreftforeningen.no\/content\/uploads\/2025\/01\/DSC01711-1-edited.png\"},{\"@type\":\"BreadcrumbList\",\"@id\":\"https:\/\/kreftforeningen.no\/innsamlingsaksjonen\/om-innsamlingsaksjonen\/#breadcrumb\",\"itemListElement\":[{\"@type\":\"ListItem\",\"position\":1,\"name\":\"Forside\",\"item\":\"https:\/\/kreftforeningen.no\/innsamlingsaksjonen\/\"},{\"@type\":\"ListItem\",\"position\":2,\"name\":\"Hva er Kreftforeningens innsamlingsaksjon?\"}]},{\"@type\":\"WebSite\",\"@id\":\"https:\/\/kreftforeningen.no\/innsamlingsaksjonen\/#website\",\"url\":\"https:\/\/kreftforeningen.no\/innsamlingsaksjonen\/\",\"name\":\"Kreftforeningens innsamlingsaksjon\",\"description\":\"\",\"publisher\":{\"@id\":\"https:\/\/kreftforeningen.no\/innsamlingsaksjonen\/#organization\"},\"potentialAction\":[{\"@type\":\"SearchAction\",\"target\":{\"@type\":\"EntryPoint\",\"urlTemplate\":\"https:\/\/kreftforeningen.no\/innsamlingsaksjonen\/?s={search_term_string}\"},\"query-input\":{\"@type\":\"PropertyValueSpecification\",\"valueRequired\":true,\"valueName\":\"search_term_string\"}}],\"inLanguage\":\"nb-NO\"},{\"@type\":\"Organization\",\"@id\":\"https:\/\/kreftforeningen.no\/innsamlingsaksjonen\/#organization\",\"name\":\"Kreftforeningens innsamlingsaksjon\",\"url\":\"https:\/\/kreftforeningen.no\/innsamlingsaksjonen\/\",\"logo\":{\"@type\":\"ImageObject\",\"inLanguage\":\"nb-NO\",\"@id\":\"https:\/\/kreftforeningen.no\/innsamlingsaksjonen\/#\/schema\/logo\/image\/\",\"url\":\"https:\/\/kreftforeningen.no\/content\/uploads\/2023\/11\/Kreftforeningen_logo_med_innsamlingsaksjonen-hor.svg\",\"contentUrl\":\"https:\/\/kreftforeningen.no\/content\/uploads\/2023\/11\/Kreftforeningen_logo_med_innsamlingsaksjonen-hor.svg\",\"caption\":\"Kreftforeningens innsamlingsaksjon\"},\"image\":{\"@id\":\"https:\/\/kreftforeningen.no\/innsamlingsaksjonen\/#\/schema\/logo\/image\/\"}}]}<\/script>\n<!-- \/ Yoast SEO Premium plugin. -->","yoast_head_json":{"title":"Om Kreftforeningens innsamlingsaksjon","description":"Kreftforeningens innsamlingsaksjon er v\u00e5r felles store dugnad.\u00a0Hvert \u00e5r samler vi inn penger til livsviktig kreftforskning.","robots":{"index":"index","follow":"follow","max-snippet":"max-snippet:-1","max-image-preview":"max-image-preview:large","max-video-preview":"max-video-preview:-1"},"canonical":"https:\/\/kreftforeningen.no\/innsamlingsaksjonen\/om-innsamlingsaksjonen\/","og_locale":"nb_NO","og_type":"article","og_title":"Hva er Kreftforeningens innsamlingsaksjon?","og_description":"Kreftforeningens innsamlingsaksjon er v\u00e5r felles store dugnad.\u00a0Hvert \u00e5r samler vi inn penger til livsviktig kreftforskning.","og_url":"https:\/\/kreftforeningen.no\/innsamlingsaksjonen\/om-innsamlingsaksjonen\/","og_site_name":"Kreftforeningens innsamlingsaksjon","article_published_time":"2020-05-25T12:31:33+00:00","article_modified_time":"2026-02-04T12:26:53+00:00","og_image":[{"width":6000,"height":3373,"url":"https:\/\/kreftforeningen.no\/content\/uploads\/2025\/01\/DSC01711-1-edited.png","type":"image\/jpeg"}],"twitter_card":"summary_large_image","twitter_misc":{"Ansl. lesetid":"5 minutter"},"schema":{"@context":"https:\/\/schema.org","@graph":[{"@type":"WebPage","@id":"https:\/\/kreftforeningen.no\/innsamlingsaksjonen\/om-innsamlingsaksjonen\/","url":"https:\/\/kreftforeningen.no\/innsamlingsaksjonen\/om-innsamlingsaksjonen\/","name":"Om Kreftforeningens innsamlingsaksjon","isPartOf":{"@id":"https:\/\/kreftforeningen.no\/innsamlingsaksjonen\/#website"},"primaryImageOfPage":{"@id":"https:\/\/kreftforeningen.no\/innsamlingsaksjonen\/om-innsamlingsaksjonen\/#primaryimage"},"image":{"@id":"https:\/\/kreftforeningen.no\/innsamlingsaksjonen\/om-innsamlingsaksjonen\/#primaryimage"},"thumbnailUrl":"https:\/\/kreftforeningen.no\/content\/uploads\/2025\/01\/DSC01711-1-edited.png","datePublished":"2020-05-25T12:31:33+00:00","dateModified":"2026-02-04T12:26:53+00:00","description":"Kreftforeningens innsamlingsaksjon er v\u00e5r felles store dugnad.\u00a0Hvert \u00e5r samler vi inn penger til livsviktig kreftforskning.","breadcrumb":{"@id":"https:\/\/kreftforeningen.no\/innsamlingsaksjonen\/om-innsamlingsaksjonen\/#breadcrumb"},"inLanguage":"nb-NO","potentialAction":[{"@type":"ReadAction","target":["https:\/\/kreftforeningen.no\/innsamlingsaksjonen\/om-innsamlingsaksjonen\/"]}]},{"@type":"ImageObject","inLanguage":"nb-NO","@id":"https:\/\/kreftforeningen.no\/innsamlingsaksjonen\/om-innsamlingsaksjonen\/#primaryimage","url":"https:\/\/kreftforeningen.no\/content\/uploads\/2025\/01\/DSC01711-1-edited.png","contentUrl":"https:\/\/kreftforeningen.no\/content\/uploads\/2025\/01\/DSC01711-1-edited.png"},{"@type":"BreadcrumbList","@id":"https:\/\/kreftforeningen.no\/innsamlingsaksjonen\/om-innsamlingsaksjonen\/#breadcrumb","itemListElement":[{"@type":"ListItem","position":1,"name":"Forside","item":"https:\/\/kreftforeningen.no\/innsamlingsaksjonen\/"},{"@type":"ListItem","position":2,"name":"Hva er Kreftforeningens innsamlingsaksjon?"}]},{"@type":"WebSite","@id":"https:\/\/kreftforeningen.no\/innsamlingsaksjonen\/#website","url":"https:\/\/kreftforeningen.no\/innsamlingsaksjonen\/","name":"Kreftforeningens innsamlingsaksjon","description":"","publisher":{"@id":"https:\/\/kreftforeningen.no\/innsamlingsaksjonen\/#organization"},"potentialAction":[{"@type":"SearchAction","target":{"@type":"EntryPoint","urlTemplate":"https:\/\/kreftforeningen.no\/innsamlingsaksjonen\/?s={search_term_string}"},"query-input":{"@type":"PropertyValueSpecification","valueRequired":true,"valueName":"search_term_string"}}],"inLanguage":"nb-NO"},{"@type":"Organization","@id":"https:\/\/kreftforeningen.no\/innsamlingsaksjonen\/#organization","name":"Kreftforeningens innsamlingsaksjon","url":"https:\/\/kreftforeningen.no\/innsamlingsaksjonen\/","logo":{"@type":"ImageObject","inLanguage":"nb-NO","@id":"https:\/\/kreftforeningen.no\/innsamlingsaksjonen\/#\/schema\/logo\/image\/","url":"https:\/\/kreftforeningen.no\/content\/uploads\/2023\/11\/Kreftforeningen_logo_med_innsamlingsaksjonen-hor.svg","contentUrl":"https:\/\/kreftforeningen.no\/content\/uploads\/2023\/11\/Kreftforeningen_logo_med_innsamlingsaksjonen-hor.svg","caption":"Kreftforeningens innsamlingsaksjon"},"image":{"@id":"https:\/\/kreftforeningen.no\/innsamlingsaksjonen\/#\/schema\/logo\/image\/"}}]}},"_links":{"self":[{"href":"https:\/\/kreftforeningen.no\/innsamlingsaksjonen\/wp-json\/wp\/v2\/pages\/77"}],"collection":[{"href":"https:\/\/kreftforeningen.no\/innsamlingsaksjonen\/wp-json\/wp\/v2\/pages"}],"about":[{"href":"https:\/\/kreftforeningen.no\/innsamlingsaksjonen\/wp-json\/wp\/v2\/types\/page"}],"author":[{"embeddable":true,"href":"https:\/\/kreftforeningen.no\/innsamlingsaksjonen\/wp-json\/wp\/v2\/users\/3"}],"replies":[{"embeddable":true,"href":"https:\/\/kreftforeningen.no\/innsamlingsaksjonen\/wp-json\/wp\/v2\/comments?post=77"}],"version-history":[{"count":111,"href":"https:\/\/kreftforeningen.no\/innsamlingsaksjonen\/wp-json\/wp\/v2\/pages\/77\/revisions"}],"predecessor-version":[{"id":11091,"href":"https:\/\/kreftforeningen.no\/innsamlingsaksjonen\/wp-json\/wp\/v2\/pages\/77\/revisions\/11091"}],"wp:featuredmedia":[{"embeddable":true,"href":"https:\/\/kreftforeningen.no\/innsamlingsaksjonen\/wp-json\/"}],"wp:attachment":[{"href":"https:\/\/kreftforeningen.no\/innsamlingsaksjonen\/wp-json\/wp\/v2\/media?parent=77"}],"curies":[{"name":"wp","href":"https:\/\/api.w.org\/{rel}","templated":true}]}}