{"id":8278,"date":"2023-02-22T12:59:59","date_gmt":"2023-02-22T11:59:59","guid":{"rendered":"https:\/\/kreftforeningen.no\/krafttakmotkreft\/?page_id=8278"},"modified":"2026-01-23T10:10:49","modified_gmt":"2026-01-23T09:10:49","slug":"engasjer-deg","status":"publish","type":"page","link":"https:\/\/kreftforeningen.no\/innsamlingsaksjonen\/engasjer-deg\/","title":{"rendered":"Slik kan du engasjere deg i aksjonen"},"content":{"rendered":"\n<div class=\"wp-block-kf-ingress\"><div class=\"kf-header__ingress\"><p>V\u00e5rt m\u00e5l er \u00e5 gj\u00f8re det s\u00e5 enkelt som mulig \u00e5 delta i Innsamlingsaksjonen og at alle skal kunne delta p\u00e5 sin m\u00e5te. Her er v\u00e5re beste tips til hvordan du kan bli en del av v\u00e5rens viktigste dugnad.<\/p><\/div><\/div>\n\n\n\n<figure class=\"wp-block-image size-large\"><img loading=\"lazy\" decoding=\"async\" width=\"1024\" height=\"576\" src=\"https:\/\/kreftforeningen.no\/content\/uploads\/2025\/01\/DSC01274-edited-scaled-1-1024x576.jpg\" alt=\"Tre personer i vinterkl\u00e6r smiler og holder innsamlingsmateriell for Kreftforeningens Innsamlingsaksjon. De st\u00e5r i urbane omgivelser med bolighus i bakgrunnen.\" class=\"wp-image-185947\" srcset=\"https:\/\/kreftforeningen.no\/content\/uploads\/2025\/01\/DSC01274-edited-scaled-1-1024x576.jpg 1024w, https:\/\/kreftforeningen.no\/content\/uploads\/2025\/01\/DSC01274-edited-scaled-1-300x169.jpg 300w, https:\/\/kreftforeningen.no\/content\/uploads\/2025\/01\/DSC01274-edited-scaled-1-768x432.jpg 768w, https:\/\/kreftforeningen.no\/content\/uploads\/2025\/01\/DSC01274-edited-scaled-1-1536x864.jpg 1536w, https:\/\/kreftforeningen.no\/content\/uploads\/2025\/01\/DSC01274-edited-scaled-1-2048x1152.jpg 2048w, https:\/\/kreftforeningen.no\/content\/uploads\/2025\/01\/DSC01274-edited-scaled-1-135x76.jpg 135w\" sizes=\"(max-width: 1024px) 100vw, 1024px\" \/><\/figure>\n\n\n\n<p>Hver v\u00e5r, i \u00e9n uke i mars, p\u00e5g\u00e5r Kreftforeningens innsamlingsaksjon. M\u00e5let til aksjonen er \u00e5 engasjere hele Norge til \u00e5 ta et krafttak mot kreft. Dette er uken hvor du kan bidra p\u00e5 den m\u00e5ten som passer deg best, enten du vil samle inn penger digitalt, arrangere noe lokalt, eller v\u00e6re innsamler og g\u00e5 d\u00f8r til d\u00f8r.<\/p>\n\n\n\n<p>I 2026 er datoene for aksjonen 9.-15. mars, hvor 15. mars er datoen hvor vi g\u00e5r d\u00f8r-til-d\u00f8r for \u00e5 samle inn penger.&nbsp;<\/p>\n\n\n\n<p>Siden 2006 har Innsamlingsaksjonen samlet inn over 550 millioner kroner til kreftsaken. Det er helt uvurderlig og avhengig av oppmerksomheten og innsatsen som legges inn for dugnaden av mennesker rundt om i hele landet. Og derfor trenger vi din hjelp!<\/p>\n\n\n\n<h2 class=\"wp-block-heading\" id=\"h-hvordan-kan-jeg-vaere-med-pa-aksjonen-nbsp\">Hvordan kan jeg v\u00e6re med p\u00e5 aksjonen? &nbsp;<\/h2>\n\n\n\n<p>Det er flere m\u00e5ter \u00e5 samle inn penger til aksjonen p\u00e5. Du kan blant annet:<\/p>\n\n\n\n<ul class=\"wp-block-list has-white-background-color has-background\">\n<li><strong><a href=\"https:\/\/innsamler.kreftforeningen.no\/\">Meld deg som innsamler <\/a>i d\u00f8r-til-d\u00f8r-aksjonen<\/strong>: Selve d\u00f8r-til-d\u00f8r-aksjonen i 2026 vil foreg\u00e5 s\u00f8ndag 15. mars s\u00f8ndag. <\/li>\n\n\n\n<li><strong><a href=\"https:\/\/innsamlingsaksjonen.kreftforeningen.no\/projects\/kreftforeningens-innsamlingsaksjon-2026\">Starte en digital innsamling<\/a>: <\/strong>Opprett en personlig innsamling, og del den p\u00e5 Facebook, Instagram eller Snapchat. Du f\u00e5r en personlig innsamlingsside der du fritt kan dele informasjon og budskap om innsamlingen. Siden er integrert med b\u00e5de Vipps og kortbetaling, slik at bidrag enkelt kan overf\u00f8res direkte til din innsamling.&nbsp;<\/li>\n\n\n\n<li><strong>Gi en gave: <\/strong>Vipps et bel\u00f8p til 3366 eller bankoverf\u00f8ring til 1503.07.66056. <a href=\"https:\/\/kreftforeningen.no\/innsamlingsaksjonen\/stott-innsamlingsaksjonen\/\">Se alle m\u00e5ter du kan gi p\u00e5 her.<\/a><\/li>\n\n\n\n<li>\u00d8nsker du \u00e5 <strong>engasjere din arbeidsplass<\/strong>? <a href=\"https:\/\/kreftforeningen.no\/innsamlingsaksjonen\/for-bedrifter\/\">Se hvordan bedrifter og n\u00e6ringsliv kan bidra<\/a>.<\/li>\n<\/ul>\n\n\n\n<div class=\"wp-block-group\"><div class=\"wp-block-group__inner-container is-layout-constrained wp-block-group-is-layout-constrained\">\n<div class=\"wp-block-group has-blue-light-background-color has-background\"><div class=\"wp-block-group__inner-container is-layout-constrained wp-block-group-is-layout-constrained\">\n<h3 class=\"wp-block-heading\" id=\"h-her-er-tips-til-hvordan-du-kan-fa-inn-penger-til-din-innsamling-nbsp-nbsp-nbsp\">Her er tips til hvordan du kan f\u00e5 inn penger til din innsamling:&nbsp;&nbsp;&nbsp;<\/h3>\n\n\n\n<ul class=\"wp-block-list\">\n<li><strong>Pante flasker<\/strong>: Har du en haug med flasker st\u00e5ende? Pant dem, og don\u00e9r bel\u00f8pet til Innsamlingsaksjonen.<\/li>\n\n\n\n<li><strong>Bake og selge kaker<\/strong>: Alle elsker noe s\u00f8tt! Selg baksten din til kollegaer, stek vafler til naboer eller f\u00e5 barna til \u00e5 lage en kakebod.<\/li>\n\n\n\n<li><strong>Arrangere loppemarked og klessalg<\/strong>: F\u00e5 ryddet i skapene, i leker og spill samtidig som du f\u00e5r samlet inn penger.<\/li>\n\n\n\n<li><strong>Lag en vennskapskamp: <\/strong>Driver du en lagidrett?<strong> <\/strong>Sett opp en vennskapskamp mot et annet lag, hvor inntektene fra inngangsbillett eller kiosksalg g\u00e5r til aksjonen. &nbsp;<\/li>\n\n\n\n<li><strong>Bingo<\/strong>: Inviter venner, familie eller kollegaer til en sosial bingokveld der inntektene g\u00e5r til innsamlingsaksjonen.&nbsp;<\/li>\n\n\n\n<li><strong>Vennekveld: <\/strong>Samle gjengen hjemme, ha en middag eller hva med en spillkveld? Gj\u00f8r noe hyggelig, samtidig som dere alle deler innsamlingslinken p\u00e5 sosiale medier.&nbsp;<\/li>\n\n\n\n<li><strong>Lag en morsom utfordring: <\/strong>Start en digital innsamling alene eller sammen med andre. Sett noen utfordringer du og de andre m\u00e5 gj\u00f8re ettervert som innsamlingsm\u00e5lene n\u00e5s.&nbsp; &nbsp;<\/li>\n\n\n\n<li><strong>Lag et lokalt event: <\/strong>Lag et lavterskel-event, for eksempel et l\u00f8p i gata, eller en quizkveld p\u00e5 den lokale restauranten.&nbsp;&nbsp;&nbsp;&nbsp;&nbsp;<\/li>\n<\/ul>\n\n\n\n<p>Vil du se hva andre gj\u00f8r? <a href=\"https:\/\/innsamlingsaksjonen.kreftforeningen.no\/projects\/kreftforeningens-innsamlingsaksjon-2026\">Bli inspirert av andre sine innsamlingsaksjoner her.<\/a><\/p>\n<\/div><\/div>\n<\/div><\/div>\n\n\n\n<h2 class=\"wp-block-heading\" id=\"h-gjor-det-morsomt-gjor-det-personlig-nbsp\">Gj\u00f8r det morsomt, gj\u00f8r det personlig!&nbsp;<\/h2>\n\n\n\n<p>\u00d8nsker du \u00e5 sette ditt personlige preg p\u00e5 Innsamlingsaksjonen? Arranger noe som samler folk \u2013 og penger. Hva med \u00e5 arrangere en temafest, en bakekveld, eller en aktivitetsdag? Det handler om \u00e5 gj\u00f8re noe du synes er meningsfylt og samtidig inspirere andre til \u00e5 bli med.<\/p>\n\n\n\n<p>Uansett hvordan du velger \u00e5 bidra, gj\u00f8r det til noe som du tenker er givende. Og husk: ditt engasjement kan v\u00e6re det som motiverer andre til \u00e5 bli med og bidra! <\/p>\n\n\n\n<h2 class=\"wp-block-heading\" id=\"h-del-dine-ideer\">Del dine ideer!<\/h2>\n\n\n\n<p>Har du en kreativ id\u00e9 for hvordan man kan samle inn penger? Del gjerne dine bilder og videoer p\u00e5 sosiale medier med oss og tagg <strong>#innsamlingsaksjonen2026 <\/strong>og <strong>@Kreftforeningen, <\/strong>slik at vi sammen skaper et bredt engasjement.&nbsp;<\/p>\n\n\n\n<p>Vil du <a href=\"https:\/\/kreftforeningen.no\/innsamlingsaksjonen\/materiell\/\">synliggj\u00f8re <\/a>ditt engasjement? P\u00e5 <a href=\"https:\/\/kreftforeningen.no\/innsamlingsaksjonen\/materiell\/\">denne siden kan du laste ned bilder og plakater <\/a>som du kan bruke til sosiale medier og plakater du kan henge opp! <\/p>\n\n\n<div class=\"teft-cards-item is-card-kf-custom has-card-shadow\">\n\t<div class=\"teft-card card_type_post card_news\">\n\t\t<a href=\"https:\/\/kreftforeningen.no\/innsamlingsaksjonen\/ti-ar-med-streaming-innsamling-og-fellesskap\/\" class=\"teft-card__primary-action\">\n\t\t\t<div class=\"teft-card__media teft-card__media--16-9\"><img decoding=\"async\" width=\"1024\" height=\"576\" src=\"https:\/\/kreftforeningen.no\/content\/uploads\/2025\/02\/IMG_3078-edited-1024x576.jpg.webp\" class=\"attachment-large size-large\" alt=\"En gruppe mennesker sitter p\u00e5 en sofa i et studio med profesjonell belysning og kameraer. En skjerm bak dem viser fargerik grafikk.\" srcset=\"https:\/\/kreftforeningen.no\/content\/uploads\/2025\/02\/IMG_3078-edited-1024x576.jpg 1024w, https:\/\/kreftforeningen.no\/content\/uploads\/2025\/02\/IMG_3078-edited-300x169.jpg 300w, https:\/\/kreftforeningen.no\/content\/uploads\/2025\/02\/IMG_3078-edited-768x432.jpg 768w, https:\/\/kreftforeningen.no\/content\/uploads\/2025\/02\/IMG_3078-edited-1536x864.jpg 1536w, https:\/\/kreftforeningen.no\/content\/uploads\/2025\/02\/IMG_3078-edited-2048x1152.jpg 2048w, https:\/\/kreftforeningen.no\/content\/uploads\/2025\/02\/IMG_3078-edited-135x76.jpg 135w\" sizes=\"(max-width: 1024px) 100vw, 1024px\" loading=\"lazy\" \/> <\/div>\t\t\t<div class=\"teft-card__primary\">\n\t\t\t\t<span class=\"meta date\">06.02.2025<\/span><h2 class=\"teft-card__title\" id=\"ti-ar-med-streaming-innsamling-og-fellesskap\">Ti \u00e5r med streaming, innsamling og fellesskap<\/h2>\n\t\t\t<\/div>\n\n\t\t\t<div class=\"teft-card__secondary\">\n\t\t\t\t<p>I ti \u00e5r har Kamp mot Kreft gamet og streamet. Det har resultert i over 1,4 millioner kroner til kreftforskning og et eget samfunn hvor gamere kan dele sine erfaringer med kreft.<\/p><img decoding=\"async\" src=\"https:\/\/kreftforeningen.no\/content\/themes\/kreftforeningen\/assets\/icons\/arrow-right-blue.svg\" alt=\"Les Ti \u00e5r med streaming, innsamling og fellesskap\" \/>\t\t\t<\/div>\n\t\t<\/a>\n\t<\/div>\n\n\t<\/div>\n\n\n\n\t<div style=\"min-height:400px\" class=\"has-background-dim has-blue-light-background-color is-style-content-right wp-block-teft-banner\" id=\"wp-block-teft-banner-155403930d37\">\n\t\t\t\t\t<div class=\"wp-block-teft-banner__media\" style=\"background-image: url(https:\/\/kreftforeningen.no\/content\/uploads\/2026\/01\/2.png);background-position: 46% 69%\">\n\t\t\t<\/div>\n\t\t\t\t<div class=\"wp-block-teft-banner__inner-container\">\n\t\t\t\n\n<h2 class=\"wp-block-heading\" id=\"h-ga-for-kreftsaken-sondag-15-mars\">G\u00e5 for kreftsaken s\u00f8ndag 15. mars!<\/h2>\n\n\n\n<p><\/p>\n\n\n\n<p>Pengene som samles inn til Kreftforeningens innsamlingsaksjon bidrar til at pasienter som kan ha nytte av det kan f\u00e5 en gentest. Det kan \u00e5pne for ny behandling, som kan forlenge livet til flere.<\/p>\n\n\n\n<p>Meld deg som innsamler n\u00e5, og bli med p\u00e5 \u00e5 gi h\u00e5p til tusenvis av familier!<\/p>\n\n\n\n<div class=\"wp-block-button\"><a class=\"wp-block-button__link wp-element-button\" href=\"https:\/\/innsamler.kreftforeningen.no\/?utm_source=nettside_blokk&amp;utm_medium=organisk&amp;utm_campaign=kia_2025&amp;utm_term=alle&amp;utm_content=knapp_monster_smal\">Meld deg som innsamler<\/a><\/div>\n\n\t\t<\/div>\n\t<\/div>\n\t","protected":false},"excerpt":{"rendered":"<p>Hver v\u00e5r, i \u00e9n uke i mars, p\u00e5g\u00e5r Kreftforeningens innsamlingsaksjon. M\u00e5let til aksjonen er \u00e5 engasjere hele Norge til \u00e5 ta et krafttak mot kreft. Dette er uken hvor du kan bidra p\u00e5 den m\u00e5ten som passer deg best, enten du vil samle inn penger digitalt, arrangere noe lokalt, eller v\u00e6re innsamler og g\u00e5 d\u00f8r [&hellip;]<\/p>\n","protected":false},"author":68,"featured_media":0,"parent":0,"menu_order":0,"comment_status":"closed","ping_status":"closed","template":"","meta":{"_relevanssi_hide_post":"","_relevanssi_hide_content":"","_relevanssi_pin_for_all":"","_relevanssi_pin_keywords":"","_relevanssi_unpin_keywords":"","_relevanssi_related_keywords":"","_relevanssi_related_include_ids":"","_relevanssi_related_exclude_ids":"","_relevanssi_related_no_append":"","_relevanssi_related_not_related":"","_relevanssi_related_posts":"897,7380,7202,7323,7200,7198","_relevanssi_noindex_reason":"","kf_show_post_date":false,"kf_show_updated_date":false,"kf_show_print_page":false,"kf_show_chapters":false,"kf_show_chapters_expanded":false,"kf_show_post_outdated":true,"kf_post_authors":[],"kf_toggle_title":false,"teft_cards_label":"","kf_is_template":false,"teft_cards_image_id":0,"teft_cards_image_focal_point_x":0,"teft_cards_image_focal_point_y":0,"teft_cards_title":"Engasjer deg","teft_cards_excerpt":"","footnotes":""},"class_list":["post-8278","page","type-page","status-publish","hentry"],"yoast_head":"<!-- This site is optimized with the Yoast SEO Premium plugin v26.8 (Yoast SEO v26.8) - https:\/\/yoast.com\/product\/yoast-seo-premium-wordpress\/ -->\n<title>Engasjer deg - Kreftforeningens innsamlingsaksjon<\/title>\n<meta name=\"description\" content=\"\u00d8nsker du \u00e5 bidra i Innsamlingsaksjonen? P\u00e5 denne siden kan du f\u00e5 ideer og tips til hvordan du kan engasjere deg.\" \/>\n<meta name=\"robots\" content=\"index, follow, max-snippet:-1, max-image-preview:large, max-video-preview:-1\" \/>\n<link rel=\"canonical\" href=\"https:\/\/kreftforeningen.no\/innsamlingsaksjonen\/engasjer-deg\/\" \/>\n<meta property=\"og:locale\" content=\"nb_NO\" \/>\n<meta property=\"og:type\" content=\"article\" \/>\n<meta property=\"og:title\" content=\"Slik kan du engasjere deg i aksjonen\" \/>\n<meta property=\"og:description\" content=\"\u00d8nsker du \u00e5 bidra i Innsamlingsaksjonen? P\u00e5 denne siden kan du f\u00e5 ideer og tips til hvordan du kan engasjere deg.\" \/>\n<meta property=\"og:url\" content=\"https:\/\/kreftforeningen.no\/innsamlingsaksjonen\/engasjer-deg\/\" \/>\n<meta property=\"og:site_name\" content=\"Kreftforeningens innsamlingsaksjon\" \/>\n<meta property=\"article:published_time\" content=\"2023-02-22T11:59:59+00:00\" \/>\n<meta property=\"article:modified_time\" content=\"2026-01-23T09:10:49+00:00\" \/>\n<meta name=\"twitter:card\" content=\"summary_large_image\" \/>\n<meta name=\"twitter:label1\" content=\"Ansl. lesetid\" \/>\n\t<meta name=\"twitter:data1\" content=\"5 minutter\" \/>\n<script type=\"application\/ld+json\" class=\"yoast-schema-graph\">{\"@context\":\"https:\/\/schema.org\",\"@graph\":[{\"@type\":\"WebPage\",\"@id\":\"https:\/\/kreftforeningen.no\/innsamlingsaksjonen\/engasjer-deg\/\",\"url\":\"https:\/\/kreftforeningen.no\/innsamlingsaksjonen\/engasjer-deg\/\",\"name\":\"Engasjer deg - Kreftforeningens innsamlingsaksjon\",\"isPartOf\":{\"@id\":\"https:\/\/kreftforeningen.no\/innsamlingsaksjonen\/#website\"},\"primaryImageOfPage\":{\"@id\":\"https:\/\/kreftforeningen.no\/innsamlingsaksjonen\/engasjer-deg\/#primaryimage\"},\"image\":{\"@id\":\"https:\/\/kreftforeningen.no\/innsamlingsaksjonen\/engasjer-deg\/#primaryimage\"},\"thumbnailUrl\":\"https:\/\/kreftforeningen.no\/content\/uploads\/2025\/01\/DSC01274-edited-scaled-1-1024x576.jpg\",\"datePublished\":\"2023-02-22T11:59:59+00:00\",\"dateModified\":\"2026-01-23T09:10:49+00:00\",\"description\":\"\u00d8nsker du \u00e5 bidra i Innsamlingsaksjonen? P\u00e5 denne siden kan du f\u00e5 ideer og tips til hvordan du kan engasjere deg.\",\"breadcrumb\":{\"@id\":\"https:\/\/kreftforeningen.no\/innsamlingsaksjonen\/engasjer-deg\/#breadcrumb\"},\"inLanguage\":\"nb-NO\",\"potentialAction\":[{\"@type\":\"ReadAction\",\"target\":[\"https:\/\/kreftforeningen.no\/innsamlingsaksjonen\/engasjer-deg\/\"]}]},{\"@type\":\"ImageObject\",\"inLanguage\":\"nb-NO\",\"@id\":\"https:\/\/kreftforeningen.no\/innsamlingsaksjonen\/engasjer-deg\/#primaryimage\",\"url\":\"https:\/\/kreftforeningen.no\/content\/uploads\/2025\/01\/DSC01274-edited-scaled-1-1024x576.jpg\",\"contentUrl\":\"https:\/\/kreftforeningen.no\/content\/uploads\/2025\/01\/DSC01274-edited-scaled-1-1024x576.jpg\"},{\"@type\":\"BreadcrumbList\",\"@id\":\"https:\/\/kreftforeningen.no\/innsamlingsaksjonen\/engasjer-deg\/#breadcrumb\",\"itemListElement\":[{\"@type\":\"ListItem\",\"position\":1,\"name\":\"Forside\",\"item\":\"https:\/\/kreftforeningen.no\/innsamlingsaksjonen\/\"},{\"@type\":\"ListItem\",\"position\":2,\"name\":\"Slik kan du engasjere deg i aksjonen\"}]},{\"@type\":\"WebSite\",\"@id\":\"https:\/\/kreftforeningen.no\/innsamlingsaksjonen\/#website\",\"url\":\"https:\/\/kreftforeningen.no\/innsamlingsaksjonen\/\",\"name\":\"Kreftforeningens innsamlingsaksjon\",\"description\":\"\",\"publisher\":{\"@id\":\"https:\/\/kreftforeningen.no\/innsamlingsaksjonen\/#organization\"},\"potentialAction\":[{\"@type\":\"SearchAction\",\"target\":{\"@type\":\"EntryPoint\",\"urlTemplate\":\"https:\/\/kreftforeningen.no\/innsamlingsaksjonen\/?s={search_term_string}\"},\"query-input\":{\"@type\":\"PropertyValueSpecification\",\"valueRequired\":true,\"valueName\":\"search_term_string\"}}],\"inLanguage\":\"nb-NO\"},{\"@type\":\"Organization\",\"@id\":\"https:\/\/kreftforeningen.no\/innsamlingsaksjonen\/#organization\",\"name\":\"Kreftforeningens innsamlingsaksjon\",\"url\":\"https:\/\/kreftforeningen.no\/innsamlingsaksjonen\/\",\"logo\":{\"@type\":\"ImageObject\",\"inLanguage\":\"nb-NO\",\"@id\":\"https:\/\/kreftforeningen.no\/innsamlingsaksjonen\/#\/schema\/logo\/image\/\",\"url\":\"https:\/\/kreftforeningen.no\/content\/uploads\/2023\/11\/Kreftforeningen_logo_med_innsamlingsaksjonen-hor.svg\",\"contentUrl\":\"https:\/\/kreftforeningen.no\/content\/uploads\/2023\/11\/Kreftforeningen_logo_med_innsamlingsaksjonen-hor.svg\",\"caption\":\"Kreftforeningens innsamlingsaksjon\"},\"image\":{\"@id\":\"https:\/\/kreftforeningen.no\/innsamlingsaksjonen\/#\/schema\/logo\/image\/\"}}]}<\/script>\n<!-- \/ Yoast SEO Premium plugin. -->","yoast_head_json":{"title":"Engasjer deg - Kreftforeningens innsamlingsaksjon","description":"\u00d8nsker du \u00e5 bidra i Innsamlingsaksjonen? P\u00e5 denne siden kan du f\u00e5 ideer og tips til hvordan du kan engasjere deg.","robots":{"index":"index","follow":"follow","max-snippet":"max-snippet:-1","max-image-preview":"max-image-preview:large","max-video-preview":"max-video-preview:-1"},"canonical":"https:\/\/kreftforeningen.no\/innsamlingsaksjonen\/engasjer-deg\/","og_locale":"nb_NO","og_type":"article","og_title":"Slik kan du engasjere deg i aksjonen","og_description":"\u00d8nsker du \u00e5 bidra i Innsamlingsaksjonen? P\u00e5 denne siden kan du f\u00e5 ideer og tips til hvordan du kan engasjere deg.","og_url":"https:\/\/kreftforeningen.no\/innsamlingsaksjonen\/engasjer-deg\/","og_site_name":"Kreftforeningens innsamlingsaksjon","article_published_time":"2023-02-22T11:59:59+00:00","article_modified_time":"2026-01-23T09:10:49+00:00","twitter_card":"summary_large_image","twitter_misc":{"Ansl. lesetid":"5 minutter"},"schema":{"@context":"https:\/\/schema.org","@graph":[{"@type":"WebPage","@id":"https:\/\/kreftforeningen.no\/innsamlingsaksjonen\/engasjer-deg\/","url":"https:\/\/kreftforeningen.no\/innsamlingsaksjonen\/engasjer-deg\/","name":"Engasjer deg - Kreftforeningens innsamlingsaksjon","isPartOf":{"@id":"https:\/\/kreftforeningen.no\/innsamlingsaksjonen\/#website"},"primaryImageOfPage":{"@id":"https:\/\/kreftforeningen.no\/innsamlingsaksjonen\/engasjer-deg\/#primaryimage"},"image":{"@id":"https:\/\/kreftforeningen.no\/innsamlingsaksjonen\/engasjer-deg\/#primaryimage"},"thumbnailUrl":"https:\/\/kreftforeningen.no\/content\/uploads\/2025\/01\/DSC01274-edited-scaled-1-1024x576.jpg","datePublished":"2023-02-22T11:59:59+00:00","dateModified":"2026-01-23T09:10:49+00:00","description":"\u00d8nsker du \u00e5 bidra i Innsamlingsaksjonen? P\u00e5 denne siden kan du f\u00e5 ideer og tips til hvordan du kan engasjere deg.","breadcrumb":{"@id":"https:\/\/kreftforeningen.no\/innsamlingsaksjonen\/engasjer-deg\/#breadcrumb"},"inLanguage":"nb-NO","potentialAction":[{"@type":"ReadAction","target":["https:\/\/kreftforeningen.no\/innsamlingsaksjonen\/engasjer-deg\/"]}]},{"@type":"ImageObject","inLanguage":"nb-NO","@id":"https:\/\/kreftforeningen.no\/innsamlingsaksjonen\/engasjer-deg\/#primaryimage","url":"https:\/\/kreftforeningen.no\/content\/uploads\/2025\/01\/DSC01274-edited-scaled-1-1024x576.jpg","contentUrl":"https:\/\/kreftforeningen.no\/content\/uploads\/2025\/01\/DSC01274-edited-scaled-1-1024x576.jpg"},{"@type":"BreadcrumbList","@id":"https:\/\/kreftforeningen.no\/innsamlingsaksjonen\/engasjer-deg\/#breadcrumb","itemListElement":[{"@type":"ListItem","position":1,"name":"Forside","item":"https:\/\/kreftforeningen.no\/innsamlingsaksjonen\/"},{"@type":"ListItem","position":2,"name":"Slik kan du engasjere deg i aksjonen"}]},{"@type":"WebSite","@id":"https:\/\/kreftforeningen.no\/innsamlingsaksjonen\/#website","url":"https:\/\/kreftforeningen.no\/innsamlingsaksjonen\/","name":"Kreftforeningens innsamlingsaksjon","description":"","publisher":{"@id":"https:\/\/kreftforeningen.no\/innsamlingsaksjonen\/#organization"},"potentialAction":[{"@type":"SearchAction","target":{"@type":"EntryPoint","urlTemplate":"https:\/\/kreftforeningen.no\/innsamlingsaksjonen\/?s={search_term_string}"},"query-input":{"@type":"PropertyValueSpecification","valueRequired":true,"valueName":"search_term_string"}}],"inLanguage":"nb-NO"},{"@type":"Organization","@id":"https:\/\/kreftforeningen.no\/innsamlingsaksjonen\/#organization","name":"Kreftforeningens innsamlingsaksjon","url":"https:\/\/kreftforeningen.no\/innsamlingsaksjonen\/","logo":{"@type":"ImageObject","inLanguage":"nb-NO","@id":"https:\/\/kreftforeningen.no\/innsamlingsaksjonen\/#\/schema\/logo\/image\/","url":"https:\/\/kreftforeningen.no\/content\/uploads\/2023\/11\/Kreftforeningen_logo_med_innsamlingsaksjonen-hor.svg","contentUrl":"https:\/\/kreftforeningen.no\/content\/uploads\/2023\/11\/Kreftforeningen_logo_med_innsamlingsaksjonen-hor.svg","caption":"Kreftforeningens innsamlingsaksjon"},"image":{"@id":"https:\/\/kreftforeningen.no\/innsamlingsaksjonen\/#\/schema\/logo\/image\/"}}]}},"_links":{"self":[{"href":"https:\/\/kreftforeningen.no\/innsamlingsaksjonen\/wp-json\/wp\/v2\/pages\/8278"}],"collection":[{"href":"https:\/\/kreftforeningen.no\/innsamlingsaksjonen\/wp-json\/wp\/v2\/pages"}],"about":[{"href":"https:\/\/kreftforeningen.no\/innsamlingsaksjonen\/wp-json\/wp\/v2\/types\/page"}],"author":[{"embeddable":true,"href":"https:\/\/kreftforeningen.no\/innsamlingsaksjonen\/wp-json\/wp\/v2\/users\/68"}],"replies":[{"embeddable":true,"href":"https:\/\/kreftforeningen.no\/innsamlingsaksjonen\/wp-json\/wp\/v2\/comments?post=8278"}],"version-history":[{"count":96,"href":"https:\/\/kreftforeningen.no\/innsamlingsaksjonen\/wp-json\/wp\/v2\/pages\/8278\/revisions"}],"predecessor-version":[{"id":11074,"href":"https:\/\/kreftforeningen.no\/innsamlingsaksjonen\/wp-json\/wp\/v2\/pages\/8278\/revisions\/11074"}],"wp:attachment":[{"href":"https:\/\/kreftforeningen.no\/innsamlingsaksjonen\/wp-json\/wp\/v2\/media?parent=8278"}],"curies":[{"name":"wp","href":"https:\/\/api.w.org\/{rel}","templated":true}]}}