{"id":9497,"date":"2024-01-31T11:01:29","date_gmt":"2024-01-31T10:01:29","guid":{"rendered":"https:\/\/kreftforeningen.no\/innsamlingsaksjonen\/?page_id=9497"},"modified":"2026-01-23T10:31:01","modified_gmt":"2026-01-23T09:31:01","slug":"dette-gar-pengene-fra-innsamlingsaksjonen-til","status":"publish","type":"page","link":"https:\/\/kreftforeningen.no\/innsamlingsaksjonen\/dette-gar-pengene-fra-innsamlingsaksjonen-til\/","title":{"rendered":"Hva g\u00e5r pengene fra Kreftforeningens innsamlingsaksjon til?"},"content":{"rendered":"\n<div class=\"wp-block-kf-ingress\"><div class=\"kf-header__ingress\"><p>Pengene fra Kreftforeningens innsamlingsaksjon i \u00e5rene 2024 \u2013 2027 g\u00e5r til \u00e5 gi flere kreftpasienter tilgang til gentest \u2013 en avansert diagnostisk teknologi som kan \u00e5pne for nye behandlingsmuligheter og gi et lenger liv til flere. <\/p><\/div><\/div>\n\n\n\n<figure class=\"wp-block-image size-large\"><img loading=\"lazy\" decoding=\"async\" width=\"6000\" height=\"3373\" src=\"https:\/\/kreftforeningen.no\/content\/uploads\/2025\/01\/DSC01681-edited.png\" alt=\"En kvinne sitter p\u00e5 huk med to smilende barn ved siden av seg. Kvinnen har en bl\u00e5 innsamlingsplakat p\u00e5 seg for Kreftforeningens Innsamlingsaksjon. \" class=\"wp-image-186114\" srcset=\"https:\/\/kreftforeningen.no\/content\/uploads\/2025\/01\/DSC01681-edited.png 6000w, https:\/\/kreftforeningen.no\/content\/uploads\/2025\/01\/DSC01681-edited-300x169.png 300w, https:\/\/kreftforeningen.no\/content\/uploads\/2025\/01\/DSC01681-edited-1024x576.png 1024w, https:\/\/kreftforeningen.no\/content\/uploads\/2025\/01\/DSC01681-edited-768x432.png 768w, https:\/\/kreftforeningen.no\/content\/uploads\/2025\/01\/DSC01681-edited-1536x863.png 1536w, https:\/\/kreftforeningen.no\/content\/uploads\/2025\/01\/DSC01681-edited-2048x1151.png 2048w, https:\/\/kreftforeningen.no\/content\/uploads\/2025\/01\/DSC01681-edited-135x76.png 135w\" sizes=\"auto, (max-width: 6000px) 100vw, 6000px\" \/><\/figure>\n\n\n\n<p>M\u00e5let er at alle som kan ha nytte av det, skal f\u00e5 tilbud om en gentest av kreftsvulsten. Testen kan avdekke genfeil som det finnes m\u00e5lrettede behandlinger mot, og som kan forbedre livskvaliteten, forlenge livet eller holde sykdommen i sjakk.\u202f<\/p>\n\n\n\n<p>Gentest er en detaljert analyse av kreftsvulstens genetiske profil for \u00e5 identifisere spesifikke mutasjoner eller endringer i genmaterialet. En gentest kan avdekke hvilke genfeil som har betydning for at en gitt pasient har f\u00e5tt kreft. Disse funnene kan avsl\u00f8re hvordan kreften oppf\u00f8rer seg, og om det finnes m\u00e5lrettede behandlinger som kan sl\u00e5 tilbake sykdommen.\u202f&nbsp;<\/p>\n\n\n\n<h2 class=\"wp-block-heading\" id=\"h-hvorfor-bruke-penger-pa-gentesting-nbsp\">Hvorfor bruke penger p\u00e5 gentesting?&nbsp;<\/h2>\n\n\n\n<p>Kreftforskningen er i rask utvikling, og legens verkt\u00f8ykasse rommer stadig flere m\u00e5lrettede behandlinger. En genetisk kartlegging av svulsten kan v\u00e6re en forutsetning for at behandling blir tilgjengelig for pasienten. I tillegg kan gentesten gi viktige svar p\u00e5 hvilke behandlinger som <em>ikke<\/em> vil fungere. Dermed kan vi spare pasienten for un\u00f8dvendige og belastende fors\u00f8k.\u202f\u00a0\u00a0<\/p>\n\n\n\t<div class=\"wp-block-kf-accentuated-link\">\n\t\t\t\t<div class=\"kf-link__content\">\n\t\t\t\t\t\t\t<div class=\"kf-link__tagline\">Les mer<\/div>\n\t\t\t\t\t\t<a class=\"kf-link__link\" target=\"_self\" href=\"https:\/\/kreftforeningen.no\/innsamlingsaksjonen\/hva-er-en-gentest-og-hvorfor-er-den-viktig-for-kreftbehandling\/\">\n\t\t\t\tHva er gentest og hvorfor er den viktig for kreftbehandling?\t\t\t\t\t\t\t\t\t<span class=\"kf-link__link-source\">kreftforeningen.no<\/span>\n\t\t\t\t\t\t\t<\/a>\n\t\t<\/div>\n\t<\/div>\n\t\n\n\n<h2 class=\"wp-block-heading\" id=\"h-hvordan-kan-midlene-fra-innsamlingsaksjonen-gjore-en-forskjell-nbsp\">Hvordan kan midlene fra Innsamlingsaksjonen gj\u00f8re en forskjell?&nbsp;<\/h2>\n\n\n\n<p>Pengene fra innsamlingsaksjonen g\u00e5r til \u00e5 \u00f8ke tilgangen til gentesting ved alle universitetssykehus, redusere geografiske forskjeller og st\u00f8tte forskning som utvikler bedre diagnostikk og behandling.\u202f\u202f&nbsp;<\/p>\n\n\n\n<p>Til tross for at gentesting er en godkjent helsetjeneste er kapasiteten begrenset.\u202fKreftforeningens m\u00e5l i et fire\u00e5rsperspektiv er at alle pasienter som kan ha nytte av gentesting, skal f\u00e5 tilbud om dette. For \u00e5 n\u00e5 m\u00e5let kreves samarbeid, flere ressurser og en tydelig prioritering av avansert diagnostikk.\u202f\u00a0<\/p>\n\n\n\n<p>Pengene som samles inn, vil bli brukt til \u00e5 oppskalere kapasiteten for gentesting i Norge.\u202fDette inkluderer:\u202f&nbsp;<\/p>\n\n\n\n<ul class=\"wp-block-list\">\n<li><strong>Flere ressurser til laboratoriene: \u202f<\/strong>Med midler fra aksjonen kan laboratoriene h\u00e5ndtere flere henvisninger og tilby gentesting til flere pasienter.\u202f<\/li>\n\n\n\n<li><strong>Utvikling av presisjonsdiagnostikk:<\/strong> \u202fInnsamlede midler vil bidra til forskning og utvikling for \u00e5 oppskalere bruken av denne typen diagnostikk.<\/li>\n\n\n\n<li><strong>Likt tilbud i hele landet:\u202f<\/strong> Et av aksjonens m\u00e5l er \u00e5 sikre at pasienter f\u00e5r lik tilgang til avansert diagnostikk, uansett hvor de bor. Ingen skal m\u00e5tte betale selv for \u00e5 f\u00e5 denne testen.\u202f<\/li>\n<\/ul>\n\n\n\n<p>Kreftforeningens innsamlingsaksjon i 2025 samlet inn 49 millioner kroner, som finansierte 8 prosjekter fordelt p\u00e5 alle regionene i landet, for \u00e5 \u00f8ke kapasitet og effektivisere analysene. Siden 2006 har aksjonen samlet inn over 550 millioner kroner til kreftsaken, midler som har muliggjort utallige prosjekter og bedre behandlingstilbud.\u202f<\/p>\n\n\n\n<h2 class=\"wp-block-heading\" id=\"h-sammen-kan-vi-stoppe-spredningen\">Sammen kan vi stoppe spredningen<\/h2>\n\n\n\n<p>En gentest skal ikke v\u00e6re en luksus eller et siste h\u00e5p \u2013 det skal v\u00e6re en del av en moderne kreftbehandling. Innsamlingsaksjonen handler om \u00e5 gi alle pasienter en rettferdig sjanse til presis diagnostikk og mer tilpasset behandling. Din st\u00f8tte kan bidra til at flere f\u00e5r muligheten til \u00e5 leve lenger og bedre liv.\u202f <\/p>\n\n\n\n\n\t<div style=\"min-height:400px\" class=\"has-background-dim has-blue-light-background-color align is-style-content-right wp-block-teft-banner\" id=\"wp-block-teft-banner-2d0fde47facb\">\n\t\t\t\t\t<div class=\"wp-block-teft-banner__media\" style=\"background-image: url(https:\/\/kreftforeningen.no\/content\/uploads\/2026\/01\/2.png);background-position: 46% 69%\">\n\t\t\t<\/div>\n\t\t\t\t<div class=\"wp-block-teft-banner__inner-container\">\n\t\t\t\n\n<h2 class=\"wp-block-heading\" id=\"h-ga-for-kreftsaken-sondag-15-mars\">G\u00e5 for kreftsaken s\u00f8ndag 15. mars!<\/h2>\n\n\n\n<p><\/p>\n\n\n\n<p>Pengene som samles inn til Kreftforeningens innsamlingsaksjon bidrar til at pasienter som kan ha nytte av det kan f\u00e5 en gentest. Det kan \u00e5pne for ny behandling, som kan forlenge livet til flere.<\/p>\n\n\n\n<p>Meld deg som innsamler n\u00e5, og bli med p\u00e5 \u00e5 gi h\u00e5p til tusenvis av familier!<\/p>\n\n\n\n<div class=\"wp-block-button\"><a class=\"wp-block-button__link wp-element-button\" href=\"https:\/\/innsamler.kreftforeningen.no\/?utm_source=nettside_blokk&amp;utm_medium=organisk&amp;utm_campaign=kia_2025&amp;utm_term=alle&amp;utm_content=knapp_monster_smal\">Meld deg som innsamler<\/a><\/div>\n\n\t\t<\/div>\n\t<\/div>\n\t","protected":false},"excerpt":{"rendered":"<p>M\u00e5let er at alle som kan ha nytte av det, skal f\u00e5 tilbud om en gentest av kreftsvulsten. Testen kan avdekke genfeil som det finnes m\u00e5lrettede behandlinger mot, og som kan forbedre livskvaliteten, forlenge livet eller holde sykdommen i sjakk.\u202f Gentest er en detaljert analyse av kreftsvulstens genetiske profil for \u00e5 identifisere spesifikke mutasjoner eller [&hellip;]<\/p>\n","protected":false},"author":68,"featured_media":0,"parent":0,"menu_order":0,"comment_status":"closed","ping_status":"closed","template":"","meta":{"_relevanssi_hide_post":"","_relevanssi_hide_content":"","_relevanssi_pin_for_all":"","_relevanssi_pin_keywords":"","_relevanssi_unpin_keywords":"","_relevanssi_related_keywords":"","_relevanssi_related_include_ids":"","_relevanssi_related_exclude_ids":"","_relevanssi_related_no_append":"","_relevanssi_related_not_related":"","_relevanssi_related_posts":"8745,15,159,6732,13,7200","_relevanssi_noindex_reason":"","kf_show_post_date":false,"kf_show_updated_date":false,"kf_show_print_page":false,"kf_show_chapters":false,"kf_show_chapters_expanded":false,"kf_show_post_outdated":true,"kf_toggle_title":false,"kf_is_template":false,"kf_post_authors":[],"teft_cards_label":"","teft_cards_image_id":126901,"teft_cards_image_focal_point_x":0.5,"teft_cards_image_focal_point_y":0.5,"teft_cards_title":"","teft_cards_excerpt":"","footnotes":""},"class_list":["post-9497","page","type-page","status-publish","hentry"],"yoast_head":"<!-- This site is optimized with the Yoast SEO Premium plugin v27.3 (Yoast SEO v27.4) - https:\/\/yoast.com\/product\/yoast-seo-premium-wordpress\/ -->\n<title>Hva g\u00e5r pengene fra Kreftforeningens innsamlingsaksjon til?<\/title>\n<meta name=\"description\" content=\"Pengene fra aksjonen skal gi flere kreftpasienter tilgang til gentest \u2013 en diagnostisk teknologi som kan bety forskjellen mellom liv og d\u00f8d.\" \/>\n<meta name=\"robots\" content=\"index, follow, max-snippet:-1, max-image-preview:large, max-video-preview:-1\" \/>\n<link rel=\"canonical\" href=\"https:\/\/kreftforeningen.no\/innsamlingsaksjonen\/dette-gar-pengene-fra-innsamlingsaksjonen-til\/\" \/>\n<meta property=\"og:locale\" content=\"nb_NO\" \/>\n<meta property=\"og:type\" content=\"article\" \/>\n<meta property=\"og:title\" content=\"Hva g\u00e5r pengene fra Kreftforeningens innsamlingsaksjon til?\" \/>\n<meta property=\"og:description\" content=\"Pengene fra aksjonen skal gi flere kreftpasienter tilgang til gentest \u2013 en diagnostisk teknologi som kan bety forskjellen mellom liv og d\u00f8d.\" \/>\n<meta property=\"og:url\" content=\"https:\/\/kreftforeningen.no\/innsamlingsaksjonen\/dette-gar-pengene-fra-innsamlingsaksjonen-til\/\" \/>\n<meta property=\"og:site_name\" content=\"Kreftforeningens innsamlingsaksjon\" \/>\n<meta property=\"article:published_time\" content=\"2024-01-31T10:01:29+00:00\" \/>\n<meta property=\"article:modified_time\" content=\"2026-01-23T09:31:01+00:00\" \/>\n<meta name=\"twitter:card\" content=\"summary_large_image\" \/>\n<meta name=\"twitter:label1\" content=\"Ansl. lesetid\" \/>\n\t<meta name=\"twitter:data1\" content=\"4 minutter\" \/>\n<script type=\"application\/ld+json\" class=\"yoast-schema-graph\">{\"@context\":\"https:\\\/\\\/schema.org\",\"@graph\":[{\"@type\":\"WebPage\",\"@id\":\"https:\\\/\\\/kreftforeningen.no\\\/innsamlingsaksjonen\\\/dette-gar-pengene-fra-innsamlingsaksjonen-til\\\/\",\"url\":\"https:\\\/\\\/kreftforeningen.no\\\/innsamlingsaksjonen\\\/dette-gar-pengene-fra-innsamlingsaksjonen-til\\\/\",\"name\":\"Hva g\u00e5r pengene fra Kreftforeningens innsamlingsaksjon til?\",\"isPartOf\":{\"@id\":\"https:\\\/\\\/kreftforeningen.no\\\/innsamlingsaksjonen\\\/#website\"},\"primaryImageOfPage\":{\"@id\":\"https:\\\/\\\/kreftforeningen.no\\\/innsamlingsaksjonen\\\/dette-gar-pengene-fra-innsamlingsaksjonen-til\\\/#primaryimage\"},\"image\":{\"@id\":\"https:\\\/\\\/kreftforeningen.no\\\/innsamlingsaksjonen\\\/dette-gar-pengene-fra-innsamlingsaksjonen-til\\\/#primaryimage\"},\"thumbnailUrl\":\"https:\\\/\\\/kreftforeningen.no\\\/content\\\/uploads\\\/2025\\\/01\\\/DSC01681-edited.png\",\"datePublished\":\"2024-01-31T10:01:29+00:00\",\"dateModified\":\"2026-01-23T09:31:01+00:00\",\"description\":\"Pengene fra aksjonen skal gi flere kreftpasienter tilgang til gentest \u2013 en diagnostisk teknologi som kan bety forskjellen mellom liv og d\u00f8d.\",\"breadcrumb\":{\"@id\":\"https:\\\/\\\/kreftforeningen.no\\\/innsamlingsaksjonen\\\/dette-gar-pengene-fra-innsamlingsaksjonen-til\\\/#breadcrumb\"},\"inLanguage\":\"nb-NO\",\"potentialAction\":[{\"@type\":\"ReadAction\",\"target\":[\"https:\\\/\\\/kreftforeningen.no\\\/innsamlingsaksjonen\\\/dette-gar-pengene-fra-innsamlingsaksjonen-til\\\/\"]}]},{\"@type\":\"ImageObject\",\"inLanguage\":\"nb-NO\",\"@id\":\"https:\\\/\\\/kreftforeningen.no\\\/innsamlingsaksjonen\\\/dette-gar-pengene-fra-innsamlingsaksjonen-til\\\/#primaryimage\",\"url\":\"https:\\\/\\\/kreftforeningen.no\\\/content\\\/uploads\\\/2025\\\/01\\\/DSC01681-edited.png\",\"contentUrl\":\"https:\\\/\\\/kreftforeningen.no\\\/content\\\/uploads\\\/2025\\\/01\\\/DSC01681-edited.png\"},{\"@type\":\"BreadcrumbList\",\"@id\":\"https:\\\/\\\/kreftforeningen.no\\\/innsamlingsaksjonen\\\/dette-gar-pengene-fra-innsamlingsaksjonen-til\\\/#breadcrumb\",\"itemListElement\":[{\"@type\":\"ListItem\",\"position\":1,\"name\":\"Forside\",\"item\":\"https:\\\/\\\/kreftforeningen.no\\\/innsamlingsaksjonen\\\/\"},{\"@type\":\"ListItem\",\"position\":2,\"name\":\"Hva g\u00e5r pengene fra Kreftforeningens innsamlingsaksjon til?\"}]},{\"@type\":\"WebSite\",\"@id\":\"https:\\\/\\\/kreftforeningen.no\\\/innsamlingsaksjonen\\\/#website\",\"url\":\"https:\\\/\\\/kreftforeningen.no\\\/innsamlingsaksjonen\\\/\",\"name\":\"Kreftforeningens innsamlingsaksjon\",\"description\":\"\",\"publisher\":{\"@id\":\"https:\\\/\\\/kreftforeningen.no\\\/innsamlingsaksjonen\\\/#organization\"},\"potentialAction\":[{\"@type\":\"SearchAction\",\"target\":{\"@type\":\"EntryPoint\",\"urlTemplate\":\"https:\\\/\\\/kreftforeningen.no\\\/innsamlingsaksjonen\\\/?s={search_term_string}\"},\"query-input\":{\"@type\":\"PropertyValueSpecification\",\"valueRequired\":true,\"valueName\":\"search_term_string\"}}],\"inLanguage\":\"nb-NO\"},{\"@type\":\"Organization\",\"@id\":\"https:\\\/\\\/kreftforeningen.no\\\/innsamlingsaksjonen\\\/#organization\",\"name\":\"Kreftforeningens innsamlingsaksjon\",\"url\":\"https:\\\/\\\/kreftforeningen.no\\\/innsamlingsaksjonen\\\/\",\"logo\":{\"@type\":\"ImageObject\",\"inLanguage\":\"nb-NO\",\"@id\":\"https:\\\/\\\/kreftforeningen.no\\\/innsamlingsaksjonen\\\/#\\\/schema\\\/logo\\\/image\\\/\",\"url\":\"https:\\\/\\\/kreftforeningen.no\\\/content\\\/uploads\\\/2023\\\/11\\\/Kreftforeningen_logo_med_innsamlingsaksjonen-hor.svg\",\"contentUrl\":\"https:\\\/\\\/kreftforeningen.no\\\/content\\\/uploads\\\/2023\\\/11\\\/Kreftforeningen_logo_med_innsamlingsaksjonen-hor.svg\",\"caption\":\"Kreftforeningens innsamlingsaksjon\"},\"image\":{\"@id\":\"https:\\\/\\\/kreftforeningen.no\\\/innsamlingsaksjonen\\\/#\\\/schema\\\/logo\\\/image\\\/\"}}]}<\/script>\n<!-- \/ Yoast SEO Premium plugin. -->","yoast_head_json":{"title":"Hva g\u00e5r pengene fra Kreftforeningens innsamlingsaksjon til?","description":"Pengene fra aksjonen skal gi flere kreftpasienter tilgang til gentest \u2013 en diagnostisk teknologi som kan bety forskjellen mellom liv og d\u00f8d.","robots":{"index":"index","follow":"follow","max-snippet":"max-snippet:-1","max-image-preview":"max-image-preview:large","max-video-preview":"max-video-preview:-1"},"canonical":"https:\/\/kreftforeningen.no\/innsamlingsaksjonen\/dette-gar-pengene-fra-innsamlingsaksjonen-til\/","og_locale":"nb_NO","og_type":"article","og_title":"Hva g\u00e5r pengene fra Kreftforeningens innsamlingsaksjon til?","og_description":"Pengene fra aksjonen skal gi flere kreftpasienter tilgang til gentest \u2013 en diagnostisk teknologi som kan bety forskjellen mellom liv og d\u00f8d.","og_url":"https:\/\/kreftforeningen.no\/innsamlingsaksjonen\/dette-gar-pengene-fra-innsamlingsaksjonen-til\/","og_site_name":"Kreftforeningens innsamlingsaksjon","article_published_time":"2024-01-31T10:01:29+00:00","article_modified_time":"2026-01-23T09:31:01+00:00","twitter_card":"summary_large_image","twitter_misc":{"Ansl. lesetid":"4 minutter"},"schema":{"@context":"https:\/\/schema.org","@graph":[{"@type":"WebPage","@id":"https:\/\/kreftforeningen.no\/innsamlingsaksjonen\/dette-gar-pengene-fra-innsamlingsaksjonen-til\/","url":"https:\/\/kreftforeningen.no\/innsamlingsaksjonen\/dette-gar-pengene-fra-innsamlingsaksjonen-til\/","name":"Hva g\u00e5r pengene fra Kreftforeningens innsamlingsaksjon til?","isPartOf":{"@id":"https:\/\/kreftforeningen.no\/innsamlingsaksjonen\/#website"},"primaryImageOfPage":{"@id":"https:\/\/kreftforeningen.no\/innsamlingsaksjonen\/dette-gar-pengene-fra-innsamlingsaksjonen-til\/#primaryimage"},"image":{"@id":"https:\/\/kreftforeningen.no\/innsamlingsaksjonen\/dette-gar-pengene-fra-innsamlingsaksjonen-til\/#primaryimage"},"thumbnailUrl":"https:\/\/kreftforeningen.no\/content\/uploads\/2025\/01\/DSC01681-edited.png","datePublished":"2024-01-31T10:01:29+00:00","dateModified":"2026-01-23T09:31:01+00:00","description":"Pengene fra aksjonen skal gi flere kreftpasienter tilgang til gentest \u2013 en diagnostisk teknologi som kan bety forskjellen mellom liv og d\u00f8d.","breadcrumb":{"@id":"https:\/\/kreftforeningen.no\/innsamlingsaksjonen\/dette-gar-pengene-fra-innsamlingsaksjonen-til\/#breadcrumb"},"inLanguage":"nb-NO","potentialAction":[{"@type":"ReadAction","target":["https:\/\/kreftforeningen.no\/innsamlingsaksjonen\/dette-gar-pengene-fra-innsamlingsaksjonen-til\/"]}]},{"@type":"ImageObject","inLanguage":"nb-NO","@id":"https:\/\/kreftforeningen.no\/innsamlingsaksjonen\/dette-gar-pengene-fra-innsamlingsaksjonen-til\/#primaryimage","url":"https:\/\/kreftforeningen.no\/content\/uploads\/2025\/01\/DSC01681-edited.png","contentUrl":"https:\/\/kreftforeningen.no\/content\/uploads\/2025\/01\/DSC01681-edited.png"},{"@type":"BreadcrumbList","@id":"https:\/\/kreftforeningen.no\/innsamlingsaksjonen\/dette-gar-pengene-fra-innsamlingsaksjonen-til\/#breadcrumb","itemListElement":[{"@type":"ListItem","position":1,"name":"Forside","item":"https:\/\/kreftforeningen.no\/innsamlingsaksjonen\/"},{"@type":"ListItem","position":2,"name":"Hva g\u00e5r pengene fra Kreftforeningens innsamlingsaksjon til?"}]},{"@type":"WebSite","@id":"https:\/\/kreftforeningen.no\/innsamlingsaksjonen\/#website","url":"https:\/\/kreftforeningen.no\/innsamlingsaksjonen\/","name":"Kreftforeningens innsamlingsaksjon","description":"","publisher":{"@id":"https:\/\/kreftforeningen.no\/innsamlingsaksjonen\/#organization"},"potentialAction":[{"@type":"SearchAction","target":{"@type":"EntryPoint","urlTemplate":"https:\/\/kreftforeningen.no\/innsamlingsaksjonen\/?s={search_term_string}"},"query-input":{"@type":"PropertyValueSpecification","valueRequired":true,"valueName":"search_term_string"}}],"inLanguage":"nb-NO"},{"@type":"Organization","@id":"https:\/\/kreftforeningen.no\/innsamlingsaksjonen\/#organization","name":"Kreftforeningens innsamlingsaksjon","url":"https:\/\/kreftforeningen.no\/innsamlingsaksjonen\/","logo":{"@type":"ImageObject","inLanguage":"nb-NO","@id":"https:\/\/kreftforeningen.no\/innsamlingsaksjonen\/#\/schema\/logo\/image\/","url":"https:\/\/kreftforeningen.no\/content\/uploads\/2023\/11\/Kreftforeningen_logo_med_innsamlingsaksjonen-hor.svg","contentUrl":"https:\/\/kreftforeningen.no\/content\/uploads\/2023\/11\/Kreftforeningen_logo_med_innsamlingsaksjonen-hor.svg","caption":"Kreftforeningens innsamlingsaksjon"},"image":{"@id":"https:\/\/kreftforeningen.no\/innsamlingsaksjonen\/#\/schema\/logo\/image\/"}}]}},"_links":{"self":[{"href":"https:\/\/kreftforeningen.no\/innsamlingsaksjonen\/wp-json\/wp\/v2\/pages\/9497","targetHints":{"allow":["GET"]}}],"collection":[{"href":"https:\/\/kreftforeningen.no\/innsamlingsaksjonen\/wp-json\/wp\/v2\/pages"}],"about":[{"href":"https:\/\/kreftforeningen.no\/innsamlingsaksjonen\/wp-json\/wp\/v2\/types\/page"}],"author":[{"embeddable":true,"href":"https:\/\/kreftforeningen.no\/innsamlingsaksjonen\/wp-json\/wp\/v2\/users\/68"}],"replies":[{"embeddable":true,"href":"https:\/\/kreftforeningen.no\/innsamlingsaksjonen\/wp-json\/wp\/v2\/comments?post=9497"}],"version-history":[{"count":33,"href":"https:\/\/kreftforeningen.no\/innsamlingsaksjonen\/wp-json\/wp\/v2\/pages\/9497\/revisions"}],"predecessor-version":[{"id":11086,"href":"https:\/\/kreftforeningen.no\/innsamlingsaksjonen\/wp-json\/wp\/v2\/pages\/9497\/revisions\/11086"}],"wp:attachment":[{"href":"https:\/\/kreftforeningen.no\/innsamlingsaksjonen\/wp-json\/wp\/v2\/media?parent=9497"}],"curies":[{"name":"wp","href":"https:\/\/api.w.org\/{rel}","templated":true}]}}