{"id":24,"date":"2020-05-05T14:34:12","date_gmt":"2020-05-05T12:34:12","guid":{"rendered":"https:\/\/stage2.kreftforeningen.no\/stafettforlivet\/?page_id=24"},"modified":"2026-04-13T09:06:08","modified_gmt":"2026-04-13T07:06:08","slug":"kontakt-stafett-for-livet","status":"publish","type":"page","link":"https:\/\/kreftforeningen.no\/stafettforlivet\/kontakt-stafett-for-livet\/","title":{"rendered":"Kontakt Stafett for livet"},"content":{"rendered":"<div class=\"person-grid\"><div class=\"person\" id=\"person-display-2999\"><div class=\"person_content\"><h3 id=\"elisabeth-dahlberg\">Elisabeth Dahlberg<\/h3><p>R\u00e5dgiver Kreftforeningen<\/p><a class=\"person_email\" href=\"mailto:elisabeth.dahlberg@kreftforeningen.no\"><SVG xmlns=\"http:\/\/www.w3.org\/2000\/svg\" width=\"14\" height=\"11\" viewBox=\"0 0 14 12\" fill=\"none\"><g>\n\t<path d=\"M2.2 1.20001H11.8C12.46 1.20001 13 1.74001 13 2.40001V9.60001C13 10.26 12.46 10.8 11.8 10.8H2.2C1.54 10.8 1 10.26 1 9.60001V2.40001C1 1.74001 1.54 1.20001 2.2 1.20001Z\" stroke=\"black\" \/>\n\t<path d=\"M13 2.39996L7 6.59996L1 2.39996\" stroke=\"black\" \/><\/g><\/SVG><span>elisabeth.dahlberg@kreftforeningen.no<\/span><\/a><a href=\"tel:91582890\"><SVG xmlns=\"http:\/\/www.w3.org\/2000\/svg\" width=\"14\" height=\"14\" viewBox=\"0 0 14 14\" fill=\"none\"><g><path d=\"M12.9996 9.98431V11.7908C13.0003 11.9585 12.9659 12.1245 12.8986 12.2781C12.8313 12.4318 12.7325 12.5697 12.6087 12.6831C12.4849 12.7965 12.3387 12.8828 12.1795 12.9365C12.0203 12.9903 11.8517 13.0102 11.6843 12.9951C9.82768 12.7938 8.04426 12.1606 6.47734 11.1465C5.01953 10.222 3.78356 8.98843 2.8572 7.53351C1.83752 5.96259 1.20294 4.17405 1.0049 2.31277C0.98982 2.14625 1.00965 1.97843 1.06312 1.81998C1.11659 1.66153 1.20254 1.51592 1.31548 1.39244C1.42843 1.26896 1.5659 1.1703 1.71915 1.10274C1.87239 1.03519 2.03805 1.00022 2.20558 1.00006H4.01565C4.30846 0.997182 4.59233 1.10067 4.81435 1.29122C5.03636 1.48178 5.18138 1.74641 5.22236 2.03578C5.29876 2.61389 5.44044 3.18152 5.64471 3.72785C5.72589 3.94338 5.74346 4.17761 5.69534 4.4028C5.64721 4.62799 5.53542 4.83469 5.3732 4.99841L4.60694 5.76315C5.46585 7.27069 6.71655 8.51891 8.22708 9.37612L8.99334 8.61138C9.15739 8.44948 9.3645 8.33791 9.59013 8.28988C9.81577 8.24185 10.0505 8.25939 10.2664 8.3404C10.8138 8.54427 11.3826 8.68567 11.9619 8.76192C12.2549 8.80318 12.5226 8.95052 12.714 9.1759C12.9053 9.40128 13.007 9.68899 12.9996 9.98431Z\" stroke=\"black\" \/><\/g><\/SVG>915 82 890<\/a><\/div><\/div><\/div>\n\n<div class=\"person-grid\"><\/div>\n\n\n<h2 class=\"wp-block-heading\" id=\"h-lokale-kontaktpersoner\">Lokale kontaktpersoner<\/h2>\n\n\n\n<h3 class=\"wp-block-heading\" id=\"h-arendal-grimstad\">Arendal Grimstad <\/h3>\n\n\n\n<p>Elin Lunde<br><a href=\"mailto:stafettleder.arendal.grimstad@kreftforeningen.no\">stafettleder.arendal.grimstad@kreftforeningen.no<\/a><br><a href=\"tel:99 31 59 14\">99 31 59 14<\/a><\/p>\n\n\n\n<h3 class=\"wp-block-heading\" id=\"h-askoy\">Ask\u00f8y<\/h3>\n\n\n\n<p>\u00c5ge Lavik<br><a href=\"mailto:stafettleder.askoy@kreftforeningen.no\">stafettleder.askoy@kreftforeningen.no<\/a><br><a href=\"tel:93016511\">93 01 65 11<\/a><\/p>\n\n\n\n<h3 class=\"wp-block-heading\" id=\"h-bjornafjorden\">Bj\u00f8rnafjorden<\/h3>\n\n\n\n<p>Jan Frode Skeie<br><a href=\"tel:91184347\">911 84 347<\/a><\/p>\n\n\n\n<h3 class=\"wp-block-heading\" id=\"h-fredrikstad\">Fredrikstad<\/h3>\n\n\n\n<p>Thor Gjerl\u00f8w<br><a href=\"mailto:stafettleder.fredrikstad@kreftforeningen.no\">stafettleder.fredrikstad@kreftforeningen.no<\/a><br><a href=\"tel:95148899\">95 14 88 99<\/a><\/p>\n\n\n\n<h3 class=\"wp-block-heading\" id=\"h-forde\">F\u00f8rde<\/h3>\n\n\n\n<p>Dag-Rune Mallasvik<br><a href=\"mailto:stafettleder.forde@kreftforeningen.no\">stafettleder.forde@kreftforeningen.no<\/a><br><a href=\"tel:99297868\">99 29 78 68<\/a><\/p>\n\n\n\n<h3 class=\"wp-block-heading\" id=\"h-gjovik\">Gj\u00f8vik<\/h3>\n\n\n\n<p>Tom Torkehagen<br><a href=\"mailto:stafettleder.gjovik@kreftforeningen.no\">stafettleder.gjovik@kreftforeningen.no<\/a><br><a href=\"tel:95972800\">95 97 28 00<\/a><\/p>\n\n\n\n<h3 class=\"wp-block-heading\" id=\"h-harstad\">Harstad<\/h3>\n\n\n\n<p>Brita Bergli Kristensen<br><a href=\"mailto:stafettleder.harstad@kreftforeningen.no\">stafettleder.harstad@kreftforeningen.no<\/a><br><a href=\"tel:94199239\">94 19 92 39<\/a><\/p>\n\n\n\n<h3 class=\"wp-block-heading\" id=\"h-jaeren\">J\u00e6ren<\/h3>\n\n\n\n<p>Peter Oscar Andersen<br><a href=\"mailto:stafettleder.jaeren@kreftforeningen.no\">stafettleder.jaeren@kreftforeningen.no<\/a><br><a href=\"https:\/\/kreftforeningen.no\/stafettforlivet\/kontakt-stafett-for-livet\/\">97 14 65 97<\/a><\/p>\n\n\n\n<h3 class=\"wp-block-heading\" id=\"h-karmoy\">Karm\u00f8y<\/h3>\n\n\n\n<p>Mette Ask<br><a href=\"mailto:stafettleder.karmoy@kreftforeningen.no\">stafettleder.karmoy@kreftforeningen.no<\/a><br><a href=\"tel:97409992\">97 40 99 92<\/a><\/p>\n\n\n\n<h3 class=\"wp-block-heading\" id=\"h-kristiansand\">Kristiansand<\/h3>\n\n\n\n<p>May Linn Utsogn Johanson&nbsp;<br><a href=\"mailto:\/stafettelder.kristiansand@kreftforeningen.no\">stafettleder.kristiansand@kreftforeningen.no<\/a><br><a href=\"tel:91 62 65 77\">91 62 65 77<\/a><\/p>\n\n\n\n<h3 class=\"wp-block-heading\" id=\"h-mandal\">Mandal<\/h3>\n\n\n\n<p>Anja Hagen <br><a href=\"mailto:stafettleder.mandal@kreftforeningen.no\">stafettleder.mandal@kreftforeningen.no<\/a><br><a href=\"tel:91 99 83 37\">91 99 83 37<\/a><\/p>\n\n\n\n<h3 class=\"wp-block-heading\" id=\"h-nes\">Nes<\/h3>\n\n\n\n<p>Marion Nystr\u00f8m<br><a href=\"mailto:marion.nystrom@nes.kommune.no\">marion.nystrom@nes.kommune.no<\/a><br><a href=\"tel:\">90 11 64 26<\/a><\/p>\n\n\n\n<h3 class=\"wp-block-heading\" id=\"h-nittedal\">Nittedal<\/h3>\n\n\n\n<p>Elin Lykke<br><a href=\"mailto:stafettleder.nittedal@kreftforeningen.no%20-%20%2041647415\">stafettleder.nittedal@kreftforeningen.no <\/a><br><a href=\"mailto:stafettleder.nittedal@kreftforeningen.no%20-%20%2041647415\">41647415<\/a><\/p>\n\n\n\n<h3 class=\"wp-block-heading\" id=\"h-odda\">Odda<\/h3>\n\n\n\n<p>Arne M\u00e6land<br><a href=\"mailto:stafettleder.odda@kreftforeningen.no\">stafettleder.odda@kreftforeningen.no<\/a><br><a href=\"tel:92249046\">92 24 90 46<\/a><\/p>\n\n\n\n<h3 class=\"wp-block-heading\" id=\"h-ringsaker\">Ringsaker<\/h3>\n\n\n\n<p>Gunnar Elvsveen<br><a href=\"mailto:stafettleder.ringsaker@kreftforeningen.no\">stafettleder.ringsaker@kreftforeningen.no<\/a><br><a href=\"tel:90513124\">90 51 31 24<\/a><\/p>\n\n\n\n<h3 class=\"wp-block-heading\" id=\"h-sandefjord\">Sandefjord<\/h3>\n\n\n\n<p>Steinar Reppesg\u00e5rd<br><a href=\"mailto:stafettleder.sandefjord@kreftforeningen.no\">stafettleder.sandefjord@kreftforeningen.no<\/a><br><a href=\"tel:91726750\">91 72 67 50<\/a><\/p>\n\n\n\n<h3 class=\"wp-block-heading\" id=\"h-tromso\">Troms\u00f8<\/h3>\n\n\n\n<p>Tom H\u00f8gli<br><a href=\"mailto:stafettleder.tromso@kreftforeningen.no\">stafettleder.tromso@kreftforeningen.no<\/a><br><a href=\"tel:93415395\">93 41 53 95<\/a><\/p>\n\n\n\n<h3 class=\"wp-block-heading\" id=\"h-trondheim\">Trondheim<\/h3>\n\n\n\n<p>Gunnar B\u00e6kken<br><a href=\"mailto:hilde.wormdahl@kreftforeningen.no\">stafettleder.trondheim@kreftforeningen.no<\/a><br><a href=\"tel:tel:98 43 54 13\">92 62 62 00<\/a><\/p>\n\n\n\n<h3 class=\"wp-block-heading\" id=\"h-alesund\">\u00c5lesund<\/h3>\n\n\n\n<p>Hilde Wormdahl<br><a href=\"mailto:hilde.wormdahl@kreftforeningen.no\">hilde.wormdahl@kreftforeningen.no<\/a><br><a href=\"tel:\">98 43 54 13<\/a><\/p>\n\n\n<div class=\"person-grid\"><\/div>\n\n\n<h3 class=\"wp-block-heading\" id=\"oygarden\">\u00d8ygarden<\/h3>\n\n\n\n<p>Geir Fjeldstad<br><a href=\"mailto:stafettleder.oygarden@kreftforeningen.no\">stafettleder.oygarden@kreftforeningen.no<\/a><br><a href=\"tel:99532447\">99 53 24 47<\/a><\/p>\n\n\n\n<p><\/p>\n","protected":false},"excerpt":{"rendered":"<p>Lokale kontaktpersoner Arendal Grimstad Elin Lundestafettleder.arendal.grimstad@kreftforeningen.no99 31 59 14 Ask\u00f8y \u00c5ge Lavikstafettleder.askoy@kreftforeningen.no93 01 65 11 Bj\u00f8rnafjorden Jan Frode Skeie911 84 347 Fredrikstad Thor Gjerl\u00f8wstafettleder.fredrikstad@kreftforeningen.no95 14 88 99 F\u00f8rde Dag-Rune Mallasvikstafettleder.forde@kreftforeningen.no99 29 78 68 Gj\u00f8vik Tom Torkehagenstafettleder.gjovik@kreftforeningen.no95 97 28 00 Harstad Brita Bergli Kristensenstafettleder.harstad@kreftforeningen.no94 19 92 39 J\u00e6ren Peter Oscar Andersenstafettleder.jaeren@kreftforeningen.no97 14 65 97 Karm\u00f8y Mette [&hellip;]<\/p>\n","protected":false},"author":30,"featured_media":0,"parent":0,"menu_order":0,"comment_status":"closed","ping_status":"closed","template":"","meta":{"_relevanssi_hide_post":"","_relevanssi_hide_content":"","_relevanssi_pin_for_all":"","_relevanssi_pin_keywords":"","_relevanssi_unpin_keywords":"","_relevanssi_related_keywords":"","_relevanssi_related_include_ids":"","_relevanssi_related_exclude_ids":"","_relevanssi_related_no_append":"","_relevanssi_related_not_related":"","_relevanssi_related_posts":"49","_relevanssi_noindex_reason":"","kf_show_post_date":false,"kf_show_updated_date":false,"kf_show_print_page":false,"kf_show_chapters":false,"kf_show_chapters_expanded":false,"kf_show_post_outdated":true,"kf_post_authors":[],"kf_toggle_title":false,"teft_cards_label":"","kf_is_template":false,"teft_cards_image_id":0,"teft_cards_image_focal_point_x":0,"teft_cards_image_focal_point_y":0,"teft_cards_title":"Kontakt oss","teft_cards_excerpt":"","footnotes":""},"class_list":["post-24","page","type-page","status-publish","hentry"],"yoast_head":"<!-- This site is optimized with the Yoast SEO Premium plugin v26.8 (Yoast SEO v26.8) - https:\/\/yoast.com\/product\/yoast-seo-premium-wordpress\/ -->\n<title>Kontakt Stafett for livet - Kreftforeningens Stafett for livet<\/title>\n<meta name=\"robots\" content=\"index, follow, max-snippet:-1, max-image-preview:large, max-video-preview:-1\" \/>\n<link rel=\"canonical\" href=\"https:\/\/kreftforeningen.no\/stafettforlivet\/kontakt-stafett-for-livet\/\" \/>\n<meta property=\"og:locale\" content=\"nb_NO\" \/>\n<meta property=\"og:type\" content=\"article\" \/>\n<meta property=\"og:title\" content=\"Kontakt Stafett for livet\" \/>\n<meta property=\"og:description\" content=\"Lokale kontaktpersoner Arendal Grimstad Elin Lundestafettleder.arendal.grimstad@kreftforeningen.no99 31 59 14 Ask\u00f8y \u00c5ge Lavikstafettleder.askoy@kreftforeningen.no93 01 65 11 Bj\u00f8rnafjorden Jan Frode Skeie911 84 347 Fredrikstad Thor Gjerl\u00f8wstafettleder.fredrikstad@kreftforeningen.no95 14 88 99 F\u00f8rde Dag-Rune Mallasvikstafettleder.forde@kreftforeningen.no99 29 78 68 Gj\u00f8vik Tom Torkehagenstafettleder.gjovik@kreftforeningen.no95 97 28 00 Harstad Brita Bergli Kristensenstafettleder.harstad@kreftforeningen.no94 19 92 39 J\u00e6ren Peter Oscar Andersenstafettleder.jaeren@kreftforeningen.no97 14 65 97 Karm\u00f8y Mette [&hellip;]\" \/>\n<meta property=\"og:url\" content=\"https:\/\/kreftforeningen.no\/stafettforlivet\/kontakt-stafett-for-livet\/\" \/>\n<meta property=\"og:site_name\" content=\"Kreftforeningens Stafett for livet\" \/>\n<meta property=\"article:published_time\" content=\"2020-05-05T12:34:12+00:00\" \/>\n<meta property=\"article:modified_time\" content=\"2026-04-13T07:06:08+00:00\" \/>\n<meta name=\"twitter:card\" content=\"summary_large_image\" \/>\n<script type=\"application\/ld+json\" class=\"yoast-schema-graph\">{\"@context\":\"https:\/\/schema.org\",\"@graph\":[{\"@type\":\"WebPage\",\"@id\":\"https:\/\/kreftforeningen.no\/stafettforlivet\/kontakt-stafett-for-livet\/\",\"url\":\"https:\/\/kreftforeningen.no\/stafettforlivet\/kontakt-stafett-for-livet\/\",\"name\":\"Kontakt Stafett for livet - Kreftforeningens Stafett for livet\",\"isPartOf\":{\"@id\":\"https:\/\/kreftforeningen.no\/stafettforlivet\/#website\"},\"datePublished\":\"2020-05-05T12:34:12+00:00\",\"dateModified\":\"2026-04-13T07:06:08+00:00\",\"breadcrumb\":{\"@id\":\"https:\/\/kreftforeningen.no\/stafettforlivet\/kontakt-stafett-for-livet\/#breadcrumb\"},\"inLanguage\":\"nb-NO\",\"potentialAction\":[{\"@type\":\"ReadAction\",\"target\":[\"https:\/\/kreftforeningen.no\/stafettforlivet\/kontakt-stafett-for-livet\/\"]}],\"mentions\":[{\"@id\":\"person-display-2999\"}]},{\"@type\":\"BreadcrumbList\",\"@id\":\"https:\/\/kreftforeningen.no\/stafettforlivet\/kontakt-stafett-for-livet\/#breadcrumb\",\"itemListElement\":[{\"@type\":\"ListItem\",\"position\":1,\"name\":\"Forside\",\"item\":\"https:\/\/kreftforeningen.no\/stafettforlivet\/\"},{\"@type\":\"ListItem\",\"position\":2,\"name\":\"Kontakt Stafett for livet\"}]},{\"@type\":\"WebSite\",\"@id\":\"https:\/\/kreftforeningen.no\/stafettforlivet\/#website\",\"url\":\"https:\/\/kreftforeningen.no\/stafettforlivet\/\",\"name\":\"Kreftforeningens Stafett for livet\",\"description\":\"\",\"publisher\":{\"@id\":\"https:\/\/kreftforeningen.no\/stafettforlivet\/#organization\"},\"potentialAction\":[{\"@type\":\"SearchAction\",\"target\":{\"@type\":\"EntryPoint\",\"urlTemplate\":\"https:\/\/kreftforeningen.no\/stafettforlivet\/?s={search_term_string}\"},\"query-input\":{\"@type\":\"PropertyValueSpecification\",\"valueRequired\":true,\"valueName\":\"search_term_string\"}}],\"inLanguage\":\"nb-NO\"},{\"@type\":\"Organization\",\"@id\":\"https:\/\/kreftforeningen.no\/stafettforlivet\/#organization\",\"name\":\"Kreftforeningens Stafett for livet\",\"url\":\"https:\/\/kreftforeningen.no\/stafettforlivet\/\",\"logo\":{\"@type\":\"ImageObject\",\"inLanguage\":\"nb-NO\",\"@id\":\"https:\/\/kreftforeningen.no\/stafettforlivet\/#\/schema\/logo\/image\/\",\"url\":\"https:\/\/kreftforeningen.no\/content\/uploads\/2020\/05\/cropped-LogoStafettForLivet130-1.png\",\"contentUrl\":\"https:\/\/kreftforeningen.no\/content\/uploads\/2020\/05\/cropped-LogoStafettForLivet130-1.png\",\"caption\":\"Kreftforeningens Stafett for livet\"},\"image\":{\"@id\":\"https:\/\/kreftforeningen.no\/stafettforlivet\/#\/schema\/logo\/image\/\"}}]}<\/script>\n<!-- \/ Yoast SEO Premium plugin. -->","yoast_head_json":{"title":"Kontakt Stafett for livet - Kreftforeningens Stafett for livet","robots":{"index":"index","follow":"follow","max-snippet":"max-snippet:-1","max-image-preview":"max-image-preview:large","max-video-preview":"max-video-preview:-1"},"canonical":"https:\/\/kreftforeningen.no\/stafettforlivet\/kontakt-stafett-for-livet\/","og_locale":"nb_NO","og_type":"article","og_title":"Kontakt Stafett for livet","og_description":"Lokale kontaktpersoner Arendal Grimstad Elin Lundestafettleder.arendal.grimstad@kreftforeningen.no99 31 59 14 Ask\u00f8y \u00c5ge Lavikstafettleder.askoy@kreftforeningen.no93 01 65 11 Bj\u00f8rnafjorden Jan Frode Skeie911 84 347 Fredrikstad Thor Gjerl\u00f8wstafettleder.fredrikstad@kreftforeningen.no95 14 88 99 F\u00f8rde Dag-Rune Mallasvikstafettleder.forde@kreftforeningen.no99 29 78 68 Gj\u00f8vik Tom Torkehagenstafettleder.gjovik@kreftforeningen.no95 97 28 00 Harstad Brita Bergli Kristensenstafettleder.harstad@kreftforeningen.no94 19 92 39 J\u00e6ren Peter Oscar Andersenstafettleder.jaeren@kreftforeningen.no97 14 65 97 Karm\u00f8y Mette [&hellip;]","og_url":"https:\/\/kreftforeningen.no\/stafettforlivet\/kontakt-stafett-for-livet\/","og_site_name":"Kreftforeningens Stafett for livet","article_published_time":"2020-05-05T12:34:12+00:00","article_modified_time":"2026-04-13T07:06:08+00:00","twitter_card":"summary_large_image","schema":{"@context":"https:\/\/schema.org","@graph":[{"@type":"WebPage","@id":"https:\/\/kreftforeningen.no\/stafettforlivet\/kontakt-stafett-for-livet\/","url":"https:\/\/kreftforeningen.no\/stafettforlivet\/kontakt-stafett-for-livet\/","name":"Kontakt Stafett for livet - Kreftforeningens Stafett for livet","isPartOf":{"@id":"https:\/\/kreftforeningen.no\/stafettforlivet\/#website"},"datePublished":"2020-05-05T12:34:12+00:00","dateModified":"2026-04-13T07:06:08+00:00","breadcrumb":{"@id":"https:\/\/kreftforeningen.no\/stafettforlivet\/kontakt-stafett-for-livet\/#breadcrumb"},"inLanguage":"nb-NO","potentialAction":[{"@type":"ReadAction","target":["https:\/\/kreftforeningen.no\/stafettforlivet\/kontakt-stafett-for-livet\/"]}],"mentions":[{"@id":"person-display-2999"}]},{"@type":"BreadcrumbList","@id":"https:\/\/kreftforeningen.no\/stafettforlivet\/kontakt-stafett-for-livet\/#breadcrumb","itemListElement":[{"@type":"ListItem","position":1,"name":"Forside","item":"https:\/\/kreftforeningen.no\/stafettforlivet\/"},{"@type":"ListItem","position":2,"name":"Kontakt Stafett for livet"}]},{"@type":"WebSite","@id":"https:\/\/kreftforeningen.no\/stafettforlivet\/#website","url":"https:\/\/kreftforeningen.no\/stafettforlivet\/","name":"Kreftforeningens Stafett for livet","description":"","publisher":{"@id":"https:\/\/kreftforeningen.no\/stafettforlivet\/#organization"},"potentialAction":[{"@type":"SearchAction","target":{"@type":"EntryPoint","urlTemplate":"https:\/\/kreftforeningen.no\/stafettforlivet\/?s={search_term_string}"},"query-input":{"@type":"PropertyValueSpecification","valueRequired":true,"valueName":"search_term_string"}}],"inLanguage":"nb-NO"},{"@type":"Organization","@id":"https:\/\/kreftforeningen.no\/stafettforlivet\/#organization","name":"Kreftforeningens Stafett for livet","url":"https:\/\/kreftforeningen.no\/stafettforlivet\/","logo":{"@type":"ImageObject","inLanguage":"nb-NO","@id":"https:\/\/kreftforeningen.no\/stafettforlivet\/#\/schema\/logo\/image\/","url":"https:\/\/kreftforeningen.no\/content\/uploads\/2020\/05\/cropped-LogoStafettForLivet130-1.png","contentUrl":"https:\/\/kreftforeningen.no\/content\/uploads\/2020\/05\/cropped-LogoStafettForLivet130-1.png","caption":"Kreftforeningens Stafett for livet"},"image":{"@id":"https:\/\/kreftforeningen.no\/stafettforlivet\/#\/schema\/logo\/image\/"}}]}},"_links":{"self":[{"href":"https:\/\/kreftforeningen.no\/stafettforlivet\/wp-json\/wp\/v2\/pages\/24"}],"collection":[{"href":"https:\/\/kreftforeningen.no\/stafettforlivet\/wp-json\/wp\/v2\/pages"}],"about":[{"href":"https:\/\/kreftforeningen.no\/stafettforlivet\/wp-json\/wp\/v2\/types\/page"}],"author":[{"embeddable":true,"href":"https:\/\/kreftforeningen.no\/stafettforlivet\/wp-json\/wp\/v2\/users\/30"}],"replies":[{"embeddable":true,"href":"https:\/\/kreftforeningen.no\/stafettforlivet\/wp-json\/wp\/v2\/comments?post=24"}],"version-history":[{"count":81,"href":"https:\/\/kreftforeningen.no\/stafettforlivet\/wp-json\/wp\/v2\/pages\/24\/revisions"}],"predecessor-version":[{"id":3176,"href":"https:\/\/kreftforeningen.no\/stafettforlivet\/wp-json\/wp\/v2\/pages\/24\/revisions\/3176"}],"wp:attachment":[{"href":"https:\/\/kreftforeningen.no\/stafettforlivet\/wp-json\/wp\/v2\/media?parent=24"}],"curies":[{"name":"wp","href":"https:\/\/api.w.org\/{rel}","templated":true}]}}