{"id":34,"date":"2020-05-05T14:48:43","date_gmt":"2020-05-05T12:48:43","guid":{"rendered":"https:\/\/stage2.kreftforeningen.no\/stafettforlivet\/?page_id=34"},"modified":"2023-11-22T20:21:16","modified_gmt":"2023-11-22T19:21:16","slug":"fighter-aeresgjest","status":"publish","type":"page","link":"https:\/\/kreftforeningen.no\/stafettforlivet\/fighter-aeresgjest\/","title":{"rendered":"Fighter = \u00e6resgjest"},"content":{"rendered":"\n<div class=\"wp-block-kf-ingress\"><div class=\"kf-header__ingress\"><p>Som fighter er du v\u00e5r \u00e6resgjest. Du blir en del av et givende nettverk, og vil oppleve stor st\u00f8tte fra lokalsamfunnet og andre fightere, samtidig som du bidrar til \u00e5 gi andre h\u00e5p.<\/p><\/div><\/div>\n\n\n\n<figure class=\"wp-block-image size-large\"><img loading=\"lazy\" decoding=\"async\" width=\"1024\" height=\"683\" src=\"https:\/\/kreftforeningen.no\/content\/uploads\/2022\/11\/vennelaget028-1024x683.jpg\" alt=\"\" class=\"wp-image-118881\" srcset=\"https:\/\/kreftforeningen.no\/content\/uploads\/2022\/11\/vennelaget028-1024x683.jpg 1024w, https:\/\/kreftforeningen.no\/content\/uploads\/2022\/11\/vennelaget028-300x200.jpg 300w, https:\/\/kreftforeningen.no\/content\/uploads\/2022\/11\/vennelaget028-768x512.jpg 768w, https:\/\/kreftforeningen.no\/content\/uploads\/2022\/11\/vennelaget028-1536x1024.jpg 1536w, https:\/\/kreftforeningen.no\/content\/uploads\/2022\/11\/vennelaget028-2048x1365.jpg 2048w, https:\/\/kreftforeningen.no\/content\/uploads\/2022\/11\/vennelaget028-135x90.jpg 135w\" sizes=\"(max-width: 1024px) 100vw, 1024px\" \/><figcaption class=\"wp-element-caption\">Foto: Heiko Junge<\/figcaption><\/figure>\n\n\n\n<p>En fighter i Kreftforeningens Stafett for livet er en som har eller har hatt kreft.&nbsp;Stafetten er en flott mulighet til \u00e5 v\u00e6re sammen med familie, venner og andre som er viktige st\u00f8ttespillere for deg. Her kan du feire livet og dele b\u00e5de gode og vanskelig opplevelser med andre. Det er gratis \u00e5 delta. <\/p>\n\n\n\n<div class=\"wp-block-buttons is-layout-flex wp-block-buttons-is-layout-flex\">\n<div class=\"wp-block-button aligncenter\"><a class=\"wp-block-button__link has-purple-background-color has-background wp-element-button\" href=\"https:\/\/pamelding.stafettforlivet.no\/meld-interesse-som-fighter\/\">Meld din interesse som fighter<\/a><\/div>\n<\/div>\n\n\n\n<h2 class=\"wp-block-heading\" id=\"h-hva-skjer-under-stafetten-for-fighterne\">Hva skjer under stafetten for fighterne?<\/h2>\n\n\n\n<p><strong>Dette skjer for fighterne under en stafett :<\/strong><\/p>\n\n\n\n<p>Fighterne \u00e5pner stafetten ved at de g\u00e5r den f\u00f8rste runden \u2013 fighterrunden. De g\u00e5r f\u00f8rst for \u00e5 gi h\u00e5p og styrke b\u00e5de til seg selv og alle andre som er rammet av kreft. Tempoet bestemmer du selv. Du kan l\u00f8pe eller g\u00e5. Du kan ogs\u00e5 v\u00e6re med om du bruker rullestol eller rullator.&nbsp;Etter \u00e5pningen og fighterrunden, inviteres du til \u00e5 delta p\u00e5 et eget program som varer i noen timer.<\/p>\n\n\n\n<p>Har du ditt eget lag, kan du selvsagt v\u00e6re med p\u00e5 dette i tillegg til \u00e5 v\u00e6re fighter. Men du kan ogs\u00e5 v\u00e6re med som fighter selv om du ikke deltar p\u00e5 et lag.  Du er alltid velkommen p\u00e5 stafetten \u2013 ogs\u00e5 om du bare har overskudd til \u00e5 v\u00e6re med et par timer. <\/p>\n\n\n\n<figure class=\"wp-block-embed is-type-video is-provider-youtube wp-block-embed-youtube wp-embed-aspect-16-9 wp-has-aspect-ratio\"><div class=\"wp-block-embed__wrapper\">\n<iframe loading=\"lazy\" title=\"Fighter p\u00e5 Kreftforeningen Stafett for livet | Kreftforeningen\" width=\"500\" height=\"281\" src=\"https:\/\/www.youtube-nocookie.com\/embed\/uCM1fN0JEq0?feature=oembed&#038;hl=no\" frameborder=\"0\" allow=\"accelerometer; autoplay; clipboard-write; encrypted-media; gyroscope; picture-in-picture; web-share\" referrerpolicy=\"strict-origin-when-cross-origin\" allowfullscreen><\/iframe>\n<\/div><\/figure>\n\n\n\n<blockquote class=\"wp-block-quote is-layout-flow wp-block-quote-is-layout-flow\">\n<p>Tusen takk for at jeg fikk v\u00e6re med p\u00e5 fighterarrangementet, helt enest\u00e5ende. Det er lenge siden jeg har f\u00f8lt meg s\u00e5 inkludert, stolt og r\u00f8rt. Dere er flinke og rause mennesker. Tusen takk av hele mitt hjerte.<\/p>\n<cite>Fighter under Kreftforeningens Stafett for livet<\/cite><\/blockquote>\n","protected":false},"excerpt":{"rendered":"<p>En fighter i Kreftforeningens Stafett for livet er en som har eller har hatt kreft.&nbsp;Stafetten er en flott mulighet til \u00e5 v\u00e6re sammen med familie, venner og andre som er viktige st\u00f8ttespillere for deg. Her kan du feire livet og dele b\u00e5de gode og vanskelig opplevelser med andre. Det er gratis \u00e5 delta. Hva skjer [&hellip;]<\/p>\n","protected":false},"author":30,"featured_media":0,"parent":0,"menu_order":0,"comment_status":"closed","ping_status":"closed","template":"","meta":{"_relevanssi_hide_post":"","_relevanssi_hide_content":"","_relevanssi_pin_for_all":"","_relevanssi_pin_keywords":"","_relevanssi_unpin_keywords":"","_relevanssi_related_keywords":"","_relevanssi_related_include_ids":"","_relevanssi_related_exclude_ids":"","_relevanssi_related_no_append":"","_relevanssi_related_not_related":"","_relevanssi_related_posts":"196,196","_relevanssi_noindex_reason":"","kf_show_post_date":false,"kf_show_updated_date":false,"kf_show_print_page":false,"kf_show_chapters":false,"kf_show_chapters_expanded":false,"kf_show_post_outdated":true,"kf_post_authors":[],"kf_toggle_title":false,"teft_cards_label":"","kf_is_template":false,"teft_cards_image_id":118881,"teft_cards_image_focal_point_x":0.5,"teft_cards_image_focal_point_y":0.5,"teft_cards_title":"","teft_cards_excerpt":"En fighter i Stafett for livet er en som har eller har hatt kreft. Fighterne er v\u00e5re \u00e6resgjester og \u00e5pner stafetten ved \u00e5 g\u00e5 den f\u00f8rste runden \u2013 fighterrunden","footnotes":""},"class_list":["post-34","page","type-page","status-publish","hentry"],"yoast_head":"<!-- This site is optimized with the Yoast SEO Premium plugin v26.8 (Yoast SEO v26.8) - https:\/\/yoast.com\/product\/yoast-seo-premium-wordpress\/ -->\n<title>Fighter = \u00e6resgjest - Kreftforeningens Stafett for livet<\/title>\n<meta name=\"robots\" content=\"index, follow, max-snippet:-1, max-image-preview:large, max-video-preview:-1\" \/>\n<link rel=\"canonical\" href=\"https:\/\/kreftforeningen.no\/stafettforlivet\/fighter-aeresgjest\/\" \/>\n<meta property=\"og:locale\" content=\"nb_NO\" \/>\n<meta property=\"og:type\" content=\"article\" \/>\n<meta property=\"og:title\" content=\"Fighter = \u00e6resgjest\" \/>\n<meta property=\"og:description\" content=\"En fighter i Kreftforeningens Stafett for livet er en som har eller har hatt kreft.&nbsp;Stafetten er en flott mulighet til \u00e5 v\u00e6re sammen med familie, venner og andre som er viktige st\u00f8ttespillere for deg. Her kan du feire livet og dele b\u00e5de gode og vanskelig opplevelser med andre. Det er gratis \u00e5 delta. Hva skjer [&hellip;]\" \/>\n<meta property=\"og:url\" content=\"https:\/\/kreftforeningen.no\/stafettforlivet\/fighter-aeresgjest\/\" \/>\n<meta property=\"og:site_name\" content=\"Kreftforeningens Stafett for livet\" \/>\n<meta property=\"article:published_time\" content=\"2020-05-05T12:48:43+00:00\" \/>\n<meta property=\"article:modified_time\" content=\"2023-11-22T19:21:16+00:00\" \/>\n<meta property=\"og:image\" content=\"https:\/\/kreftforeningen.no\/content\/uploads\/2022\/11\/vennelaget028-1024x683.jpg\" \/>\n<meta name=\"twitter:card\" content=\"summary_large_image\" \/>\n<meta name=\"twitter:label1\" content=\"Ansl. lesetid\" \/>\n\t<meta name=\"twitter:data1\" content=\"2 minutter\" \/>\n<script type=\"application\/ld+json\" class=\"yoast-schema-graph\">{\"@context\":\"https:\/\/schema.org\",\"@graph\":[{\"@type\":\"WebPage\",\"@id\":\"https:\/\/kreftforeningen.no\/stafettforlivet\/fighter-aeresgjest\/\",\"url\":\"https:\/\/kreftforeningen.no\/stafettforlivet\/fighter-aeresgjest\/\",\"name\":\"Fighter = \u00e6resgjest - Kreftforeningens Stafett for livet\",\"isPartOf\":{\"@id\":\"https:\/\/kreftforeningen.no\/stafettforlivet\/#website\"},\"primaryImageOfPage\":{\"@id\":\"https:\/\/kreftforeningen.no\/stafettforlivet\/fighter-aeresgjest\/#primaryimage\"},\"image\":{\"@id\":\"https:\/\/kreftforeningen.no\/stafettforlivet\/fighter-aeresgjest\/#primaryimage\"},\"thumbnailUrl\":\"https:\/\/kreftforeningen.no\/content\/uploads\/2022\/11\/vennelaget028-1024x683.jpg\",\"datePublished\":\"2020-05-05T12:48:43+00:00\",\"dateModified\":\"2023-11-22T19:21:16+00:00\",\"breadcrumb\":{\"@id\":\"https:\/\/kreftforeningen.no\/stafettforlivet\/fighter-aeresgjest\/#breadcrumb\"},\"inLanguage\":\"nb-NO\",\"potentialAction\":[{\"@type\":\"ReadAction\",\"target\":[\"https:\/\/kreftforeningen.no\/stafettforlivet\/fighter-aeresgjest\/\"]}]},{\"@type\":\"ImageObject\",\"inLanguage\":\"nb-NO\",\"@id\":\"https:\/\/kreftforeningen.no\/stafettforlivet\/fighter-aeresgjest\/#primaryimage\",\"url\":\"https:\/\/kreftforeningen.no\/content\/uploads\/2022\/11\/vennelaget028-1024x683.jpg\",\"contentUrl\":\"https:\/\/kreftforeningen.no\/content\/uploads\/2022\/11\/vennelaget028-1024x683.jpg\"},{\"@type\":\"BreadcrumbList\",\"@id\":\"https:\/\/kreftforeningen.no\/stafettforlivet\/fighter-aeresgjest\/#breadcrumb\",\"itemListElement\":[{\"@type\":\"ListItem\",\"position\":1,\"name\":\"Forside\",\"item\":\"https:\/\/kreftforeningen.no\/stafettforlivet\/\"},{\"@type\":\"ListItem\",\"position\":2,\"name\":\"Fighter = \u00e6resgjest\"}]},{\"@type\":\"WebSite\",\"@id\":\"https:\/\/kreftforeningen.no\/stafettforlivet\/#website\",\"url\":\"https:\/\/kreftforeningen.no\/stafettforlivet\/\",\"name\":\"Kreftforeningens Stafett for livet\",\"description\":\"\",\"publisher\":{\"@id\":\"https:\/\/kreftforeningen.no\/stafettforlivet\/#organization\"},\"potentialAction\":[{\"@type\":\"SearchAction\",\"target\":{\"@type\":\"EntryPoint\",\"urlTemplate\":\"https:\/\/kreftforeningen.no\/stafettforlivet\/?s={search_term_string}\"},\"query-input\":{\"@type\":\"PropertyValueSpecification\",\"valueRequired\":true,\"valueName\":\"search_term_string\"}}],\"inLanguage\":\"nb-NO\"},{\"@type\":\"Organization\",\"@id\":\"https:\/\/kreftforeningen.no\/stafettforlivet\/#organization\",\"name\":\"Kreftforeningens Stafett for livet\",\"url\":\"https:\/\/kreftforeningen.no\/stafettforlivet\/\",\"logo\":{\"@type\":\"ImageObject\",\"inLanguage\":\"nb-NO\",\"@id\":\"https:\/\/kreftforeningen.no\/stafettforlivet\/#\/schema\/logo\/image\/\",\"url\":\"https:\/\/kreftforeningen.no\/content\/uploads\/2020\/05\/cropped-LogoStafettForLivet130-1.png\",\"contentUrl\":\"https:\/\/kreftforeningen.no\/content\/uploads\/2020\/05\/cropped-LogoStafettForLivet130-1.png\",\"caption\":\"Kreftforeningens Stafett for livet\"},\"image\":{\"@id\":\"https:\/\/kreftforeningen.no\/stafettforlivet\/#\/schema\/logo\/image\/\"}}]}<\/script>\n<!-- \/ Yoast SEO Premium plugin. -->","yoast_head_json":{"title":"Fighter = \u00e6resgjest - Kreftforeningens Stafett for livet","robots":{"index":"index","follow":"follow","max-snippet":"max-snippet:-1","max-image-preview":"max-image-preview:large","max-video-preview":"max-video-preview:-1"},"canonical":"https:\/\/kreftforeningen.no\/stafettforlivet\/fighter-aeresgjest\/","og_locale":"nb_NO","og_type":"article","og_title":"Fighter = \u00e6resgjest","og_description":"En fighter i Kreftforeningens Stafett for livet er en som har eller har hatt kreft.&nbsp;Stafetten er en flott mulighet til \u00e5 v\u00e6re sammen med familie, venner og andre som er viktige st\u00f8ttespillere for deg. Her kan du feire livet og dele b\u00e5de gode og vanskelig opplevelser med andre. Det er gratis \u00e5 delta. Hva skjer [&hellip;]","og_url":"https:\/\/kreftforeningen.no\/stafettforlivet\/fighter-aeresgjest\/","og_site_name":"Kreftforeningens Stafett for livet","article_published_time":"2020-05-05T12:48:43+00:00","article_modified_time":"2023-11-22T19:21:16+00:00","og_image":[{"url":"https:\/\/kreftforeningen.no\/content\/uploads\/2022\/11\/vennelaget028-1024x683.jpg","type":"","width":"","height":""}],"twitter_card":"summary_large_image","twitter_misc":{"Ansl. lesetid":"2 minutter"},"schema":{"@context":"https:\/\/schema.org","@graph":[{"@type":"WebPage","@id":"https:\/\/kreftforeningen.no\/stafettforlivet\/fighter-aeresgjest\/","url":"https:\/\/kreftforeningen.no\/stafettforlivet\/fighter-aeresgjest\/","name":"Fighter = \u00e6resgjest - Kreftforeningens Stafett for livet","isPartOf":{"@id":"https:\/\/kreftforeningen.no\/stafettforlivet\/#website"},"primaryImageOfPage":{"@id":"https:\/\/kreftforeningen.no\/stafettforlivet\/fighter-aeresgjest\/#primaryimage"},"image":{"@id":"https:\/\/kreftforeningen.no\/stafettforlivet\/fighter-aeresgjest\/#primaryimage"},"thumbnailUrl":"https:\/\/kreftforeningen.no\/content\/uploads\/2022\/11\/vennelaget028-1024x683.jpg","datePublished":"2020-05-05T12:48:43+00:00","dateModified":"2023-11-22T19:21:16+00:00","breadcrumb":{"@id":"https:\/\/kreftforeningen.no\/stafettforlivet\/fighter-aeresgjest\/#breadcrumb"},"inLanguage":"nb-NO","potentialAction":[{"@type":"ReadAction","target":["https:\/\/kreftforeningen.no\/stafettforlivet\/fighter-aeresgjest\/"]}]},{"@type":"ImageObject","inLanguage":"nb-NO","@id":"https:\/\/kreftforeningen.no\/stafettforlivet\/fighter-aeresgjest\/#primaryimage","url":"https:\/\/kreftforeningen.no\/content\/uploads\/2022\/11\/vennelaget028-1024x683.jpg","contentUrl":"https:\/\/kreftforeningen.no\/content\/uploads\/2022\/11\/vennelaget028-1024x683.jpg"},{"@type":"BreadcrumbList","@id":"https:\/\/kreftforeningen.no\/stafettforlivet\/fighter-aeresgjest\/#breadcrumb","itemListElement":[{"@type":"ListItem","position":1,"name":"Forside","item":"https:\/\/kreftforeningen.no\/stafettforlivet\/"},{"@type":"ListItem","position":2,"name":"Fighter = \u00e6resgjest"}]},{"@type":"WebSite","@id":"https:\/\/kreftforeningen.no\/stafettforlivet\/#website","url":"https:\/\/kreftforeningen.no\/stafettforlivet\/","name":"Kreftforeningens Stafett for livet","description":"","publisher":{"@id":"https:\/\/kreftforeningen.no\/stafettforlivet\/#organization"},"potentialAction":[{"@type":"SearchAction","target":{"@type":"EntryPoint","urlTemplate":"https:\/\/kreftforeningen.no\/stafettforlivet\/?s={search_term_string}"},"query-input":{"@type":"PropertyValueSpecification","valueRequired":true,"valueName":"search_term_string"}}],"inLanguage":"nb-NO"},{"@type":"Organization","@id":"https:\/\/kreftforeningen.no\/stafettforlivet\/#organization","name":"Kreftforeningens Stafett for livet","url":"https:\/\/kreftforeningen.no\/stafettforlivet\/","logo":{"@type":"ImageObject","inLanguage":"nb-NO","@id":"https:\/\/kreftforeningen.no\/stafettforlivet\/#\/schema\/logo\/image\/","url":"https:\/\/kreftforeningen.no\/content\/uploads\/2020\/05\/cropped-LogoStafettForLivet130-1.png","contentUrl":"https:\/\/kreftforeningen.no\/content\/uploads\/2020\/05\/cropped-LogoStafettForLivet130-1.png","caption":"Kreftforeningens Stafett for livet"},"image":{"@id":"https:\/\/kreftforeningen.no\/stafettforlivet\/#\/schema\/logo\/image\/"}}]}},"_links":{"self":[{"href":"https:\/\/kreftforeningen.no\/stafettforlivet\/wp-json\/wp\/v2\/pages\/34"}],"collection":[{"href":"https:\/\/kreftforeningen.no\/stafettforlivet\/wp-json\/wp\/v2\/pages"}],"about":[{"href":"https:\/\/kreftforeningen.no\/stafettforlivet\/wp-json\/wp\/v2\/types\/page"}],"author":[{"embeddable":true,"href":"https:\/\/kreftforeningen.no\/stafettforlivet\/wp-json\/wp\/v2\/users\/30"}],"replies":[{"embeddable":true,"href":"https:\/\/kreftforeningen.no\/stafettforlivet\/wp-json\/wp\/v2\/comments?post=34"}],"version-history":[{"count":21,"href":"https:\/\/kreftforeningen.no\/stafettforlivet\/wp-json\/wp\/v2\/pages\/34\/revisions"}],"predecessor-version":[{"id":1647,"href":"https:\/\/kreftforeningen.no\/stafettforlivet\/wp-json\/wp\/v2\/pages\/34\/revisions\/1647"}],"wp:attachment":[{"href":"https:\/\/kreftforeningen.no\/stafettforlivet\/wp-json\/wp\/v2\/media?parent=34"}],"curies":[{"name":"wp","href":"https:\/\/api.w.org\/{rel}","templated":true}]}}