{"id":1065,"date":"2020-10-08T09:33:07","date_gmt":"2020-10-08T07:33:07","guid":{"rendered":"https:\/\/kreftforeningen.no\/vardesenteret\/?page_id=1065"},"modified":"2026-02-13T08:28:45","modified_gmt":"2026-02-13T07:28:45","slug":"knekkebrod-med-guacamole","status":"publish","type":"page","link":"https:\/\/kreftforeningen.no\/vardesenteret\/oppskrifter\/knekkebrod-med-guacamole\/","title":{"rendered":"Knekkebr\u00f8d med guacamole"},"content":{"rendered":"\n<figure class=\"wp-block-image size-large\"><img decoding=\"async\" src=\"https:\/\/kreftforeningen.no\/content\/uploads\/2020\/03\/Avocado-og-knekkebr\u00f8d-Foto-Sara-Johannsen-e1602142379770-1024x576.jpg\" alt=\"\" class=\"wp-image-49278\"\/><figcaption class=\"wp-element-caption\">Foto: Sara Johannsen<\/figcaption><\/figure>\n\n\n\n<h2 class=\"wp-block-heading\" id=\"h-oppsummert\">Oppsummert<\/h2>\n\n\n\n<ul class=\"wp-block-list\">\n<li>Tid: 60 minutter<\/li>\n\n\n\n<li>Utf\u00f8relse: Middels<\/li>\n\n\n\n<li>Porsjoner: 32<\/li>\n<\/ul>\n\n\n\n<h2 class=\"wp-block-heading\" id=\"h-ingredienser\">Ingredienser<\/h2>\n\n\n\n<p><strong>Knekkebr\u00f8d<\/strong><\/p>\n\n\n\n<ul class=\"wp-block-list\">\n<li>4 dl havregryn<\/li>\n\n\n\n<li>2 dl linfr\u00f8<\/li>\n\n\n\n<li>2 dl sesamfr\u00f8<\/li>\n\n\n\n<li>2 dl solsikkekjerner<\/li>\n\n\n\n<li>5 dl vann<\/li>\n<\/ul>\n\n\n\n<p><strong>Guacamole<\/strong><\/p>\n\n\n\n<ul class=\"wp-block-list\">\n<li>2 avokado<\/li>\n\n\n\n<li>1 hvitl\u00f8kfedd<\/li>\n\n\n\n<li>\u00bd r\u00f8d chili<\/li>\n\n\n\n<li>\u00bd lime<\/li>\n<\/ul>\n\n\n\n<p>Her kan du blant annet se hvordan du lager knekkebr\u00f8d:<\/p>\n\n\n\n<figure class=\"wp-block-embed is-type-video is-provider-youtube wp-block-embed-youtube wp-embed-aspect-16-9 wp-has-aspect-ratio\"><div class=\"wp-block-embed__wrapper\">\n<iframe loading=\"lazy\" title=\"KNEKKEBR\u00d8D | Inspirasjon til gode matvaner ved kreft | Vardesenteret\" width=\"500\" height=\"281\" src=\"https:\/\/www.youtube-nocookie.com\/embed\/imTuluuE2j0?feature=oembed&#038;hl=no&#038;enablejsapi=1&#038;origin=https:\/\/kreftforeningen.no\" frameborder=\"0\" allow=\"accelerometer; autoplay; clipboard-write; encrypted-media; gyroscope; picture-in-picture; web-share\" referrerpolicy=\"strict-origin-when-cross-origin\" allowfullscreen><\/iframe>\n<\/div><figcaption class=\"wp-element-caption\"><a href=\"https:\/\/kreftforeningen.no\/rad-og-rettigheter\/kosthold-ved-kreft\/verktoykasse-for-helsepersonell-mat-og-kreft\/sunt-kosthold-ved-kreft\/\"><strong>Se flere filmer med inspirasjon til sunt kosthold ved kreft<\/strong><\/a><\/figcaption><\/figure>\n\n\n\n<h2 class=\"wp-block-heading\" id=\"h-slik-gjor-du\">Slik gj\u00f8r du<\/h2>\n\n\n\n<h3 class=\"wp-block-heading\" id=\"knekkebrod\">Knekkebr\u00f8d<\/h3>\n\n\n\n<ol class=\"wp-block-list\">\n<li>Bland sammen de t\u00f8rre ingrediensene. <\/li>\n\n\n\n<li>Tilsett vann og r\u00f8r sammen til en tykk r\u00f8re. <\/li>\n\n\n\n<li>Fordel r\u00f8ren p\u00e5 to stekebrett med bakepapir. <\/li>\n\n\n\n<li>Stekes ved 190 \u00b0C varmluft i til sammen om lag 40 minutter. Sett f\u00f8rst begge brettene i ovnen. <\/li>\n\n\n\n<li>Ta ut brettene etter 20 minutter og del knekkebr\u00f8dmassen i ruter med en pizzaskj\u00e6rer. <\/li>\n\n\n\n<li>Bytt plass p\u00e5 brettene n\u00e5r du setter dem inn igjen, og stek knekkebr\u00f8dene i ytterligere 20 minutter.<\/li>\n<\/ol>\n\n\n\n<p>Knekkebr\u00f8dene er ferdig n\u00e5r de er gylne og t\u00f8rre. Tiden kan variere fra ovn til ovn. Avkj\u00f8les p\u00e5 rist og oppbevares i lufttett boks.<\/p>\n\n\n\n<h3 class=\"wp-block-heading\" id=\"guacamole\">Guacamole<\/h3>\n\n\n\n<ol class=\"wp-block-list\">\n<li>Skrell og mos avokado med en gaffel i en bolle.<\/li>\n\n\n\n<li>Del chilien p\u00e5 langs og ta ut fr\u00f8ene. <\/li>\n\n\n\n<li>Skrell hvitl\u00f8ken.<\/li>\n\n\n\n<li>Finhakk hvitl\u00f8k og chili. <\/li>\n\n\n\n<li>Bland sammen avokado, hvitl\u00f8k og chili i bollen og smak til med lime.<\/li>\n<\/ol>\n\n\n\n<p>Avkj\u00f8l p\u00e5 benken. Oppbevares i lufttett boks eller glass s\u00e5 de ikke blir myke.<\/p>\n\n\n\n<div class=\"wp-block-teft-cards-theme\">\n<h2 class=\"wp-block-heading has-text-align-center\" id=\"h-sunt-kosthold-ved-kreft\">Sunt kosthold ved kreft<\/h2>\n\n\n\n<p class=\"has-text-align-center\">Oppskrifter for kreftpasienter som har normalt god matlyst.<\/p>\n\n\n\n<div class=\"wp-block-teft-cards alignwide teft-cards-grid default-size-4\"><div class=\"teft-cards-item has-6-columns is-card-kf-custom has-card-shadow\">\n\t<div class=\"teft-card card_type_page \">\n\t\t<a href=\"https:\/\/kreftforeningen.no\/vardesenteret\/oppskrifter\/havrescones\/\" class=\"teft-card__primary-action\">\n\t\t\t<div class=\"teft-card__media teft-card__media--16-9\"><img decoding=\"async\" width=\"1024\" height=\"576\" src=\"https:\/\/kreftforeningen.no\/content\/uploads\/2020\/10\/havrescones.jpg\" class=\"attachment-large size-large\" alt=\"en bolle med gulrothummus ved siden av en tallerken med br\u00f8d.\" srcset=\"https:\/\/kreftforeningen.no\/content\/uploads\/2020\/10\/havrescones.jpg 2048w, https:\/\/kreftforeningen.no\/content\/uploads\/2020\/10\/havrescones-135x76.jpg 135w\" sizes=\"(max-width: 1024px) 100vw, 1024px\" loading=\"lazy\" \/> <\/div>\t\t\t<div class=\"teft-card__primary\">\n\t\t\t\t<h2 class=\"teft-card__title\" id=\"havrescones\">Havrescones<\/h2>\n\t\t\t<\/div>\n\n\t\t\t<div class=\"teft-card__secondary\">\n\t\t\t\t<p><\/p><img decoding=\"async\" src=\"https:\/\/kreftforeningen.no\/content\/themes\/kreftforeningen\/assets\/icons\/arrow-right-blue.svg\" alt=\"Les Havrescones\" \/>\t\t\t<\/div>\n\t\t<\/a>\n\t<\/div>\n\n\t<\/div>\n\n<div class=\"teft-cards-item has-6-columns is-card-kf-custom has-card-shadow\">\n\t<div class=\"teft-card card_type_page \">\n\t\t<a href=\"https:\/\/kreftforeningen.no\/vardesenteret\/oppskrifter\/gronnsakssnacks-med-tzatziki-og-hummus\/\" class=\"teft-card__primary-action\">\n\t\t\t<div class=\"teft-card__media teft-card__media--16-9\"><img decoding=\"async\" width=\"1024\" height=\"768\" src=\"https:\/\/kreftforeningen.no\/content\/uploads\/2026\/02\/Gronnsaker-og-dipp-Foto-Sara-Johannsen-1024x768.jpg\" class=\"attachment-large size-large\" alt=\"Et brett med et utvalg ferske gr\u00f8nnsaker, blant annet gulr\u00f8tter, selleri, reddiker, r\u00f8d paprika og sukkererter, servert med boller med hummus og kremet dip.\" srcset=\"https:\/\/kreftforeningen.no\/content\/uploads\/2026\/02\/Gronnsaker-og-dipp-Foto-Sara-Johannsen-1024x768.jpg 1024w, https:\/\/kreftforeningen.no\/content\/uploads\/2026\/02\/Gronnsaker-og-dipp-Foto-Sara-Johannsen-300x225.jpg 300w, https:\/\/kreftforeningen.no\/content\/uploads\/2026\/02\/Gronnsaker-og-dipp-Foto-Sara-Johannsen-768x576.jpg 768w, https:\/\/kreftforeningen.no\/content\/uploads\/2026\/02\/Gronnsaker-og-dipp-Foto-Sara-Johannsen-1536x1152.jpg 1536w, https:\/\/kreftforeningen.no\/content\/uploads\/2026\/02\/Gronnsaker-og-dipp-Foto-Sara-Johannsen-800x600.jpg 800w, https:\/\/kreftforeningen.no\/content\/uploads\/2026\/02\/Gronnsaker-og-dipp-Foto-Sara-Johannsen-135x101.jpg 135w, https:\/\/kreftforeningen.no\/content\/uploads\/2026\/02\/Gronnsaker-og-dipp-Foto-Sara-Johannsen.jpg 2048w\" sizes=\"(max-width: 1024px) 100vw, 1024px\" loading=\"lazy\" \/> <\/div>\t\t\t<div class=\"teft-card__primary\">\n\t\t\t\t<h2 class=\"teft-card__title\" id=\"gronnsakssnacks-med-tzatziki-og-hummus\">Gr\u00f8nnsakssnacks med tzatziki og hummus<\/h2>\n\t\t\t<\/div>\n\n\t\t\t<div class=\"teft-card__secondary\">\n\t\t\t\t<p><\/p><img decoding=\"async\" src=\"https:\/\/kreftforeningen.no\/content\/themes\/kreftforeningen\/assets\/icons\/arrow-right-blue.svg\" alt=\"Les Gr\u00f8nnsakssnacks med tzatziki og hummus\" \/>\t\t\t<\/div>\n\t\t<\/a>\n\t<\/div>\n\n\t<\/div><\/div>\n\n\n\n<div class=\"wp-block-button aligncenter\"><a class=\"wp-block-button__link has-blue-background-color has-background wp-element-button\" href=\"https:\/\/kreftforeningen.no\/vardesenteret\/oppskrifter\/#sunt-kosthold-ved-kreft\">Flere oppskrifter<\/a><\/div>\n<\/div>\n","protected":false},"excerpt":{"rendered":"<p>Oppsummert Ingredienser Knekkebr\u00f8d Guacamole Her kan du blant annet se hvordan du lager knekkebr\u00f8d: Slik gj\u00f8r du Knekkebr\u00f8d Knekkebr\u00f8dene er ferdig n\u00e5r de er gylne og t\u00f8rre. Tiden kan variere fra ovn til ovn. Avkj\u00f8les p\u00e5 rist og oppbevares i lufttett boks. Guacamole Avkj\u00f8l p\u00e5 benken. Oppbevares i lufttett boks eller glass s\u00e5 de ikke [&hellip;]<\/p>\n","protected":false},"author":30,"featured_media":49278,"parent":1000,"menu_order":0,"comment_status":"closed","ping_status":"closed","template":"","meta":{"_relevanssi_hide_post":"","_relevanssi_hide_content":"","_relevanssi_pin_for_all":"","_relevanssi_pin_keywords":"","_relevanssi_unpin_keywords":"","_relevanssi_related_keywords":"","_relevanssi_related_include_ids":"","_relevanssi_related_exclude_ids":"","_relevanssi_related_no_append":"","_relevanssi_related_not_related":"","_relevanssi_related_posts":"2523,1863,2411,2431,1697,1838","_relevanssi_noindex_reason":"","kf_show_post_date":true,"kf_show_updated_date":false,"kf_show_print_page":false,"kf_show_chapters":false,"kf_show_chapters_expanded":false,"kf_show_post_outdated":true,"kf_post_authors":[],"kf_toggle_title":false,"teft_cards_label":"","kf_is_template":false,"teft_cards_image_id":0,"teft_cards_image_focal_point_x":0,"teft_cards_image_focal_point_y":0,"teft_cards_title":"","teft_cards_excerpt":"","footnotes":""},"class_list":["post-1065","page","type-page","status-publish","has-post-thumbnail","hentry"],"yoast_head":"<!-- This site is optimized with the Yoast SEO Premium plugin v26.8 (Yoast SEO v26.8) - https:\/\/yoast.com\/product\/yoast-seo-premium-wordpress\/ -->\n<title>Knekkebr\u00f8d med guacamole - Vardesenteret<\/title>\n<meta name=\"robots\" content=\"index, follow, max-snippet:-1, max-image-preview:large, max-video-preview:-1\" \/>\n<link rel=\"canonical\" href=\"https:\/\/kreftforeningen.no\/vardesenteret\/oppskrifter\/knekkebrod-med-guacamole\/\" \/>\n<meta property=\"og:locale\" content=\"nb_NO\" \/>\n<meta property=\"og:type\" content=\"article\" \/>\n<meta property=\"og:title\" content=\"Knekkebr\u00f8d med guacamole\" \/>\n<meta property=\"og:description\" content=\"Oppsummert Ingredienser Knekkebr\u00f8d Guacamole Her kan du blant annet se hvordan du lager knekkebr\u00f8d: Slik gj\u00f8r du Knekkebr\u00f8d Knekkebr\u00f8dene er ferdig n\u00e5r de er gylne og t\u00f8rre. Tiden kan variere fra ovn til ovn. Avkj\u00f8les p\u00e5 rist og oppbevares i lufttett boks. Guacamole Avkj\u00f8l p\u00e5 benken. Oppbevares i lufttett boks eller glass s\u00e5 de ikke [&hellip;]\" \/>\n<meta property=\"og:url\" content=\"https:\/\/kreftforeningen.no\/vardesenteret\/oppskrifter\/knekkebrod-med-guacamole\/\" \/>\n<meta property=\"og:site_name\" content=\"Vardesenteret\" \/>\n<meta property=\"article:published_time\" content=\"2020-10-08T07:33:07+00:00\" \/>\n<meta property=\"article:modified_time\" content=\"2026-02-13T07:28:45+00:00\" \/>\n<meta name=\"twitter:card\" content=\"summary_large_image\" \/>\n<meta name=\"twitter:label1\" content=\"Ansl. lesetid\" \/>\n\t<meta name=\"twitter:data1\" content=\"3 minutter\" \/>\n<script type=\"application\/ld+json\" class=\"yoast-schema-graph\">{\"@context\":\"https:\/\/schema.org\",\"@graph\":[{\"@type\":\"WebPage\",\"@id\":\"https:\/\/kreftforeningen.no\/vardesenteret\/oppskrifter\/knekkebrod-med-guacamole\/\",\"url\":\"https:\/\/kreftforeningen.no\/vardesenteret\/oppskrifter\/knekkebrod-med-guacamole\/\",\"name\":\"Knekkebr\u00f8d med guacamole - Vardesenteret\",\"isPartOf\":{\"@id\":\"https:\/\/kreftforeningen.no\/vardesenteret\/#website\"},\"primaryImageOfPage\":{\"@id\":\"https:\/\/kreftforeningen.no\/vardesenteret\/oppskrifter\/knekkebrod-med-guacamole\/#primaryimage\"},\"image\":{\"@id\":\"https:\/\/kreftforeningen.no\/vardesenteret\/oppskrifter\/knekkebrod-med-guacamole\/#primaryimage\"},\"thumbnailUrl\":\"\",\"datePublished\":\"2020-10-08T07:33:07+00:00\",\"dateModified\":\"2026-02-13T07:28:45+00:00\",\"breadcrumb\":{\"@id\":\"https:\/\/kreftforeningen.no\/vardesenteret\/oppskrifter\/knekkebrod-med-guacamole\/#breadcrumb\"},\"inLanguage\":\"nb-NO\",\"potentialAction\":[{\"@type\":\"ReadAction\",\"target\":[\"https:\/\/kreftforeningen.no\/vardesenteret\/oppskrifter\/knekkebrod-med-guacamole\/\"]}]},{\"@type\":\"ImageObject\",\"inLanguage\":\"nb-NO\",\"@id\":\"https:\/\/kreftforeningen.no\/vardesenteret\/oppskrifter\/knekkebrod-med-guacamole\/#primaryimage\",\"url\":\"\",\"contentUrl\":\"\"},{\"@type\":\"BreadcrumbList\",\"@id\":\"https:\/\/kreftforeningen.no\/vardesenteret\/oppskrifter\/knekkebrod-med-guacamole\/#breadcrumb\",\"itemListElement\":[{\"@type\":\"ListItem\",\"position\":1,\"name\":\"Forside\",\"item\":\"https:\/\/kreftforeningen.no\/vardesenteret\/\"},{\"@type\":\"ListItem\",\"position\":2,\"name\":\"Matoppskrifter ved kreft\",\"item\":\"https:\/\/kreftforeningen.no\/vardesenteret\/oppskrifter\/\"},{\"@type\":\"ListItem\",\"position\":3,\"name\":\"Knekkebr\u00f8d med guacamole\"}]},{\"@type\":\"WebSite\",\"@id\":\"https:\/\/kreftforeningen.no\/vardesenteret\/#website\",\"url\":\"https:\/\/kreftforeningen.no\/vardesenteret\/\",\"name\":\"Vardesenteret\",\"description\":\"\",\"publisher\":{\"@id\":\"https:\/\/kreftforeningen.no\/vardesenteret\/#organization\"},\"potentialAction\":[{\"@type\":\"SearchAction\",\"target\":{\"@type\":\"EntryPoint\",\"urlTemplate\":\"https:\/\/kreftforeningen.no\/vardesenteret\/?s={search_term_string}\"},\"query-input\":{\"@type\":\"PropertyValueSpecification\",\"valueRequired\":true,\"valueName\":\"search_term_string\"}}],\"inLanguage\":\"nb-NO\"},{\"@type\":\"Organization\",\"@id\":\"https:\/\/kreftforeningen.no\/vardesenteret\/#organization\",\"name\":\"Vardesenteret\",\"url\":\"https:\/\/kreftforeningen.no\/vardesenteret\/\",\"logo\":{\"@type\":\"ImageObject\",\"inLanguage\":\"nb-NO\",\"@id\":\"https:\/\/kreftforeningen.no\/vardesenteret\/#\/schema\/logo\/image\/\",\"url\":\"https:\/\/kreftforeningen.no\/content\/uploads\/2026\/02\/cropped-Vardesenter_signatur_sort_horisontal_uten-undertekst-e1589886700835.png\",\"contentUrl\":\"https:\/\/kreftforeningen.no\/content\/uploads\/2026\/02\/cropped-Vardesenter_signatur_sort_horisontal_uten-undertekst-e1589886700835.png\",\"caption\":\"Vardesenteret\"},\"image\":{\"@id\":\"https:\/\/kreftforeningen.no\/vardesenteret\/#\/schema\/logo\/image\/\"}}]}<\/script>\n<!-- \/ Yoast SEO Premium plugin. -->","yoast_head_json":{"title":"Knekkebr\u00f8d med guacamole - Vardesenteret","robots":{"index":"index","follow":"follow","max-snippet":"max-snippet:-1","max-image-preview":"max-image-preview:large","max-video-preview":"max-video-preview:-1"},"canonical":"https:\/\/kreftforeningen.no\/vardesenteret\/oppskrifter\/knekkebrod-med-guacamole\/","og_locale":"nb_NO","og_type":"article","og_title":"Knekkebr\u00f8d med guacamole","og_description":"Oppsummert Ingredienser Knekkebr\u00f8d Guacamole Her kan du blant annet se hvordan du lager knekkebr\u00f8d: Slik gj\u00f8r du Knekkebr\u00f8d Knekkebr\u00f8dene er ferdig n\u00e5r de er gylne og t\u00f8rre. Tiden kan variere fra ovn til ovn. Avkj\u00f8les p\u00e5 rist og oppbevares i lufttett boks. Guacamole Avkj\u00f8l p\u00e5 benken. Oppbevares i lufttett boks eller glass s\u00e5 de ikke [&hellip;]","og_url":"https:\/\/kreftforeningen.no\/vardesenteret\/oppskrifter\/knekkebrod-med-guacamole\/","og_site_name":"Vardesenteret","article_published_time":"2020-10-08T07:33:07+00:00","article_modified_time":"2026-02-13T07:28:45+00:00","twitter_card":"summary_large_image","twitter_misc":{"Ansl. lesetid":"3 minutter"},"schema":{"@context":"https:\/\/schema.org","@graph":[{"@type":"WebPage","@id":"https:\/\/kreftforeningen.no\/vardesenteret\/oppskrifter\/knekkebrod-med-guacamole\/","url":"https:\/\/kreftforeningen.no\/vardesenteret\/oppskrifter\/knekkebrod-med-guacamole\/","name":"Knekkebr\u00f8d med guacamole - Vardesenteret","isPartOf":{"@id":"https:\/\/kreftforeningen.no\/vardesenteret\/#website"},"primaryImageOfPage":{"@id":"https:\/\/kreftforeningen.no\/vardesenteret\/oppskrifter\/knekkebrod-med-guacamole\/#primaryimage"},"image":{"@id":"https:\/\/kreftforeningen.no\/vardesenteret\/oppskrifter\/knekkebrod-med-guacamole\/#primaryimage"},"thumbnailUrl":"","datePublished":"2020-10-08T07:33:07+00:00","dateModified":"2026-02-13T07:28:45+00:00","breadcrumb":{"@id":"https:\/\/kreftforeningen.no\/vardesenteret\/oppskrifter\/knekkebrod-med-guacamole\/#breadcrumb"},"inLanguage":"nb-NO","potentialAction":[{"@type":"ReadAction","target":["https:\/\/kreftforeningen.no\/vardesenteret\/oppskrifter\/knekkebrod-med-guacamole\/"]}]},{"@type":"ImageObject","inLanguage":"nb-NO","@id":"https:\/\/kreftforeningen.no\/vardesenteret\/oppskrifter\/knekkebrod-med-guacamole\/#primaryimage","url":"","contentUrl":""},{"@type":"BreadcrumbList","@id":"https:\/\/kreftforeningen.no\/vardesenteret\/oppskrifter\/knekkebrod-med-guacamole\/#breadcrumb","itemListElement":[{"@type":"ListItem","position":1,"name":"Forside","item":"https:\/\/kreftforeningen.no\/vardesenteret\/"},{"@type":"ListItem","position":2,"name":"Matoppskrifter ved kreft","item":"https:\/\/kreftforeningen.no\/vardesenteret\/oppskrifter\/"},{"@type":"ListItem","position":3,"name":"Knekkebr\u00f8d med guacamole"}]},{"@type":"WebSite","@id":"https:\/\/kreftforeningen.no\/vardesenteret\/#website","url":"https:\/\/kreftforeningen.no\/vardesenteret\/","name":"Vardesenteret","description":"","publisher":{"@id":"https:\/\/kreftforeningen.no\/vardesenteret\/#organization"},"potentialAction":[{"@type":"SearchAction","target":{"@type":"EntryPoint","urlTemplate":"https:\/\/kreftforeningen.no\/vardesenteret\/?s={search_term_string}"},"query-input":{"@type":"PropertyValueSpecification","valueRequired":true,"valueName":"search_term_string"}}],"inLanguage":"nb-NO"},{"@type":"Organization","@id":"https:\/\/kreftforeningen.no\/vardesenteret\/#organization","name":"Vardesenteret","url":"https:\/\/kreftforeningen.no\/vardesenteret\/","logo":{"@type":"ImageObject","inLanguage":"nb-NO","@id":"https:\/\/kreftforeningen.no\/vardesenteret\/#\/schema\/logo\/image\/","url":"https:\/\/kreftforeningen.no\/content\/uploads\/2026\/02\/cropped-Vardesenter_signatur_sort_horisontal_uten-undertekst-e1589886700835.png","contentUrl":"https:\/\/kreftforeningen.no\/content\/uploads\/2026\/02\/cropped-Vardesenter_signatur_sort_horisontal_uten-undertekst-e1589886700835.png","caption":"Vardesenteret"},"image":{"@id":"https:\/\/kreftforeningen.no\/vardesenteret\/#\/schema\/logo\/image\/"}}]}},"_links":{"self":[{"href":"https:\/\/kreftforeningen.no\/vardesenteret\/wp-json\/wp\/v2\/pages\/1065"}],"collection":[{"href":"https:\/\/kreftforeningen.no\/vardesenteret\/wp-json\/wp\/v2\/pages"}],"about":[{"href":"https:\/\/kreftforeningen.no\/vardesenteret\/wp-json\/wp\/v2\/types\/page"}],"author":[{"embeddable":true,"href":"https:\/\/kreftforeningen.no\/vardesenteret\/wp-json\/wp\/v2\/users\/30"}],"replies":[{"embeddable":true,"href":"https:\/\/kreftforeningen.no\/vardesenteret\/wp-json\/wp\/v2\/comments?post=1065"}],"version-history":[{"count":10,"href":"https:\/\/kreftforeningen.no\/vardesenteret\/wp-json\/wp\/v2\/pages\/1065\/revisions"}],"predecessor-version":[{"id":9812,"href":"https:\/\/kreftforeningen.no\/vardesenteret\/wp-json\/wp\/v2\/pages\/1065\/revisions\/9812"}],"up":[{"embeddable":true,"href":"https:\/\/kreftforeningen.no\/vardesenteret\/wp-json\/wp\/v2\/pages\/1000"}],"wp:featuredmedia":[{"embeddable":true,"href":"https:\/\/kreftforeningen.no\/vardesenteret\/wp-json\/"}],"wp:attachment":[{"href":"https:\/\/kreftforeningen.no\/vardesenteret\/wp-json\/wp\/v2\/media?parent=1065"}],"curies":[{"name":"wp","href":"https:\/\/api.w.org\/{rel}","templated":true}]}}