{"id":1069,"date":"2020-10-08T09:38:22","date_gmt":"2020-10-08T07:38:22","guid":{"rendered":"https:\/\/kreftforeningen.no\/vardesenteret\/?page_id=1069"},"modified":"2026-02-13T08:39:39","modified_gmt":"2026-02-13T07:39:39","slug":"kikertsnacks","status":"publish","type":"page","link":"https:\/\/kreftforeningen.no\/vardesenteret\/oppskrifter\/kikertsnacks\/","title":{"rendered":"Kikertsnacks"},"content":{"rendered":"\n<figure class=\"wp-block-image size-large\"><img loading=\"lazy\" decoding=\"async\" width=\"1024\" height=\"768\" src=\"https:\/\/kreftforeningen.no\/content\/uploads\/2026\/02\/Kikerter-Foto-Sara-Johannsen-1024x768.jpg\" alt=\"P\u00e5 en tallerken med bakepapir ligger ristede kikerter ved siden av en liten bolle med malte krydder, med friske korianderblader p\u00e5 en bl\u00e5 strukturert overflate.\" class=\"wp-image-205608\" srcset=\"https:\/\/kreftforeningen.no\/content\/uploads\/2026\/02\/Kikerter-Foto-Sara-Johannsen-1024x768.jpg 1024w, https:\/\/kreftforeningen.no\/content\/uploads\/2026\/02\/Kikerter-Foto-Sara-Johannsen-300x225.jpg 300w, https:\/\/kreftforeningen.no\/content\/uploads\/2026\/02\/Kikerter-Foto-Sara-Johannsen-768x576.jpg 768w, https:\/\/kreftforeningen.no\/content\/uploads\/2026\/02\/Kikerter-Foto-Sara-Johannsen-1536x1152.jpg 1536w, https:\/\/kreftforeningen.no\/content\/uploads\/2026\/02\/Kikerter-Foto-Sara-Johannsen-800x600.jpg 800w, https:\/\/kreftforeningen.no\/content\/uploads\/2026\/02\/Kikerter-Foto-Sara-Johannsen-135x101.jpg 135w, https:\/\/kreftforeningen.no\/content\/uploads\/2026\/02\/Kikerter-Foto-Sara-Johannsen.jpg 2048w\" sizes=\"(max-width: 1024px) 100vw, 1024px\" \/><figcaption class=\"wp-element-caption\">Foto: Sara Johannsen<\/figcaption><\/figure>\n\n\n\n<h2 class=\"wp-block-heading\" id=\"h-oppsummert\">Oppsummert<\/h2>\n\n\n\n<ul class=\"wp-block-list\">\n<li>Tid: 40 minutter<\/li>\n\n\n\n<li>Utf\u00f8relse: Enkel<\/li>\n\n\n\n<li>Porsjoner: \u2013<\/li>\n<\/ul>\n\n\n\n<h2 class=\"wp-block-heading\" id=\"h-ingredienser\">Ingredienser<\/h2>\n\n\n\n<ul class=\"wp-block-list\">\n<li>1 boks hermetiske kikerter<\/li>\n\n\n\n<li>1 ss olivenolje<\/li>\n\n\n\n<li>\u00bd ss paprikapulver<\/li>\n\n\n\n<li>\u00bd ss spisskummen<\/li>\n\n\n\n<li>\u00bd ts kajennepepper<\/li>\n\n\n\n<li>\u00bd ts salt<\/li>\n\n\n\n<li>\u00bd ts pepper<\/li>\n<\/ul>\n\n\n\n<figure class=\"wp-block-embed is-type-video is-provider-youtube wp-block-embed-youtube wp-embed-aspect-16-9 wp-has-aspect-ratio\"><div class=\"wp-block-embed__wrapper\">\n<iframe loading=\"lazy\" title=\"KIKERTSNACKS | Inspirasjon til gode matvaner ved kreft | Vardesenteret\" width=\"500\" height=\"281\" src=\"https:\/\/www.youtube-nocookie.com\/embed\/6oVaQBfLitI?feature=oembed&#038;hl=no&#038;enablejsapi=1&#038;origin=https:\/\/kreftforeningen.no\" frameborder=\"0\" allow=\"accelerometer; autoplay; clipboard-write; encrypted-media; gyroscope; picture-in-picture; web-share\" referrerpolicy=\"strict-origin-when-cross-origin\" allowfullscreen><\/iframe>\n<\/div><figcaption class=\"wp-element-caption\"><a href=\"https:\/\/kreftforeningen.no\/rad-og-rettigheter\/kosthold-ved-kreft\/verktoykasse-for-helsepersonell-mat-og-kreft\/sunt-kosthold-ved-kreft\/\"><strong>Se flere filmer med inspirasjon til sunt kosthold ved kreft<\/strong><\/a><\/figcaption><\/figure>\n\n\n\n<h2 class=\"wp-block-heading\" id=\"h-slik-gjor-du\">Slik gj\u00f8r du<\/h2>\n\n\n\n<ol class=\"wp-block-list\">\n<li>Skyll kikertene i et d\u00f8rslag og t\u00f8rk dem med t\u00f8rkepapir. <\/li>\n\n\n\n<li>Bland olje med krydder i en bolle.<\/li>\n\n\n\n<li>Ha kikertene i bollen med oljeblandingen og r\u00f8r sammen. <\/li>\n\n\n\n<li>Legg bakepapir i en langpanne og fordel kikertene utover. <\/li>\n\n\n\n<li>Stekes midt i ovnen p\u00e5 180 \u00b0C i 40 minutter.<\/li>\n<\/ol>\n\n\n\n<p>Avkj\u00f8l p\u00e5 benken. Oppbevares i lufttett boks eller glass s\u00e5 de ikke blir myke.<\/p>\n\n\n\n<div class=\"wp-block-teft-cards-theme\">\n<h2 class=\"wp-block-heading has-text-align-center\" id=\"h-sunt-kosthold-ved-kreft\">Sunt kosthold ved kreft<\/h2>\n\n\n\n<p class=\"has-text-align-center\">Oppskrifter for kreftpasienter som har normalt god matlyst.<\/p>\n\n\n\n<div class=\"wp-block-teft-cards alignwide teft-cards-grid default-size-4\"><div class=\"teft-cards-item has-6-columns is-card-kf-custom has-card-shadow\">\n\t<div class=\"teft-card card_type_page \">\n\t\t<a href=\"https:\/\/kreftforeningen.no\/vardesenteret\/oppskrifter\/laks-med-lime-korianderpesto-og-mangosalat\/\" class=\"teft-card__primary-action\">\n\t\t\t<div class=\"teft-card__media teft-card__media--16-9\"><img decoding=\"async\" width=\"1024\" height=\"768\" src=\"https:\/\/kreftforeningen.no\/content\/uploads\/2022\/01\/laks-og-mango-foto-sara-johannsen-1024x768.jpg\" class=\"attachment-large size-large\" alt=\"Stekt laks og mango med chili dandert p\u00e5 en hvit tallerken med gr\u00f8nt tilbeh\u00f8r. Foto.\" srcset=\"https:\/\/kreftforeningen.no\/content\/uploads\/2022\/01\/laks-og-mango-foto-sara-johannsen-1024x768.jpg 1024w, https:\/\/kreftforeningen.no\/content\/uploads\/2022\/01\/laks-og-mango-foto-sara-johannsen-300x225.jpg 300w, https:\/\/kreftforeningen.no\/content\/uploads\/2022\/01\/laks-og-mango-foto-sara-johannsen-768x576.jpg 768w, https:\/\/kreftforeningen.no\/content\/uploads\/2022\/01\/laks-og-mango-foto-sara-johannsen-1536x1152.jpg 1536w, https:\/\/kreftforeningen.no\/content\/uploads\/2022\/01\/laks-og-mango-foto-sara-johannsen-800x600.jpg 800w, https:\/\/kreftforeningen.no\/content\/uploads\/2022\/01\/laks-og-mango-foto-sara-johannsen-135x101.jpg 135w, https:\/\/kreftforeningen.no\/content\/uploads\/2022\/01\/laks-og-mango-foto-sara-johannsen.jpg 2048w\" sizes=\"(max-width: 1024px) 100vw, 1024px\" loading=\"lazy\" \/> <\/div>\t\t\t<div class=\"teft-card__primary\">\n\t\t\t\t<h2 class=\"teft-card__title\" id=\"laks-med-lime-korianderpesto-og-mangosalat\">Laks med lime, korianderpesto og mangosalat<\/h2>\n\t\t\t<\/div>\n\n\t\t\t<div class=\"teft-card__secondary\">\n\t\t\t\t<p><\/p><img decoding=\"async\" src=\"https:\/\/kreftforeningen.no\/content\/themes\/kreftforeningen\/assets\/icons\/arrow-right-blue.svg\" alt=\"Les Laks med lime, korianderpesto og mangosalat\" \/>\t\t\t<\/div>\n\t\t<\/a>\n\t<\/div>\n\n\t<\/div>\n\n<div class=\"teft-cards-item has-6-columns is-card-kf-custom has-card-shadow\">\n\t<div class=\"teft-card card_type_page \">\n\t\t<a href=\"https:\/\/kreftforeningen.no\/vardesenteret\/oppskrifter\/brokkolisalat\/\" class=\"teft-card__primary-action\">\n\t\t\t<div class=\"teft-card__media teft-card__media--16-9\"> <\/div>\t\t\t<div class=\"teft-card__primary\">\n\t\t\t\t<h2 class=\"teft-card__title\" id=\"brokkolisalat\">Brokkolisalat<\/h2>\n\t\t\t<\/div>\n\n\t\t\t<div class=\"teft-card__secondary\">\n\t\t\t\t<p><\/p><img decoding=\"async\" src=\"https:\/\/kreftforeningen.no\/content\/themes\/kreftforeningen\/assets\/icons\/arrow-right-blue.svg\" alt=\"Les Brokkolisalat\" \/>\t\t\t<\/div>\n\t\t<\/a>\n\t<\/div>\n\n\t<\/div><\/div>\n\n\n\n<div class=\"wp-block-button aligncenter\"><a class=\"wp-block-button__link has-blue-background-color has-background wp-element-button\" href=\"https:\/\/kreftforeningen.no\/vardesenteret\/oppskrifter\/#sunt-kosthold-ved-kreft\">Flere oppskrifter<\/a><\/div>\n<\/div>\n","protected":false},"excerpt":{"rendered":"<p>Oppsummert Ingredienser Slik gj\u00f8r du Avkj\u00f8l p\u00e5 benken. Oppbevares i lufttett boks eller glass s\u00e5 de ikke blir myke.<\/p>\n","protected":false},"author":30,"featured_media":205608,"parent":1000,"menu_order":0,"comment_status":"closed","ping_status":"closed","template":"","meta":{"_relevanssi_hide_post":"","_relevanssi_hide_content":"","_relevanssi_pin_for_all":"","_relevanssi_pin_keywords":"","_relevanssi_unpin_keywords":"","_relevanssi_related_keywords":"","_relevanssi_related_include_ids":"","_relevanssi_related_exclude_ids":"","_relevanssi_related_no_append":"","_relevanssi_related_not_related":"","_relevanssi_related_posts":"1849,2511,2431,1697,2523,1863","_relevanssi_noindex_reason":"","kf_show_post_date":true,"kf_show_updated_date":false,"kf_show_print_page":false,"kf_show_chapters":false,"kf_show_chapters_expanded":false,"kf_show_post_outdated":true,"kf_post_authors":[],"kf_toggle_title":false,"teft_cards_label":"","kf_is_template":false,"teft_cards_image_id":0,"teft_cards_image_focal_point_x":0,"teft_cards_image_focal_point_y":0,"teft_cards_title":"","teft_cards_excerpt":"","footnotes":""},"class_list":["post-1069","page","type-page","status-publish","has-post-thumbnail","hentry"],"yoast_head":"<!-- This site is optimized with the Yoast SEO Premium plugin v26.8 (Yoast SEO v26.8) - https:\/\/yoast.com\/product\/yoast-seo-premium-wordpress\/ -->\n<title>Kikertsnacks - Vardesenteret<\/title>\n<meta name=\"robots\" content=\"index, follow, max-snippet:-1, max-image-preview:large, max-video-preview:-1\" \/>\n<link rel=\"canonical\" href=\"https:\/\/kreftforeningen.no\/vardesenteret\/oppskrifter\/kikertsnacks\/\" \/>\n<meta property=\"og:locale\" content=\"nb_NO\" \/>\n<meta property=\"og:type\" content=\"article\" \/>\n<meta property=\"og:title\" content=\"Kikertsnacks\" \/>\n<meta property=\"og:description\" content=\"Oppsummert Ingredienser Slik gj\u00f8r du Avkj\u00f8l p\u00e5 benken. Oppbevares i lufttett boks eller glass s\u00e5 de ikke blir myke.\" \/>\n<meta property=\"og:url\" content=\"https:\/\/kreftforeningen.no\/vardesenteret\/oppskrifter\/kikertsnacks\/\" \/>\n<meta property=\"og:site_name\" content=\"Vardesenteret\" \/>\n<meta property=\"article:published_time\" content=\"2020-10-08T07:38:22+00:00\" \/>\n<meta property=\"article:modified_time\" content=\"2026-02-13T07:39:39+00:00\" \/>\n<meta property=\"og:image\" content=\"https:\/\/kreftforeningen.no\/content\/uploads\/2026\/02\/Kikerter-Foto-Sara-Johannsen.jpg\" \/>\n\t<meta property=\"og:image:width\" content=\"2048\" \/>\n\t<meta property=\"og:image:height\" content=\"1536\" \/>\n\t<meta property=\"og:image:type\" content=\"image\/jpeg\" \/>\n<meta name=\"twitter:card\" content=\"summary_large_image\" \/>\n<meta name=\"twitter:label1\" content=\"Ansl. lesetid\" \/>\n\t<meta name=\"twitter:data1\" content=\"1 minutt\" \/>\n<script type=\"application\/ld+json\" class=\"yoast-schema-graph\">{\"@context\":\"https:\/\/schema.org\",\"@graph\":[{\"@type\":\"WebPage\",\"@id\":\"https:\/\/kreftforeningen.no\/vardesenteret\/oppskrifter\/kikertsnacks\/\",\"url\":\"https:\/\/kreftforeningen.no\/vardesenteret\/oppskrifter\/kikertsnacks\/\",\"name\":\"Kikertsnacks - Vardesenteret\",\"isPartOf\":{\"@id\":\"https:\/\/kreftforeningen.no\/vardesenteret\/#website\"},\"primaryImageOfPage\":{\"@id\":\"https:\/\/kreftforeningen.no\/vardesenteret\/oppskrifter\/kikertsnacks\/#primaryimage\"},\"image\":{\"@id\":\"https:\/\/kreftforeningen.no\/vardesenteret\/oppskrifter\/kikertsnacks\/#primaryimage\"},\"thumbnailUrl\":\"https:\/\/kreftforeningen.no\/content\/uploads\/2026\/02\/Kikerter-Foto-Sara-Johannsen.jpg\",\"datePublished\":\"2020-10-08T07:38:22+00:00\",\"dateModified\":\"2026-02-13T07:39:39+00:00\",\"breadcrumb\":{\"@id\":\"https:\/\/kreftforeningen.no\/vardesenteret\/oppskrifter\/kikertsnacks\/#breadcrumb\"},\"inLanguage\":\"nb-NO\",\"potentialAction\":[{\"@type\":\"ReadAction\",\"target\":[\"https:\/\/kreftforeningen.no\/vardesenteret\/oppskrifter\/kikertsnacks\/\"]}]},{\"@type\":\"ImageObject\",\"inLanguage\":\"nb-NO\",\"@id\":\"https:\/\/kreftforeningen.no\/vardesenteret\/oppskrifter\/kikertsnacks\/#primaryimage\",\"url\":\"https:\/\/kreftforeningen.no\/content\/uploads\/2026\/02\/Kikerter-Foto-Sara-Johannsen.jpg\",\"contentUrl\":\"https:\/\/kreftforeningen.no\/content\/uploads\/2026\/02\/Kikerter-Foto-Sara-Johannsen.jpg\"},{\"@type\":\"BreadcrumbList\",\"@id\":\"https:\/\/kreftforeningen.no\/vardesenteret\/oppskrifter\/kikertsnacks\/#breadcrumb\",\"itemListElement\":[{\"@type\":\"ListItem\",\"position\":1,\"name\":\"Forside\",\"item\":\"https:\/\/kreftforeningen.no\/vardesenteret\/\"},{\"@type\":\"ListItem\",\"position\":2,\"name\":\"Matoppskrifter ved kreft\",\"item\":\"https:\/\/kreftforeningen.no\/vardesenteret\/oppskrifter\/\"},{\"@type\":\"ListItem\",\"position\":3,\"name\":\"Kikertsnacks\"}]},{\"@type\":\"WebSite\",\"@id\":\"https:\/\/kreftforeningen.no\/vardesenteret\/#website\",\"url\":\"https:\/\/kreftforeningen.no\/vardesenteret\/\",\"name\":\"Vardesenteret\",\"description\":\"\",\"publisher\":{\"@id\":\"https:\/\/kreftforeningen.no\/vardesenteret\/#organization\"},\"potentialAction\":[{\"@type\":\"SearchAction\",\"target\":{\"@type\":\"EntryPoint\",\"urlTemplate\":\"https:\/\/kreftforeningen.no\/vardesenteret\/?s={search_term_string}\"},\"query-input\":{\"@type\":\"PropertyValueSpecification\",\"valueRequired\":true,\"valueName\":\"search_term_string\"}}],\"inLanguage\":\"nb-NO\"},{\"@type\":\"Organization\",\"@id\":\"https:\/\/kreftforeningen.no\/vardesenteret\/#organization\",\"name\":\"Vardesenteret\",\"url\":\"https:\/\/kreftforeningen.no\/vardesenteret\/\",\"logo\":{\"@type\":\"ImageObject\",\"inLanguage\":\"nb-NO\",\"@id\":\"https:\/\/kreftforeningen.no\/vardesenteret\/#\/schema\/logo\/image\/\",\"url\":\"https:\/\/kreftforeningen.no\/content\/uploads\/2026\/02\/cropped-Vardesenter_signatur_sort_horisontal_uten-undertekst-e1589886700835.png\",\"contentUrl\":\"https:\/\/kreftforeningen.no\/content\/uploads\/2026\/02\/cropped-Vardesenter_signatur_sort_horisontal_uten-undertekst-e1589886700835.png\",\"caption\":\"Vardesenteret\"},\"image\":{\"@id\":\"https:\/\/kreftforeningen.no\/vardesenteret\/#\/schema\/logo\/image\/\"}}]}<\/script>\n<!-- \/ Yoast SEO Premium plugin. -->","yoast_head_json":{"title":"Kikertsnacks - Vardesenteret","robots":{"index":"index","follow":"follow","max-snippet":"max-snippet:-1","max-image-preview":"max-image-preview:large","max-video-preview":"max-video-preview:-1"},"canonical":"https:\/\/kreftforeningen.no\/vardesenteret\/oppskrifter\/kikertsnacks\/","og_locale":"nb_NO","og_type":"article","og_title":"Kikertsnacks","og_description":"Oppsummert Ingredienser Slik gj\u00f8r du Avkj\u00f8l p\u00e5 benken. Oppbevares i lufttett boks eller glass s\u00e5 de ikke blir myke.","og_url":"https:\/\/kreftforeningen.no\/vardesenteret\/oppskrifter\/kikertsnacks\/","og_site_name":"Vardesenteret","article_published_time":"2020-10-08T07:38:22+00:00","article_modified_time":"2026-02-13T07:39:39+00:00","og_image":[{"width":2048,"height":1536,"url":"https:\/\/kreftforeningen.no\/content\/uploads\/2026\/02\/Kikerter-Foto-Sara-Johannsen.jpg","type":"image\/jpeg"}],"twitter_card":"summary_large_image","twitter_misc":{"Ansl. lesetid":"1 minutt"},"schema":{"@context":"https:\/\/schema.org","@graph":[{"@type":"WebPage","@id":"https:\/\/kreftforeningen.no\/vardesenteret\/oppskrifter\/kikertsnacks\/","url":"https:\/\/kreftforeningen.no\/vardesenteret\/oppskrifter\/kikertsnacks\/","name":"Kikertsnacks - Vardesenteret","isPartOf":{"@id":"https:\/\/kreftforeningen.no\/vardesenteret\/#website"},"primaryImageOfPage":{"@id":"https:\/\/kreftforeningen.no\/vardesenteret\/oppskrifter\/kikertsnacks\/#primaryimage"},"image":{"@id":"https:\/\/kreftforeningen.no\/vardesenteret\/oppskrifter\/kikertsnacks\/#primaryimage"},"thumbnailUrl":"https:\/\/kreftforeningen.no\/content\/uploads\/2026\/02\/Kikerter-Foto-Sara-Johannsen.jpg","datePublished":"2020-10-08T07:38:22+00:00","dateModified":"2026-02-13T07:39:39+00:00","breadcrumb":{"@id":"https:\/\/kreftforeningen.no\/vardesenteret\/oppskrifter\/kikertsnacks\/#breadcrumb"},"inLanguage":"nb-NO","potentialAction":[{"@type":"ReadAction","target":["https:\/\/kreftforeningen.no\/vardesenteret\/oppskrifter\/kikertsnacks\/"]}]},{"@type":"ImageObject","inLanguage":"nb-NO","@id":"https:\/\/kreftforeningen.no\/vardesenteret\/oppskrifter\/kikertsnacks\/#primaryimage","url":"https:\/\/kreftforeningen.no\/content\/uploads\/2026\/02\/Kikerter-Foto-Sara-Johannsen.jpg","contentUrl":"https:\/\/kreftforeningen.no\/content\/uploads\/2026\/02\/Kikerter-Foto-Sara-Johannsen.jpg"},{"@type":"BreadcrumbList","@id":"https:\/\/kreftforeningen.no\/vardesenteret\/oppskrifter\/kikertsnacks\/#breadcrumb","itemListElement":[{"@type":"ListItem","position":1,"name":"Forside","item":"https:\/\/kreftforeningen.no\/vardesenteret\/"},{"@type":"ListItem","position":2,"name":"Matoppskrifter ved kreft","item":"https:\/\/kreftforeningen.no\/vardesenteret\/oppskrifter\/"},{"@type":"ListItem","position":3,"name":"Kikertsnacks"}]},{"@type":"WebSite","@id":"https:\/\/kreftforeningen.no\/vardesenteret\/#website","url":"https:\/\/kreftforeningen.no\/vardesenteret\/","name":"Vardesenteret","description":"","publisher":{"@id":"https:\/\/kreftforeningen.no\/vardesenteret\/#organization"},"potentialAction":[{"@type":"SearchAction","target":{"@type":"EntryPoint","urlTemplate":"https:\/\/kreftforeningen.no\/vardesenteret\/?s={search_term_string}"},"query-input":{"@type":"PropertyValueSpecification","valueRequired":true,"valueName":"search_term_string"}}],"inLanguage":"nb-NO"},{"@type":"Organization","@id":"https:\/\/kreftforeningen.no\/vardesenteret\/#organization","name":"Vardesenteret","url":"https:\/\/kreftforeningen.no\/vardesenteret\/","logo":{"@type":"ImageObject","inLanguage":"nb-NO","@id":"https:\/\/kreftforeningen.no\/vardesenteret\/#\/schema\/logo\/image\/","url":"https:\/\/kreftforeningen.no\/content\/uploads\/2026\/02\/cropped-Vardesenter_signatur_sort_horisontal_uten-undertekst-e1589886700835.png","contentUrl":"https:\/\/kreftforeningen.no\/content\/uploads\/2026\/02\/cropped-Vardesenter_signatur_sort_horisontal_uten-undertekst-e1589886700835.png","caption":"Vardesenteret"},"image":{"@id":"https:\/\/kreftforeningen.no\/vardesenteret\/#\/schema\/logo\/image\/"}}]}},"_links":{"self":[{"href":"https:\/\/kreftforeningen.no\/vardesenteret\/wp-json\/wp\/v2\/pages\/1069"}],"collection":[{"href":"https:\/\/kreftforeningen.no\/vardesenteret\/wp-json\/wp\/v2\/pages"}],"about":[{"href":"https:\/\/kreftforeningen.no\/vardesenteret\/wp-json\/wp\/v2\/types\/page"}],"author":[{"embeddable":true,"href":"https:\/\/kreftforeningen.no\/vardesenteret\/wp-json\/wp\/v2\/users\/30"}],"replies":[{"embeddable":true,"href":"https:\/\/kreftforeningen.no\/vardesenteret\/wp-json\/wp\/v2\/comments?post=1069"}],"version-history":[{"count":9,"href":"https:\/\/kreftforeningen.no\/vardesenteret\/wp-json\/wp\/v2\/pages\/1069\/revisions"}],"predecessor-version":[{"id":9814,"href":"https:\/\/kreftforeningen.no\/vardesenteret\/wp-json\/wp\/v2\/pages\/1069\/revisions\/9814"}],"up":[{"embeddable":true,"href":"https:\/\/kreftforeningen.no\/vardesenteret\/wp-json\/wp\/v2\/pages\/1000"}],"wp:featuredmedia":[{"embeddable":true,"href":"https:\/\/kreftforeningen.no\/vardesenteret\/wp-json\/"}],"wp:attachment":[{"href":"https:\/\/kreftforeningen.no\/vardesenteret\/wp-json\/wp\/v2\/media?parent=1069"}],"curies":[{"name":"wp","href":"https:\/\/api.w.org\/{rel}","templated":true}]}}