{"id":11,"date":"2020-05-05T21:10:35","date_gmt":"2020-05-05T19:10:35","guid":{"rendered":"https:\/\/stage2.kreftforeningen.no\/vardesenteret\/?page_id=11"},"modified":"2026-03-23T15:01:24","modified_gmt":"2026-03-23T14:01:24","slug":"bergen","status":"publish","type":"page","link":"https:\/\/kreftforeningen.no\/vardesenteret\/bergen\/","title":{"rendered":"Vardesenteret i Bergen"},"content":{"rendered":"\n<div class=\"wp-block-kf-ingress\"><div class=\"kf-header__ingress\"><p>Vardesenteret p\u00e5 Haukeland universitetssjukehus er en gratis m\u00f8teplass i samarbeid med Kreftforeningen for alle som er rammet av kreft. Her kan du ta en pause, utveksle erfaringer og f\u00e5 r\u00e5d og hjelp.  <\/p><\/div><\/div>\n\n\n\t<div style=\"min-height:400px\" class=\"has-background-dim has-blue-light-background-color is-vertically-aligned-center  is-style-content-right wp-block-teft-banner\" id=\"wp-block-teft-banner-c9f14dd326f0\">\n\t\t\t\t\t<div class=\"wp-block-teft-banner__media\" style=\"background-image: url(https:\/\/kreftforeningen.no\/content\/uploads\/2026\/02\/Hilde-E.-Wille-og-Kirsti-A.-Sordal-DSC00339.jpg);background-position: 65% 48%\">\n\t\t\t<\/div>\n\t\t\t\t<div class=\"wp-block-teft-banner__inner-container\">\n\t\t\t\n\n<h2 class=\"wp-block-heading\" id=\"h-tilbud-og-aktiviteter\">Tilbud og aktiviteter<\/h2>\n\n\n\n<p>Vardesenteret er et fristed for alle som rammes av kreft. Du kan slappe av i eget selskap n\u00e5r du vil det, dele erfaringer eller f\u00e5 r\u00e5d og hjelp i situasjonen du st\u00e5r i.<\/p>\n\n\n\n<div class=\"wp-block-buttons is-layout-flex wp-block-buttons-is-layout-flex\">\n<div class=\"wp-block-button\"><a class=\"wp-block-button__link has-blue-background-color has-background wp-element-button\" href=\"https:\/\/kreftforeningen.no\/vardesenteret\/tilbud\/?county=vestland\">Tilbud og aktiviteter i Bergen<\/a><\/div>\n<\/div>\n\n\n\n<p><a href=\"https:\/\/kreftforeningen.no\/content\/uploads\/2025\/10\/12615_Kreftforeningen_Vardesenteret-Brosjyre_Haukeland_Host2025_low.pdf\">Her kan du se v\u00e5r brosjyre digitalt<\/a><\/p>\n\n\t\t<\/div>\n\t<\/div>\n\t\n\n\t<div style=\"min-height:400px\" class=\"has-background-dim has-blue-light-background-color is-vertically-aligned-center  is-style-content-left wp-block-teft-banner\" id=\"wp-block-teft-banner-dd5c1439334e\">\n\t\t\t\t\t<div class=\"wp-block-teft-banner__media\" style=\"background-image: url(https:\/\/kreftforeningen.no\/content\/uploads\/2026\/03\/facebookbilde-til-familiekraft-1-e1774267057575.jpg);background-position: 65% 48%\">\n\t\t\t<\/div>\n\t\t\t\t<div class=\"wp-block-teft-banner__inner-container\">\n\t\t\t\n\n<h2 class=\"wp-block-heading\" id=\"h-vardesenterets-familieskole\">Vardesenterets Familieskole<\/h2>\n\n\n\n<p>Familieskolen er et l\u00e6rings- og mestringskurs som skal styrke families mestring, livskvalitet og fungering n\u00e5r en av foreldrene har f\u00e5tt kreft.&nbsp;<\/p>\n\n\n\n<div class=\"wp-block-buttons is-layout-flex wp-block-buttons-is-layout-flex\">\n<div class=\"wp-block-button\"><a class=\"wp-block-button__link has-blue-background-color has-background wp-element-button\" href=\"https:\/\/kreftforeningen.no\/vardesenteret\/vardesenterets-familieskole\/\">Les mer om Familieskolen her<\/a><\/div>\n<\/div>\n\n\n\n<p><a href=\"https:\/\/kreftforeningen.no\/content\/uploads\/2026\/03\/A5_flyer-familieskolen_2026_trykkeklar.pdf\">Her kan du se brosjyren for Familieskolen digitalt<\/a><\/p>\n\n\t\t<\/div>\n\t<\/div>\n\t\n\n\n<div class=\"wp-block-group has-grey-light-background-color has-background\"><div class=\"wp-block-group__inner-container is-layout-constrained wp-block-group-is-layout-constrained\">\n<h2 class=\"wp-block-heading\" id=\"h-apningstider\">\u00c5pningstider<\/h2>\n\n\n\n<p><strong>Vardesenteret holder p\u00e5skestengt hele uke 14.<\/strong><br><strong>Vi \u00e5pner igjen tirsdag 7. april. <br>God p\u00e5ske<\/strong><br><br> Vi er \u00e5pne for pasienter og p\u00e5r\u00f8rende i Ibsens gate 118 (like bak pasienthotellet). V\u00e5re fagpersoner og frivillige er p\u00e5 plass, og du kan f\u00e5 hjelp med sp\u00f8rsm\u00e5l du m\u00e5tte ha knyttet til kreftsykdom.<br><br><strong>Mandag \u2013 torsdag:<\/strong> kl. 09:30-14:30<br><strong>Kvelds\u00e5pent onsdag<\/strong> kl. 17:00-20:00<br><strong>Fredag<\/strong> kl. 10:00-13:00<\/p>\n\n\n\n<p>\u00c5pningstider kan variere i ferier og h\u00f8ytider<\/p>\n<\/div><\/div>\n\n\n\t<div class=\"kf-accentuated-link__facebook wp-block-kf-accentuated-link\">\n\t\t\t\t<div class=\"kf-link__content\">\n\t\t\t\t\t\t\t<div class=\"kf-link__tagline\">F\u00f8lg oss<\/div>\n\t\t\t\t\t\t<a class=\"kf-link__link\" target=\"_self\" href=\"https:\/\/www.facebook.com\/vardesenteret\">\n\t\t\t\tVardesenteret Haukeland p\u00e5 Facebook\t\t\t\t\t\t\t\t\t<span class=\"kf-link__link-source\">facebook.com<\/span>\n\t\t\t\t\t\t\t<\/a>\n\t\t<\/div>\n\t<\/div>\n\t\n\n\n<h2 class=\"wp-block-heading\" id=\"h-her-finner-du-oss\">Her finner du oss<\/h2>\n\n\n\n<p><strong>Vardesenteret i Bergen<br><\/strong>Ibsens gate 118,<br>5052 Bergen<br><a href=\"https:\/\/goo.gl\/maps\/zhaAxfHJhMdPFLFS7\">Se kart (Google)<\/a><\/p>\n\n\n\n<h2 class=\"wp-block-heading\" id=\"h-kontakt-oss\">Kontakt oss<\/h2>\n\n\n<div class=\"person-grid\"><div class=\"person\" id=\"person-display-574\"><div class=\"person_content\"><h3 id=\"vardesenteret-i-bergen\">Vardesenteret i Bergen<\/h3><p>Haukeland Universitetssykehus<\/p><a class=\"person_email\" href=\"mailto:vardesenteret@helse-bergen.no\"><SVG xmlns=\"http:\/\/www.w3.org\/2000\/svg\" width=\"14\" height=\"11\" viewBox=\"0 0 14 12\" fill=\"none\"><g>\n\t<path d=\"M2.2 1.20001H11.8C12.46 1.20001 13 1.74001 13 2.40001V9.60001C13 10.26 12.46 10.8 11.8 10.8H2.2C1.54 10.8 1 10.26 1 9.60001V2.40001C1 1.74001 1.54 1.20001 2.2 1.20001Z\" stroke=\"black\" \/>\n\t<path d=\"M13 2.39996L7 6.59996L1 2.39996\" stroke=\"black\" \/><\/g><\/SVG><span>vardesenteret@helse-bergen.no<\/span><\/a><a href=\"tel:55977500\"><SVG xmlns=\"http:\/\/www.w3.org\/2000\/svg\" width=\"14\" height=\"14\" viewBox=\"0 0 14 14\" fill=\"none\"><g><path d=\"M12.9996 9.98431V11.7908C13.0003 11.9585 12.9659 12.1245 12.8986 12.2781C12.8313 12.4318 12.7325 12.5697 12.6087 12.6831C12.4849 12.7965 12.3387 12.8828 12.1795 12.9365C12.0203 12.9903 11.8517 13.0102 11.6843 12.9951C9.82768 12.7938 8.04426 12.1606 6.47734 11.1465C5.01953 10.222 3.78356 8.98843 2.8572 7.53351C1.83752 5.96259 1.20294 4.17405 1.0049 2.31277C0.98982 2.14625 1.00965 1.97843 1.06312 1.81998C1.11659 1.66153 1.20254 1.51592 1.31548 1.39244C1.42843 1.26896 1.5659 1.1703 1.71915 1.10274C1.87239 1.03519 2.03805 1.00022 2.20558 1.00006H4.01565C4.30846 0.997182 4.59233 1.10067 4.81435 1.29122C5.03636 1.48178 5.18138 1.74641 5.22236 2.03578C5.29876 2.61389 5.44044 3.18152 5.64471 3.72785C5.72589 3.94338 5.74346 4.17761 5.69534 4.4028C5.64721 4.62799 5.53542 4.83469 5.3732 4.99841L4.60694 5.76315C5.46585 7.27069 6.71655 8.51891 8.22708 9.37612L8.99334 8.61138C9.15739 8.44948 9.3645 8.33791 9.59013 8.28988C9.81577 8.24185 10.0505 8.25939 10.2664 8.3404C10.8138 8.54427 11.3826 8.68567 11.9619 8.76192C12.2549 8.80318 12.5226 8.95052 12.714 9.1759C12.9053 9.40128 13.007 9.68899 12.9996 9.98431Z\" stroke=\"black\" \/><\/g><\/SVG>55 97 75 00<\/a><\/div><\/div><\/div>\n\n\n<h2 id=\"disse-moter-du\" class=\"wp-block-heading\">Disse m\u00f8ter du<\/h2>\n\n\n\n<p>P\u00e5 Vardesenteret m\u00f8ter du mennesker med spesialkompetanse som kan hjelpe deg n\u00e5r du trenger det, frivillige fra Kreftforeningen,  samt likepersoner med krefterfaring som tar deg godt i mot. Vi har ogs\u00e5 jurister, kreftkoordinatorer og andre fagpersoner tilgjengelig. Stikk innom n\u00e5r det passer og bli s\u00e5 lenge du vil, uansett om du er p\u00e5r\u00f8rende, etterlatt, n\u00e5v\u00e6rende eller tidligere kreftpasient.<\/p>\n\n\n\n<div class=\"wp-block-columns is-layout-flex wp-container-core-columns-is-layout-1 wp-block-columns-is-layout-flex\">\n<div class=\"wp-block-column in-chapters is-layout-flow wp-block-column in-chapters-is-layout-flow\">\n<figure class=\"wp-block-image size-large is-style-rounded\"><img loading=\"lazy\" decoding=\"async\" width=\"1024\" height=\"1024\" src=\"https:\/\/kreftforeningen.no\/content\/uploads\/2023\/04\/Kreftforeningen333-1024x1024.jpg\" alt=\"en kvinne med briller sitter i en gr\u00f8nn stol.\" class=\"wp-image-130449\" srcset=\"https:\/\/kreftforeningen.no\/content\/uploads\/2023\/04\/Kreftforeningen333-1024x1024.jpg 1024w, https:\/\/kreftforeningen.no\/content\/uploads\/2023\/04\/Kreftforeningen333-300x300.jpg 300w, https:\/\/kreftforeningen.no\/content\/uploads\/2023\/04\/Kreftforeningen333-150x150.jpg 150w, https:\/\/kreftforeningen.no\/content\/uploads\/2023\/04\/Kreftforeningen333-768x768.jpg 768w, https:\/\/kreftforeningen.no\/content\/uploads\/2023\/04\/Kreftforeningen333-1536x1536.jpg 1536w, https:\/\/kreftforeningen.no\/content\/uploads\/2023\/04\/Kreftforeningen333-2048x2048.jpg 2048w, https:\/\/kreftforeningen.no\/content\/uploads\/2023\/04\/Kreftforeningen333-135x135.jpg 135w\" sizes=\"(max-width: 1024px) 100vw, 1024px\" \/><\/figure>\n\n\n\n<p><strong>Marie Tjelta<br>Senterkoordinator<\/strong><br>Utdannet sykepleier med lang erfaring fra arbeid innen l\u00e6ring og mestring. Hun vil med sin bakgrunn og erfaring bidra til \u00e5 utvikle Vardesenterets tilbud for kreftrammede.<\/p>\n<\/div>\n\n\n\n<div class=\"wp-block-column in-chapters is-layout-flow wp-block-column in-chapters-is-layout-flow\">\n<figure class=\"wp-block-image size-large is-style-rounded\"><img loading=\"lazy\" decoding=\"async\" width=\"1024\" height=\"1024\" src=\"https:\/\/kreftforeningen.no\/content\/uploads\/2023\/04\/Anita-Helland-Vardesenteret-21-1024x1024.jpg\" alt=\"\" class=\"wp-image-130448\" srcset=\"https:\/\/kreftforeningen.no\/content\/uploads\/2023\/04\/Anita-Helland-Vardesenteret-21-1024x1024.jpg 1024w, https:\/\/kreftforeningen.no\/content\/uploads\/2023\/04\/Anita-Helland-Vardesenteret-21-300x300.jpg 300w, https:\/\/kreftforeningen.no\/content\/uploads\/2023\/04\/Anita-Helland-Vardesenteret-21-150x150.jpg 150w, https:\/\/kreftforeningen.no\/content\/uploads\/2023\/04\/Anita-Helland-Vardesenteret-21-768x768.jpg 768w, https:\/\/kreftforeningen.no\/content\/uploads\/2023\/04\/Anita-Helland-Vardesenteret-21-1536x1536.jpg 1536w, https:\/\/kreftforeningen.no\/content\/uploads\/2023\/04\/Anita-Helland-Vardesenteret-21-2048x2048.jpg 2048w, https:\/\/kreftforeningen.no\/content\/uploads\/2023\/04\/Anita-Helland-Vardesenteret-21-135x135.jpg 135w\" sizes=\"(max-width: 1024px) 100vw, 1024px\" \/><\/figure>\n\n\n\n<p><strong>Anita Helland<\/strong><br><strong>Klinisk ern\u00e6ringsfysiolog<br><\/strong>Har lang erfaring med \u00e5 hjelpe kreftrammede med ern\u00e6ring. Her kan du f\u00e5 generelle r\u00e5d, eller hjelp om du har en utfordring med matinntak eller vekt som f\u00f8lge av din sykdom.<\/p>\n<\/div>\n\n\n\n<div class=\"wp-block-column in-chapters is-layout-flow wp-block-column in-chapters-is-layout-flow\">\n<figure class=\"wp-block-image size-large is-resized is-style-rounded\"><img loading=\"lazy\" decoding=\"async\" width=\"1024\" height=\"1024\" src=\"https:\/\/kreftforeningen.no\/content\/uploads\/2023\/04\/Kreftforeningen212-1-1024x1024.jpg\" alt=\"en kvinne i en rosa genser sitter i en stol.\" class=\"wp-image-130450\" style=\"width:241px;height:auto\" srcset=\"https:\/\/kreftforeningen.no\/content\/uploads\/2023\/04\/Kreftforeningen212-1-1024x1024.jpg 1024w, https:\/\/kreftforeningen.no\/content\/uploads\/2023\/04\/Kreftforeningen212-1-300x300.jpg 300w, https:\/\/kreftforeningen.no\/content\/uploads\/2023\/04\/Kreftforeningen212-1-150x150.jpg 150w, https:\/\/kreftforeningen.no\/content\/uploads\/2023\/04\/Kreftforeningen212-1-768x768.jpg 768w, https:\/\/kreftforeningen.no\/content\/uploads\/2023\/04\/Kreftforeningen212-1-1536x1536.jpg 1536w, https:\/\/kreftforeningen.no\/content\/uploads\/2023\/04\/Kreftforeningen212-1-2048x2048.jpg 2048w, https:\/\/kreftforeningen.no\/content\/uploads\/2023\/04\/Kreftforeningen212-1-135x135.jpg 135w\" sizes=\"(max-width: 1024px) 100vw, 1024px\" \/><\/figure>\n\n\n\n<p><strong>Mirjam \u00d8stevold<\/strong><br><strong>Familieterapeut<br><\/strong>Kreft p\u00e5virker hele familien. Hos familieterapeut kan familien komme sammen, eller man kan komme alene for \u00e5 finne l\u00f8sninger i en vanskelig situasjon.<\/p>\n<\/div>\n<\/div>\n\n\n\n<div class=\"wp-block-columns is-layout-flex wp-container-core-columns-is-layout-3 wp-block-columns-is-layout-flex\">\n<div class=\"wp-block-column in-chapters is-layout-flow wp-block-column in-chapters-is-layout-flow\">\n<div class=\"wp-block-column in-chapterss is-layout-flex wp-container-core-columns-is-layout-2 wp-block-column in-chapterss-is-layout-flex\">\n<div class=\"wp-block-column in-chapters in-chapters is-layout-flow wp-block-column in-chapters in-chapters-is-layout-flow\">\n<figure class=\"wp-block-image size-large is-resized is-style-rounded\"><img loading=\"lazy\" decoding=\"async\" width=\"1440\" height=\"1440\" src=\"https:\/\/kreftforeningen.no\/content\/uploads\/2026\/01\/Iselin-1-edited.jpg\" alt=\"En kvinne med langt, blondt h\u00e5r, if\u00f8rt gr\u00e5 genser og halskjede, sitter innend\u00f8rs foran en spilevegg av tre og smiler til kameraet.\" class=\"wp-image-203977\" style=\"width:215px;height:auto\" srcset=\"https:\/\/kreftforeningen.no\/content\/uploads\/2026\/01\/Iselin-1-edited.jpg 1440w, https:\/\/kreftforeningen.no\/content\/uploads\/2026\/01\/Iselin-1-edited-300x300.jpg 300w, https:\/\/kreftforeningen.no\/content\/uploads\/2026\/01\/Iselin-1-edited-1024x1024.jpg 1024w, https:\/\/kreftforeningen.no\/content\/uploads\/2026\/01\/Iselin-1-edited-150x150.jpg 150w, https:\/\/kreftforeningen.no\/content\/uploads\/2026\/01\/Iselin-1-edited-768x768.jpg 768w, https:\/\/kreftforeningen.no\/content\/uploads\/2026\/01\/Iselin-1-edited-135x135.jpg 135w\" sizes=\"(max-width: 1440px) 100vw, 1440px\" \/><\/figure>\n\n\n\n<p><strong>Iselin Nautnes<br>Familieterapeut<\/strong><br>Kreft p\u00e5virker hele familien. Hos familieterapeut kan familien komme sammen, eller man kan komme alene for \u00e5 finne l\u00f8sninger i en vanskelig situasjon.<\/p>\n<\/div>\n\n\n\n<div class=\"wp-block-column in-chapters in-chapters is-layout-flow wp-block-column in-chapters in-chapters-is-layout-flow\">\n<p><\/p>\n<\/div>\n\n\n\n<div class=\"wp-block-column in-chapters in-chapters is-layout-flow wp-block-column in-chapters in-chapters-is-layout-flow\">\n<p><\/p>\n<\/div>\n<\/div>\n<\/div>\n<\/div>\n\n\n\t<div style=\"min-height:400px\" class=\"has-blue-light-background-color is-style-content-right wp-block-teft-banner\" id=\"wp-block-teft-banner-e24832546759\">\n\t\t\t\t\t<div class=\"wp-block-teft-banner__media\" style=\"background-image: url(https:\/\/kreftforeningen.no\/content\/uploads\/2022\/06\/255b118c-463d-4560-a7f2-afe9d9791776-scaled.jpg)\">\n\t\t\t<\/div>\n\t\t\t\t<div class=\"wp-block-teft-banner__inner-container\">\n\t\t\t\n\n<h2 class=\"wp-block-heading\" id=\"h-om-vardesenteret\">Om Vardesenteret<\/h2>\n\n\n\n<p>Vardesenteret er en gratis m\u00f8teplass for alle som er rammet av kreft, tilknyttet sju sykehus i landet.<\/p>\n\n\n\n<div class=\"wp-block-buttons is-layout-flex wp-block-buttons-is-layout-flex\">\n<div class=\"wp-block-button\"><a class=\"wp-block-button__link has-blue-background-color has-background wp-element-button\" href=\"https:\/\/kreftforeningen.no\/vardesenteret\/om-vardesenteret\/\">Om Vardesenteret<\/a><\/div>\n<\/div>\n\n\t\t<\/div>\n\t<\/div>\n\t","protected":false},"excerpt":{"rendered":"<p>\u00c5pningstider Vardesenteret holder p\u00e5skestengt hele uke 14.Vi \u00e5pner igjen tirsdag 7. april. God p\u00e5ske Vi er \u00e5pne for pasienter og p\u00e5r\u00f8rende i Ibsens gate 118 (like bak pasienthotellet). V\u00e5re fagpersoner og frivillige er p\u00e5 plass, og du kan f\u00e5 hjelp med sp\u00f8rsm\u00e5l du m\u00e5tte ha knyttet til kreftsykdom. Mandag \u2013 torsdag: kl. 09:30-14:30Kvelds\u00e5pent onsdag kl. [&hellip;]<\/p>\n","protected":false},"author":30,"featured_media":0,"parent":0,"menu_order":0,"comment_status":"closed","ping_status":"closed","template":"","meta":{"_relevanssi_hide_post":"","_relevanssi_hide_content":"","_relevanssi_pin_for_all":"","_relevanssi_pin_keywords":"","_relevanssi_unpin_keywords":"","_relevanssi_related_keywords":"","_relevanssi_related_include_ids":"","_relevanssi_related_exclude_ids":"","_relevanssi_related_no_append":"","_relevanssi_related_not_related":"","_relevanssi_related_posts":"277","_relevanssi_noindex_reason":"","kf_show_post_date":false,"kf_show_updated_date":false,"kf_show_print_page":false,"kf_show_chapters":false,"kf_show_chapters_expanded":false,"kf_show_post_outdated":true,"kf_post_authors":[],"kf_toggle_title":false,"teft_cards_label":"","kf_is_template":false,"teft_cards_image_id":49256,"teft_cards_image_focal_point_x":0.5,"teft_cards_image_focal_point_y":0.5,"teft_cards_title":"","teft_cards_excerpt":"","footnotes":""},"class_list":["post-11","page","type-page","status-publish","hentry"],"yoast_head":"<!-- This site is optimized with the Yoast SEO Premium plugin v26.8 (Yoast SEO v26.8) - https:\/\/yoast.com\/product\/yoast-seo-premium-wordpress\/ -->\n<title>Vardesenteret i Bergen - Vardesenteret<\/title>\n<meta name=\"robots\" content=\"index, follow, max-snippet:-1, max-image-preview:large, max-video-preview:-1\" \/>\n<link rel=\"canonical\" href=\"https:\/\/kreftforeningen.no\/vardesenteret\/bergen\/\" \/>\n<meta property=\"og:locale\" content=\"nb_NO\" \/>\n<meta property=\"og:type\" content=\"article\" \/>\n<meta property=\"og:title\" content=\"Vardesenteret i Bergen\" \/>\n<meta property=\"og:description\" content=\"\u00c5pningstider Vardesenteret holder p\u00e5skestengt hele uke 14.Vi \u00e5pner igjen tirsdag 7. april. God p\u00e5ske Vi er \u00e5pne for pasienter og p\u00e5r\u00f8rende i Ibsens gate 118 (like bak pasienthotellet). V\u00e5re fagpersoner og frivillige er p\u00e5 plass, og du kan f\u00e5 hjelp med sp\u00f8rsm\u00e5l du m\u00e5tte ha knyttet til kreftsykdom. Mandag \u2013 torsdag: kl. 09:30-14:30Kvelds\u00e5pent onsdag kl. [&hellip;]\" \/>\n<meta property=\"og:url\" content=\"https:\/\/kreftforeningen.no\/vardesenteret\/bergen\/\" \/>\n<meta property=\"og:site_name\" content=\"Vardesenteret\" \/>\n<meta property=\"article:published_time\" content=\"2020-05-05T19:10:35+00:00\" \/>\n<meta property=\"article:modified_time\" content=\"2026-03-23T14:01:24+00:00\" \/>\n<meta name=\"twitter:card\" content=\"summary_large_image\" \/>\n<meta name=\"twitter:label1\" content=\"Ansl. lesetid\" \/>\n\t<meta name=\"twitter:data1\" content=\"3 minutter\" \/>\n<script type=\"application\/ld+json\" class=\"yoast-schema-graph\">{\"@context\":\"https:\/\/schema.org\",\"@graph\":[{\"@type\":\"WebPage\",\"@id\":\"https:\/\/kreftforeningen.no\/vardesenteret\/bergen\/\",\"url\":\"https:\/\/kreftforeningen.no\/vardesenteret\/bergen\/\",\"name\":\"Vardesenteret i Bergen - Vardesenteret\",\"isPartOf\":{\"@id\":\"https:\/\/kreftforeningen.no\/vardesenteret\/#website\"},\"primaryImageOfPage\":{\"@id\":\"https:\/\/kreftforeningen.no\/vardesenteret\/bergen\/#primaryimage\"},\"image\":{\"@id\":\"https:\/\/kreftforeningen.no\/vardesenteret\/bergen\/#primaryimage\"},\"thumbnailUrl\":\"https:\/\/kreftforeningen.no\/content\/uploads\/2023\/04\/Kreftforeningen333-1024x1024.jpg\",\"datePublished\":\"2020-05-05T19:10:35+00:00\",\"dateModified\":\"2026-03-23T14:01:24+00:00\",\"breadcrumb\":{\"@id\":\"https:\/\/kreftforeningen.no\/vardesenteret\/bergen\/#breadcrumb\"},\"inLanguage\":\"nb-NO\",\"potentialAction\":[{\"@type\":\"ReadAction\",\"target\":[\"https:\/\/kreftforeningen.no\/vardesenteret\/bergen\/\"]}],\"mentions\":[{\"@id\":\"person-display-574\"}]},{\"@type\":\"ImageObject\",\"inLanguage\":\"nb-NO\",\"@id\":\"https:\/\/kreftforeningen.no\/vardesenteret\/bergen\/#primaryimage\",\"url\":\"https:\/\/kreftforeningen.no\/content\/uploads\/2023\/04\/Kreftforeningen333-1024x1024.jpg\",\"contentUrl\":\"https:\/\/kreftforeningen.no\/content\/uploads\/2023\/04\/Kreftforeningen333-1024x1024.jpg\"},{\"@type\":\"BreadcrumbList\",\"@id\":\"https:\/\/kreftforeningen.no\/vardesenteret\/bergen\/#breadcrumb\",\"itemListElement\":[{\"@type\":\"ListItem\",\"position\":1,\"name\":\"Forside\",\"item\":\"https:\/\/kreftforeningen.no\/vardesenteret\/\"},{\"@type\":\"ListItem\",\"position\":2,\"name\":\"Vardesenteret i Bergen\"}]},{\"@type\":\"WebSite\",\"@id\":\"https:\/\/kreftforeningen.no\/vardesenteret\/#website\",\"url\":\"https:\/\/kreftforeningen.no\/vardesenteret\/\",\"name\":\"Vardesenteret\",\"description\":\"\",\"publisher\":{\"@id\":\"https:\/\/kreftforeningen.no\/vardesenteret\/#organization\"},\"potentialAction\":[{\"@type\":\"SearchAction\",\"target\":{\"@type\":\"EntryPoint\",\"urlTemplate\":\"https:\/\/kreftforeningen.no\/vardesenteret\/?s={search_term_string}\"},\"query-input\":{\"@type\":\"PropertyValueSpecification\",\"valueRequired\":true,\"valueName\":\"search_term_string\"}}],\"inLanguage\":\"nb-NO\"},{\"@type\":\"Organization\",\"@id\":\"https:\/\/kreftforeningen.no\/vardesenteret\/#organization\",\"name\":\"Vardesenteret\",\"url\":\"https:\/\/kreftforeningen.no\/vardesenteret\/\",\"logo\":{\"@type\":\"ImageObject\",\"inLanguage\":\"nb-NO\",\"@id\":\"https:\/\/kreftforeningen.no\/vardesenteret\/#\/schema\/logo\/image\/\",\"url\":\"https:\/\/kreftforeningen.no\/content\/uploads\/2026\/02\/cropped-Vardesenter_signatur_sort_horisontal_uten-undertekst-e1589886700835.png\",\"contentUrl\":\"https:\/\/kreftforeningen.no\/content\/uploads\/2026\/02\/cropped-Vardesenter_signatur_sort_horisontal_uten-undertekst-e1589886700835.png\",\"caption\":\"Vardesenteret\"},\"image\":{\"@id\":\"https:\/\/kreftforeningen.no\/vardesenteret\/#\/schema\/logo\/image\/\"}}]}<\/script>\n<!-- \/ Yoast SEO Premium plugin. -->","yoast_head_json":{"title":"Vardesenteret i Bergen - Vardesenteret","robots":{"index":"index","follow":"follow","max-snippet":"max-snippet:-1","max-image-preview":"max-image-preview:large","max-video-preview":"max-video-preview:-1"},"canonical":"https:\/\/kreftforeningen.no\/vardesenteret\/bergen\/","og_locale":"nb_NO","og_type":"article","og_title":"Vardesenteret i Bergen","og_description":"\u00c5pningstider Vardesenteret holder p\u00e5skestengt hele uke 14.Vi \u00e5pner igjen tirsdag 7. april. God p\u00e5ske Vi er \u00e5pne for pasienter og p\u00e5r\u00f8rende i Ibsens gate 118 (like bak pasienthotellet). V\u00e5re fagpersoner og frivillige er p\u00e5 plass, og du kan f\u00e5 hjelp med sp\u00f8rsm\u00e5l du m\u00e5tte ha knyttet til kreftsykdom. Mandag \u2013 torsdag: kl. 09:30-14:30Kvelds\u00e5pent onsdag kl. [&hellip;]","og_url":"https:\/\/kreftforeningen.no\/vardesenteret\/bergen\/","og_site_name":"Vardesenteret","article_published_time":"2020-05-05T19:10:35+00:00","article_modified_time":"2026-03-23T14:01:24+00:00","twitter_card":"summary_large_image","twitter_misc":{"Ansl. lesetid":"3 minutter"},"schema":{"@context":"https:\/\/schema.org","@graph":[{"@type":"WebPage","@id":"https:\/\/kreftforeningen.no\/vardesenteret\/bergen\/","url":"https:\/\/kreftforeningen.no\/vardesenteret\/bergen\/","name":"Vardesenteret i Bergen - Vardesenteret","isPartOf":{"@id":"https:\/\/kreftforeningen.no\/vardesenteret\/#website"},"primaryImageOfPage":{"@id":"https:\/\/kreftforeningen.no\/vardesenteret\/bergen\/#primaryimage"},"image":{"@id":"https:\/\/kreftforeningen.no\/vardesenteret\/bergen\/#primaryimage"},"thumbnailUrl":"https:\/\/kreftforeningen.no\/content\/uploads\/2023\/04\/Kreftforeningen333-1024x1024.jpg","datePublished":"2020-05-05T19:10:35+00:00","dateModified":"2026-03-23T14:01:24+00:00","breadcrumb":{"@id":"https:\/\/kreftforeningen.no\/vardesenteret\/bergen\/#breadcrumb"},"inLanguage":"nb-NO","potentialAction":[{"@type":"ReadAction","target":["https:\/\/kreftforeningen.no\/vardesenteret\/bergen\/"]}],"mentions":[{"@id":"person-display-574"}]},{"@type":"ImageObject","inLanguage":"nb-NO","@id":"https:\/\/kreftforeningen.no\/vardesenteret\/bergen\/#primaryimage","url":"https:\/\/kreftforeningen.no\/content\/uploads\/2023\/04\/Kreftforeningen333-1024x1024.jpg","contentUrl":"https:\/\/kreftforeningen.no\/content\/uploads\/2023\/04\/Kreftforeningen333-1024x1024.jpg"},{"@type":"BreadcrumbList","@id":"https:\/\/kreftforeningen.no\/vardesenteret\/bergen\/#breadcrumb","itemListElement":[{"@type":"ListItem","position":1,"name":"Forside","item":"https:\/\/kreftforeningen.no\/vardesenteret\/"},{"@type":"ListItem","position":2,"name":"Vardesenteret i Bergen"}]},{"@type":"WebSite","@id":"https:\/\/kreftforeningen.no\/vardesenteret\/#website","url":"https:\/\/kreftforeningen.no\/vardesenteret\/","name":"Vardesenteret","description":"","publisher":{"@id":"https:\/\/kreftforeningen.no\/vardesenteret\/#organization"},"potentialAction":[{"@type":"SearchAction","target":{"@type":"EntryPoint","urlTemplate":"https:\/\/kreftforeningen.no\/vardesenteret\/?s={search_term_string}"},"query-input":{"@type":"PropertyValueSpecification","valueRequired":true,"valueName":"search_term_string"}}],"inLanguage":"nb-NO"},{"@type":"Organization","@id":"https:\/\/kreftforeningen.no\/vardesenteret\/#organization","name":"Vardesenteret","url":"https:\/\/kreftforeningen.no\/vardesenteret\/","logo":{"@type":"ImageObject","inLanguage":"nb-NO","@id":"https:\/\/kreftforeningen.no\/vardesenteret\/#\/schema\/logo\/image\/","url":"https:\/\/kreftforeningen.no\/content\/uploads\/2026\/02\/cropped-Vardesenter_signatur_sort_horisontal_uten-undertekst-e1589886700835.png","contentUrl":"https:\/\/kreftforeningen.no\/content\/uploads\/2026\/02\/cropped-Vardesenter_signatur_sort_horisontal_uten-undertekst-e1589886700835.png","caption":"Vardesenteret"},"image":{"@id":"https:\/\/kreftforeningen.no\/vardesenteret\/#\/schema\/logo\/image\/"}}]}},"_links":{"self":[{"href":"https:\/\/kreftforeningen.no\/vardesenteret\/wp-json\/wp\/v2\/pages\/11"}],"collection":[{"href":"https:\/\/kreftforeningen.no\/vardesenteret\/wp-json\/wp\/v2\/pages"}],"about":[{"href":"https:\/\/kreftforeningen.no\/vardesenteret\/wp-json\/wp\/v2\/types\/page"}],"author":[{"embeddable":true,"href":"https:\/\/kreftforeningen.no\/vardesenteret\/wp-json\/wp\/v2\/users\/30"}],"replies":[{"embeddable":true,"href":"https:\/\/kreftforeningen.no\/vardesenteret\/wp-json\/wp\/v2\/comments?post=11"}],"version-history":[{"count":177,"href":"https:\/\/kreftforeningen.no\/vardesenteret\/wp-json\/wp\/v2\/pages\/11\/revisions"}],"predecessor-version":[{"id":10053,"href":"https:\/\/kreftforeningen.no\/vardesenteret\/wp-json\/wp\/v2\/pages\/11\/revisions\/10053"}],"wp:attachment":[{"href":"https:\/\/kreftforeningen.no\/vardesenteret\/wp-json\/wp\/v2\/media?parent=11"}],"curies":[{"name":"wp","href":"https:\/\/api.w.org\/{rel}","templated":true}]}}