{"id":1114,"date":"2020-10-08T14:54:23","date_gmt":"2020-10-08T12:54:23","guid":{"rendered":"https:\/\/kreftforeningen.no\/vardesenteret\/?page_id=1114"},"modified":"2022-11-30T09:20:04","modified_gmt":"2022-11-30T08:20:04","slug":"havrescones","status":"publish","type":"page","link":"https:\/\/kreftforeningen.no\/vardesenteret\/oppskrifter\/havrescones\/","title":{"rendered":"Havrescones"},"content":{"rendered":"\n<figure class=\"wp-block-image size-large\"><img decoding=\"async\" src=\"https:\/\/kreftforeningen.no\/content\/uploads\/2020\/10\/havrescones-1024x576.jpg\" alt=\"\" class=\"wp-image-62459\"\/><figcaption>Foto: Sara Johannessen<\/figcaption><\/figure>\n\n\n\n<div class=\"wp-block-image is-floating is-style-rounded\"><figure class=\"alignleft size-large is-resized\"><img loading=\"lazy\" decoding=\"async\" src=\"https:\/\/kreftforeningen.no\/content\/uploads\/2020\/10\/klokke-330.jpg\" alt=\"Piktogram av klokke\" class=\"wp-image-62218\" width=\"83\" height=\"83\" srcset=\"https:\/\/kreftforeningen.no\/content\/uploads\/2020\/10\/klokke-330.jpg 330w, https:\/\/kreftforeningen.no\/content\/uploads\/2020\/10\/klokke-330-135x135.jpg 135w\" sizes=\"(max-width: 83px) 100vw, 83px\" \/><figcaption><strong>Tid <br><\/strong>30 min<\/figcaption><\/figure><\/div>\n\n\n\n<div class=\"wp-block-image is-floating is-style-rounded\"><figure class=\"alignleft size-large is-resized\"><img loading=\"lazy\" decoding=\"async\" src=\"https:\/\/kreftforeningen.no\/content\/uploads\/2020\/10\/kokkelue-330.jpg\" alt=\"Piktogram av kokkelue\" class=\"wp-image-62219\" width=\"83\" height=\"83\" srcset=\"https:\/\/kreftforeningen.no\/content\/uploads\/2020\/10\/kokkelue-330.jpg 330w, https:\/\/kreftforeningen.no\/content\/uploads\/2020\/10\/kokkelue-330-135x135.jpg 135w\" sizes=\"(max-width: 83px) 100vw, 83px\" \/><figcaption><strong>Utf\u00f8relse <br><\/strong>Middels<\/figcaption><\/figure><\/div>\n\n\n\n<figure class=\"wp-block-image size-large is-resized is-style-rounded\"><img loading=\"lazy\" decoding=\"async\" src=\"https:\/\/kreftforeningen.no\/content\/uploads\/2020\/10\/servering-330.jpg\" alt=\"Piktogram av serveringsfat\" class=\"wp-image-62220\" width=\"83\" height=\"83\" srcset=\"https:\/\/kreftforeningen.no\/content\/uploads\/2020\/10\/servering-330.jpg 330w, https:\/\/kreftforeningen.no\/content\/uploads\/2020\/10\/servering-330-135x135.jpg 135w\" sizes=\"(max-width: 83px) 100vw, 83px\" \/><figcaption><strong>Porsjoner<\/strong><br>4<\/figcaption><\/figure>\n\n\n\n<h2 class=\"wp-block-heading\" id=\"h-ingredienser\">Ingredienser<\/h2>\n\n\n\n<ul class=\"wp-block-list\"><li>2 dl havregryn<\/li><li>3 dl sammalt hvete (grovmalt)<\/li><li>3 dl siktet hvetemel<\/li><li>\u00bd ts salt<\/li><li>3 dl mager kesam<\/li><li>1 dl ekstra lett melk<\/li><li>1 ss bakepulver<\/li><li>2 ss rapsolje<\/li><li>gresskarkjerner<\/li><\/ul>\n\n\n\n<figure class=\"wp-block-embed is-type-video is-provider-youtube wp-block-embed-youtube wp-embed-aspect-16-9 wp-has-aspect-ratio\"><div class=\"wp-block-embed__wrapper\">\n<iframe loading=\"lazy\" title=\"HAVRESCONES | Inspirasjon til gode matvaner ved kreft | Vardesenteret\" width=\"500\" height=\"281\" src=\"https:\/\/www.youtube-nocookie.com\/embed\/oRJVGYiEyWc?feature=oembed&#038;hl=no\" frameborder=\"0\" allow=\"accelerometer; autoplay; clipboard-write; encrypted-media; gyroscope; picture-in-picture; web-share\" referrerpolicy=\"strict-origin-when-cross-origin\" allowfullscreen><\/iframe>\n<\/div><figcaption><strong><a href=\"https:\/\/kreftforeningen.no\/rad-og-rettigheter\/kosthold-ved-kreft\/verktoykasse-for-helsepersonell-mat-og-kreft\/sunt-kosthold-ved-kreft\/\">Se flere filmer med inspirasjon til sunt kosthold ved kreft<\/a><\/strong><\/figcaption><\/figure>\n\n\n\n<h2 class=\"wp-block-heading\" id=\"h-slik-gjor-du\">Slik gj\u00f8r du<\/h2>\n\n\n\n<ol class=\"wp-block-list\"><li>Bland de t\u00f8rre ingrediensene sammen i en bolle og tilsett v\u00e6sken. <\/li><li>R\u00f8r alt godt sammen til en l\u00f8s deig.<\/li><li>Form deigen til en rund, stor og flat kake (2 cm tykk) p\u00e5 et bakepapir i en langpanne og del kaken opp i kakestykker med kniv. <\/li><li>Pensle med vann og str\u00f8 over litt havregryn eller gresskarkjerner. <\/li><li>Stek midt i ovnen ved 225 \u00b0C i 15 minutter. <\/li><li>Avkj\u00f8les p\u00e5 rist og oppbevares i br\u00f8dboks. <\/li><li>Pynt eventuelt med gresskarkjerner.<\/li><\/ol>\n\n\n\n<p>Pynt eventuelt med gresskarkjerner.<\/p>\n\n\n\n<p class=\"has-blue-light-background-color has-background\"><strong>TIPS<\/strong>: Passer ypperlig sammen med <a href=\"https:\/\/kreftforeningen.no\/vardesenteret\/oppskrifter\/sotpotetsuppe\/\">s\u00f8tpotetsuppe<\/a>.<\/p>\n\n\n\n<div class=\"wp-block-teft-cards-theme\">\n<h2 class=\"has-text-align-center wp-block-heading\" id=\"h-sunt-kosthold-ved-kreft\">Sunt kosthold ved kreft<\/h2>\n\n\n\n<p class=\"has-text-align-center\">Oppskrifter for kreftpasienter som har normalt god matlyst.<\/p>\n\n\n\n<div class=\"wp-block-teft-cards alignwide teft-cards-grid default-size-4\"><div class=\"teft-cards-item has-6-columns is-card-kf-custom has-card-shadow\">\n\t<div class=\"teft-card card_type_page \">\n\t\t<a href=\"https:\/\/kreftforeningen.no\/vardesenteret\/oppskrifter\/sotpotetsuppe\/\" class=\"teft-card__primary-action\">\n\t\t\t<div class=\"teft-card__media teft-card__media--16-9\"><img decoding=\"async\" width=\"1024\" height=\"576\" src=\"https:\/\/kreftforeningen.no\/content\/uploads\/2020\/10\/s\u00f8tpotetsuppe.jpg\" class=\"attachment-large size-large\" alt=\"en bolle med gulrotsuppe med br\u00f8d og en skje.\" srcset=\"https:\/\/kreftforeningen.no\/content\/uploads\/2020\/10\/s\u00f8tpotetsuppe.jpg 2048w, https:\/\/kreftforeningen.no\/content\/uploads\/2020\/10\/s\u00f8tpotetsuppe-135x76.jpg 135w\" sizes=\"(max-width: 1024px) 100vw, 1024px\" loading=\"lazy\" \/> <\/div>\t\t\t<div class=\"teft-card__primary\">\n\t\t\t\t<h2 class=\"teft-card__title\" id=\"sotpotetsuppe\">S\u00f8tpotetsuppe<\/h2>\n\t\t\t<\/div>\n\n\t\t\t<div class=\"teft-card__secondary\">\n\t\t\t\t<p><\/p><img decoding=\"async\" src=\"https:\/\/kreftforeningen.no\/content\/themes\/kreftforeningen\/assets\/icons\/arrow-right-blue.svg\" alt=\"Les S\u00f8tpotetsuppe\" \/>\t\t\t<\/div>\n\t\t<\/a>\n\t<\/div>\n\n\t<\/div>\n\n<div class=\"teft-cards-item has-6-columns is-card-kf-custom has-card-shadow\">\n\t<div class=\"teft-card card_type_page \">\n\t\t<a href=\"https:\/\/kreftforeningen.no\/vardesenteret\/oppskrifter\/brokkolisalat\/\" class=\"teft-card__primary-action\">\n\t\t\t<div class=\"teft-card__media teft-card__media--16-9\"> <\/div>\t\t\t<div class=\"teft-card__primary\">\n\t\t\t\t<h2 class=\"teft-card__title\" id=\"brokkolisalat\">Brokkolisalat<\/h2>\n\t\t\t<\/div>\n\n\t\t\t<div class=\"teft-card__secondary\">\n\t\t\t\t<p><\/p><img decoding=\"async\" src=\"https:\/\/kreftforeningen.no\/content\/themes\/kreftforeningen\/assets\/icons\/arrow-right-blue.svg\" alt=\"Les Brokkolisalat\" \/>\t\t\t<\/div>\n\t\t<\/a>\n\t<\/div>\n\n\t<\/div><\/div>\n\n\n\n<div class=\"wp-block-button aligncenter\"><a class=\"wp-block-button__link has-blue-background-color has-background\" href=\"https:\/\/kreftforeningen.no\/vardesenteret\/oppskrifter\/#sunt-kosthold-ved-kreft\">Flere oppskrifter<\/a><\/div>\n<\/div>\n","protected":false},"excerpt":{"rendered":"<p>Ingredienser 2 dl havregryn 3 dl sammalt hvete (grovmalt) 3 dl siktet hvetemel \u00bd ts salt 3 dl mager kesam 1 dl ekstra lett melk 1 ss bakepulver 2 ss rapsolje gresskarkjerner Slik gj\u00f8r du Bland de t\u00f8rre ingrediensene sammen i en bolle og tilsett v\u00e6sken. R\u00f8r alt godt sammen til en l\u00f8s deig. Form [&hellip;]<\/p>\n","protected":false},"author":30,"featured_media":62459,"parent":1000,"menu_order":0,"comment_status":"closed","ping_status":"closed","template":"","meta":{"_relevanssi_hide_post":"","_relevanssi_hide_content":"","_relevanssi_pin_for_all":"","_relevanssi_pin_keywords":"","_relevanssi_unpin_keywords":"","_relevanssi_related_keywords":"","_relevanssi_related_include_ids":"","_relevanssi_related_exclude_ids":"","_relevanssi_related_no_append":"","_relevanssi_related_not_related":"","_relevanssi_related_posts":"1863,1697,1849","_relevanssi_noindex_reason":"","kf_show_post_date":true,"kf_show_updated_date":false,"kf_show_print_page":false,"kf_show_chapters":false,"kf_show_chapters_expanded":false,"kf_show_post_outdated":true,"kf_post_authors":[],"kf_toggle_title":false,"teft_cards_label":"","kf_is_template":false,"teft_cards_image_id":0,"teft_cards_image_focal_point_x":0,"teft_cards_image_focal_point_y":0,"teft_cards_title":"","teft_cards_excerpt":"","footnotes":""},"class_list":["post-1114","page","type-page","status-publish","has-post-thumbnail","hentry"],"yoast_head":"<!-- This site is optimized with the Yoast SEO Premium plugin v26.8 (Yoast SEO v26.8) - https:\/\/yoast.com\/product\/yoast-seo-premium-wordpress\/ -->\n<title>Havrescones - Vardesenteret<\/title>\n<meta name=\"robots\" content=\"index, follow, max-snippet:-1, max-image-preview:large, max-video-preview:-1\" \/>\n<link rel=\"canonical\" href=\"https:\/\/kreftforeningen.no\/vardesenteret\/oppskrifter\/havrescones\/\" \/>\n<meta property=\"og:locale\" content=\"nb_NO\" \/>\n<meta property=\"og:type\" content=\"article\" \/>\n<meta property=\"og:title\" content=\"Havrescones\" \/>\n<meta property=\"og:description\" content=\"Ingredienser 2 dl havregryn 3 dl sammalt hvete (grovmalt) 3 dl siktet hvetemel \u00bd ts salt 3 dl mager kesam 1 dl ekstra lett melk 1 ss bakepulver 2 ss rapsolje gresskarkjerner Slik gj\u00f8r du Bland de t\u00f8rre ingrediensene sammen i en bolle og tilsett v\u00e6sken. R\u00f8r alt godt sammen til en l\u00f8s deig. Form [&hellip;]\" \/>\n<meta property=\"og:url\" content=\"https:\/\/kreftforeningen.no\/vardesenteret\/oppskrifter\/havrescones\/\" \/>\n<meta property=\"og:site_name\" content=\"Vardesenteret\" \/>\n<meta property=\"article:published_time\" content=\"2020-10-08T12:54:23+00:00\" \/>\n<meta property=\"article:modified_time\" content=\"2022-11-30T08:20:04+00:00\" \/>\n<meta property=\"og:image\" content=\"https:\/\/kreftforeningen.no\/content\/uploads\/2020\/10\/havrescones.jpg\" \/>\n\t<meta property=\"og:image:width\" content=\"2048\" \/>\n\t<meta property=\"og:image:height\" content=\"1152\" \/>\n\t<meta property=\"og:image:type\" content=\"image\/jpeg\" \/>\n<meta name=\"twitter:card\" content=\"summary_large_image\" \/>\n<meta name=\"twitter:label1\" content=\"Ansl. lesetid\" \/>\n\t<meta name=\"twitter:data1\" content=\"2 minutter\" \/>\n<script type=\"application\/ld+json\" class=\"yoast-schema-graph\">{\"@context\":\"https:\/\/schema.org\",\"@graph\":[{\"@type\":\"WebPage\",\"@id\":\"https:\/\/kreftforeningen.no\/vardesenteret\/oppskrifter\/havrescones\/\",\"url\":\"https:\/\/kreftforeningen.no\/vardesenteret\/oppskrifter\/havrescones\/\",\"name\":\"Havrescones - Vardesenteret\",\"isPartOf\":{\"@id\":\"https:\/\/kreftforeningen.no\/vardesenteret\/#website\"},\"primaryImageOfPage\":{\"@id\":\"https:\/\/kreftforeningen.no\/vardesenteret\/oppskrifter\/havrescones\/#primaryimage\"},\"image\":{\"@id\":\"https:\/\/kreftforeningen.no\/vardesenteret\/oppskrifter\/havrescones\/#primaryimage\"},\"thumbnailUrl\":\"https:\/\/kreftforeningen.no\/content\/uploads\/2020\/10\/havrescones.jpg\",\"datePublished\":\"2020-10-08T12:54:23+00:00\",\"dateModified\":\"2022-11-30T08:20:04+00:00\",\"breadcrumb\":{\"@id\":\"https:\/\/kreftforeningen.no\/vardesenteret\/oppskrifter\/havrescones\/#breadcrumb\"},\"inLanguage\":\"nb-NO\",\"potentialAction\":[{\"@type\":\"ReadAction\",\"target\":[\"https:\/\/kreftforeningen.no\/vardesenteret\/oppskrifter\/havrescones\/\"]}]},{\"@type\":\"ImageObject\",\"inLanguage\":\"nb-NO\",\"@id\":\"https:\/\/kreftforeningen.no\/vardesenteret\/oppskrifter\/havrescones\/#primaryimage\",\"url\":\"https:\/\/kreftforeningen.no\/content\/uploads\/2020\/10\/havrescones.jpg\",\"contentUrl\":\"https:\/\/kreftforeningen.no\/content\/uploads\/2020\/10\/havrescones.jpg\"},{\"@type\":\"BreadcrumbList\",\"@id\":\"https:\/\/kreftforeningen.no\/vardesenteret\/oppskrifter\/havrescones\/#breadcrumb\",\"itemListElement\":[{\"@type\":\"ListItem\",\"position\":1,\"name\":\"Forside\",\"item\":\"https:\/\/kreftforeningen.no\/vardesenteret\/\"},{\"@type\":\"ListItem\",\"position\":2,\"name\":\"Matoppskrifter ved kreft\",\"item\":\"https:\/\/kreftforeningen.no\/vardesenteret\/oppskrifter\/\"},{\"@type\":\"ListItem\",\"position\":3,\"name\":\"Havrescones\"}]},{\"@type\":\"WebSite\",\"@id\":\"https:\/\/kreftforeningen.no\/vardesenteret\/#website\",\"url\":\"https:\/\/kreftforeningen.no\/vardesenteret\/\",\"name\":\"Vardesenteret\",\"description\":\"\",\"publisher\":{\"@id\":\"https:\/\/kreftforeningen.no\/vardesenteret\/#organization\"},\"potentialAction\":[{\"@type\":\"SearchAction\",\"target\":{\"@type\":\"EntryPoint\",\"urlTemplate\":\"https:\/\/kreftforeningen.no\/vardesenteret\/?s={search_term_string}\"},\"query-input\":{\"@type\":\"PropertyValueSpecification\",\"valueRequired\":true,\"valueName\":\"search_term_string\"}}],\"inLanguage\":\"nb-NO\"},{\"@type\":\"Organization\",\"@id\":\"https:\/\/kreftforeningen.no\/vardesenteret\/#organization\",\"name\":\"Vardesenteret\",\"url\":\"https:\/\/kreftforeningen.no\/vardesenteret\/\",\"logo\":{\"@type\":\"ImageObject\",\"inLanguage\":\"nb-NO\",\"@id\":\"https:\/\/kreftforeningen.no\/vardesenteret\/#\/schema\/logo\/image\/\",\"url\":\"https:\/\/kreftforeningen.no\/content\/uploads\/2026\/02\/cropped-Vardesenter_signatur_sort_horisontal_uten-undertekst-e1589886700835.png\",\"contentUrl\":\"https:\/\/kreftforeningen.no\/content\/uploads\/2026\/02\/cropped-Vardesenter_signatur_sort_horisontal_uten-undertekst-e1589886700835.png\",\"caption\":\"Vardesenteret\"},\"image\":{\"@id\":\"https:\/\/kreftforeningen.no\/vardesenteret\/#\/schema\/logo\/image\/\"}}]}<\/script>\n<!-- \/ Yoast SEO Premium plugin. -->","yoast_head_json":{"title":"Havrescones - Vardesenteret","robots":{"index":"index","follow":"follow","max-snippet":"max-snippet:-1","max-image-preview":"max-image-preview:large","max-video-preview":"max-video-preview:-1"},"canonical":"https:\/\/kreftforeningen.no\/vardesenteret\/oppskrifter\/havrescones\/","og_locale":"nb_NO","og_type":"article","og_title":"Havrescones","og_description":"Ingredienser 2 dl havregryn 3 dl sammalt hvete (grovmalt) 3 dl siktet hvetemel \u00bd ts salt 3 dl mager kesam 1 dl ekstra lett melk 1 ss bakepulver 2 ss rapsolje gresskarkjerner Slik gj\u00f8r du Bland de t\u00f8rre ingrediensene sammen i en bolle og tilsett v\u00e6sken. R\u00f8r alt godt sammen til en l\u00f8s deig. Form [&hellip;]","og_url":"https:\/\/kreftforeningen.no\/vardesenteret\/oppskrifter\/havrescones\/","og_site_name":"Vardesenteret","article_published_time":"2020-10-08T12:54:23+00:00","article_modified_time":"2022-11-30T08:20:04+00:00","og_image":[{"width":2048,"height":1152,"url":"https:\/\/kreftforeningen.no\/content\/uploads\/2020\/10\/havrescones.jpg","type":"image\/jpeg"}],"twitter_card":"summary_large_image","twitter_misc":{"Ansl. lesetid":"2 minutter"},"schema":{"@context":"https:\/\/schema.org","@graph":[{"@type":"WebPage","@id":"https:\/\/kreftforeningen.no\/vardesenteret\/oppskrifter\/havrescones\/","url":"https:\/\/kreftforeningen.no\/vardesenteret\/oppskrifter\/havrescones\/","name":"Havrescones - Vardesenteret","isPartOf":{"@id":"https:\/\/kreftforeningen.no\/vardesenteret\/#website"},"primaryImageOfPage":{"@id":"https:\/\/kreftforeningen.no\/vardesenteret\/oppskrifter\/havrescones\/#primaryimage"},"image":{"@id":"https:\/\/kreftforeningen.no\/vardesenteret\/oppskrifter\/havrescones\/#primaryimage"},"thumbnailUrl":"https:\/\/kreftforeningen.no\/content\/uploads\/2020\/10\/havrescones.jpg","datePublished":"2020-10-08T12:54:23+00:00","dateModified":"2022-11-30T08:20:04+00:00","breadcrumb":{"@id":"https:\/\/kreftforeningen.no\/vardesenteret\/oppskrifter\/havrescones\/#breadcrumb"},"inLanguage":"nb-NO","potentialAction":[{"@type":"ReadAction","target":["https:\/\/kreftforeningen.no\/vardesenteret\/oppskrifter\/havrescones\/"]}]},{"@type":"ImageObject","inLanguage":"nb-NO","@id":"https:\/\/kreftforeningen.no\/vardesenteret\/oppskrifter\/havrescones\/#primaryimage","url":"https:\/\/kreftforeningen.no\/content\/uploads\/2020\/10\/havrescones.jpg","contentUrl":"https:\/\/kreftforeningen.no\/content\/uploads\/2020\/10\/havrescones.jpg"},{"@type":"BreadcrumbList","@id":"https:\/\/kreftforeningen.no\/vardesenteret\/oppskrifter\/havrescones\/#breadcrumb","itemListElement":[{"@type":"ListItem","position":1,"name":"Forside","item":"https:\/\/kreftforeningen.no\/vardesenteret\/"},{"@type":"ListItem","position":2,"name":"Matoppskrifter ved kreft","item":"https:\/\/kreftforeningen.no\/vardesenteret\/oppskrifter\/"},{"@type":"ListItem","position":3,"name":"Havrescones"}]},{"@type":"WebSite","@id":"https:\/\/kreftforeningen.no\/vardesenteret\/#website","url":"https:\/\/kreftforeningen.no\/vardesenteret\/","name":"Vardesenteret","description":"","publisher":{"@id":"https:\/\/kreftforeningen.no\/vardesenteret\/#organization"},"potentialAction":[{"@type":"SearchAction","target":{"@type":"EntryPoint","urlTemplate":"https:\/\/kreftforeningen.no\/vardesenteret\/?s={search_term_string}"},"query-input":{"@type":"PropertyValueSpecification","valueRequired":true,"valueName":"search_term_string"}}],"inLanguage":"nb-NO"},{"@type":"Organization","@id":"https:\/\/kreftforeningen.no\/vardesenteret\/#organization","name":"Vardesenteret","url":"https:\/\/kreftforeningen.no\/vardesenteret\/","logo":{"@type":"ImageObject","inLanguage":"nb-NO","@id":"https:\/\/kreftforeningen.no\/vardesenteret\/#\/schema\/logo\/image\/","url":"https:\/\/kreftforeningen.no\/content\/uploads\/2026\/02\/cropped-Vardesenter_signatur_sort_horisontal_uten-undertekst-e1589886700835.png","contentUrl":"https:\/\/kreftforeningen.no\/content\/uploads\/2026\/02\/cropped-Vardesenter_signatur_sort_horisontal_uten-undertekst-e1589886700835.png","caption":"Vardesenteret"},"image":{"@id":"https:\/\/kreftforeningen.no\/vardesenteret\/#\/schema\/logo\/image\/"}}]}},"_links":{"self":[{"href":"https:\/\/kreftforeningen.no\/vardesenteret\/wp-json\/wp\/v2\/pages\/1114"}],"collection":[{"href":"https:\/\/kreftforeningen.no\/vardesenteret\/wp-json\/wp\/v2\/pages"}],"about":[{"href":"https:\/\/kreftforeningen.no\/vardesenteret\/wp-json\/wp\/v2\/types\/page"}],"author":[{"embeddable":true,"href":"https:\/\/kreftforeningen.no\/vardesenteret\/wp-json\/wp\/v2\/users\/30"}],"replies":[{"embeddable":true,"href":"https:\/\/kreftforeningen.no\/vardesenteret\/wp-json\/wp\/v2\/comments?post=1114"}],"version-history":[{"count":9,"href":"https:\/\/kreftforeningen.no\/vardesenteret\/wp-json\/wp\/v2\/pages\/1114\/revisions"}],"predecessor-version":[{"id":3360,"href":"https:\/\/kreftforeningen.no\/vardesenteret\/wp-json\/wp\/v2\/pages\/1114\/revisions\/3360"}],"up":[{"embeddable":true,"href":"https:\/\/kreftforeningen.no\/vardesenteret\/wp-json\/wp\/v2\/pages\/1000"}],"wp:featuredmedia":[{"embeddable":true,"href":"https:\/\/kreftforeningen.no\/vardesenteret\/wp-json\/"}],"wp:attachment":[{"href":"https:\/\/kreftforeningen.no\/vardesenteret\/wp-json\/wp\/v2\/media?parent=1114"}],"curies":[{"name":"wp","href":"https:\/\/api.w.org\/{rel}","templated":true}]}}