{"id":1131,"date":"2020-10-09T12:07:06","date_gmt":"2020-10-09T10:07:06","guid":{"rendered":"https:\/\/kreftforeningen.no\/vardesenteret\/?page_id=1131"},"modified":"2022-08-09T10:12:17","modified_gmt":"2022-08-09T08:12:17","slug":"kjoleskapsgrot","status":"publish","type":"page","link":"https:\/\/kreftforeningen.no\/vardesenteret\/oppskrifter\/kjoleskapsgrot\/","title":{"rendered":"Kj\u00f8leskapsgr\u00f8t"},"content":{"rendered":"\n<p>Passer for deg som sliter med \u00e5 f\u00e5 i deg mat eller g\u00e5r ned i vekt under kreftbehandling.<\/p>\n\n\n\n<figure class=\"wp-block-image size-large\"><img decoding=\"async\" src=\"https:\/\/kreftforeningen.no\/content\/uploads\/2020\/10\/kj\u00f8leskapsgr\u00f8t-1024x576.jpg\" alt=\"\" class=\"wp-image-62488\"\/><figcaption>Foto: Sara Johannessen<\/figcaption><\/figure>\n\n\n\n<div class=\"wp-block-image is-floating is-style-rounded\"><figure class=\"alignleft size-large is-resized\"><img loading=\"lazy\" decoding=\"async\" src=\"https:\/\/kreftforeningen.no\/content\/uploads\/2020\/10\/klokke-330.jpg\" alt=\"Piktogram av klokke\" class=\"wp-image-62218\" width=\"83\" height=\"83\" srcset=\"https:\/\/kreftforeningen.no\/content\/uploads\/2020\/10\/klokke-330.jpg 330w, https:\/\/kreftforeningen.no\/content\/uploads\/2020\/10\/klokke-330-135x135.jpg 135w\" sizes=\"(max-width: 83px) 100vw, 83px\" \/><figcaption><strong>Tid <br><\/strong>5 min<\/figcaption><\/figure><\/div>\n\n\n\n<div class=\"wp-block-image is-floating is-style-rounded\"><figure class=\"alignleft size-large is-resized\"><img loading=\"lazy\" decoding=\"async\" src=\"https:\/\/kreftforeningen.no\/content\/uploads\/2020\/10\/kokkelue-330.jpg\" alt=\"Piktogram av kokkelue\" class=\"wp-image-62219\" width=\"83\" height=\"83\" srcset=\"https:\/\/kreftforeningen.no\/content\/uploads\/2020\/10\/kokkelue-330.jpg 330w, https:\/\/kreftforeningen.no\/content\/uploads\/2020\/10\/kokkelue-330-135x135.jpg 135w\" sizes=\"(max-width: 83px) 100vw, 83px\" \/><figcaption><strong>Utf\u00f8relse <br><\/strong>Enkel<\/figcaption><\/figure><\/div>\n\n\n\n<figure class=\"wp-block-image size-large is-resized is-style-rounded\"><img loading=\"lazy\" decoding=\"async\" src=\"https:\/\/kreftforeningen.no\/content\/uploads\/2020\/10\/servering-330.jpg\" alt=\"Piktogram av serveringsfat\" class=\"wp-image-62220\" width=\"83\" height=\"83\" srcset=\"https:\/\/kreftforeningen.no\/content\/uploads\/2020\/10\/servering-330.jpg 330w, https:\/\/kreftforeningen.no\/content\/uploads\/2020\/10\/servering-330-135x135.jpg 135w\" sizes=\"(max-width: 83px) 100vw, 83px\" \/><figcaption><strong>Porsjoner<\/strong><br>1<\/figcaption><\/figure>\n\n\n\n<h2 class=\"wp-block-heading\" id=\"h-ingredienser\">Ingredienser<\/h2>\n\n\n\n<ul class=\"wp-block-list\"><li>2 \u00bd dl havregryn<\/li><li>2 stk t\u00f8rket aprikos<\/li><li>1 toppet ss kokosmasse<\/li><li>1 toppet ts honning<\/li><li>3 dl helmelk<\/li><li>2 ss n\u00f8ytral olje<\/li><\/ul>\n\n\n\n<h2 class=\"wp-block-heading\" id=\"h-slik-gjor-du\">Slik gj\u00f8r du<\/h2>\n\n\n\n<ol class=\"wp-block-list\"><li>Bland havregryn og kokosmasse i en bolle og tilsett hakket aprikos.<\/li><li>R\u00f8r honningen ut i melken og tilsett blandingen. R\u00f8r alt godt sammen.<\/li><li>Oppbevar gr\u00f8ten i kj\u00f8leskap i en beholder med tett lokk.<\/li><li>Den smaker best n\u00e5r den f\u00e5r st\u00e5 natten over.<\/li><\/ol>\n\n\n\n<p><strong>Server gjerne gr\u00f8ten med:<\/strong><\/p>\n\n\n\n<ul class=\"wp-block-list\"><li>sm\u00f8r, hakkede mandler\/n\u00f8tter, kanel eller honning<\/li><li>cottage cheese, yoghurt eller kesam<\/li><li>syltet\u00f8y, frukt- eller og b\u00e6rkompott, friske b\u00e6r eller fruktbiter<\/li><li>solsikke- eller gresskarkjerner og t\u00f8rket frukt eller b\u00e6r<\/li><\/ul>\n\n\n\n<p class=\"has-blue-light-background-color has-background\"><strong>TIPS<\/strong>: For ekstra n\u00e6ringsrik gr\u00f8t kan du pr\u00f8ve \u00e5 erstatte noe av melken med kremfl\u00f8te, tilsette to spiseskjeer n\u00f8ytral olje i gr\u00f8ten n\u00e5r den er ferdig eller gj\u00f8re gr\u00f8ten s\u00f8tere ved \u00e5 vende inn et par spiseskjeer med vaniljesaus eller honning.<\/p>\n\n\n\n<div class=\"wp-block-teft-cards-theme\">\n<h2 class=\"has-text-align-center wp-block-heading\" id=\"h-manglende-matlyst-eller-vekttap\">Manglende matlyst eller vekttap?<\/h2>\n\n\n\n<p class=\"has-text-align-center\">Oppskrifter for kreftpasienter som sliter med \u00e5 spise eller g\u00e5r ned i vekt.<\/p>\n\n\n\n<div class=\"wp-block-teft-cards alignwide teft-cards-grid default-size-4\"><div class=\"teft-cards-item has-6-columns is-card-kf-custom has-card-shadow\">\n\t<div class=\"teft-card card_type_page \">\n\t\t<a href=\"https:\/\/kreftforeningen.no\/vardesenteret\/oppskrifter\/energiruter\/\" class=\"teft-card__primary-action\">\n\t\t\t<div class=\"teft-card__media teft-card__media--16-9\"><img decoding=\"async\" width=\"1024\" height=\"576\" src=\"https:\/\/kreftforeningen.no\/content\/uploads\/2026\/02\/Energibarer-Foto-Sara-Johannsen-e1593437249742-1024x576.jpg\" class=\"attachment-large size-large\" alt=\"Hjemmelagde granolabarer med n\u00f8tter og t\u00f8rket frukt i et metallbrett, med hele n\u00f8tter og r\u00f8de epler p\u00e5 et underlag av tre.\" srcset=\"https:\/\/kreftforeningen.no\/content\/uploads\/2026\/02\/Energibarer-Foto-Sara-Johannsen-e1593437249742-1024x576.jpg 1024w, https:\/\/kreftforeningen.no\/content\/uploads\/2026\/02\/Energibarer-Foto-Sara-Johannsen-e1593437249742-300x169.jpg 300w, https:\/\/kreftforeningen.no\/content\/uploads\/2026\/02\/Energibarer-Foto-Sara-Johannsen-e1593437249742-768x432.jpg 768w, https:\/\/kreftforeningen.no\/content\/uploads\/2026\/02\/Energibarer-Foto-Sara-Johannsen-e1593437249742-1536x864.jpg 1536w, https:\/\/kreftforeningen.no\/content\/uploads\/2026\/02\/Energibarer-Foto-Sara-Johannsen-e1593437249742-135x76.jpg 135w, https:\/\/kreftforeningen.no\/content\/uploads\/2026\/02\/Energibarer-Foto-Sara-Johannsen-e1593437249742.jpg 2048w\" sizes=\"(max-width: 1024px) 100vw, 1024px\" loading=\"lazy\" \/> <\/div>\t\t\t<div class=\"teft-card__primary\">\n\t\t\t\t<h2 class=\"teft-card__title\" id=\"energiruter\">Energiruter<\/h2>\n\t\t\t<\/div>\n\n\t\t\t<div class=\"teft-card__secondary\">\n\t\t\t\t<p><\/p><img decoding=\"async\" src=\"https:\/\/kreftforeningen.no\/content\/themes\/kreftforeningen\/assets\/icons\/arrow-right-blue.svg\" alt=\"Les Energiruter\" \/>\t\t\t<\/div>\n\t\t<\/a>\n\t<\/div>\n\n\t<\/div>\n\n<div class=\"teft-cards-item has-6-columns is-card-kf-custom has-card-shadow\">\n\t<div class=\"teft-card card_type_page \">\n\t\t<a href=\"https:\/\/kreftforeningen.no\/vardesenteret\/oppskrifter\/blabaer-smoothie\/\" class=\"teft-card__primary-action\">\n\t\t\t<div class=\"teft-card__media teft-card__media--16-9\"><img decoding=\"async\" width=\"1024\" height=\"576\" src=\"https:\/\/kreftforeningen.no\/content\/uploads\/2020\/06\/Smoothie2048-1024x576.jpg\" class=\"attachment-large size-large\" alt=\"Et glass med m\u00f8rker\u00f8d\/lilla smoothie\" srcset=\"https:\/\/kreftforeningen.no\/content\/uploads\/2020\/06\/Smoothie2048-1024x576.jpg 1024w, https:\/\/kreftforeningen.no\/content\/uploads\/2020\/06\/Smoothie2048-300x169.jpg 300w, https:\/\/kreftforeningen.no\/content\/uploads\/2020\/06\/Smoothie2048-768x432.jpg 768w, https:\/\/kreftforeningen.no\/content\/uploads\/2020\/06\/Smoothie2048-1536x864.jpg 1536w, https:\/\/kreftforeningen.no\/content\/uploads\/2020\/06\/Smoothie2048-135x76.jpg 135w, https:\/\/kreftforeningen.no\/content\/uploads\/2020\/06\/Smoothie2048.jpg 2048w\" sizes=\"(max-width: 1024px) 100vw, 1024px\" loading=\"lazy\" \/> <\/div>\t\t\t<div class=\"teft-card__primary\">\n\t\t\t\t<h2 class=\"teft-card__title\" id=\"blabaer-smoothie\">Bl\u00e5b\u00e6r-smoothie<\/h2>\n\t\t\t<\/div>\n\n\t\t\t<div class=\"teft-card__secondary\">\n\t\t\t\t<p><\/p><img decoding=\"async\" src=\"https:\/\/kreftforeningen.no\/content\/themes\/kreftforeningen\/assets\/icons\/arrow-right-blue.svg\" alt=\"Les Bl\u00e5b\u00e6r-smoothie\" \/>\t\t\t<\/div>\n\t\t<\/a>\n\t<\/div>\n\n\t<\/div><\/div>\n\n\n\n<div class=\"wp-block-button aligncenter\"><a class=\"wp-block-button__link has-blue-background-color has-background\" href=\"https:\/\/kreftforeningen.no\/vardesenteret\/oppskrifter\/#manglende-matlyst-eller-vekttap\">Alle oppskrifter<\/a><\/div>\n<\/div>\n","protected":false},"excerpt":{"rendered":"<p>Passer for deg som sliter med \u00e5 f\u00e5 i deg mat eller g\u00e5r ned i vekt under kreftbehandling. Ingredienser 2 \u00bd dl havregryn 2 stk t\u00f8rket aprikos 1 toppet ss kokosmasse 1 toppet ts honning 3 dl helmelk 2 ss n\u00f8ytral olje Slik gj\u00f8r du Bland havregryn og kokosmasse i en bolle og tilsett hakket [&hellip;]<\/p>\n","protected":false},"author":30,"featured_media":62488,"parent":1000,"menu_order":0,"comment_status":"closed","ping_status":"closed","template":"","meta":{"_relevanssi_hide_post":"","_relevanssi_hide_content":"","_relevanssi_pin_for_all":"","_relevanssi_pin_keywords":"","_relevanssi_unpin_keywords":"","_relevanssi_related_keywords":"","_relevanssi_related_include_ids":"","_relevanssi_related_exclude_ids":"","_relevanssi_related_no_append":"","_relevanssi_related_not_related":"","_relevanssi_related_posts":"1849,2511,2411,1863,1836,2409","_relevanssi_noindex_reason":"","kf_show_post_date":true,"kf_show_updated_date":false,"kf_show_print_page":false,"kf_show_chapters":false,"kf_show_chapters_expanded":false,"kf_show_post_outdated":true,"kf_post_authors":[],"kf_toggle_title":false,"teft_cards_label":"","kf_is_template":false,"teft_cards_image_id":0,"teft_cards_image_focal_point_x":0,"teft_cards_image_focal_point_y":0,"teft_cards_title":"","teft_cards_excerpt":"","footnotes":""},"class_list":["post-1131","page","type-page","status-publish","has-post-thumbnail","hentry"],"yoast_head":"<!-- This site is optimized with the Yoast SEO Premium plugin v26.8 (Yoast SEO v26.8) - https:\/\/yoast.com\/product\/yoast-seo-premium-wordpress\/ -->\n<title>Kj\u00f8leskapsgr\u00f8t - Vardesenteret<\/title>\n<meta name=\"robots\" content=\"index, follow, max-snippet:-1, max-image-preview:large, max-video-preview:-1\" \/>\n<link rel=\"canonical\" href=\"https:\/\/kreftforeningen.no\/vardesenteret\/oppskrifter\/kjoleskapsgrot\/\" \/>\n<meta property=\"og:locale\" content=\"nb_NO\" \/>\n<meta property=\"og:type\" content=\"article\" \/>\n<meta property=\"og:title\" content=\"Kj\u00f8leskapsgr\u00f8t\" \/>\n<meta property=\"og:description\" content=\"Passer for deg som sliter med \u00e5 f\u00e5 i deg mat eller g\u00e5r ned i vekt under kreftbehandling. Ingredienser 2 \u00bd dl havregryn 2 stk t\u00f8rket aprikos 1 toppet ss kokosmasse 1 toppet ts honning 3 dl helmelk 2 ss n\u00f8ytral olje Slik gj\u00f8r du Bland havregryn og kokosmasse i en bolle og tilsett hakket [&hellip;]\" \/>\n<meta property=\"og:url\" content=\"https:\/\/kreftforeningen.no\/vardesenteret\/oppskrifter\/kjoleskapsgrot\/\" \/>\n<meta property=\"og:site_name\" content=\"Vardesenteret\" \/>\n<meta property=\"article:published_time\" content=\"2020-10-09T10:07:06+00:00\" \/>\n<meta property=\"article:modified_time\" content=\"2022-08-09T08:12:17+00:00\" \/>\n<meta property=\"og:image\" content=\"https:\/\/kreftforeningen.no\/content\/uploads\/2020\/10\/kj\u00f8leskapsgr\u00f8t.jpg\" \/>\n\t<meta property=\"og:image:width\" content=\"2048\" \/>\n\t<meta property=\"og:image:height\" content=\"1152\" \/>\n\t<meta property=\"og:image:type\" content=\"image\/jpeg\" \/>\n<meta name=\"twitter:card\" content=\"summary_large_image\" \/>\n<meta name=\"twitter:label1\" content=\"Ansl. lesetid\" \/>\n\t<meta name=\"twitter:data1\" content=\"2 minutter\" \/>\n<script type=\"application\/ld+json\" class=\"yoast-schema-graph\">{\"@context\":\"https:\/\/schema.org\",\"@graph\":[{\"@type\":\"WebPage\",\"@id\":\"https:\/\/kreftforeningen.no\/vardesenteret\/oppskrifter\/kjoleskapsgrot\/\",\"url\":\"https:\/\/kreftforeningen.no\/vardesenteret\/oppskrifter\/kjoleskapsgrot\/\",\"name\":\"Kj\u00f8leskapsgr\u00f8t - Vardesenteret\",\"isPartOf\":{\"@id\":\"https:\/\/kreftforeningen.no\/vardesenteret\/#website\"},\"primaryImageOfPage\":{\"@id\":\"https:\/\/kreftforeningen.no\/vardesenteret\/oppskrifter\/kjoleskapsgrot\/#primaryimage\"},\"image\":{\"@id\":\"https:\/\/kreftforeningen.no\/vardesenteret\/oppskrifter\/kjoleskapsgrot\/#primaryimage\"},\"thumbnailUrl\":\"https:\/\/kreftforeningen.no\/content\/uploads\/2020\/10\/kj\u00f8leskapsgr\u00f8t.jpg\",\"datePublished\":\"2020-10-09T10:07:06+00:00\",\"dateModified\":\"2022-08-09T08:12:17+00:00\",\"breadcrumb\":{\"@id\":\"https:\/\/kreftforeningen.no\/vardesenteret\/oppskrifter\/kjoleskapsgrot\/#breadcrumb\"},\"inLanguage\":\"nb-NO\",\"potentialAction\":[{\"@type\":\"ReadAction\",\"target\":[\"https:\/\/kreftforeningen.no\/vardesenteret\/oppskrifter\/kjoleskapsgrot\/\"]}]},{\"@type\":\"ImageObject\",\"inLanguage\":\"nb-NO\",\"@id\":\"https:\/\/kreftforeningen.no\/vardesenteret\/oppskrifter\/kjoleskapsgrot\/#primaryimage\",\"url\":\"https:\/\/kreftforeningen.no\/content\/uploads\/2020\/10\/kj\u00f8leskapsgr\u00f8t.jpg\",\"contentUrl\":\"https:\/\/kreftforeningen.no\/content\/uploads\/2020\/10\/kj\u00f8leskapsgr\u00f8t.jpg\"},{\"@type\":\"BreadcrumbList\",\"@id\":\"https:\/\/kreftforeningen.no\/vardesenteret\/oppskrifter\/kjoleskapsgrot\/#breadcrumb\",\"itemListElement\":[{\"@type\":\"ListItem\",\"position\":1,\"name\":\"Forside\",\"item\":\"https:\/\/kreftforeningen.no\/vardesenteret\/\"},{\"@type\":\"ListItem\",\"position\":2,\"name\":\"Matoppskrifter ved kreft\",\"item\":\"https:\/\/kreftforeningen.no\/vardesenteret\/oppskrifter\/\"},{\"@type\":\"ListItem\",\"position\":3,\"name\":\"Kj\u00f8leskapsgr\u00f8t\"}]},{\"@type\":\"WebSite\",\"@id\":\"https:\/\/kreftforeningen.no\/vardesenteret\/#website\",\"url\":\"https:\/\/kreftforeningen.no\/vardesenteret\/\",\"name\":\"Vardesenteret\",\"description\":\"\",\"publisher\":{\"@id\":\"https:\/\/kreftforeningen.no\/vardesenteret\/#organization\"},\"potentialAction\":[{\"@type\":\"SearchAction\",\"target\":{\"@type\":\"EntryPoint\",\"urlTemplate\":\"https:\/\/kreftforeningen.no\/vardesenteret\/?s={search_term_string}\"},\"query-input\":{\"@type\":\"PropertyValueSpecification\",\"valueRequired\":true,\"valueName\":\"search_term_string\"}}],\"inLanguage\":\"nb-NO\"},{\"@type\":\"Organization\",\"@id\":\"https:\/\/kreftforeningen.no\/vardesenteret\/#organization\",\"name\":\"Vardesenteret\",\"url\":\"https:\/\/kreftforeningen.no\/vardesenteret\/\",\"logo\":{\"@type\":\"ImageObject\",\"inLanguage\":\"nb-NO\",\"@id\":\"https:\/\/kreftforeningen.no\/vardesenteret\/#\/schema\/logo\/image\/\",\"url\":\"https:\/\/kreftforeningen.no\/content\/uploads\/2026\/02\/cropped-Vardesenter_signatur_sort_horisontal_uten-undertekst-e1589886700835.png\",\"contentUrl\":\"https:\/\/kreftforeningen.no\/content\/uploads\/2026\/02\/cropped-Vardesenter_signatur_sort_horisontal_uten-undertekst-e1589886700835.png\",\"caption\":\"Vardesenteret\"},\"image\":{\"@id\":\"https:\/\/kreftforeningen.no\/vardesenteret\/#\/schema\/logo\/image\/\"}}]}<\/script>\n<!-- \/ Yoast SEO Premium plugin. -->","yoast_head_json":{"title":"Kj\u00f8leskapsgr\u00f8t - Vardesenteret","robots":{"index":"index","follow":"follow","max-snippet":"max-snippet:-1","max-image-preview":"max-image-preview:large","max-video-preview":"max-video-preview:-1"},"canonical":"https:\/\/kreftforeningen.no\/vardesenteret\/oppskrifter\/kjoleskapsgrot\/","og_locale":"nb_NO","og_type":"article","og_title":"Kj\u00f8leskapsgr\u00f8t","og_description":"Passer for deg som sliter med \u00e5 f\u00e5 i deg mat eller g\u00e5r ned i vekt under kreftbehandling. Ingredienser 2 \u00bd dl havregryn 2 stk t\u00f8rket aprikos 1 toppet ss kokosmasse 1 toppet ts honning 3 dl helmelk 2 ss n\u00f8ytral olje Slik gj\u00f8r du Bland havregryn og kokosmasse i en bolle og tilsett hakket [&hellip;]","og_url":"https:\/\/kreftforeningen.no\/vardesenteret\/oppskrifter\/kjoleskapsgrot\/","og_site_name":"Vardesenteret","article_published_time":"2020-10-09T10:07:06+00:00","article_modified_time":"2022-08-09T08:12:17+00:00","og_image":[{"width":2048,"height":1152,"url":"https:\/\/kreftforeningen.no\/content\/uploads\/2020\/10\/kj\u00f8leskapsgr\u00f8t.jpg","type":"image\/jpeg"}],"twitter_card":"summary_large_image","twitter_misc":{"Ansl. lesetid":"2 minutter"},"schema":{"@context":"https:\/\/schema.org","@graph":[{"@type":"WebPage","@id":"https:\/\/kreftforeningen.no\/vardesenteret\/oppskrifter\/kjoleskapsgrot\/","url":"https:\/\/kreftforeningen.no\/vardesenteret\/oppskrifter\/kjoleskapsgrot\/","name":"Kj\u00f8leskapsgr\u00f8t - Vardesenteret","isPartOf":{"@id":"https:\/\/kreftforeningen.no\/vardesenteret\/#website"},"primaryImageOfPage":{"@id":"https:\/\/kreftforeningen.no\/vardesenteret\/oppskrifter\/kjoleskapsgrot\/#primaryimage"},"image":{"@id":"https:\/\/kreftforeningen.no\/vardesenteret\/oppskrifter\/kjoleskapsgrot\/#primaryimage"},"thumbnailUrl":"https:\/\/kreftforeningen.no\/content\/uploads\/2020\/10\/kj\u00f8leskapsgr\u00f8t.jpg","datePublished":"2020-10-09T10:07:06+00:00","dateModified":"2022-08-09T08:12:17+00:00","breadcrumb":{"@id":"https:\/\/kreftforeningen.no\/vardesenteret\/oppskrifter\/kjoleskapsgrot\/#breadcrumb"},"inLanguage":"nb-NO","potentialAction":[{"@type":"ReadAction","target":["https:\/\/kreftforeningen.no\/vardesenteret\/oppskrifter\/kjoleskapsgrot\/"]}]},{"@type":"ImageObject","inLanguage":"nb-NO","@id":"https:\/\/kreftforeningen.no\/vardesenteret\/oppskrifter\/kjoleskapsgrot\/#primaryimage","url":"https:\/\/kreftforeningen.no\/content\/uploads\/2020\/10\/kj\u00f8leskapsgr\u00f8t.jpg","contentUrl":"https:\/\/kreftforeningen.no\/content\/uploads\/2020\/10\/kj\u00f8leskapsgr\u00f8t.jpg"},{"@type":"BreadcrumbList","@id":"https:\/\/kreftforeningen.no\/vardesenteret\/oppskrifter\/kjoleskapsgrot\/#breadcrumb","itemListElement":[{"@type":"ListItem","position":1,"name":"Forside","item":"https:\/\/kreftforeningen.no\/vardesenteret\/"},{"@type":"ListItem","position":2,"name":"Matoppskrifter ved kreft","item":"https:\/\/kreftforeningen.no\/vardesenteret\/oppskrifter\/"},{"@type":"ListItem","position":3,"name":"Kj\u00f8leskapsgr\u00f8t"}]},{"@type":"WebSite","@id":"https:\/\/kreftforeningen.no\/vardesenteret\/#website","url":"https:\/\/kreftforeningen.no\/vardesenteret\/","name":"Vardesenteret","description":"","publisher":{"@id":"https:\/\/kreftforeningen.no\/vardesenteret\/#organization"},"potentialAction":[{"@type":"SearchAction","target":{"@type":"EntryPoint","urlTemplate":"https:\/\/kreftforeningen.no\/vardesenteret\/?s={search_term_string}"},"query-input":{"@type":"PropertyValueSpecification","valueRequired":true,"valueName":"search_term_string"}}],"inLanguage":"nb-NO"},{"@type":"Organization","@id":"https:\/\/kreftforeningen.no\/vardesenteret\/#organization","name":"Vardesenteret","url":"https:\/\/kreftforeningen.no\/vardesenteret\/","logo":{"@type":"ImageObject","inLanguage":"nb-NO","@id":"https:\/\/kreftforeningen.no\/vardesenteret\/#\/schema\/logo\/image\/","url":"https:\/\/kreftforeningen.no\/content\/uploads\/2026\/02\/cropped-Vardesenter_signatur_sort_horisontal_uten-undertekst-e1589886700835.png","contentUrl":"https:\/\/kreftforeningen.no\/content\/uploads\/2026\/02\/cropped-Vardesenter_signatur_sort_horisontal_uten-undertekst-e1589886700835.png","caption":"Vardesenteret"},"image":{"@id":"https:\/\/kreftforeningen.no\/vardesenteret\/#\/schema\/logo\/image\/"}}]}},"_links":{"self":[{"href":"https:\/\/kreftforeningen.no\/vardesenteret\/wp-json\/wp\/v2\/pages\/1131"}],"collection":[{"href":"https:\/\/kreftforeningen.no\/vardesenteret\/wp-json\/wp\/v2\/pages"}],"about":[{"href":"https:\/\/kreftforeningen.no\/vardesenteret\/wp-json\/wp\/v2\/types\/page"}],"author":[{"embeddable":true,"href":"https:\/\/kreftforeningen.no\/vardesenteret\/wp-json\/wp\/v2\/users\/30"}],"replies":[{"embeddable":true,"href":"https:\/\/kreftforeningen.no\/vardesenteret\/wp-json\/wp\/v2\/comments?post=1131"}],"version-history":[{"count":7,"href":"https:\/\/kreftforeningen.no\/vardesenteret\/wp-json\/wp\/v2\/pages\/1131\/revisions"}],"predecessor-version":[{"id":2784,"href":"https:\/\/kreftforeningen.no\/vardesenteret\/wp-json\/wp\/v2\/pages\/1131\/revisions\/2784"}],"up":[{"embeddable":true,"href":"https:\/\/kreftforeningen.no\/vardesenteret\/wp-json\/wp\/v2\/pages\/1000"}],"wp:featuredmedia":[{"embeddable":true,"href":"https:\/\/kreftforeningen.no\/vardesenteret\/wp-json\/"}],"wp:attachment":[{"href":"https:\/\/kreftforeningen.no\/vardesenteret\/wp-json\/wp\/v2\/media?parent=1131"}],"curies":[{"name":"wp","href":"https:\/\/api.w.org\/{rel}","templated":true}]}}