{"id":1161,"date":"2020-10-09T13:28:56","date_gmt":"2020-10-09T11:28:56","guid":{"rendered":"https:\/\/kreftforeningen.no\/vardesenteret\/?page_id=1161"},"modified":"2022-11-30T10:50:55","modified_gmt":"2022-11-30T09:50:55","slug":"bondeomelett-for-to","status":"publish","type":"page","link":"https:\/\/kreftforeningen.no\/vardesenteret\/oppskrifter\/bondeomelett-for-to\/","title":{"rendered":"Bondeomelett for to"},"content":{"rendered":"\n<p>Passer for deg som sliter med \u00e5 f\u00e5 i deg mat eller g\u00e5r ned i vekt under kreftbehandling.<\/p>\n\n\n\n<figure class=\"wp-block-image size-large\"><img decoding=\"async\" src=\"https:\/\/kreftforeningen.no\/content\/uploads\/2020\/10\/bondeomelett-1024x576.jpg\" alt=\"\" class=\"wp-image-62492\"\/><figcaption>Foto: Sara Johannessen<\/figcaption><\/figure>\n\n\n\n<div class=\"wp-block-image is-floating is-style-rounded\"><figure class=\"alignleft size-large is-resized\"><img loading=\"lazy\" decoding=\"async\" src=\"https:\/\/kreftforeningen.no\/content\/uploads\/2020\/10\/klokke-330.jpg\" alt=\"Piktogram av en klokke.\" class=\"wp-image-62218\" width=\"83\" height=\"83\" srcset=\"https:\/\/kreftforeningen.no\/content\/uploads\/2020\/10\/klokke-330.jpg 330w, https:\/\/kreftforeningen.no\/content\/uploads\/2020\/10\/klokke-330-135x135.jpg 135w\" sizes=\"(max-width: 83px) 100vw, 83px\" \/><figcaption><strong>Tid <br><\/strong>20\u201340 min<\/figcaption><\/figure><\/div>\n\n\n\n<div class=\"wp-block-image is-floating is-style-rounded\"><figure class=\"alignleft size-large is-resized\"><img loading=\"lazy\" decoding=\"async\" src=\"https:\/\/kreftforeningen.no\/content\/uploads\/2020\/10\/kokkelue-330.jpg\" alt=\"Piktogram av en kokkelue.\" class=\"wp-image-62219\" width=\"83\" height=\"83\" srcset=\"https:\/\/kreftforeningen.no\/content\/uploads\/2020\/10\/kokkelue-330.jpg 330w, https:\/\/kreftforeningen.no\/content\/uploads\/2020\/10\/kokkelue-330-135x135.jpg 135w\" sizes=\"(max-width: 83px) 100vw, 83px\" \/><figcaption><strong>Utf\u00f8relse <br><\/strong>Middels<\/figcaption><\/figure><\/div>\n\n\n\n<figure class=\"wp-block-image size-large is-resized is-style-rounded\"><img loading=\"lazy\" decoding=\"async\" src=\"https:\/\/kreftforeningen.no\/content\/uploads\/2020\/10\/servering-330.jpg\" alt=\"Piktogram av et serveringsfat.\" class=\"wp-image-62220\" width=\"83\" height=\"83\" srcset=\"https:\/\/kreftforeningen.no\/content\/uploads\/2020\/10\/servering-330.jpg 330w, https:\/\/kreftforeningen.no\/content\/uploads\/2020\/10\/servering-330-135x135.jpg 135w\" sizes=\"(max-width: 83px) 100vw, 83px\" \/><figcaption><strong>Porsjoner<\/strong><br>2<\/figcaption><\/figure>\n\n\n\n<p>Bondeomelett er en fin m\u00e5te \u00e5 bruke det du har av rester p\u00e5. Putter du olje, fl\u00f8te og cottage cheese i r\u00f8ren, vil omeletten smake ekstra godt og v\u00e6re rik p\u00e5 n\u00e6ring. Str\u00f8 gjerne ekstra ost p\u00e5 toppen.<\/p>\n\n\n\n<h2 class=\"wp-block-heading\" id=\"h-ingredienser\">Ingredienser<\/h2>\n\n\n\n<ul class=\"wp-block-list\"><li>100 g skinke, kyllingbiter eller lignende<\/li><li>100 g fersk spinat<\/li><li>2 stk kokt potet<\/li><li>4 stk egg<\/li><li>2 store ss creme fraiche<\/li><li>\u00bd dl fl\u00f8te<\/li><li>\u00bd ts salt<\/li><li>\u00bd ts pepper<\/li><li>2 ss olje og sm\u00f8r til steking<\/li><li>Revet ost til topping<\/li><\/ul>\n\n\n\n<h2 class=\"wp-block-heading\" id=\"h-slik-gjor-du\">Slik gj\u00f8r du<\/h2>\n\n\n\n<ol class=\"wp-block-list\"><li>Skj\u00e6r potet og skinke i mindre biter og stek i en stekepanne med olje og sm\u00f8r til det f\u00e5r en gyllen farge. <\/li><li>Tilsett spinat.<\/li><li>R\u00f8r sammen egg, cr\u00e8me fra\u00eeche, fl\u00f8te, salt og pepper i en bolle, og hell blandingen over i pannen.<\/li><li>Str\u00f8 over osten og legg p\u00e5 lokk. <\/li><li>La omeletten steke p\u00e5 middels varme til den ikke lenger er rennende, om lag 10\u201315 minutter.<\/li><\/ol>\n\n\n\n<p class=\"has-blue-light-background-color has-background\"><strong>TIPS<\/strong>: Serveres gjerne med ferskt br\u00f8d og godt med sm\u00f8r.<\/p>\n\n\n\n<div class=\"wp-block-teft-cards-theme\">\n<h2 class=\"has-text-align-center wp-block-heading\" id=\"h-manglende-matlyst-eller-vekttap\">Manglende matlyst eller vekttap?<\/h2>\n\n\n\n<p class=\"has-text-align-center\">Oppskrifter for kreftpasienter som sliter med \u00e5 spise eller g\u00e5r ned i vekt.<\/p>\n\n\n\n<div class=\"wp-block-teft-cards alignwide teft-cards-grid default-size-4\"><div class=\"teft-cards-item has-6-columns is-card-kf-custom has-card-shadow\">\n\t<div class=\"teft-card card_type_page \">\n\t\t<a href=\"https:\/\/kreftforeningen.no\/vardesenteret\/oppskrifter\/kylling-i-karrisaus\/\" class=\"teft-card__primary-action\">\n\t\t\t<div class=\"teft-card__media teft-card__media--16-9\"><img decoding=\"async\" width=\"1024\" height=\"768\" src=\"https:\/\/kreftforeningen.no\/content\/uploads\/2026\/02\/Kylling-i-form-Foto-Sara-Johannsen-1024x768.jpg\" class=\"attachment-large size-large\" alt=\"Bakte kyllingbryst i en kremet saus med terninger av gulr\u00f8tter og l\u00f8k i et ovalt metallfat, med ferske gulr\u00f8tter og et bl\u00e5tt h\u00e5ndkle ved siden av.\" srcset=\"https:\/\/kreftforeningen.no\/content\/uploads\/2026\/02\/Kylling-i-form-Foto-Sara-Johannsen-1024x768.jpg 1024w, https:\/\/kreftforeningen.no\/content\/uploads\/2026\/02\/Kylling-i-form-Foto-Sara-Johannsen-300x225.jpg 300w, https:\/\/kreftforeningen.no\/content\/uploads\/2026\/02\/Kylling-i-form-Foto-Sara-Johannsen-768x576.jpg 768w, https:\/\/kreftforeningen.no\/content\/uploads\/2026\/02\/Kylling-i-form-Foto-Sara-Johannsen-1536x1152.jpg 1536w, https:\/\/kreftforeningen.no\/content\/uploads\/2026\/02\/Kylling-i-form-Foto-Sara-Johannsen-800x600.jpg 800w, https:\/\/kreftforeningen.no\/content\/uploads\/2026\/02\/Kylling-i-form-Foto-Sara-Johannsen-135x101.jpg 135w, https:\/\/kreftforeningen.no\/content\/uploads\/2026\/02\/Kylling-i-form-Foto-Sara-Johannsen.jpg 2048w\" sizes=\"(max-width: 1024px) 100vw, 1024px\" loading=\"lazy\" \/> <\/div>\t\t\t<div class=\"teft-card__primary\">\n\t\t\t\t<h2 class=\"teft-card__title\" id=\"kylling-i-karrisaus\">Kylling i karrisaus<\/h2>\n\t\t\t<\/div>\n\n\t\t\t<div class=\"teft-card__secondary\">\n\t\t\t\t<p><\/p><img decoding=\"async\" src=\"https:\/\/kreftforeningen.no\/content\/themes\/kreftforeningen\/assets\/icons\/arrow-right-blue.svg\" alt=\"Les Kylling i karrisaus\" \/>\t\t\t<\/div>\n\t\t<\/a>\n\t<\/div>\n\n\t<\/div>\n\n<div class=\"teft-cards-item has-6-columns is-card-kf-custom has-card-shadow\">\n\t<div class=\"teft-card card_type_page \">\n\t\t<a href=\"https:\/\/kreftforeningen.no\/vardesenteret\/oppskrifter\/kjoleskapsgrot\/\" class=\"teft-card__primary-action\">\n\t\t\t<div class=\"teft-card__media teft-card__media--16-9\"><img decoding=\"async\" width=\"1024\" height=\"576\" src=\"https:\/\/kreftforeningen.no\/content\/uploads\/2020\/10\/kj\u00f8leskapsgr\u00f8t.jpg\" class=\"attachment-large size-large\" alt=\"en sk\u00e5l med havregryn med rosiner, bananer og rosin.\" srcset=\"https:\/\/kreftforeningen.no\/content\/uploads\/2020\/10\/kj\u00f8leskapsgr\u00f8t.jpg 2048w, https:\/\/kreftforeningen.no\/content\/uploads\/2020\/10\/kj\u00f8leskapsgr\u00f8t-135x76.jpg 135w\" sizes=\"(max-width: 1024px) 100vw, 1024px\" loading=\"lazy\" \/> <\/div>\t\t\t<div class=\"teft-card__primary\">\n\t\t\t\t<h2 class=\"teft-card__title\" id=\"kjoleskapsgrot\">Kj\u00f8leskapsgr\u00f8t<\/h2>\n\t\t\t<\/div>\n\n\t\t\t<div class=\"teft-card__secondary\">\n\t\t\t\t<p><\/p><img decoding=\"async\" src=\"https:\/\/kreftforeningen.no\/content\/themes\/kreftforeningen\/assets\/icons\/arrow-right-blue.svg\" alt=\"Les Kj\u00f8leskapsgr\u00f8t\" \/>\t\t\t<\/div>\n\t\t<\/a>\n\t<\/div>\n\n\t<\/div><\/div>\n\n\n\n<div class=\"wp-block-button aligncenter\"><a class=\"wp-block-button__link has-blue-background-color has-background\" href=\"https:\/\/kreftforeningen.no\/vardesenteret\/oppskrifter\/#manglende-matlyst-eller-vekttap\">Alle oppskrifter<\/a><\/div>\n\n\n\n<p><\/p>\n<\/div>\n","protected":false},"excerpt":{"rendered":"<p>Passer for deg som sliter med \u00e5 f\u00e5 i deg mat eller g\u00e5r ned i vekt under kreftbehandling. Bondeomelett er en fin m\u00e5te \u00e5 bruke det du har av rester p\u00e5. Putter du olje, fl\u00f8te og cottage cheese i r\u00f8ren, vil omeletten smake ekstra godt og v\u00e6re rik p\u00e5 n\u00e6ring. Str\u00f8 gjerne ekstra ost p\u00e5 [&hellip;]<\/p>\n","protected":false},"author":30,"featured_media":62492,"parent":1000,"menu_order":0,"comment_status":"closed","ping_status":"closed","template":"","meta":{"_relevanssi_hide_post":"","_relevanssi_hide_content":"","_relevanssi_pin_for_all":"","_relevanssi_pin_keywords":"","_relevanssi_unpin_keywords":"","_relevanssi_related_keywords":"","_relevanssi_related_include_ids":"","_relevanssi_related_exclude_ids":"","_relevanssi_related_no_append":"","_relevanssi_related_not_related":"","_relevanssi_related_posts":"1697,2523,2409,1863,1849,2511","_relevanssi_noindex_reason":"","kf_show_post_date":true,"kf_show_updated_date":false,"kf_show_print_page":false,"kf_show_chapters":false,"kf_show_chapters_expanded":false,"kf_show_post_outdated":true,"kf_post_authors":[],"kf_toggle_title":false,"teft_cards_label":"","kf_is_template":false,"teft_cards_image_id":0,"teft_cards_image_focal_point_x":0,"teft_cards_image_focal_point_y":0,"teft_cards_title":"","teft_cards_excerpt":"","footnotes":""},"class_list":["post-1161","page","type-page","status-publish","has-post-thumbnail","hentry"],"yoast_head":"<!-- This site is optimized with the Yoast SEO Premium plugin v26.8 (Yoast SEO v26.8) - https:\/\/yoast.com\/product\/yoast-seo-premium-wordpress\/ -->\n<title>Bondeomelett for to - Vardesenteret<\/title>\n<meta name=\"robots\" content=\"index, follow, max-snippet:-1, max-image-preview:large, max-video-preview:-1\" \/>\n<link rel=\"canonical\" href=\"https:\/\/kreftforeningen.no\/vardesenteret\/oppskrifter\/bondeomelett-for-to\/\" \/>\n<meta property=\"og:locale\" content=\"nb_NO\" \/>\n<meta property=\"og:type\" content=\"article\" \/>\n<meta property=\"og:title\" content=\"Bondeomelett for to\" \/>\n<meta property=\"og:description\" content=\"Passer for deg som sliter med \u00e5 f\u00e5 i deg mat eller g\u00e5r ned i vekt under kreftbehandling. Bondeomelett er en fin m\u00e5te \u00e5 bruke det du har av rester p\u00e5. Putter du olje, fl\u00f8te og cottage cheese i r\u00f8ren, vil omeletten smake ekstra godt og v\u00e6re rik p\u00e5 n\u00e6ring. Str\u00f8 gjerne ekstra ost p\u00e5 [&hellip;]\" \/>\n<meta property=\"og:url\" content=\"https:\/\/kreftforeningen.no\/vardesenteret\/oppskrifter\/bondeomelett-for-to\/\" \/>\n<meta property=\"og:site_name\" content=\"Vardesenteret\" \/>\n<meta property=\"article:published_time\" content=\"2020-10-09T11:28:56+00:00\" \/>\n<meta property=\"article:modified_time\" content=\"2022-11-30T09:50:55+00:00\" \/>\n<meta property=\"og:image\" content=\"https:\/\/kreftforeningen.no\/content\/uploads\/2020\/10\/bondeomelett.jpg\" \/>\n\t<meta property=\"og:image:width\" content=\"2048\" \/>\n\t<meta property=\"og:image:height\" content=\"1152\" \/>\n\t<meta property=\"og:image:type\" content=\"image\/jpeg\" \/>\n<meta name=\"twitter:card\" content=\"summary_large_image\" \/>\n<meta name=\"twitter:label1\" content=\"Ansl. lesetid\" \/>\n\t<meta name=\"twitter:data1\" content=\"2 minutter\" \/>\n<script type=\"application\/ld+json\" class=\"yoast-schema-graph\">{\"@context\":\"https:\/\/schema.org\",\"@graph\":[{\"@type\":\"WebPage\",\"@id\":\"https:\/\/kreftforeningen.no\/vardesenteret\/oppskrifter\/bondeomelett-for-to\/\",\"url\":\"https:\/\/kreftforeningen.no\/vardesenteret\/oppskrifter\/bondeomelett-for-to\/\",\"name\":\"Bondeomelett for to - Vardesenteret\",\"isPartOf\":{\"@id\":\"https:\/\/kreftforeningen.no\/vardesenteret\/#website\"},\"primaryImageOfPage\":{\"@id\":\"https:\/\/kreftforeningen.no\/vardesenteret\/oppskrifter\/bondeomelett-for-to\/#primaryimage\"},\"image\":{\"@id\":\"https:\/\/kreftforeningen.no\/vardesenteret\/oppskrifter\/bondeomelett-for-to\/#primaryimage\"},\"thumbnailUrl\":\"https:\/\/kreftforeningen.no\/content\/uploads\/2020\/10\/bondeomelett.jpg\",\"datePublished\":\"2020-10-09T11:28:56+00:00\",\"dateModified\":\"2022-11-30T09:50:55+00:00\",\"breadcrumb\":{\"@id\":\"https:\/\/kreftforeningen.no\/vardesenteret\/oppskrifter\/bondeomelett-for-to\/#breadcrumb\"},\"inLanguage\":\"nb-NO\",\"potentialAction\":[{\"@type\":\"ReadAction\",\"target\":[\"https:\/\/kreftforeningen.no\/vardesenteret\/oppskrifter\/bondeomelett-for-to\/\"]}]},{\"@type\":\"ImageObject\",\"inLanguage\":\"nb-NO\",\"@id\":\"https:\/\/kreftforeningen.no\/vardesenteret\/oppskrifter\/bondeomelett-for-to\/#primaryimage\",\"url\":\"https:\/\/kreftforeningen.no\/content\/uploads\/2020\/10\/bondeomelett.jpg\",\"contentUrl\":\"https:\/\/kreftforeningen.no\/content\/uploads\/2020\/10\/bondeomelett.jpg\"},{\"@type\":\"BreadcrumbList\",\"@id\":\"https:\/\/kreftforeningen.no\/vardesenteret\/oppskrifter\/bondeomelett-for-to\/#breadcrumb\",\"itemListElement\":[{\"@type\":\"ListItem\",\"position\":1,\"name\":\"Forside\",\"item\":\"https:\/\/kreftforeningen.no\/vardesenteret\/\"},{\"@type\":\"ListItem\",\"position\":2,\"name\":\"Matoppskrifter ved kreft\",\"item\":\"https:\/\/kreftforeningen.no\/vardesenteret\/oppskrifter\/\"},{\"@type\":\"ListItem\",\"position\":3,\"name\":\"Bondeomelett for to\"}]},{\"@type\":\"WebSite\",\"@id\":\"https:\/\/kreftforeningen.no\/vardesenteret\/#website\",\"url\":\"https:\/\/kreftforeningen.no\/vardesenteret\/\",\"name\":\"Vardesenteret\",\"description\":\"\",\"publisher\":{\"@id\":\"https:\/\/kreftforeningen.no\/vardesenteret\/#organization\"},\"potentialAction\":[{\"@type\":\"SearchAction\",\"target\":{\"@type\":\"EntryPoint\",\"urlTemplate\":\"https:\/\/kreftforeningen.no\/vardesenteret\/?s={search_term_string}\"},\"query-input\":{\"@type\":\"PropertyValueSpecification\",\"valueRequired\":true,\"valueName\":\"search_term_string\"}}],\"inLanguage\":\"nb-NO\"},{\"@type\":\"Organization\",\"@id\":\"https:\/\/kreftforeningen.no\/vardesenteret\/#organization\",\"name\":\"Vardesenteret\",\"url\":\"https:\/\/kreftforeningen.no\/vardesenteret\/\",\"logo\":{\"@type\":\"ImageObject\",\"inLanguage\":\"nb-NO\",\"@id\":\"https:\/\/kreftforeningen.no\/vardesenteret\/#\/schema\/logo\/image\/\",\"url\":\"https:\/\/kreftforeningen.no\/content\/uploads\/2026\/02\/cropped-Vardesenter_signatur_sort_horisontal_uten-undertekst-e1589886700835.png\",\"contentUrl\":\"https:\/\/kreftforeningen.no\/content\/uploads\/2026\/02\/cropped-Vardesenter_signatur_sort_horisontal_uten-undertekst-e1589886700835.png\",\"caption\":\"Vardesenteret\"},\"image\":{\"@id\":\"https:\/\/kreftforeningen.no\/vardesenteret\/#\/schema\/logo\/image\/\"}}]}<\/script>\n<!-- \/ Yoast SEO Premium plugin. -->","yoast_head_json":{"title":"Bondeomelett for to - Vardesenteret","robots":{"index":"index","follow":"follow","max-snippet":"max-snippet:-1","max-image-preview":"max-image-preview:large","max-video-preview":"max-video-preview:-1"},"canonical":"https:\/\/kreftforeningen.no\/vardesenteret\/oppskrifter\/bondeomelett-for-to\/","og_locale":"nb_NO","og_type":"article","og_title":"Bondeomelett for to","og_description":"Passer for deg som sliter med \u00e5 f\u00e5 i deg mat eller g\u00e5r ned i vekt under kreftbehandling. Bondeomelett er en fin m\u00e5te \u00e5 bruke det du har av rester p\u00e5. Putter du olje, fl\u00f8te og cottage cheese i r\u00f8ren, vil omeletten smake ekstra godt og v\u00e6re rik p\u00e5 n\u00e6ring. Str\u00f8 gjerne ekstra ost p\u00e5 [&hellip;]","og_url":"https:\/\/kreftforeningen.no\/vardesenteret\/oppskrifter\/bondeomelett-for-to\/","og_site_name":"Vardesenteret","article_published_time":"2020-10-09T11:28:56+00:00","article_modified_time":"2022-11-30T09:50:55+00:00","og_image":[{"width":2048,"height":1152,"url":"https:\/\/kreftforeningen.no\/content\/uploads\/2020\/10\/bondeomelett.jpg","type":"image\/jpeg"}],"twitter_card":"summary_large_image","twitter_misc":{"Ansl. lesetid":"2 minutter"},"schema":{"@context":"https:\/\/schema.org","@graph":[{"@type":"WebPage","@id":"https:\/\/kreftforeningen.no\/vardesenteret\/oppskrifter\/bondeomelett-for-to\/","url":"https:\/\/kreftforeningen.no\/vardesenteret\/oppskrifter\/bondeomelett-for-to\/","name":"Bondeomelett for to - Vardesenteret","isPartOf":{"@id":"https:\/\/kreftforeningen.no\/vardesenteret\/#website"},"primaryImageOfPage":{"@id":"https:\/\/kreftforeningen.no\/vardesenteret\/oppskrifter\/bondeomelett-for-to\/#primaryimage"},"image":{"@id":"https:\/\/kreftforeningen.no\/vardesenteret\/oppskrifter\/bondeomelett-for-to\/#primaryimage"},"thumbnailUrl":"https:\/\/kreftforeningen.no\/content\/uploads\/2020\/10\/bondeomelett.jpg","datePublished":"2020-10-09T11:28:56+00:00","dateModified":"2022-11-30T09:50:55+00:00","breadcrumb":{"@id":"https:\/\/kreftforeningen.no\/vardesenteret\/oppskrifter\/bondeomelett-for-to\/#breadcrumb"},"inLanguage":"nb-NO","potentialAction":[{"@type":"ReadAction","target":["https:\/\/kreftforeningen.no\/vardesenteret\/oppskrifter\/bondeomelett-for-to\/"]}]},{"@type":"ImageObject","inLanguage":"nb-NO","@id":"https:\/\/kreftforeningen.no\/vardesenteret\/oppskrifter\/bondeomelett-for-to\/#primaryimage","url":"https:\/\/kreftforeningen.no\/content\/uploads\/2020\/10\/bondeomelett.jpg","contentUrl":"https:\/\/kreftforeningen.no\/content\/uploads\/2020\/10\/bondeomelett.jpg"},{"@type":"BreadcrumbList","@id":"https:\/\/kreftforeningen.no\/vardesenteret\/oppskrifter\/bondeomelett-for-to\/#breadcrumb","itemListElement":[{"@type":"ListItem","position":1,"name":"Forside","item":"https:\/\/kreftforeningen.no\/vardesenteret\/"},{"@type":"ListItem","position":2,"name":"Matoppskrifter ved kreft","item":"https:\/\/kreftforeningen.no\/vardesenteret\/oppskrifter\/"},{"@type":"ListItem","position":3,"name":"Bondeomelett for to"}]},{"@type":"WebSite","@id":"https:\/\/kreftforeningen.no\/vardesenteret\/#website","url":"https:\/\/kreftforeningen.no\/vardesenteret\/","name":"Vardesenteret","description":"","publisher":{"@id":"https:\/\/kreftforeningen.no\/vardesenteret\/#organization"},"potentialAction":[{"@type":"SearchAction","target":{"@type":"EntryPoint","urlTemplate":"https:\/\/kreftforeningen.no\/vardesenteret\/?s={search_term_string}"},"query-input":{"@type":"PropertyValueSpecification","valueRequired":true,"valueName":"search_term_string"}}],"inLanguage":"nb-NO"},{"@type":"Organization","@id":"https:\/\/kreftforeningen.no\/vardesenteret\/#organization","name":"Vardesenteret","url":"https:\/\/kreftforeningen.no\/vardesenteret\/","logo":{"@type":"ImageObject","inLanguage":"nb-NO","@id":"https:\/\/kreftforeningen.no\/vardesenteret\/#\/schema\/logo\/image\/","url":"https:\/\/kreftforeningen.no\/content\/uploads\/2026\/02\/cropped-Vardesenter_signatur_sort_horisontal_uten-undertekst-e1589886700835.png","contentUrl":"https:\/\/kreftforeningen.no\/content\/uploads\/2026\/02\/cropped-Vardesenter_signatur_sort_horisontal_uten-undertekst-e1589886700835.png","caption":"Vardesenteret"},"image":{"@id":"https:\/\/kreftforeningen.no\/vardesenteret\/#\/schema\/logo\/image\/"}}]}},"_links":{"self":[{"href":"https:\/\/kreftforeningen.no\/vardesenteret\/wp-json\/wp\/v2\/pages\/1161"}],"collection":[{"href":"https:\/\/kreftforeningen.no\/vardesenteret\/wp-json\/wp\/v2\/pages"}],"about":[{"href":"https:\/\/kreftforeningen.no\/vardesenteret\/wp-json\/wp\/v2\/types\/page"}],"author":[{"embeddable":true,"href":"https:\/\/kreftforeningen.no\/vardesenteret\/wp-json\/wp\/v2\/users\/30"}],"replies":[{"embeddable":true,"href":"https:\/\/kreftforeningen.no\/vardesenteret\/wp-json\/wp\/v2\/comments?post=1161"}],"version-history":[{"count":6,"href":"https:\/\/kreftforeningen.no\/vardesenteret\/wp-json\/wp\/v2\/pages\/1161\/revisions"}],"predecessor-version":[{"id":3375,"href":"https:\/\/kreftforeningen.no\/vardesenteret\/wp-json\/wp\/v2\/pages\/1161\/revisions\/3375"}],"up":[{"embeddable":true,"href":"https:\/\/kreftforeningen.no\/vardesenteret\/wp-json\/wp\/v2\/pages\/1000"}],"wp:featuredmedia":[{"embeddable":true,"href":"https:\/\/kreftforeningen.no\/vardesenteret\/wp-json\/"}],"wp:attachment":[{"href":"https:\/\/kreftforeningen.no\/vardesenteret\/wp-json\/wp\/v2\/media?parent=1161"}],"curies":[{"name":"wp","href":"https:\/\/api.w.org\/{rel}","templated":true}]}}