{"id":1568,"date":"2021-02-19T12:17:33","date_gmt":"2021-02-19T11:17:33","guid":{"rendered":"https:\/\/kreftforeningen.no\/vardesenteret\/?page_id=1568"},"modified":"2026-02-16T10:20:19","modified_gmt":"2026-02-16T09:20:19","slug":"digitale-tilbud-for-deg-som-bor-i-midt-norge","status":"publish","type":"page","link":"https:\/\/kreftforeningen.no\/vardesenteret\/digitale-tilbud-for-deg-som-bor-i-midt-norge\/","title":{"rendered":"Digitale tilbud for deg som bor i Midt-Norge"},"content":{"rendered":"\n<div class=\"wp-block-kf-ingress\"><div class=\"kf-header__ingress\"><p>N\u00e5 har det blitt enda lettere for deg som kreftrammet \u00e5 f\u00e5 st\u00f8tte og veiledning fra oss p\u00e5 Vardesenteret og Pusterommet p\u00e5 St. Olavs hospital \u2013 ogs\u00e5 for deg som ikke har mulighet til \u00e5 bes\u00f8ke oss. V\u00e5re digitale tilbud er tilgjengelige i ditt eget hjem eller n\u00e6romr\u00e5de.<\/p><\/div><\/div>\n\n\n\n<p>Vi har treningstimer, temam\u00f8ter og kurs som foreg\u00e5r digitalt. I tillegg kan du som bor i Tr\u00f8ndelag eller M\u00f8re og Romsdal n\u00e5 bestille \u00e9n-til-\u00e9n-samtaler med v\u00e5re fagpersoner og likepersoner.<\/p>\n\n\n\n<div class=\"wp-block-group has-grey-light-background-color has-background\"><div class=\"wp-block-group__inner-container is-layout-flow wp-block-group-is-layout-flow\">\n<h2 class=\"wp-block-heading has-text-align-center\" id=\"h-bestill-time-for-samtale-en-til-en\">Bestill time for samtale \u00e9n-til-\u00e9n<\/h2>\n\n\n\n<p class=\"has-text-align-center\">Du som bor i Tr\u00f8ndelag eller M\u00f8re og Romsdal kan bestille tid for en samtale med v\u00e5re likepersoner og fagpersoner \u2013 digitalt eller fysisk p\u00e5 Vardesenteret i Trondheim.<\/p>\n\n\n\n<div class=\"wp-block-columns is-layout-flex wp-container-core-columns-is-layout-9d6595d7 wp-block-columns-is-layout-flex\">\n<div class=\"wp-block-column in-chapters is-layout-flow wp-block-column in-chapters-is-layout-flow\">\n<h3 class=\"wp-block-heading has-text-align-center\" id=\"h-likeperson-for-pasienter-og-parorende\"><a href=\"https:\/\/kreftforeningen.no\/vardesenteret\/tilbud\/snakk-med-en-likeperson\/\">Likeperson for pasienter og p\u00e5r\u00f8rende<\/a><\/h3>\n\n\n\n<div class=\"wp-block-buttons is-content-justification-center is-layout-flex wp-container-core-buttons-is-layout-16018d1d wp-block-buttons-is-layout-flex\">\n<div class=\"wp-block-button is-style-outline is-style-outline--1\"><a class=\"wp-block-button__link wp-element-button\" href=\"https:\/\/vsprstolav.onlinebooq.net\/\">Bestill time<\/a><\/div>\n<\/div>\n<\/div>\n\n\n\n<div class=\"wp-block-column in-chapters is-layout-flow wp-block-column in-chapters-is-layout-flow\">\n<h3 class=\"wp-block-heading has-text-align-center\" id=\"h-klinisk-ernaeringsfysiolog\"><a href=\"https:\/\/kreftforeningen.no\/vardesenteret\/tilbud\/samtale-med-klinisk-ernaeringsfysiolog-i-trondheim\/\">Klinisk ern\u00e6ringsfysiolog<\/a><\/h3>\n\n\n\n<div class=\"wp-block-buttons is-content-justification-center is-layout-flex wp-container-core-buttons-is-layout-16018d1d wp-block-buttons-is-layout-flex\">\n<div class=\"wp-block-button is-style-outline is-style-outline--2\"><a class=\"wp-block-button__link wp-element-button\" href=\"https:\/\/vsprstolav.onlinebooq.net\/\">Bestill time<\/a><\/div>\n<\/div>\n<\/div>\n<\/div>\n\n\n\n<div class=\"wp-block-columns is-layout-flex wp-container-core-columns-is-layout-9d6595d7 wp-block-columns-is-layout-flex\">\n<div class=\"wp-block-column in-chapters is-layout-flow wp-block-column in-chapters-is-layout-flow\">\n<h3 class=\"wp-block-heading has-text-align-center\" id=\"h-fysioterapeut-innen-trening-og-kreft\"><a href=\"https:\/\/kreftforeningen.no\/vardesenteret\/tilbud\/samtale-og-treningsveiledning-med-fysioterapeut\/\">Fysioterapeut innen trening og kreft<\/a><\/h3>\n\n\n\n<div class=\"wp-block-buttons is-content-justification-center is-layout-flex wp-container-core-buttons-is-layout-16018d1d wp-block-buttons-is-layout-flex\">\n<div class=\"wp-block-button is-style-outline is-style-outline--3\"><a class=\"wp-block-button__link wp-element-button\" href=\"https:\/\/kreftforeningen.no\/vardesenteret\/tilbud\/samtale-og-treningsveiledning-med-fysioterapeut\/\">F\u00e5 henvisning til oss<\/a><\/div>\n<\/div>\n<\/div>\n\n\n\n<div class=\"wp-block-column in-chapters is-layout-flow wp-block-column in-chapters-is-layout-flow\">\n<h3 class=\"wp-block-heading has-text-align-center\" id=\"h-helsefaglig-radgiver-utdannet-sykepleier\"><a href=\"https:\/\/kreftforeningen.no\/vardesenteret\/tilbud\/samtale-med-helsefaglig-radgiver\/\">Helsefaglig r\u00e5dgiver (utdannet sykepleier)<\/a><\/h3>\n\n\n\n<div class=\"wp-block-buttons is-content-justification-center is-layout-flex wp-container-core-buttons-is-layout-16018d1d wp-block-buttons-is-layout-flex\">\n<div class=\"wp-block-button is-style-outline is-style-outline--4\"><a class=\"wp-block-button__link wp-element-button\" href=\"https:\/\/vsprstolav.onlinebooq.net\/\">Bestill time<\/a><\/div>\n<\/div>\n<\/div>\n<\/div>\n<\/div><\/div>\n\n\n\n<div class=\"wp-block-teft-cards-theme\">\n<h2 class=\"wp-block-heading has-text-align-center\" id=\"h-temamoter-kurs-og-trening\">Temam\u00f8ter, kurs og trening<\/h2>\n\n\n\n<p class=\"has-text-align-center\">Vi har treningstimer, temam\u00f8ter og kurs som foreg\u00e5r digitalt.<\/p>\n\n\n\n<div class=\"wp-block-teft-cards alignwide teft-cards-grid default-size-6\"><div class=\"teft-cards-item has-6-columns is-card-kf-event has-card-shadow\">\n\t<div class=\"teft-card card_type_service \">\n\t\t<a href=\"https:\/\/kreftforeningen.no\/vardesenteret\/tilbud\/gratis-hjemmetrening-fra-pusterommet\/\" class=\"teft-card__primary-action\">\n\t\t\t<div class=\"teft-card__media teft-card__media--16-9\"><img decoding=\"async\" width=\"1024\" height=\"683\" src=\"https:\/\/kreftforeningen.no\/content\/uploads\/2026\/01\/25trening-7497_Bruksrettighet__Fotograf_Jorunn-Valle-Nilsen_Copyright_.jpg-1024x683.jpg\" class=\"attachment-large size-large\" alt=\"En gruppe mennesker trener innend\u00f8rs, liggende p\u00e5 matter og l\u00f8fter manualer mens de utf\u00f8rer hip thrusts ved hjelp av Reebok step-plattformer.\" sizes=\"auto, (max-width: 960px) calc(100vw - 48px), calc((100vw - 56px) \/ 3)\" srcset=\"https:\/\/kreftforeningen.no\/content\/uploads\/2026\/01\/25trening-7497_Bruksrettighet__Fotograf_Jorunn-Valle-Nilsen_Copyright_.jpg-1024x683.jpg 1024w, https:\/\/kreftforeningen.no\/content\/uploads\/2026\/01\/25trening-7497_Bruksrettighet__Fotograf_Jorunn-Valle-Nilsen_Copyright_.jpg-300x200.jpg 300w, https:\/\/kreftforeningen.no\/content\/uploads\/2026\/01\/25trening-7497_Bruksrettighet__Fotograf_Jorunn-Valle-Nilsen_Copyright_.jpg-768x512.jpg 768w, https:\/\/kreftforeningen.no\/content\/uploads\/2026\/01\/25trening-7497_Bruksrettighet__Fotograf_Jorunn-Valle-Nilsen_Copyright_.jpg-135x90.jpg 135w, https:\/\/kreftforeningen.no\/content\/uploads\/2026\/01\/25trening-7497_Bruksrettighet__Fotograf_Jorunn-Valle-Nilsen_Copyright_.jpg.jpg 1238w\" style=\"object-position: 30% 65%\" loading=\"lazy\" \/> <\/div>\n\t\t\t<div class=\"teft-card__primary\">\n\t\t\t\t<h2 class=\"teft-card__title\" id=\"pusterommet-trening-under-og-etter-kreftbehandling\">Pusterommet \u2013 trening under og etter kreftbehandling<\/h2>\t\t\t<\/div>\n\n\t\t\t<div class=\"teft-card__secondary\">\n\t\t\t\t<p>Pusterommet er et treningssenter som tilbyr fysisk og digital trening for kreftpasienter under og etter behandling. Her kan du trene med kyndig veiledning og trygge rammer.<\/p><img decoding=\"async\" src=\"https:\/\/kreftforeningen.no\/content\/themes\/kreftforeningen\/assets\/icons\/arrow-right-blue.svg\" alt=\"Les Pusterommet \u2013 trening under og etter kreftbehandling\" \/>\t\t\t<\/div>\n\t\t<\/a>\n\t<\/div>\n\n\t<\/div>\n\n<div class=\"teft-cards-item has-6-columns is-card-kf-event has-card-shadow\">\n\t<div class=\"teft-card card_type_service \">\n\t\t<a href=\"https:\/\/kreftforeningen.no\/vardesenteret\/tilbud\/snakk-med-en-likeperson\/\" class=\"teft-card__primary-action\">\n\t\t\t<div class=\"teft-card__media teft-card__media--16-9\"><img decoding=\"async\" width=\"800\" height=\"533\" src=\"https:\/\/kreftforeningen.no\/content\/uploads\/2024\/11\/4-likeperson_Foto-Ole-Martin-Wold.png.webp\" class=\"attachment-large size-large\" alt=\"En gruppe p\u00e5 fire personer som sitter rundt et bord.\" srcset=\"https:\/\/kreftforeningen.no\/content\/uploads\/2024\/11\/4-likeperson_Foto-Ole-Martin-Wold.png 800w, https:\/\/kreftforeningen.no\/content\/uploads\/2024\/11\/4-likeperson_Foto-Ole-Martin-Wold-300x200.png 300w, https:\/\/kreftforeningen.no\/content\/uploads\/2024\/11\/4-likeperson_Foto-Ole-Martin-Wold-768x512.png 768w, https:\/\/kreftforeningen.no\/content\/uploads\/2024\/11\/4-likeperson_Foto-Ole-Martin-Wold-135x90.png 135w\" sizes=\"auto, (max-width: 800px) 100vw, 800px\" loading=\"lazy\" \/> <\/div>\n\t\t\t<div class=\"teft-card__primary\">\n\t\t\t\t<h2 class=\"teft-card__title\" id=\"snakk-med-en-likeperson\">Snakk med en likeperson<\/h2>\t\t\t<\/div>\n\n\t\t\t<div class=\"teft-card__secondary\">\n\t\t\t\t<p>\u00d8nsker du \u00e5 snakke med en likeperson? P\u00e5 Vardesenteret kan vi sette deg i kontakt.<\/p><img decoding=\"async\" src=\"https:\/\/kreftforeningen.no\/content\/themes\/kreftforeningen\/assets\/icons\/arrow-right-blue.svg\" alt=\"Les Snakk med en likeperson\" \/>\t\t\t<\/div>\n\t\t<\/a>\n\t<\/div>\n\n\t<\/div>\n\n<div class=\"teft-cards-item has-6-columns is-card-kf-custom has-card-shadow\">\n\t<div class=\"teft-card card_type_page \">\n\t\t<a href=\"https:\/\/kreftforeningen.no\/vardesenteret\/digitale-tilbud-for-deg-som-bor-i-midt-norge\/se-opptak-av-temamoter\/\" class=\"teft-card__primary-action\">\n\t\t\t<div class=\"teft-card__media teft-card__media--16-9\"><img decoding=\"async\" width=\"1024\" height=\"576\" src=\"https:\/\/kreftforeningen.no\/content\/uploads\/2021\/01\/veivisere1-Linda.jpg\" class=\"attachment-large size-large\" alt=\"en kvinne som sitter p\u00e5 en sofa med en b\u00e6rbar datamaskin.\" srcset=\"https:\/\/kreftforeningen.no\/content\/uploads\/2021\/01\/veivisere1-Linda.jpg 2048w, https:\/\/kreftforeningen.no\/content\/uploads\/2021\/01\/veivisere1-Linda-135x76.jpg 135w\" sizes=\"auto, (max-width: 1024px) 100vw, 1024px\" loading=\"lazy\" \/> <\/div>\t\t\t<div class=\"teft-card__primary\">\n\t\t\t\t<h2 class=\"teft-card__title\" id=\"se-opptak-av-vare-digitale-temamoter-om-kreft\">Se opptak av v\u00e5re digitale temam\u00f8ter om kreft<\/h2>\n\t\t\t<\/div>\n\n\t\t\t<div class=\"teft-card__secondary\">\n\t\t\t\t<p>Vardesenteret St. Olavs hospital har m\u00e5nedlige digitale temam\u00f8ter. Her kan du se dem n\u00e5r og hvor du \u00f8nsker.<\/p><img decoding=\"async\" src=\"https:\/\/kreftforeningen.no\/content\/themes\/kreftforeningen\/assets\/icons\/arrow-right-blue.svg\" alt=\"Les Se opptak av v\u00e5re digitale temam\u00f8ter om kreft\" \/>\t\t\t<\/div>\n\t\t<\/a>\n\t<\/div>\n\n\t<\/div>\n\n<div class=\"teft-cards-item has-6-columns is-card-kf-custom has-card-shadow\">\n\t<div class=\"teft-card card_type_page \">\n\t\t<a href=\"https:\/\/kreftforeningen.no\/vardesenteret\/oppskrifter\/\" class=\"teft-card__primary-action\">\n\t\t\t<div class=\"teft-card__media teft-card__media--16-9\"><img decoding=\"async\" width=\"1024\" height=\"768\" src=\"https:\/\/kreftforeningen.no\/content\/uploads\/2020\/10\/JoannaLine-Vardesenteret.jpg\" class=\"attachment-large size-large\" alt=\"To kvinner med forkle\" srcset=\"https:\/\/kreftforeningen.no\/content\/uploads\/2020\/10\/JoannaLine-Vardesenteret.jpg 2048w, https:\/\/kreftforeningen.no\/content\/uploads\/2020\/10\/JoannaLine-Vardesenteret-135x101.jpg 135w\" sizes=\"auto, (max-width: 1024px) 100vw, 1024px\" loading=\"lazy\" \/> <\/div>\t\t\t<div class=\"teft-card__primary\">\n\t\t\t\t<h2 class=\"teft-card__title\" id=\"matoppskrifter-ved-kreft\">Matoppskrifter ved kreft<\/h2>\n\t\t\t<\/div>\n\n\t\t\t<div class=\"teft-card__secondary\">\n\t\t\t\t<p>Hva som er bra \u00e5 spise for deg, avhenger av situasjonen du befinner deg i.<\/p><img decoding=\"async\" src=\"https:\/\/kreftforeningen.no\/content\/themes\/kreftforeningen\/assets\/icons\/arrow-right-blue.svg\" alt=\"Les Matoppskrifter ved kreft\" \/>\t\t\t<\/div>\n\t\t<\/a>\n\t<\/div>\n\n\t<\/div><\/div>\n\n\n\n<div class=\"wp-block-button aligncenter\"><a class=\"wp-block-button__link wp-element-button\" href=\"https:\/\/kreftforeningen.no\/vardesenteret\/tilbud\/?county=trondelag&amp;subject=digitalt\">Se alle digitale tilbud i Midt-Norge<\/a><\/div>\n<\/div>\n\n\n\n<div class=\"wp-block-group\"><div class=\"wp-block-group__inner-container is-layout-flow wp-block-group-is-layout-flow\">\n<div class=\"wp-block-group\"><div class=\"wp-block-group__inner-container is-layout-flow wp-block-group-is-layout-flow\"><div class=\"wp-block-image is-floating\">\n<figure class=\"alignleft size-large is-resized\"><img decoding=\"async\" src=\"https:\/\/kreftforeningen.no\/content\/uploads\/2019\/12\/Stiftelsen-Dam-St\u00f8ttet-Av-Stempel-1024x1024.jpg\" alt=\"Stiftelsen Dam Logo\" class=\"wp-image-44645\" style=\"width:130px;height:130px\"\/><\/figure>\n<\/div>\n\n\n<p>Digitalisering av tilbud p\u00e5 Vardesenteret og Pusterommet St. Olavs er et prosjekt st\u00f8ttet av&nbsp;<a href=\"https:\/\/dam.no\/\">Stiftelsen Dam<\/a>. De er en av Norges st\u00f8rste stiftelser som gir penger til helse- og forskningsprosjekter som skal gi bedre helse gjennom deltakelse, aktivitet og mestring for folk i Norge.<\/p>\n<\/div><\/div>\n<\/div><\/div>\n","protected":false},"excerpt":{"rendered":"<p>Vi har treningstimer, temam\u00f8ter og kurs som foreg\u00e5r digitalt. I tillegg kan du som bor i Tr\u00f8ndelag eller M\u00f8re og Romsdal n\u00e5 bestille \u00e9n-til-\u00e9n-samtaler med v\u00e5re fagpersoner og likepersoner. Bestill time for samtale \u00e9n-til-\u00e9n Du som bor i Tr\u00f8ndelag eller M\u00f8re og Romsdal kan bestille tid for en samtale med v\u00e5re likepersoner og fagpersoner \u2013 [&hellip;]<\/p>\n","protected":false},"author":30,"featured_media":0,"parent":0,"menu_order":0,"comment_status":"closed","ping_status":"closed","template":"","meta":{"_relevanssi_hide_post":"","_relevanssi_hide_content":"","_relevanssi_pin_for_all":"","_relevanssi_pin_keywords":"","_relevanssi_unpin_keywords":"","_relevanssi_related_keywords":"","_relevanssi_related_include_ids":"","_relevanssi_related_exclude_ids":"","_relevanssi_related_no_append":"","_relevanssi_related_not_related":"","_relevanssi_related_posts":"1697,1697","_relevanssi_noindex_reason":"","kf_show_post_date":true,"kf_show_updated_date":false,"kf_show_print_page":false,"kf_show_chapters":false,"kf_show_chapters_expanded":false,"kf_show_post_outdated":true,"kf_toggle_title":false,"kf_is_template":false,"kf_post_authors":[],"teft_cards_label":"","teft_cards_image_id":0,"teft_cards_image_focal_point_x":0,"teft_cards_image_focal_point_y":0,"teft_cards_title":"","teft_cards_excerpt":"","footnotes":""},"class_list":["post-1568","page","type-page","status-publish","hentry"],"yoast_head":"<!-- This site is optimized with the Yoast SEO Premium plugin v27.3 (Yoast SEO v27.4) - https:\/\/yoast.com\/product\/yoast-seo-premium-wordpress\/ -->\n<title>Digitale tilbud for deg som bor i Midt-Norge - Vardesenteret<\/title>\n<meta name=\"robots\" content=\"index, follow, max-snippet:-1, max-image-preview:large, max-video-preview:-1\" \/>\n<link rel=\"canonical\" href=\"https:\/\/kreftforeningen.no\/vardesenteret\/digitale-tilbud-for-deg-som-bor-i-midt-norge\/\" \/>\n<meta property=\"og:locale\" content=\"nb_NO\" \/>\n<meta property=\"og:type\" content=\"article\" \/>\n<meta property=\"og:title\" content=\"Digitale tilbud for deg som bor i Midt-Norge\" \/>\n<meta property=\"og:description\" content=\"Vi har treningstimer, temam\u00f8ter og kurs som foreg\u00e5r digitalt. I tillegg kan du som bor i Tr\u00f8ndelag eller M\u00f8re og Romsdal n\u00e5 bestille \u00e9n-til-\u00e9n-samtaler med v\u00e5re fagpersoner og likepersoner. Bestill time for samtale \u00e9n-til-\u00e9n Du som bor i Tr\u00f8ndelag eller M\u00f8re og Romsdal kan bestille tid for en samtale med v\u00e5re likepersoner og fagpersoner \u2013 [&hellip;]\" \/>\n<meta property=\"og:url\" content=\"https:\/\/kreftforeningen.no\/vardesenteret\/digitale-tilbud-for-deg-som-bor-i-midt-norge\/\" \/>\n<meta property=\"og:site_name\" content=\"Vardesenteret\" \/>\n<meta property=\"article:published_time\" content=\"2021-02-19T11:17:33+00:00\" \/>\n<meta property=\"article:modified_time\" content=\"2026-02-16T09:20:19+00:00\" \/>\n<meta name=\"twitter:card\" content=\"summary_large_image\" \/>\n<meta name=\"twitter:label1\" content=\"Ansl. lesetid\" \/>\n\t<meta name=\"twitter:data1\" content=\"2 minutter\" \/>\n<script type=\"application\/ld+json\" class=\"yoast-schema-graph\">{\"@context\":\"https:\\\/\\\/schema.org\",\"@graph\":[{\"@type\":\"WebPage\",\"@id\":\"https:\\\/\\\/kreftforeningen.no\\\/vardesenteret\\\/digitale-tilbud-for-deg-som-bor-i-midt-norge\\\/\",\"url\":\"https:\\\/\\\/kreftforeningen.no\\\/vardesenteret\\\/digitale-tilbud-for-deg-som-bor-i-midt-norge\\\/\",\"name\":\"Digitale tilbud for deg som bor i Midt-Norge - Vardesenteret\",\"isPartOf\":{\"@id\":\"https:\\\/\\\/kreftforeningen.no\\\/vardesenteret\\\/#website\"},\"datePublished\":\"2021-02-19T11:17:33+00:00\",\"dateModified\":\"2026-02-16T09:20:19+00:00\",\"breadcrumb\":{\"@id\":\"https:\\\/\\\/kreftforeningen.no\\\/vardesenteret\\\/digitale-tilbud-for-deg-som-bor-i-midt-norge\\\/#breadcrumb\"},\"inLanguage\":\"nb-NO\",\"potentialAction\":[{\"@type\":\"ReadAction\",\"target\":[\"https:\\\/\\\/kreftforeningen.no\\\/vardesenteret\\\/digitale-tilbud-for-deg-som-bor-i-midt-norge\\\/\"]}]},{\"@type\":\"BreadcrumbList\",\"@id\":\"https:\\\/\\\/kreftforeningen.no\\\/vardesenteret\\\/digitale-tilbud-for-deg-som-bor-i-midt-norge\\\/#breadcrumb\",\"itemListElement\":[{\"@type\":\"ListItem\",\"position\":1,\"name\":\"Forside\",\"item\":\"https:\\\/\\\/kreftforeningen.no\\\/vardesenteret\\\/\"},{\"@type\":\"ListItem\",\"position\":2,\"name\":\"Digitale tilbud for deg som bor i Midt-Norge\"}]},{\"@type\":\"WebSite\",\"@id\":\"https:\\\/\\\/kreftforeningen.no\\\/vardesenteret\\\/#website\",\"url\":\"https:\\\/\\\/kreftforeningen.no\\\/vardesenteret\\\/\",\"name\":\"Vardesenteret\",\"description\":\"\",\"publisher\":{\"@id\":\"https:\\\/\\\/kreftforeningen.no\\\/vardesenteret\\\/#organization\"},\"potentialAction\":[{\"@type\":\"SearchAction\",\"target\":{\"@type\":\"EntryPoint\",\"urlTemplate\":\"https:\\\/\\\/kreftforeningen.no\\\/vardesenteret\\\/?s={search_term_string}\"},\"query-input\":{\"@type\":\"PropertyValueSpecification\",\"valueRequired\":true,\"valueName\":\"search_term_string\"}}],\"inLanguage\":\"nb-NO\"},{\"@type\":\"Organization\",\"@id\":\"https:\\\/\\\/kreftforeningen.no\\\/vardesenteret\\\/#organization\",\"name\":\"Vardesenteret\",\"url\":\"https:\\\/\\\/kreftforeningen.no\\\/vardesenteret\\\/\",\"logo\":{\"@type\":\"ImageObject\",\"inLanguage\":\"nb-NO\",\"@id\":\"https:\\\/\\\/kreftforeningen.no\\\/vardesenteret\\\/#\\\/schema\\\/logo\\\/image\\\/\",\"url\":\"https:\\\/\\\/kreftforeningen.no\\\/content\\\/uploads\\\/2026\\\/02\\\/cropped-Vardesenter_signatur_sort_horisontal_uten-undertekst-e1589886700835.png\",\"contentUrl\":\"https:\\\/\\\/kreftforeningen.no\\\/content\\\/uploads\\\/2026\\\/02\\\/cropped-Vardesenter_signatur_sort_horisontal_uten-undertekst-e1589886700835.png\",\"caption\":\"Vardesenteret\"},\"image\":{\"@id\":\"https:\\\/\\\/kreftforeningen.no\\\/vardesenteret\\\/#\\\/schema\\\/logo\\\/image\\\/\"}}]}<\/script>\n<!-- \/ Yoast SEO Premium plugin. -->","yoast_head_json":{"title":"Digitale tilbud for deg som bor i Midt-Norge - Vardesenteret","robots":{"index":"index","follow":"follow","max-snippet":"max-snippet:-1","max-image-preview":"max-image-preview:large","max-video-preview":"max-video-preview:-1"},"canonical":"https:\/\/kreftforeningen.no\/vardesenteret\/digitale-tilbud-for-deg-som-bor-i-midt-norge\/","og_locale":"nb_NO","og_type":"article","og_title":"Digitale tilbud for deg som bor i Midt-Norge","og_description":"Vi har treningstimer, temam\u00f8ter og kurs som foreg\u00e5r digitalt. I tillegg kan du som bor i Tr\u00f8ndelag eller M\u00f8re og Romsdal n\u00e5 bestille \u00e9n-til-\u00e9n-samtaler med v\u00e5re fagpersoner og likepersoner. Bestill time for samtale \u00e9n-til-\u00e9n Du som bor i Tr\u00f8ndelag eller M\u00f8re og Romsdal kan bestille tid for en samtale med v\u00e5re likepersoner og fagpersoner \u2013 [&hellip;]","og_url":"https:\/\/kreftforeningen.no\/vardesenteret\/digitale-tilbud-for-deg-som-bor-i-midt-norge\/","og_site_name":"Vardesenteret","article_published_time":"2021-02-19T11:17:33+00:00","article_modified_time":"2026-02-16T09:20:19+00:00","twitter_card":"summary_large_image","twitter_misc":{"Ansl. lesetid":"2 minutter"},"schema":{"@context":"https:\/\/schema.org","@graph":[{"@type":"WebPage","@id":"https:\/\/kreftforeningen.no\/vardesenteret\/digitale-tilbud-for-deg-som-bor-i-midt-norge\/","url":"https:\/\/kreftforeningen.no\/vardesenteret\/digitale-tilbud-for-deg-som-bor-i-midt-norge\/","name":"Digitale tilbud for deg som bor i Midt-Norge - Vardesenteret","isPartOf":{"@id":"https:\/\/kreftforeningen.no\/vardesenteret\/#website"},"datePublished":"2021-02-19T11:17:33+00:00","dateModified":"2026-02-16T09:20:19+00:00","breadcrumb":{"@id":"https:\/\/kreftforeningen.no\/vardesenteret\/digitale-tilbud-for-deg-som-bor-i-midt-norge\/#breadcrumb"},"inLanguage":"nb-NO","potentialAction":[{"@type":"ReadAction","target":["https:\/\/kreftforeningen.no\/vardesenteret\/digitale-tilbud-for-deg-som-bor-i-midt-norge\/"]}]},{"@type":"BreadcrumbList","@id":"https:\/\/kreftforeningen.no\/vardesenteret\/digitale-tilbud-for-deg-som-bor-i-midt-norge\/#breadcrumb","itemListElement":[{"@type":"ListItem","position":1,"name":"Forside","item":"https:\/\/kreftforeningen.no\/vardesenteret\/"},{"@type":"ListItem","position":2,"name":"Digitale tilbud for deg som bor i Midt-Norge"}]},{"@type":"WebSite","@id":"https:\/\/kreftforeningen.no\/vardesenteret\/#website","url":"https:\/\/kreftforeningen.no\/vardesenteret\/","name":"Vardesenteret","description":"","publisher":{"@id":"https:\/\/kreftforeningen.no\/vardesenteret\/#organization"},"potentialAction":[{"@type":"SearchAction","target":{"@type":"EntryPoint","urlTemplate":"https:\/\/kreftforeningen.no\/vardesenteret\/?s={search_term_string}"},"query-input":{"@type":"PropertyValueSpecification","valueRequired":true,"valueName":"search_term_string"}}],"inLanguage":"nb-NO"},{"@type":"Organization","@id":"https:\/\/kreftforeningen.no\/vardesenteret\/#organization","name":"Vardesenteret","url":"https:\/\/kreftforeningen.no\/vardesenteret\/","logo":{"@type":"ImageObject","inLanguage":"nb-NO","@id":"https:\/\/kreftforeningen.no\/vardesenteret\/#\/schema\/logo\/image\/","url":"https:\/\/kreftforeningen.no\/content\/uploads\/2026\/02\/cropped-Vardesenter_signatur_sort_horisontal_uten-undertekst-e1589886700835.png","contentUrl":"https:\/\/kreftforeningen.no\/content\/uploads\/2026\/02\/cropped-Vardesenter_signatur_sort_horisontal_uten-undertekst-e1589886700835.png","caption":"Vardesenteret"},"image":{"@id":"https:\/\/kreftforeningen.no\/vardesenteret\/#\/schema\/logo\/image\/"}}]}},"_links":{"self":[{"href":"https:\/\/kreftforeningen.no\/vardesenteret\/wp-json\/wp\/v2\/pages\/1568","targetHints":{"allow":["GET"]}}],"collection":[{"href":"https:\/\/kreftforeningen.no\/vardesenteret\/wp-json\/wp\/v2\/pages"}],"about":[{"href":"https:\/\/kreftforeningen.no\/vardesenteret\/wp-json\/wp\/v2\/types\/page"}],"author":[{"embeddable":true,"href":"https:\/\/kreftforeningen.no\/vardesenteret\/wp-json\/wp\/v2\/users\/30"}],"replies":[{"embeddable":true,"href":"https:\/\/kreftforeningen.no\/vardesenteret\/wp-json\/wp\/v2\/comments?post=1568"}],"version-history":[{"count":64,"href":"https:\/\/kreftforeningen.no\/vardesenteret\/wp-json\/wp\/v2\/pages\/1568\/revisions"}],"predecessor-version":[{"id":9859,"href":"https:\/\/kreftforeningen.no\/vardesenteret\/wp-json\/wp\/v2\/pages\/1568\/revisions\/9859"}],"wp:attachment":[{"href":"https:\/\/kreftforeningen.no\/vardesenteret\/wp-json\/wp\/v2\/media?parent=1568"}],"curies":[{"name":"wp","href":"https:\/\/api.w.org\/{rel}","templated":true}]}}