{"id":26,"date":"2020-05-05T21:11:23","date_gmt":"2020-05-05T19:11:23","guid":{"rendered":"https:\/\/stage2.kreftforeningen.no\/vardesenteret\/?page_id=26"},"modified":"2026-03-25T09:16:11","modified_gmt":"2026-03-25T08:16:11","slug":"stavanger","status":"publish","type":"page","link":"https:\/\/kreftforeningen.no\/vardesenteret\/stavanger\/","title":{"rendered":"Vardesenteret i Stavanger"},"content":{"rendered":"\n<div class=\"wp-block-kf-ingress\"><div class=\"kf-header__ingress\"><p>Vardesenteret p\u00e5 Stavanger Universitetssykehus er en gratis m\u00f8teplass i samarbeid med Kreftforeningen for alle som er rammet av kreft. Her kan du ta en pause, utveksle erfaringer og f\u00e5 r\u00e5d og hjelp. <\/p><\/div><\/div>\n\n\n\t<div style=\"min-height:400px\" class=\"has-background-dim has-blue-light-background-color is-vertically-aligned-center  is-style-content-left wp-block-teft-banner\" id=\"wp-block-teft-banner-5f9eb030e81a\">\n\t\t\t\t\t<div class=\"wp-block-teft-banner__media\" style=\"background-image: url(https:\/\/kreftforeningen.no\/content\/uploads\/2026\/01\/Foto_KristinHorne_-35-scaled.jpg);background-position: 50% 28%\">\n\t\t\t<\/div>\n\t\t\t\t<div class=\"wp-block-teft-banner__inner-container\">\n\t\t\t\n\n<h2 id=\"tilbud-og-aktiviteter\" class=\"wp-block-heading\">Tilbud og aktiviteter<\/h2>\n\n\n\n<p>Vardesenteret er et fristed for alle som rammes av kreft. Du kan slappe av i eget selskap n\u00e5r du vil det, dele erfaringer eller f\u00e5 r\u00e5d og hjelp i situasjonen du st\u00e5r i.<\/p>\n\n\n\n<div class=\"wp-block-buttons is-layout-flex wp-block-buttons-is-layout-flex\">\n<div class=\"wp-block-button\"><a class=\"wp-block-button__link has-blue-background-color has-background wp-element-button\" href=\"https:\/\/kreftforeningen.no\/vardesenteret\/tilbud\/?county=rogaland\">Tilbud og aktiviteter i Stavanger<\/a><\/div>\n<\/div>\n\n\t\t<\/div>\n\t<\/div>\n\t\n\n\n<div class=\"wp-block-group has-grey-light-background-color has-background\"><div class=\"wp-block-group__inner-container is-layout-constrained wp-block-group-is-layout-constrained\">\n<h2 id=\"apningstider\" class=\"wp-block-heading\">\u00c5pningstider<\/h2>\n\n\n\n<p><strong>Mandag til torsdag: <\/strong>kl. 10.00-14.00<br><strong>Fredag: <\/strong>kl. 10.00-12.30<\/p>\n\n\n\n<p><strong>\u00c5pningstider i p\u00e5sken<\/strong>: Vardesenteret er stengt fra og med 30. mars til 6. mars. <\/p>\n\n\n\n<p>Likepersoner er til stede hver mandag, tirsdag, onsdag og torsdag kl. 10.00-14.00, samt annenhver onsdag kl.18.00-20.00 i partallsuker. <a href=\"https:\/\/kreftforeningen.no\/vardesenteret\/tilbud\/snakk-med-en-likeperson\/\">Snakk med en likeperson<\/a>.<\/p>\n\n\n\n<p>Gratis rettshjelp onsdager i partallsuker, kl. 18.00-20.00. <a href=\"https:\/\/kreftforeningen.no\/vardesenteret\/tilbud\/kreftforeningens-rettshjelp-i-stavanger\/\">Mer informasjon om Kreftforeningens rettshjelp i Stavanger<\/a>.<\/p>\n\n\n\n<p>Kreftkoordinator fra Stavanger kommune er p\u00e5 Vardesenteret siste mandag i m\u00e5neden, fra kl. 11.45 til 13.45.<\/p>\n<\/div><\/div>\n\n\n\n<h2 id=\"her-finner-du-oss\" class=\"wp-block-heading\">Her finner du oss<\/h2>\n\n\n\n<p><strong>Vardesenteret i Stavanger <\/strong><br>Stavanger Universitetssykehus<strong><br><\/strong>Jan Johnsens gate 6, Stavanger<br><a href=\"https:\/\/www.google.no\/maps\/place\/Jan+Johnsens+gate+6,+4011+Stavanger\/@58.9540719,5.7338608,17z\/data=!3m1!4b1!4m5!3m4!1s0x463a35158e1f94ed:0xdd6566421b45277b!8m2!3d58.9540719!4d5.7360495\">Se kart (Google Maps)<\/a>&nbsp;<\/p>\n\n\n\n<p>Vardesenteret ligger i bygg C, Internatbygget. G\u00e5r du gjennom hovedinngangen p\u00e5 sykehuset, s\u00e5 f\u00f8lger gul merking i gulvet. Du passerer kantinen og g\u00e5r ut av bygget cirka 100 meter (til h\u00f8yre) rett frem.<\/p>\n\n\n\n<h2 id=\"kontakt-oss\" class=\"wp-block-heading\">Kontakt oss<\/h2>\n\n\n<div class=\"person-grid\"><div class=\"person\" id=\"person-display-626\"><div class=\"person_content\"><h3 id=\"mariette-abrahamsson\">Mariette Abrahamsson<\/h3><p>senterkoordinator<\/p><a class=\"person_email\" href=\"mailto:linda.mariette.abrahamsson@sus.no\"><SVG xmlns=\"http:\/\/www.w3.org\/2000\/svg\" width=\"14\" height=\"11\" viewBox=\"0 0 14 12\" fill=\"none\"><g>\n\t<path d=\"M2.2 1.20001H11.8C12.46 1.20001 13 1.74001 13 2.40001V9.60001C13 10.26 12.46 10.8 11.8 10.8H2.2C1.54 10.8 1 10.26 1 9.60001V2.40001C1 1.74001 1.54 1.20001 2.2 1.20001Z\" stroke=\"black\" \/>\n\t<path d=\"M13 2.39996L7 6.59996L1 2.39996\" stroke=\"black\" \/><\/g><\/SVG><span>linda.mariette.abrahamsson@sus.no<\/span><\/a><\/div><\/div><div class=\"person\" id=\"person-display-575\"><div class=\"person_content\"><h3 id=\"vardesenteret-i-stavanger\">Vardesenteret i Stavanger<\/h3><p>Stavanger Universitetssykehus, V\u00e5land<\/p><a class=\"person_email\" href=\"mailto:vardesenteret@sus.no\"><SVG xmlns=\"http:\/\/www.w3.org\/2000\/svg\" width=\"14\" height=\"11\" viewBox=\"0 0 14 12\" fill=\"none\"><g>\n\t<path d=\"M2.2 1.20001H11.8C12.46 1.20001 13 1.74001 13 2.40001V9.60001C13 10.26 12.46 10.8 11.8 10.8H2.2C1.54 10.8 1 10.26 1 9.60001V2.40001C1 1.74001 1.54 1.20001 2.2 1.20001Z\" stroke=\"black\" \/>\n\t<path d=\"M13 2.39996L7 6.59996L1 2.39996\" stroke=\"black\" \/><\/g><\/SVG><span>vardesenteret@sus.no<\/span><\/a><a href=\"tel:51512990\"><SVG xmlns=\"http:\/\/www.w3.org\/2000\/svg\" width=\"14\" height=\"14\" viewBox=\"0 0 14 14\" fill=\"none\"><g><path d=\"M12.9996 9.98431V11.7908C13.0003 11.9585 12.9659 12.1245 12.8986 12.2781C12.8313 12.4318 12.7325 12.5697 12.6087 12.6831C12.4849 12.7965 12.3387 12.8828 12.1795 12.9365C12.0203 12.9903 11.8517 13.0102 11.6843 12.9951C9.82768 12.7938 8.04426 12.1606 6.47734 11.1465C5.01953 10.222 3.78356 8.98843 2.8572 7.53351C1.83752 5.96259 1.20294 4.17405 1.0049 2.31277C0.98982 2.14625 1.00965 1.97843 1.06312 1.81998C1.11659 1.66153 1.20254 1.51592 1.31548 1.39244C1.42843 1.26896 1.5659 1.1703 1.71915 1.10274C1.87239 1.03519 2.03805 1.00022 2.20558 1.00006H4.01565C4.30846 0.997182 4.59233 1.10067 4.81435 1.29122C5.03636 1.48178 5.18138 1.74641 5.22236 2.03578C5.29876 2.61389 5.44044 3.18152 5.64471 3.72785C5.72589 3.94338 5.74346 4.17761 5.69534 4.4028C5.64721 4.62799 5.53542 4.83469 5.3732 4.99841L4.60694 5.76315C5.46585 7.27069 6.71655 8.51891 8.22708 9.37612L8.99334 8.61138C9.15739 8.44948 9.3645 8.33791 9.59013 8.28988C9.81577 8.24185 10.0505 8.25939 10.2664 8.3404C10.8138 8.54427 11.3826 8.68567 11.9619 8.76192C12.2549 8.80318 12.5226 8.95052 12.714 9.1759C12.9053 9.40128 13.007 9.68899 12.9996 9.98431Z\" stroke=\"black\" \/><\/g><\/SVG>51 51 29 90<\/a><\/div><\/div><\/div>\n\n\n<h2 class=\"wp-block-heading\" id=\"disse-moter-du\">Disse m\u00f8ter du<\/h2>\n\n\n\n<p>P\u00e5 Vardesenteret m\u00f8ter du mennesker med spesialkompetanse som kan hjelpe deg n\u00e5r du trenger det og frivillige som tar deg godt i mot. Stikk innom n\u00e5r det passer og bli s\u00e5 lenge du vil, uansett om du er p\u00e5r\u00f8rende, etterlatt, n\u00e5v\u00e6rende eller tidligere kreftpasient.<\/p>\n\n\n\n<div class=\"wp-block-columns is-layout-flex wp-container-core-columns-is-layout-1 wp-block-columns-is-layout-flex\">\n<div class=\"wp-block-column in-chapters is-layout-flow wp-block-column in-chapters-is-layout-flow\">\n<figure class=\"wp-block-image size-full is-resized is-style-rounded\"><img loading=\"lazy\" decoding=\"async\" width=\"2560\" height=\"2560\" src=\"https:\/\/kreftforeningen.no\/content\/uploads\/2025\/04\/Foto_KristinHorne_-41-edited-scaled.jpg\" alt=\"Kvinne med m\u00f8rkt h\u00e5r som holder en kopp i h\u00e5nden og smiler.\" class=\"wp-image-190299\" style=\"object-fit:cover;width:225px;height:225px\" srcset=\"https:\/\/kreftforeningen.no\/content\/uploads\/2025\/04\/Foto_KristinHorne_-41-edited-scaled.jpg 2560w, https:\/\/kreftforeningen.no\/content\/uploads\/2025\/04\/Foto_KristinHorne_-41-edited-300x300.jpg 300w, https:\/\/kreftforeningen.no\/content\/uploads\/2025\/04\/Foto_KristinHorne_-41-edited-1024x1024.jpg 1024w, https:\/\/kreftforeningen.no\/content\/uploads\/2025\/04\/Foto_KristinHorne_-41-edited-150x150.jpg 150w, https:\/\/kreftforeningen.no\/content\/uploads\/2025\/04\/Foto_KristinHorne_-41-edited-768x768.jpg 768w, https:\/\/kreftforeningen.no\/content\/uploads\/2025\/04\/Foto_KristinHorne_-41-edited-1536x1536.jpg 1536w, https:\/\/kreftforeningen.no\/content\/uploads\/2025\/04\/Foto_KristinHorne_-41-edited-2048x2048.jpg 2048w, https:\/\/kreftforeningen.no\/content\/uploads\/2025\/04\/Foto_KristinHorne_-41-edited-135x135.jpg 135w\" sizes=\"(max-width: 2560px) 100vw, 2560px\" \/><\/figure>\n\n\n\n<p><strong>Mariette Abrahamsson<br>Senterkoordinator<\/strong><br>Min viktigste jobb er \u00e5 gj\u00f8re Vardesenteret til et trygt og godt sted \u00e5 v\u00e6re. Oppgavene spenner fra \u00e5 ta en kaffe til \u00e5 s\u00f8rge for gode tilbud b\u00e5de av formell og uformell karakter. Et bes\u00f8k p\u00e5 Vardesenteret skal gi p\u00e5fyll.<\/p>\n<\/div>\n\n\n\n<div class=\"wp-block-column in-chapters is-layout-flow wp-block-column in-chapters-is-layout-flow\">\n<figure class=\"wp-block-image size-full is-resized is-style-rounded\"><img loading=\"lazy\" decoding=\"async\" width=\"2560\" height=\"1707\" src=\"https:\/\/kreftforeningen.no\/content\/uploads\/2025\/04\/Foto_KristinHorne_-15-1-scaled.jpg\" alt=\"Smilende person med kort, lysebrunt h\u00e5r, if\u00f8rt hvit skjorte og m\u00f8rk jakke, st\u00e5r utend\u00f8rs med gr\u00f8nt i bakgrunnen.\" class=\"wp-image-190117\" style=\"object-fit:cover;width:222px;height:222px\" srcset=\"https:\/\/kreftforeningen.no\/content\/uploads\/2025\/04\/Foto_KristinHorne_-15-1-scaled.jpg 2560w, https:\/\/kreftforeningen.no\/content\/uploads\/2025\/04\/Foto_KristinHorne_-15-1-300x200.jpg 300w, https:\/\/kreftforeningen.no\/content\/uploads\/2025\/04\/Foto_KristinHorne_-15-1-1024x683.jpg 1024w, https:\/\/kreftforeningen.no\/content\/uploads\/2025\/04\/Foto_KristinHorne_-15-1-768x512.jpg 768w, https:\/\/kreftforeningen.no\/content\/uploads\/2025\/04\/Foto_KristinHorne_-15-1-1536x1024.jpg 1536w, https:\/\/kreftforeningen.no\/content\/uploads\/2025\/04\/Foto_KristinHorne_-15-1-2048x1365.jpg 2048w, https:\/\/kreftforeningen.no\/content\/uploads\/2025\/04\/Foto_KristinHorne_-15-1-135x90.jpg 135w\" sizes=\"(max-width: 2560px) 100vw, 2560px\" \/><\/figure>\n\n\n\n<p><strong>Tonje Hustoft M\u00f8llerop<\/strong><br><strong>Klinisk ern\u00e6ringsfysiolog<\/strong><br>Jeg \u00f8nsker \u00e5 skape \u00f8kt forst\u00e5else og trygghet i hva som er et fornuftig kosthold ved kreftsykdom. Ta gjerne kontakt dersom du har generelle sp\u00f8rsm\u00e5l knyttet til kosthold, eller har ulike utfordringer knyttet til matinntak\/og eller vekt. <\/p>\n<\/div>\n<\/div>\n\n\n\n<div class=\"wp-block-columns is-layout-flex wp-container-core-columns-is-layout-2 wp-block-columns-is-layout-flex\">\n<div class=\"wp-block-column in-chapters is-layout-flow wp-block-column in-chapters-is-layout-flow\">\n<figure class=\"wp-block-image size-large is-resized is-style-rounded\"><img loading=\"lazy\" decoding=\"async\" width=\"300\" height=\"300\" src=\"https:\/\/kreftforeningen.no\/content\/uploads\/2020\/07\/lisbeth-stavanger300.jpg\" alt=\"\" class=\"wp-image-57732\" style=\"width:225px;height:225px\" srcset=\"https:\/\/kreftforeningen.no\/content\/uploads\/2020\/07\/lisbeth-stavanger300.jpg 300w, https:\/\/kreftforeningen.no\/content\/uploads\/2020\/07\/lisbeth-stavanger300-135x135.jpg 135w\" sizes=\"(max-width: 300px) 100vw, 300px\" \/><\/figure>\n\n\n\n<p><strong>Lisbeth Davidsen<br>Fysioterapeut p\u00e5 Pusterommet<\/strong><br>Jeg synes det er kjekt \u00e5 kunne f\u00e5 bidra til \u00f8kt aktivitet og treningsglede. Da er det viktig med god og oppdatert veiledning til aktivitet og trening, samt \u00e5 skape mestringsf\u00f8lelse i forbindelse med bevegelse i hverdagen. Vi har b\u00e5de individuell trening og trening i grupper.<\/p>\n<\/div>\n\n\n\n<div class=\"wp-block-column in-chapters is-layout-flow wp-block-column in-chapters-is-layout-flow\">\n<figure class=\"wp-block-image size-large is-resized is-style-rounded\"><img loading=\"lazy\" decoding=\"async\" width=\"300\" height=\"300\" src=\"https:\/\/kreftforeningen.no\/content\/uploads\/2020\/07\/berthine-stavanger300.jpg\" alt=\"\" class=\"wp-image-57733\" style=\"width:225px;height:225px\" srcset=\"https:\/\/kreftforeningen.no\/content\/uploads\/2020\/07\/berthine-stavanger300.jpg 300w, https:\/\/kreftforeningen.no\/content\/uploads\/2020\/07\/berthine-stavanger300-135x135.jpg 135w\" sizes=\"(max-width: 300px) 100vw, 300px\" \/><\/figure>\n\n\n\n<p><strong>Berthine Tangeland<br>Fysioterapeut p\u00e5 Pusterommet<\/strong><br>Vi gir individuell veiledning i forhold til trening, slik at du kan f\u00e5 hjelp til \u00e5 trene p\u00e5 egenh\u00e5nd eller i grupper. Vi \u00f8nsker \u00e5 v\u00e6re til inspirasjon, slik at du kan kjenne en trygghet ved \u00e5 trene gjennom  kreftbehandlingen og i tiden etterp\u00e5.<\/p>\n<\/div>\n<\/div>\n\n\n\t<div style=\"min-height:400px\" class=\"has-blue-light-background-color is-style-content-right wp-block-teft-banner\" id=\"wp-block-teft-banner-d05fe890fa16\">\n\t\t\t\t\t<div class=\"wp-block-teft-banner__media\" style=\"background-image: url(https:\/\/kreftforeningen.no\/content\/uploads\/2022\/06\/255b118c-463d-4560-a7f2-afe9d9791776-scaled.jpg)\">\n\t\t\t<\/div>\n\t\t\t\t<div class=\"wp-block-teft-banner__inner-container\">\n\t\t\t\n\n<h2 class=\"wp-block-heading\" id=\"h-om-vardesenteret\">Om Vardesenteret<\/h2>\n\n\n\n<p>Vardesenteret er en gratis m\u00f8teplass for alle som er rammet av kreft, tilknyttet sju sykehus i landet.<\/p>\n\n\n\n<div class=\"wp-block-buttons is-layout-flex wp-block-buttons-is-layout-flex\">\n<div class=\"wp-block-button\"><a class=\"wp-block-button__link has-blue-background-color has-background wp-element-button\" href=\"https:\/\/kreftforeningen.no\/vardesenteret\/om-vardesenteret\/\">Om Vardesenteret<\/a><\/div>\n<\/div>\n\n\t\t<\/div>\n\t<\/div>\n\t","protected":false},"excerpt":{"rendered":"<p>\u00c5pningstider Mandag til torsdag: kl. 10.00-14.00Fredag: kl. 10.00-12.30 \u00c5pningstider i p\u00e5sken: Vardesenteret er stengt fra og med 30. mars til 6. mars. Likepersoner er til stede hver mandag, tirsdag, onsdag og torsdag kl. 10.00-14.00, samt annenhver onsdag kl.18.00-20.00 i partallsuker. Snakk med en likeperson. Gratis rettshjelp onsdager i partallsuker, kl. 18.00-20.00. Mer informasjon om Kreftforeningens [&hellip;]<\/p>\n","protected":false},"author":30,"featured_media":0,"parent":0,"menu_order":0,"comment_status":"closed","ping_status":"closed","template":"","meta":{"_relevanssi_hide_post":"","_relevanssi_hide_content":"","_relevanssi_pin_for_all":"","_relevanssi_pin_keywords":"","_relevanssi_unpin_keywords":"","_relevanssi_related_keywords":"","_relevanssi_related_include_ids":"","_relevanssi_related_exclude_ids":"","_relevanssi_related_no_append":"","_relevanssi_related_not_related":"","_relevanssi_related_posts":"277","_relevanssi_noindex_reason":"","kf_show_post_date":false,"kf_show_updated_date":false,"kf_show_print_page":false,"kf_show_chapters":false,"kf_show_chapters_expanded":false,"kf_show_post_outdated":true,"kf_post_authors":[],"kf_toggle_title":false,"teft_cards_label":"","kf_is_template":false,"teft_cards_image_id":40019,"teft_cards_image_focal_point_x":0.47,"teft_cards_image_focal_point_y":0.35,"teft_cards_title":"","teft_cards_excerpt":"","footnotes":""},"class_list":["post-26","page","type-page","status-publish","hentry"],"yoast_head":"<!-- This site is optimized with the Yoast SEO Premium plugin v26.8 (Yoast SEO v26.8) - https:\/\/yoast.com\/product\/yoast-seo-premium-wordpress\/ -->\n<title>Vardesenteret i Stavanger - Vardesenteret<\/title>\n<meta name=\"robots\" content=\"index, follow, max-snippet:-1, max-image-preview:large, max-video-preview:-1\" \/>\n<link rel=\"canonical\" href=\"https:\/\/kreftforeningen.no\/vardesenteret\/stavanger\/\" \/>\n<meta property=\"og:locale\" content=\"nb_NO\" \/>\n<meta property=\"og:type\" content=\"article\" \/>\n<meta property=\"og:title\" content=\"Vardesenteret i Stavanger\" \/>\n<meta property=\"og:description\" content=\"\u00c5pningstider Mandag til torsdag: kl. 10.00-14.00Fredag: kl. 10.00-12.30 \u00c5pningstider i p\u00e5sken: Vardesenteret er stengt fra og med 30. mars til 6. mars. Likepersoner er til stede hver mandag, tirsdag, onsdag og torsdag kl. 10.00-14.00, samt annenhver onsdag kl.18.00-20.00 i partallsuker. Snakk med en likeperson. Gratis rettshjelp onsdager i partallsuker, kl. 18.00-20.00. Mer informasjon om Kreftforeningens [&hellip;]\" \/>\n<meta property=\"og:url\" content=\"https:\/\/kreftforeningen.no\/vardesenteret\/stavanger\/\" \/>\n<meta property=\"og:site_name\" content=\"Vardesenteret\" \/>\n<meta property=\"article:published_time\" content=\"2020-05-05T19:11:23+00:00\" \/>\n<meta property=\"article:modified_time\" content=\"2026-03-25T08:16:11+00:00\" \/>\n<meta name=\"twitter:card\" content=\"summary_large_image\" \/>\n<meta name=\"twitter:label1\" content=\"Ansl. lesetid\" \/>\n\t<meta name=\"twitter:data1\" content=\"4 minutter\" \/>\n<script type=\"application\/ld+json\" class=\"yoast-schema-graph\">{\"@context\":\"https:\/\/schema.org\",\"@graph\":[{\"@type\":\"WebPage\",\"@id\":\"https:\/\/kreftforeningen.no\/vardesenteret\/stavanger\/\",\"url\":\"https:\/\/kreftforeningen.no\/vardesenteret\/stavanger\/\",\"name\":\"Vardesenteret i Stavanger - Vardesenteret\",\"isPartOf\":{\"@id\":\"https:\/\/kreftforeningen.no\/vardesenteret\/#website\"},\"primaryImageOfPage\":{\"@id\":\"https:\/\/kreftforeningen.no\/vardesenteret\/stavanger\/#primaryimage\"},\"image\":{\"@id\":\"https:\/\/kreftforeningen.no\/vardesenteret\/stavanger\/#primaryimage\"},\"thumbnailUrl\":\"https:\/\/kreftforeningen.no\/content\/uploads\/2025\/04\/Foto_KristinHorne_-41-edited-scaled.jpg\",\"datePublished\":\"2020-05-05T19:11:23+00:00\",\"dateModified\":\"2026-03-25T08:16:11+00:00\",\"breadcrumb\":{\"@id\":\"https:\/\/kreftforeningen.no\/vardesenteret\/stavanger\/#breadcrumb\"},\"inLanguage\":\"nb-NO\",\"potentialAction\":[{\"@type\":\"ReadAction\",\"target\":[\"https:\/\/kreftforeningen.no\/vardesenteret\/stavanger\/\"]}],\"mentions\":[{\"@id\":\"person-display-626\"},{\"@id\":\"person-display-575\"}]},{\"@type\":\"ImageObject\",\"inLanguage\":\"nb-NO\",\"@id\":\"https:\/\/kreftforeningen.no\/vardesenteret\/stavanger\/#primaryimage\",\"url\":\"https:\/\/kreftforeningen.no\/content\/uploads\/2025\/04\/Foto_KristinHorne_-41-edited-scaled.jpg\",\"contentUrl\":\"https:\/\/kreftforeningen.no\/content\/uploads\/2025\/04\/Foto_KristinHorne_-41-edited-scaled.jpg\"},{\"@type\":\"BreadcrumbList\",\"@id\":\"https:\/\/kreftforeningen.no\/vardesenteret\/stavanger\/#breadcrumb\",\"itemListElement\":[{\"@type\":\"ListItem\",\"position\":1,\"name\":\"Forside\",\"item\":\"https:\/\/kreftforeningen.no\/vardesenteret\/\"},{\"@type\":\"ListItem\",\"position\":2,\"name\":\"Vardesenteret i Stavanger\"}]},{\"@type\":\"WebSite\",\"@id\":\"https:\/\/kreftforeningen.no\/vardesenteret\/#website\",\"url\":\"https:\/\/kreftforeningen.no\/vardesenteret\/\",\"name\":\"Vardesenteret\",\"description\":\"\",\"publisher\":{\"@id\":\"https:\/\/kreftforeningen.no\/vardesenteret\/#organization\"},\"potentialAction\":[{\"@type\":\"SearchAction\",\"target\":{\"@type\":\"EntryPoint\",\"urlTemplate\":\"https:\/\/kreftforeningen.no\/vardesenteret\/?s={search_term_string}\"},\"query-input\":{\"@type\":\"PropertyValueSpecification\",\"valueRequired\":true,\"valueName\":\"search_term_string\"}}],\"inLanguage\":\"nb-NO\"},{\"@type\":\"Organization\",\"@id\":\"https:\/\/kreftforeningen.no\/vardesenteret\/#organization\",\"name\":\"Vardesenteret\",\"url\":\"https:\/\/kreftforeningen.no\/vardesenteret\/\",\"logo\":{\"@type\":\"ImageObject\",\"inLanguage\":\"nb-NO\",\"@id\":\"https:\/\/kreftforeningen.no\/vardesenteret\/#\/schema\/logo\/image\/\",\"url\":\"https:\/\/kreftforeningen.no\/content\/uploads\/2026\/02\/cropped-Vardesenter_signatur_sort_horisontal_uten-undertekst-e1589886700835.png\",\"contentUrl\":\"https:\/\/kreftforeningen.no\/content\/uploads\/2026\/02\/cropped-Vardesenter_signatur_sort_horisontal_uten-undertekst-e1589886700835.png\",\"caption\":\"Vardesenteret\"},\"image\":{\"@id\":\"https:\/\/kreftforeningen.no\/vardesenteret\/#\/schema\/logo\/image\/\"}}]}<\/script>\n<!-- \/ Yoast SEO Premium plugin. -->","yoast_head_json":{"title":"Vardesenteret i Stavanger - Vardesenteret","robots":{"index":"index","follow":"follow","max-snippet":"max-snippet:-1","max-image-preview":"max-image-preview:large","max-video-preview":"max-video-preview:-1"},"canonical":"https:\/\/kreftforeningen.no\/vardesenteret\/stavanger\/","og_locale":"nb_NO","og_type":"article","og_title":"Vardesenteret i Stavanger","og_description":"\u00c5pningstider Mandag til torsdag: kl. 10.00-14.00Fredag: kl. 10.00-12.30 \u00c5pningstider i p\u00e5sken: Vardesenteret er stengt fra og med 30. mars til 6. mars. Likepersoner er til stede hver mandag, tirsdag, onsdag og torsdag kl. 10.00-14.00, samt annenhver onsdag kl.18.00-20.00 i partallsuker. Snakk med en likeperson. Gratis rettshjelp onsdager i partallsuker, kl. 18.00-20.00. Mer informasjon om Kreftforeningens [&hellip;]","og_url":"https:\/\/kreftforeningen.no\/vardesenteret\/stavanger\/","og_site_name":"Vardesenteret","article_published_time":"2020-05-05T19:11:23+00:00","article_modified_time":"2026-03-25T08:16:11+00:00","twitter_card":"summary_large_image","twitter_misc":{"Ansl. lesetid":"4 minutter"},"schema":{"@context":"https:\/\/schema.org","@graph":[{"@type":"WebPage","@id":"https:\/\/kreftforeningen.no\/vardesenteret\/stavanger\/","url":"https:\/\/kreftforeningen.no\/vardesenteret\/stavanger\/","name":"Vardesenteret i Stavanger - Vardesenteret","isPartOf":{"@id":"https:\/\/kreftforeningen.no\/vardesenteret\/#website"},"primaryImageOfPage":{"@id":"https:\/\/kreftforeningen.no\/vardesenteret\/stavanger\/#primaryimage"},"image":{"@id":"https:\/\/kreftforeningen.no\/vardesenteret\/stavanger\/#primaryimage"},"thumbnailUrl":"https:\/\/kreftforeningen.no\/content\/uploads\/2025\/04\/Foto_KristinHorne_-41-edited-scaled.jpg","datePublished":"2020-05-05T19:11:23+00:00","dateModified":"2026-03-25T08:16:11+00:00","breadcrumb":{"@id":"https:\/\/kreftforeningen.no\/vardesenteret\/stavanger\/#breadcrumb"},"inLanguage":"nb-NO","potentialAction":[{"@type":"ReadAction","target":["https:\/\/kreftforeningen.no\/vardesenteret\/stavanger\/"]}],"mentions":[{"@id":"person-display-626"},{"@id":"person-display-575"}]},{"@type":"ImageObject","inLanguage":"nb-NO","@id":"https:\/\/kreftforeningen.no\/vardesenteret\/stavanger\/#primaryimage","url":"https:\/\/kreftforeningen.no\/content\/uploads\/2025\/04\/Foto_KristinHorne_-41-edited-scaled.jpg","contentUrl":"https:\/\/kreftforeningen.no\/content\/uploads\/2025\/04\/Foto_KristinHorne_-41-edited-scaled.jpg"},{"@type":"BreadcrumbList","@id":"https:\/\/kreftforeningen.no\/vardesenteret\/stavanger\/#breadcrumb","itemListElement":[{"@type":"ListItem","position":1,"name":"Forside","item":"https:\/\/kreftforeningen.no\/vardesenteret\/"},{"@type":"ListItem","position":2,"name":"Vardesenteret i Stavanger"}]},{"@type":"WebSite","@id":"https:\/\/kreftforeningen.no\/vardesenteret\/#website","url":"https:\/\/kreftforeningen.no\/vardesenteret\/","name":"Vardesenteret","description":"","publisher":{"@id":"https:\/\/kreftforeningen.no\/vardesenteret\/#organization"},"potentialAction":[{"@type":"SearchAction","target":{"@type":"EntryPoint","urlTemplate":"https:\/\/kreftforeningen.no\/vardesenteret\/?s={search_term_string}"},"query-input":{"@type":"PropertyValueSpecification","valueRequired":true,"valueName":"search_term_string"}}],"inLanguage":"nb-NO"},{"@type":"Organization","@id":"https:\/\/kreftforeningen.no\/vardesenteret\/#organization","name":"Vardesenteret","url":"https:\/\/kreftforeningen.no\/vardesenteret\/","logo":{"@type":"ImageObject","inLanguage":"nb-NO","@id":"https:\/\/kreftforeningen.no\/vardesenteret\/#\/schema\/logo\/image\/","url":"https:\/\/kreftforeningen.no\/content\/uploads\/2026\/02\/cropped-Vardesenter_signatur_sort_horisontal_uten-undertekst-e1589886700835.png","contentUrl":"https:\/\/kreftforeningen.no\/content\/uploads\/2026\/02\/cropped-Vardesenter_signatur_sort_horisontal_uten-undertekst-e1589886700835.png","caption":"Vardesenteret"},"image":{"@id":"https:\/\/kreftforeningen.no\/vardesenteret\/#\/schema\/logo\/image\/"}}]}},"_links":{"self":[{"href":"https:\/\/kreftforeningen.no\/vardesenteret\/wp-json\/wp\/v2\/pages\/26"}],"collection":[{"href":"https:\/\/kreftforeningen.no\/vardesenteret\/wp-json\/wp\/v2\/pages"}],"about":[{"href":"https:\/\/kreftforeningen.no\/vardesenteret\/wp-json\/wp\/v2\/types\/page"}],"author":[{"embeddable":true,"href":"https:\/\/kreftforeningen.no\/vardesenteret\/wp-json\/wp\/v2\/users\/30"}],"replies":[{"embeddable":true,"href":"https:\/\/kreftforeningen.no\/vardesenteret\/wp-json\/wp\/v2\/comments?post=26"}],"version-history":[{"count":143,"href":"https:\/\/kreftforeningen.no\/vardesenteret\/wp-json\/wp\/v2\/pages\/26\/revisions"}],"predecessor-version":[{"id":10063,"href":"https:\/\/kreftforeningen.no\/vardesenteret\/wp-json\/wp\/v2\/pages\/26\/revisions\/10063"}],"wp:attachment":[{"href":"https:\/\/kreftforeningen.no\/vardesenteret\/wp-json\/wp\/v2\/media?parent=26"}],"curies":[{"name":"wp","href":"https:\/\/api.w.org\/{rel}","templated":true}]}}