{"id":30,"date":"2020-05-05T21:11:45","date_gmt":"2020-05-05T19:11:45","guid":{"rendered":"https:\/\/stage2.kreftforeningen.no\/vardesenteret\/?page_id=30"},"modified":"2026-02-18T10:22:19","modified_gmt":"2026-02-18T09:22:19","slug":"bodo","status":"publish","type":"page","link":"https:\/\/kreftforeningen.no\/vardesenteret\/bodo\/","title":{"rendered":"Vardesenteret i Bod\u00f8"},"content":{"rendered":"\n<div class=\"wp-block-kf-ingress\"><div class=\"kf-header__ingress\"><p>Vardesenteret ved Nordlandssykehuset er en gratis m\u00f8teplass i samarbeid med Kreftforeningen for alle som er rammet av kreft, p\u00e5r\u00f8rende og etterlatte. Her kan du ta en pause, utveksle erfaringer og f\u00e5 r\u00e5d og hjelp. <\/p><\/div><\/div>\n\n\n\n<p>Vi arrangerer ogs\u00e5 ulike kurs, temam\u00f8ter, gruppetrening og blant annet treffpunkt for barn og unge p\u00e5r\u00f8rende. Velkommen!<\/p>\n\n\n\t<div style=\"min-height:400px\" class=\"has-background-dim has-blue-light-background-color is-vertically-aligned-center  is-style-content-left wp-block-teft-banner\" id=\"wp-block-teft-banner-5508c0efb6d5\">\n\t\t\t\t\t<div class=\"wp-block-teft-banner__media\" style=\"background-image: url(https:\/\/kreftforeningen.no\/content\/uploads\/2026\/02\/Hilde-E.-Wille-og-Kirsti-A.-Sordal-DSC00339.jpg);background-position: 59% 36%\">\n\t\t\t<\/div>\n\t\t\t\t<div class=\"wp-block-teft-banner__inner-container\">\n\t\t\t\n\n<h2 class=\"wp-block-heading\" id=\"h-tilbud-og-aktiviteter\">Tilbud og aktiviteter<\/h2>\n\n\n\n<p>Vardesenteret er et friareal for alle som rammes av kreft. Du kan slappe av i eget selskap n\u00e5r du vil det, dele erfaringer eller f\u00e5 r\u00e5d og hjelp i situasjonen du st\u00e5r i.<\/p>\n\n\n\n<div class=\"wp-block-buttons is-layout-flex wp-block-buttons-is-layout-flex\">\n<div class=\"wp-block-button\"><a class=\"wp-block-button__link has-blue-background-color has-background wp-element-button\" href=\"https:\/\/kreftforeningen.no\/vardesenteret\/tilbud\/?county=nordland\">Tilbud og aktiviteter i Bod\u00f8<\/a><\/div>\n<\/div>\n\n\t\t<\/div>\n\t<\/div>\n\t\n\n\n<div class=\"wp-block-group has-grey-light-background-color has-background\"><div class=\"wp-block-group__inner-container is-layout-constrained wp-block-group-is-layout-constrained\">\n<h2 class=\"wp-block-heading\" id=\"h-apningstider-2025\">\u00c5pningstider 2025<\/h2>\n\n\n\n<ul class=\"wp-block-list\">\n<li>Mandag kl. 09.00-14.00<\/li>\n\n\n\n<li>Tirsdag kl. 09.00-14.00<\/li>\n\n\n\n<li>Onsdag kl. 09.00-13.30 og kl. 17.30-20.00<\/li>\n\n\n\n<li>Torsdag kl. 09.00-14.00<\/li>\n<\/ul>\n\n\n\n<p>Senteret er selvbetjent i tidsrommet kl. 09.00-10.00 mandag-torsdag.<\/p>\n\n\n\n<h2 class=\"wp-block-heading\" id=\"h-disse-moter-du\">Disse m\u00f8ter du<\/h2>\n\n\n\n<p>P\u00e5 Vardesenteret m\u00f8ter du mennesker med spesialkompetanse som kan hjelpe deg n\u00e5r du trenger det, samt frivillige som tar deg godt i mot. Du er hjertelig velkommen innom i v\u00e5r \u00e5pningstid uansett om du er p\u00e5r\u00f8rende, etterlatt, n\u00e5v\u00e6rende eller tidligere kreftpasient.<\/p>\n<\/div><\/div>\n\n\n\n<h2 class=\"wp-block-heading\" id=\"h-vil-du-bli-frivillig\">Vil du bli frivillig?<\/h2>\n\n\n\n<p>I tillegg til de som arbeider fast p\u00e5 Vardesenteret, er Kreftforeningens frivillige en viktig del av teamet. Hos oss m\u00f8ter de bes\u00f8kende et team p\u00e5 rundt 30 frivillige og likepersoner. N\u00e5 \u00f8nsker vi \u00e5 styrke dette teamet med enda flere frivillige. \u00d8nsker du \u00e5 bli en del av v\u00e5rt team? <a href=\"https:\/\/kreftforeningen.no\/engasjer-deg\/bli-frivillig\/vardesenteret\/\">Her<\/a> kan du melde din interesse og f\u00e5 mer informasjon om arbeidet som frivillig.<\/p>\n\n\n\n<h2 class=\"wp-block-heading\" id=\"h-her-finner-du-oss\">Her finner du oss<\/h2>\n\n\n\n<p><strong>Vardesenteret i Bod\u00f8<\/strong><br>Nordlandssykehuset<br>Biskop Kroghs gate 21, Bod\u00f8<br><a href=\"https:\/\/www.google.no\/maps\/place\/Biskop+Kroghs+gate+21,+8005+Bod%C3%B8\/@67.2824538,14.3923647,17z\/data=!3m1!4b1!4m5!3m4!1s0x45df10f5718aab17:0x498f6a9359bc2c27!8m2!3d67.2824538!4d14.3945534\">Se kart (Google Maps)<\/a>&nbsp;<\/p>\n\n\n\n<p>Vardesenteret ligger p\u00e5 Pasienthotellet Zefyr hotell, bygg I, 4. etasje.<\/p>\n\n\n\n<h2 class=\"wp-block-heading\" id=\"h-kontakt-oss\">Kontakt oss<\/h2>\n\n\n<div class=\"person-grid\"><div class=\"person\" id=\"person-display-577\"><div class=\"person_content\"><h3 id=\"vardesenteret-i-bodo\">Vardesenteret i Bod\u00f8<\/h3><p>Nordlandssykehuset<\/p><a class=\"person_email\" href=\"mailto:vardesenteret@nordlandssykehuset.no\"><SVG xmlns=\"http:\/\/www.w3.org\/2000\/svg\" width=\"14\" height=\"11\" viewBox=\"0 0 14 12\" fill=\"none\"><g>\n\t<path d=\"M2.2 1.20001H11.8C12.46 1.20001 13 1.74001 13 2.40001V9.60001C13 10.26 12.46 10.8 11.8 10.8H2.2C1.54 10.8 1 10.26 1 9.60001V2.40001C1 1.74001 1.54 1.20001 2.2 1.20001Z\" stroke=\"black\" \/>\n\t<path d=\"M13 2.39996L7 6.59996L1 2.39996\" stroke=\"black\" \/><\/g><\/SVG><span>vardesenteret@nordlandssykehuset.no<\/span><\/a><a href=\"tel:46610849\"><SVG xmlns=\"http:\/\/www.w3.org\/2000\/svg\" width=\"14\" height=\"14\" viewBox=\"0 0 14 14\" fill=\"none\"><g><path d=\"M12.9996 9.98431V11.7908C13.0003 11.9585 12.9659 12.1245 12.8986 12.2781C12.8313 12.4318 12.7325 12.5697 12.6087 12.6831C12.4849 12.7965 12.3387 12.8828 12.1795 12.9365C12.0203 12.9903 11.8517 13.0102 11.6843 12.9951C9.82768 12.7938 8.04426 12.1606 6.47734 11.1465C5.01953 10.222 3.78356 8.98843 2.8572 7.53351C1.83752 5.96259 1.20294 4.17405 1.0049 2.31277C0.98982 2.14625 1.00965 1.97843 1.06312 1.81998C1.11659 1.66153 1.20254 1.51592 1.31548 1.39244C1.42843 1.26896 1.5659 1.1703 1.71915 1.10274C1.87239 1.03519 2.03805 1.00022 2.20558 1.00006H4.01565C4.30846 0.997182 4.59233 1.10067 4.81435 1.29122C5.03636 1.48178 5.18138 1.74641 5.22236 2.03578C5.29876 2.61389 5.44044 3.18152 5.64471 3.72785C5.72589 3.94338 5.74346 4.17761 5.69534 4.4028C5.64721 4.62799 5.53542 4.83469 5.3732 4.99841L4.60694 5.76315C5.46585 7.27069 6.71655 8.51891 8.22708 9.37612L8.99334 8.61138C9.15739 8.44948 9.3645 8.33791 9.59013 8.28988C9.81577 8.24185 10.0505 8.25939 10.2664 8.3404C10.8138 8.54427 11.3826 8.68567 11.9619 8.76192C12.2549 8.80318 12.5226 8.95052 12.714 9.1759C12.9053 9.40128 13.007 9.68899 12.9996 9.98431Z\" stroke=\"black\" \/><\/g><\/SVG>46 61 08 49<\/a><\/div><\/div><\/div>\n\n\t<div style=\"min-height:400px\" class=\"has-blue-light-background-color is-style-content-right wp-block-teft-banner\" id=\"wp-block-teft-banner-83721dd29784\">\n\t\t\t\t\t<div class=\"wp-block-teft-banner__media\" style=\"background-image: url(https:\/\/kreftforeningen.no\/content\/uploads\/2022\/06\/255b118c-463d-4560-a7f2-afe9d9791776-scaled.jpg)\">\n\t\t\t<\/div>\n\t\t\t\t<div class=\"wp-block-teft-banner__inner-container\">\n\t\t\t\n\n<h2 class=\"wp-block-heading\" id=\"h-om-vardesenteret\">Om Vardesenteret<\/h2>\n\n\n\n<p>Vardesenteret er en gratis m\u00f8teplass for alle som er rammet av kreft, tilknyttet sju sykehus i landet.<\/p>\n\n\n\n<div class=\"wp-block-buttons is-layout-flex wp-block-buttons-is-layout-flex\">\n<div class=\"wp-block-button\"><a class=\"wp-block-button__link has-blue-background-color has-background wp-element-button\" href=\"https:\/\/kreftforeningen.no\/vardesenteret\/om-vardesenteret\/\">Om Vardesenteret<\/a><\/div>\n<\/div>\n\n\t\t<\/div>\n\t<\/div>\n\t","protected":false},"excerpt":{"rendered":"<p>Vi arrangerer ogs\u00e5 ulike kurs, temam\u00f8ter, gruppetrening og blant annet treffpunkt for barn og unge p\u00e5r\u00f8rende. Velkommen! \u00c5pningstider 2025 Senteret er selvbetjent i tidsrommet kl. 09.00-10.00 mandag-torsdag. Disse m\u00f8ter du P\u00e5 Vardesenteret m\u00f8ter du mennesker med spesialkompetanse som kan hjelpe deg n\u00e5r du trenger det, samt frivillige som tar deg godt i mot. Du er [&hellip;]<\/p>\n","protected":false},"author":30,"featured_media":0,"parent":0,"menu_order":0,"comment_status":"closed","ping_status":"closed","template":"","meta":{"_relevanssi_hide_post":"","_relevanssi_hide_content":"","_relevanssi_pin_for_all":"","_relevanssi_pin_keywords":"","_relevanssi_unpin_keywords":"","_relevanssi_related_keywords":"","_relevanssi_related_include_ids":"","_relevanssi_related_exclude_ids":"","_relevanssi_related_no_append":"","_relevanssi_related_not_related":"","_relevanssi_related_posts":"277","_relevanssi_noindex_reason":"","kf_show_post_date":false,"kf_show_updated_date":false,"kf_show_print_page":false,"kf_show_chapters":false,"kf_show_chapters_expanded":false,"kf_show_post_outdated":true,"kf_post_authors":[],"kf_toggle_title":false,"teft_cards_label":"","kf_is_template":false,"teft_cards_image_id":49226,"teft_cards_image_focal_point_x":0.5,"teft_cards_image_focal_point_y":0.5,"teft_cards_title":"","teft_cards_excerpt":"","footnotes":""},"class_list":["post-30","page","type-page","status-publish","hentry"],"yoast_head":"<!-- This site is optimized with the Yoast SEO Premium plugin v26.8 (Yoast SEO v26.8) - https:\/\/yoast.com\/product\/yoast-seo-premium-wordpress\/ -->\n<title>Vardesenteret i Bod\u00f8 - Vardesenteret<\/title>\n<meta name=\"robots\" content=\"index, follow, max-snippet:-1, max-image-preview:large, max-video-preview:-1\" \/>\n<link rel=\"canonical\" href=\"https:\/\/kreftforeningen.no\/vardesenteret\/bodo\/\" \/>\n<meta property=\"og:locale\" content=\"nb_NO\" \/>\n<meta property=\"og:type\" content=\"article\" \/>\n<meta property=\"og:title\" content=\"Vardesenteret i Bod\u00f8\" \/>\n<meta property=\"og:description\" content=\"Vi arrangerer ogs\u00e5 ulike kurs, temam\u00f8ter, gruppetrening og blant annet treffpunkt for barn og unge p\u00e5r\u00f8rende. Velkommen! \u00c5pningstider 2025 Senteret er selvbetjent i tidsrommet kl. 09.00-10.00 mandag-torsdag. Disse m\u00f8ter du P\u00e5 Vardesenteret m\u00f8ter du mennesker med spesialkompetanse som kan hjelpe deg n\u00e5r du trenger det, samt frivillige som tar deg godt i mot. Du er [&hellip;]\" \/>\n<meta property=\"og:url\" content=\"https:\/\/kreftforeningen.no\/vardesenteret\/bodo\/\" \/>\n<meta property=\"og:site_name\" content=\"Vardesenteret\" \/>\n<meta property=\"article:published_time\" content=\"2020-05-05T19:11:45+00:00\" \/>\n<meta property=\"article:modified_time\" content=\"2026-02-18T09:22:19+00:00\" \/>\n<meta name=\"twitter:card\" content=\"summary_large_image\" \/>\n<meta name=\"twitter:label1\" content=\"Ansl. lesetid\" \/>\n\t<meta name=\"twitter:data1\" content=\"2 minutter\" \/>\n<script type=\"application\/ld+json\" class=\"yoast-schema-graph\">{\"@context\":\"https:\/\/schema.org\",\"@graph\":[{\"@type\":\"WebPage\",\"@id\":\"https:\/\/kreftforeningen.no\/vardesenteret\/bodo\/\",\"url\":\"https:\/\/kreftforeningen.no\/vardesenteret\/bodo\/\",\"name\":\"Vardesenteret i Bod\u00f8 - Vardesenteret\",\"isPartOf\":{\"@id\":\"https:\/\/kreftforeningen.no\/vardesenteret\/#website\"},\"datePublished\":\"2020-05-05T19:11:45+00:00\",\"dateModified\":\"2026-02-18T09:22:19+00:00\",\"breadcrumb\":{\"@id\":\"https:\/\/kreftforeningen.no\/vardesenteret\/bodo\/#breadcrumb\"},\"inLanguage\":\"nb-NO\",\"potentialAction\":[{\"@type\":\"ReadAction\",\"target\":[\"https:\/\/kreftforeningen.no\/vardesenteret\/bodo\/\"]}],\"mentions\":[{\"@id\":\"person-display-577\"}]},{\"@type\":\"BreadcrumbList\",\"@id\":\"https:\/\/kreftforeningen.no\/vardesenteret\/bodo\/#breadcrumb\",\"itemListElement\":[{\"@type\":\"ListItem\",\"position\":1,\"name\":\"Forside\",\"item\":\"https:\/\/kreftforeningen.no\/vardesenteret\/\"},{\"@type\":\"ListItem\",\"position\":2,\"name\":\"Vardesenteret i Bod\u00f8\"}]},{\"@type\":\"WebSite\",\"@id\":\"https:\/\/kreftforeningen.no\/vardesenteret\/#website\",\"url\":\"https:\/\/kreftforeningen.no\/vardesenteret\/\",\"name\":\"Vardesenteret\",\"description\":\"\",\"publisher\":{\"@id\":\"https:\/\/kreftforeningen.no\/vardesenteret\/#organization\"},\"potentialAction\":[{\"@type\":\"SearchAction\",\"target\":{\"@type\":\"EntryPoint\",\"urlTemplate\":\"https:\/\/kreftforeningen.no\/vardesenteret\/?s={search_term_string}\"},\"query-input\":{\"@type\":\"PropertyValueSpecification\",\"valueRequired\":true,\"valueName\":\"search_term_string\"}}],\"inLanguage\":\"nb-NO\"},{\"@type\":\"Organization\",\"@id\":\"https:\/\/kreftforeningen.no\/vardesenteret\/#organization\",\"name\":\"Vardesenteret\",\"url\":\"https:\/\/kreftforeningen.no\/vardesenteret\/\",\"logo\":{\"@type\":\"ImageObject\",\"inLanguage\":\"nb-NO\",\"@id\":\"https:\/\/kreftforeningen.no\/vardesenteret\/#\/schema\/logo\/image\/\",\"url\":\"https:\/\/kreftforeningen.no\/content\/uploads\/2026\/02\/cropped-Vardesenter_signatur_sort_horisontal_uten-undertekst-e1589886700835.png\",\"contentUrl\":\"https:\/\/kreftforeningen.no\/content\/uploads\/2026\/02\/cropped-Vardesenter_signatur_sort_horisontal_uten-undertekst-e1589886700835.png\",\"caption\":\"Vardesenteret\"},\"image\":{\"@id\":\"https:\/\/kreftforeningen.no\/vardesenteret\/#\/schema\/logo\/image\/\"}}]}<\/script>\n<!-- \/ Yoast SEO Premium plugin. -->","yoast_head_json":{"title":"Vardesenteret i Bod\u00f8 - Vardesenteret","robots":{"index":"index","follow":"follow","max-snippet":"max-snippet:-1","max-image-preview":"max-image-preview:large","max-video-preview":"max-video-preview:-1"},"canonical":"https:\/\/kreftforeningen.no\/vardesenteret\/bodo\/","og_locale":"nb_NO","og_type":"article","og_title":"Vardesenteret i Bod\u00f8","og_description":"Vi arrangerer ogs\u00e5 ulike kurs, temam\u00f8ter, gruppetrening og blant annet treffpunkt for barn og unge p\u00e5r\u00f8rende. Velkommen! \u00c5pningstider 2025 Senteret er selvbetjent i tidsrommet kl. 09.00-10.00 mandag-torsdag. Disse m\u00f8ter du P\u00e5 Vardesenteret m\u00f8ter du mennesker med spesialkompetanse som kan hjelpe deg n\u00e5r du trenger det, samt frivillige som tar deg godt i mot. Du er [&hellip;]","og_url":"https:\/\/kreftforeningen.no\/vardesenteret\/bodo\/","og_site_name":"Vardesenteret","article_published_time":"2020-05-05T19:11:45+00:00","article_modified_time":"2026-02-18T09:22:19+00:00","twitter_card":"summary_large_image","twitter_misc":{"Ansl. lesetid":"2 minutter"},"schema":{"@context":"https:\/\/schema.org","@graph":[{"@type":"WebPage","@id":"https:\/\/kreftforeningen.no\/vardesenteret\/bodo\/","url":"https:\/\/kreftforeningen.no\/vardesenteret\/bodo\/","name":"Vardesenteret i Bod\u00f8 - Vardesenteret","isPartOf":{"@id":"https:\/\/kreftforeningen.no\/vardesenteret\/#website"},"datePublished":"2020-05-05T19:11:45+00:00","dateModified":"2026-02-18T09:22:19+00:00","breadcrumb":{"@id":"https:\/\/kreftforeningen.no\/vardesenteret\/bodo\/#breadcrumb"},"inLanguage":"nb-NO","potentialAction":[{"@type":"ReadAction","target":["https:\/\/kreftforeningen.no\/vardesenteret\/bodo\/"]}],"mentions":[{"@id":"person-display-577"}]},{"@type":"BreadcrumbList","@id":"https:\/\/kreftforeningen.no\/vardesenteret\/bodo\/#breadcrumb","itemListElement":[{"@type":"ListItem","position":1,"name":"Forside","item":"https:\/\/kreftforeningen.no\/vardesenteret\/"},{"@type":"ListItem","position":2,"name":"Vardesenteret i Bod\u00f8"}]},{"@type":"WebSite","@id":"https:\/\/kreftforeningen.no\/vardesenteret\/#website","url":"https:\/\/kreftforeningen.no\/vardesenteret\/","name":"Vardesenteret","description":"","publisher":{"@id":"https:\/\/kreftforeningen.no\/vardesenteret\/#organization"},"potentialAction":[{"@type":"SearchAction","target":{"@type":"EntryPoint","urlTemplate":"https:\/\/kreftforeningen.no\/vardesenteret\/?s={search_term_string}"},"query-input":{"@type":"PropertyValueSpecification","valueRequired":true,"valueName":"search_term_string"}}],"inLanguage":"nb-NO"},{"@type":"Organization","@id":"https:\/\/kreftforeningen.no\/vardesenteret\/#organization","name":"Vardesenteret","url":"https:\/\/kreftforeningen.no\/vardesenteret\/","logo":{"@type":"ImageObject","inLanguage":"nb-NO","@id":"https:\/\/kreftforeningen.no\/vardesenteret\/#\/schema\/logo\/image\/","url":"https:\/\/kreftforeningen.no\/content\/uploads\/2026\/02\/cropped-Vardesenter_signatur_sort_horisontal_uten-undertekst-e1589886700835.png","contentUrl":"https:\/\/kreftforeningen.no\/content\/uploads\/2026\/02\/cropped-Vardesenter_signatur_sort_horisontal_uten-undertekst-e1589886700835.png","caption":"Vardesenteret"},"image":{"@id":"https:\/\/kreftforeningen.no\/vardesenteret\/#\/schema\/logo\/image\/"}}]}},"_links":{"self":[{"href":"https:\/\/kreftforeningen.no\/vardesenteret\/wp-json\/wp\/v2\/pages\/30"}],"collection":[{"href":"https:\/\/kreftforeningen.no\/vardesenteret\/wp-json\/wp\/v2\/pages"}],"about":[{"href":"https:\/\/kreftforeningen.no\/vardesenteret\/wp-json\/wp\/v2\/types\/page"}],"author":[{"embeddable":true,"href":"https:\/\/kreftforeningen.no\/vardesenteret\/wp-json\/wp\/v2\/users\/30"}],"replies":[{"embeddable":true,"href":"https:\/\/kreftforeningen.no\/vardesenteret\/wp-json\/wp\/v2\/comments?post=30"}],"version-history":[{"count":150,"href":"https:\/\/kreftforeningen.no\/vardesenteret\/wp-json\/wp\/v2\/pages\/30\/revisions"}],"predecessor-version":[{"id":9888,"href":"https:\/\/kreftforeningen.no\/vardesenteret\/wp-json\/wp\/v2\/pages\/30\/revisions\/9888"}],"wp:attachment":[{"href":"https:\/\/kreftforeningen.no\/vardesenteret\/wp-json\/wp\/v2\/media?parent=30"}],"curies":[{"name":"wp","href":"https:\/\/api.w.org\/{rel}","templated":true}]}}