{"id":4093,"date":"2023-05-03T08:51:42","date_gmt":"2023-05-03T06:51:42","guid":{"rendered":"https:\/\/kreftforeningen.no\/vardesenteret\/?page_id=4093"},"modified":"2023-05-26T12:22:52","modified_gmt":"2023-05-26T10:22:52","slug":"suji-ka-halwa-semulegrot","status":"publish","type":"page","link":"https:\/\/kreftforeningen.no\/vardesenteret\/oppskrifter\/suji-ka-halwa-semulegrot\/","title":{"rendered":"Suji ka halwa (semulegr\u00f8t)"},"content":{"rendered":"\n<figure class=\"wp-block-image size-large\"><img loading=\"lazy\" decoding=\"async\" width=\"1024\" height=\"576\" src=\"https:\/\/kreftforeningen.no\/content\/uploads\/2023\/05\/Suji-ka-halwa_plakat-1024x576.jpg\" alt=\"\" class=\"wp-image-131510\" srcset=\"https:\/\/kreftforeningen.no\/content\/uploads\/2023\/05\/Suji-ka-halwa_plakat-1024x576.jpg 1024w, https:\/\/kreftforeningen.no\/content\/uploads\/2023\/05\/Suji-ka-halwa_plakat-300x169.jpg 300w, https:\/\/kreftforeningen.no\/content\/uploads\/2023\/05\/Suji-ka-halwa_plakat-768x432.jpg 768w, https:\/\/kreftforeningen.no\/content\/uploads\/2023\/05\/Suji-ka-halwa_plakat-1536x864.jpg 1536w, https:\/\/kreftforeningen.no\/content\/uploads\/2023\/05\/Suji-ka-halwa_plakat-135x76.jpg 135w, https:\/\/kreftforeningen.no\/content\/uploads\/2023\/05\/Suji-ka-halwa_plakat.jpg 1920w\" sizes=\"auto, (max-width: 1024px) 100vw, 1024px\" \/><\/figure>\n\n\n\n<div class=\"wp-block-columns is-layout-flex wp-container-core-columns-is-layout-9d6595d7 wp-block-columns-is-layout-flex\">\n<div class=\"wp-block-column in-chapters is-layout-flow wp-block-column in-chapters-is-layout-flow\"><div class=\"wp-block-image is-style-rounded\">\n<figure class=\"aligncenter size-large is-resized\"><img loading=\"lazy\" decoding=\"async\" src=\"https:\/\/kreftforeningen.no\/content\/uploads\/2020\/10\/klokke-330.jpg\" alt=\"Piktogram av klokke\" class=\"wp-image-62218\" width=\"83\" height=\"83\" srcset=\"https:\/\/kreftforeningen.no\/content\/uploads\/2020\/10\/klokke-330.jpg 330w, https:\/\/kreftforeningen.no\/content\/uploads\/2020\/10\/klokke-330-135x135.jpg 135w\" sizes=\"auto, (max-width: 83px) 100vw, 83px\" \/><figcaption class=\"wp-element-caption\"><strong>Tid <br><\/strong>30 min<\/figcaption><\/figure>\n<\/div><\/div>\n\n\n\n<div class=\"wp-block-column in-chapters is-layout-flow wp-block-column in-chapters-is-layout-flow\"><div class=\"wp-block-image is-style-rounded\">\n<figure class=\"aligncenter size-large is-resized\"><img loading=\"lazy\" decoding=\"async\" src=\"https:\/\/kreftforeningen.no\/content\/uploads\/2020\/10\/kokkelue-330.jpg\" alt=\"Piktogram av kokkelue\" class=\"wp-image-62219\" width=\"83\" height=\"83\" srcset=\"https:\/\/kreftforeningen.no\/content\/uploads\/2020\/10\/kokkelue-330.jpg 330w, https:\/\/kreftforeningen.no\/content\/uploads\/2020\/10\/kokkelue-330-135x135.jpg 135w\" sizes=\"auto, (max-width: 83px) 100vw, 83px\" \/><figcaption class=\"wp-element-caption\"><strong>Utf\u00f8relse <br><\/strong>Lett<\/figcaption><\/figure>\n<\/div><\/div>\n\n\n\n<div class=\"wp-block-column in-chapters is-layout-flow wp-block-column in-chapters-is-layout-flow\"><div class=\"wp-block-image is-style-rounded\">\n<figure class=\"aligncenter size-large is-resized\"><img loading=\"lazy\" decoding=\"async\" src=\"https:\/\/kreftforeningen.no\/content\/uploads\/2020\/10\/servering-330.jpg\" alt=\"Piktogram av serveringsfat\" class=\"wp-image-62220\" width=\"83\" height=\"83\" srcset=\"https:\/\/kreftforeningen.no\/content\/uploads\/2020\/10\/servering-330.jpg 330w, https:\/\/kreftforeningen.no\/content\/uploads\/2020\/10\/servering-330-135x135.jpg 135w\" sizes=\"auto, (max-width: 83px) 100vw, 83px\" \/><figcaption class=\"wp-element-caption\"><strong>Porsjoner<\/strong><br>6 stk<\/figcaption><\/figure>\n<\/div><\/div>\n<\/div>\n\n\n\n<h2 class=\"wp-block-heading\" id=\"h-ingredienser\">Ingredienser<\/h2>\n\n\n\n<ul class=\"wp-block-list\">\n<li>1 dl semulegryn<\/li>\n\n\n\n<li>1 dl havregryn<\/li>\n\n\n\n<li>\u00bd dl sukker<\/li>\n\n\n\n<li>1 ts kardemomme<\/li>\n\n\n\n<li>0, 25 gram safran<\/li>\n\n\n\n<li>8 dl vann<\/li>\n\n\n\n<li>2 ss sm\u00f8r<\/li>\n<\/ul>\n\n\n\n<h3 class=\"wp-block-heading\" id=\"topping\">Topping<\/h3>\n\n\n\n<ul class=\"wp-block-list\">\n<li>Mandler<\/li>\n\n\n\n<li>Pistasjn\u00f8tter<\/li>\n\n\n\n<li>Rosiner<\/li>\n\n\n\n<li>Fersk mango<\/li>\n<\/ul>\n\n\n\n<div class=\"wp-block-columns is-layout-flex wp-container-core-columns-is-layout-9d6595d7 wp-block-columns-is-layout-flex\">\n<div class=\"wp-block-column in-chapters is-layout-flow wp-block-column in-chapters-is-layout-flow\">\n<figure class=\"wp-block-embed is-type-video is-provider-youtube wp-block-embed-youtube wp-embed-aspect-16-9 wp-has-aspect-ratio\"><div class=\"wp-block-embed__wrapper\">\n<iframe loading=\"lazy\" title=\"Suji ka halwa | Inspirasjon til gode matvaner | Vardesenteret\" width=\"500\" height=\"281\" src=\"https:\/\/www.youtube-nocookie.com\/embed\/rhnpQfI_cXo?feature=oembed&#038;hl=no\" frameborder=\"0\" allow=\"accelerometer; autoplay; clipboard-write; encrypted-media; gyroscope; picture-in-picture; web-share\" referrerpolicy=\"strict-origin-when-cross-origin\" allowfullscreen><\/iframe>\n<\/div><figcaption class=\"wp-element-caption\">Suji ka halwa (norsk versjon)<\/figcaption><\/figure>\n<\/div>\n\n\n\n<div class=\"wp-block-column in-chapters is-layout-flow wp-block-column in-chapters-is-layout-flow\">\n<figure class=\"wp-block-embed is-type-video is-provider-youtube wp-block-embed-youtube wp-embed-aspect-16-9 wp-has-aspect-ratio\"><div class=\"wp-block-embed__wrapper\">\n<iframe loading=\"lazy\" title=\"\u0633\u0648\u062c\u06cc \u06a9\u0627 \u062d\u0644\u0648\u06c1 | Suji ka halwa | \u06a9\u06be\u0627\u0646\u06d2 \u06a9\u06cc \u0627\u0686\u06be\u06cc \u0639\u0627\u062f\u0627\u062a_ | Vardesenteret\" width=\"500\" height=\"281\" src=\"https:\/\/www.youtube-nocookie.com\/embed\/P_vUcZ5YGl4?feature=oembed&#038;hl=no\" frameborder=\"0\" allow=\"accelerometer; autoplay; clipboard-write; encrypted-media; gyroscope; picture-in-picture; web-share\" referrerpolicy=\"strict-origin-when-cross-origin\" allowfullscreen><\/iframe>\n<\/div><figcaption class=\"wp-element-caption\">\u0633\u0648\u062c\u06cc \u06a9\u0627 \u062d\u0644\u0648\u06c1<\/figcaption><\/figure>\n<\/div>\n<\/div>\n\n\n\n<h2 id=\"slik-gjor-du\" class=\"wp-block-heading\">Slik gj\u00f8r du<\/h2>\n\n\n\n<ol class=\"wp-block-list\">\n<li>Kok opp vann, sukker, kardemomme og safran i noen minutter.<\/li>\n\n\n\n<li>Sett kjelen til side.<\/li>\n\n\n\n<li>Stek semulegryn og havregryn i en stekepanne til det blir gylden.<\/li>\n\n\n\n<li>Tilsett sm\u00f8ret og r\u00f8r godt.<\/li>\n\n\n\n<li>Tilsett vannblandingen litt og litt. V\u00e6r forsiktig n\u00e5r du gj\u00f8r det, det er veldig varmt.<\/li>\n\n\n\n<li>R\u00f8r i blandingen mens den koker til du f\u00e5r en gr\u00f8taktig konsistens.<\/li>\n\n\n\n<li>Gr\u00f8ten kan toppes med n\u00f8tter, rosiner og frukt.<\/li>\n<\/ol>\n\n\n\t<div style=\"min-height:300px\" class=\"has-background-dim has-blue-light-background-color align is-style-content-left wp-block-teft-banner\" id=\"wp-block-teft-banner-7aef3c5b9bec\">\n\t\t\t\t\t<div class=\"wp-block-teft-banner__media\" style=\"background-image: url(https:\/\/kreftforeningen.no\/content\/uploads\/2022\/12\/somalisk-fiskesuppe.jpg);background-position: 52% 37%\">\n\t\t\t<\/div>\n\t\t\t\t<div class=\"wp-block-teft-banner__inner-container\">\n\t\t\t\n<h2 class=\"wp-block-heading\" id=\"h-filmer-med-inspirasjon-til-gode-matvaner\">Filmer med inspirasjon til gode matvaner<\/h2>\n\n\n\n<p>Filmer med oppskrifter og praktiske tips til deg som \u00f8nsker inspirasjon fra det somaliske eller pakistanske kj\u00f8kken.<\/p>\n\n\n\n<div class=\"wp-block-button\"><a class=\"wp-block-button__link has-blue-light-color has-blue-background-color has-text-color has-background wp-element-button\" href=\"https:\/\/kreftforeningen.no\/vardesenteret\/filmer-med-inspirasjon-til-gode-matvaner\/\">Se filmene<\/a><\/div>\t\t<\/div>\n\t<\/div>\n\t","protected":false},"excerpt":{"rendered":"<p>Ingredienser Topping Slik gj\u00f8r du<\/p>\n","protected":false},"author":47,"featured_media":131510,"parent":1000,"menu_order":0,"comment_status":"closed","ping_status":"closed","template":"","meta":{"_relevanssi_hide_post":"","_relevanssi_hide_content":"","_relevanssi_pin_for_all":"","_relevanssi_pin_keywords":"","_relevanssi_unpin_keywords":"","_relevanssi_related_keywords":"","_relevanssi_related_include_ids":"","_relevanssi_related_exclude_ids":"","_relevanssi_related_no_append":"","_relevanssi_related_not_related":"","_relevanssi_related_posts":"3288,2411,1863,2523,1697,2511","_relevanssi_noindex_reason":"","kf_show_post_date":true,"kf_show_updated_date":false,"kf_show_print_page":false,"kf_show_chapters":false,"kf_show_chapters_expanded":false,"kf_show_post_outdated":true,"kf_toggle_title":false,"kf_is_template":false,"kf_post_authors":[],"teft_cards_label":"","teft_cards_image_id":0,"teft_cards_image_focal_point_x":0,"teft_cards_image_focal_point_y":0,"teft_cards_title":"","teft_cards_excerpt":"","footnotes":""},"class_list":["post-4093","page","type-page","status-publish","has-post-thumbnail","hentry"],"yoast_head":"<!-- This site is optimized with the Yoast SEO Premium plugin v27.3 (Yoast SEO v27.4) - https:\/\/yoast.com\/product\/yoast-seo-premium-wordpress\/ -->\n<title>Suji ka halwa (semulegr\u00f8t) - Vardesenteret<\/title>\n<meta name=\"robots\" content=\"index, follow, max-snippet:-1, max-image-preview:large, max-video-preview:-1\" \/>\n<link rel=\"canonical\" href=\"https:\/\/kreftforeningen.no\/vardesenteret\/oppskrifter\/suji-ka-halwa-semulegrot\/\" \/>\n<meta property=\"og:locale\" content=\"nb_NO\" \/>\n<meta property=\"og:type\" content=\"article\" \/>\n<meta property=\"og:title\" content=\"Suji ka halwa (semulegr\u00f8t)\" \/>\n<meta property=\"og:description\" content=\"Ingredienser Topping Slik gj\u00f8r du\" \/>\n<meta property=\"og:url\" content=\"https:\/\/kreftforeningen.no\/vardesenteret\/oppskrifter\/suji-ka-halwa-semulegrot\/\" \/>\n<meta property=\"og:site_name\" content=\"Vardesenteret\" \/>\n<meta property=\"article:published_time\" content=\"2023-05-03T06:51:42+00:00\" \/>\n<meta property=\"article:modified_time\" content=\"2023-05-26T10:22:52+00:00\" \/>\n<meta property=\"og:image\" content=\"https:\/\/kreftforeningen.no\/content\/uploads\/2023\/05\/Suji-ka-halwa_plakat.jpg\" \/>\n\t<meta property=\"og:image:width\" content=\"1920\" \/>\n\t<meta property=\"og:image:height\" content=\"1080\" \/>\n\t<meta property=\"og:image:type\" content=\"image\/jpeg\" \/>\n<meta name=\"twitter:card\" content=\"summary_large_image\" \/>\n<meta name=\"twitter:label1\" content=\"Ansl. lesetid\" \/>\n\t<meta name=\"twitter:data1\" content=\"2 minutter\" \/>\n<script type=\"application\/ld+json\" class=\"yoast-schema-graph\">{\"@context\":\"https:\\\/\\\/schema.org\",\"@graph\":[{\"@type\":\"WebPage\",\"@id\":\"https:\\\/\\\/kreftforeningen.no\\\/vardesenteret\\\/oppskrifter\\\/suji-ka-halwa-semulegrot\\\/\",\"url\":\"https:\\\/\\\/kreftforeningen.no\\\/vardesenteret\\\/oppskrifter\\\/suji-ka-halwa-semulegrot\\\/\",\"name\":\"Suji ka halwa (semulegr\u00f8t) - Vardesenteret\",\"isPartOf\":{\"@id\":\"https:\\\/\\\/kreftforeningen.no\\\/vardesenteret\\\/#website\"},\"primaryImageOfPage\":{\"@id\":\"https:\\\/\\\/kreftforeningen.no\\\/vardesenteret\\\/oppskrifter\\\/suji-ka-halwa-semulegrot\\\/#primaryimage\"},\"image\":{\"@id\":\"https:\\\/\\\/kreftforeningen.no\\\/vardesenteret\\\/oppskrifter\\\/suji-ka-halwa-semulegrot\\\/#primaryimage\"},\"thumbnailUrl\":\"https:\\\/\\\/kreftforeningen.no\\\/content\\\/uploads\\\/2023\\\/05\\\/Suji-ka-halwa_plakat.jpg\",\"datePublished\":\"2023-05-03T06:51:42+00:00\",\"dateModified\":\"2023-05-26T10:22:52+00:00\",\"breadcrumb\":{\"@id\":\"https:\\\/\\\/kreftforeningen.no\\\/vardesenteret\\\/oppskrifter\\\/suji-ka-halwa-semulegrot\\\/#breadcrumb\"},\"inLanguage\":\"nb-NO\",\"potentialAction\":[{\"@type\":\"ReadAction\",\"target\":[\"https:\\\/\\\/kreftforeningen.no\\\/vardesenteret\\\/oppskrifter\\\/suji-ka-halwa-semulegrot\\\/\"]}]},{\"@type\":\"ImageObject\",\"inLanguage\":\"nb-NO\",\"@id\":\"https:\\\/\\\/kreftforeningen.no\\\/vardesenteret\\\/oppskrifter\\\/suji-ka-halwa-semulegrot\\\/#primaryimage\",\"url\":\"https:\\\/\\\/kreftforeningen.no\\\/content\\\/uploads\\\/2023\\\/05\\\/Suji-ka-halwa_plakat.jpg\",\"contentUrl\":\"https:\\\/\\\/kreftforeningen.no\\\/content\\\/uploads\\\/2023\\\/05\\\/Suji-ka-halwa_plakat.jpg\"},{\"@type\":\"BreadcrumbList\",\"@id\":\"https:\\\/\\\/kreftforeningen.no\\\/vardesenteret\\\/oppskrifter\\\/suji-ka-halwa-semulegrot\\\/#breadcrumb\",\"itemListElement\":[{\"@type\":\"ListItem\",\"position\":1,\"name\":\"Forside\",\"item\":\"https:\\\/\\\/kreftforeningen.no\\\/vardesenteret\\\/\"},{\"@type\":\"ListItem\",\"position\":2,\"name\":\"Matoppskrifter ved kreft\",\"item\":\"https:\\\/\\\/kreftforeningen.no\\\/vardesenteret\\\/oppskrifter\\\/\"},{\"@type\":\"ListItem\",\"position\":3,\"name\":\"Suji ka halwa (semulegr\u00f8t)\"}]},{\"@type\":\"WebSite\",\"@id\":\"https:\\\/\\\/kreftforeningen.no\\\/vardesenteret\\\/#website\",\"url\":\"https:\\\/\\\/kreftforeningen.no\\\/vardesenteret\\\/\",\"name\":\"Vardesenteret\",\"description\":\"\",\"publisher\":{\"@id\":\"https:\\\/\\\/kreftforeningen.no\\\/vardesenteret\\\/#organization\"},\"potentialAction\":[{\"@type\":\"SearchAction\",\"target\":{\"@type\":\"EntryPoint\",\"urlTemplate\":\"https:\\\/\\\/kreftforeningen.no\\\/vardesenteret\\\/?s={search_term_string}\"},\"query-input\":{\"@type\":\"PropertyValueSpecification\",\"valueRequired\":true,\"valueName\":\"search_term_string\"}}],\"inLanguage\":\"nb-NO\"},{\"@type\":\"Organization\",\"@id\":\"https:\\\/\\\/kreftforeningen.no\\\/vardesenteret\\\/#organization\",\"name\":\"Vardesenteret\",\"url\":\"https:\\\/\\\/kreftforeningen.no\\\/vardesenteret\\\/\",\"logo\":{\"@type\":\"ImageObject\",\"inLanguage\":\"nb-NO\",\"@id\":\"https:\\\/\\\/kreftforeningen.no\\\/vardesenteret\\\/#\\\/schema\\\/logo\\\/image\\\/\",\"url\":\"https:\\\/\\\/kreftforeningen.no\\\/content\\\/uploads\\\/2026\\\/02\\\/cropped-Vardesenter_signatur_sort_horisontal_uten-undertekst-e1589886700835.png\",\"contentUrl\":\"https:\\\/\\\/kreftforeningen.no\\\/content\\\/uploads\\\/2026\\\/02\\\/cropped-Vardesenter_signatur_sort_horisontal_uten-undertekst-e1589886700835.png\",\"caption\":\"Vardesenteret\"},\"image\":{\"@id\":\"https:\\\/\\\/kreftforeningen.no\\\/vardesenteret\\\/#\\\/schema\\\/logo\\\/image\\\/\"}}]}<\/script>\n<!-- \/ Yoast SEO Premium plugin. -->","yoast_head_json":{"title":"Suji ka halwa (semulegr\u00f8t) - Vardesenteret","robots":{"index":"index","follow":"follow","max-snippet":"max-snippet:-1","max-image-preview":"max-image-preview:large","max-video-preview":"max-video-preview:-1"},"canonical":"https:\/\/kreftforeningen.no\/vardesenteret\/oppskrifter\/suji-ka-halwa-semulegrot\/","og_locale":"nb_NO","og_type":"article","og_title":"Suji ka halwa (semulegr\u00f8t)","og_description":"Ingredienser Topping Slik gj\u00f8r du","og_url":"https:\/\/kreftforeningen.no\/vardesenteret\/oppskrifter\/suji-ka-halwa-semulegrot\/","og_site_name":"Vardesenteret","article_published_time":"2023-05-03T06:51:42+00:00","article_modified_time":"2023-05-26T10:22:52+00:00","og_image":[{"width":1920,"height":1080,"url":"https:\/\/kreftforeningen.no\/content\/uploads\/2023\/05\/Suji-ka-halwa_plakat.jpg","type":"image\/jpeg"}],"twitter_card":"summary_large_image","twitter_misc":{"Ansl. lesetid":"2 minutter"},"schema":{"@context":"https:\/\/schema.org","@graph":[{"@type":"WebPage","@id":"https:\/\/kreftforeningen.no\/vardesenteret\/oppskrifter\/suji-ka-halwa-semulegrot\/","url":"https:\/\/kreftforeningen.no\/vardesenteret\/oppskrifter\/suji-ka-halwa-semulegrot\/","name":"Suji ka halwa (semulegr\u00f8t) - Vardesenteret","isPartOf":{"@id":"https:\/\/kreftforeningen.no\/vardesenteret\/#website"},"primaryImageOfPage":{"@id":"https:\/\/kreftforeningen.no\/vardesenteret\/oppskrifter\/suji-ka-halwa-semulegrot\/#primaryimage"},"image":{"@id":"https:\/\/kreftforeningen.no\/vardesenteret\/oppskrifter\/suji-ka-halwa-semulegrot\/#primaryimage"},"thumbnailUrl":"https:\/\/kreftforeningen.no\/content\/uploads\/2023\/05\/Suji-ka-halwa_plakat.jpg","datePublished":"2023-05-03T06:51:42+00:00","dateModified":"2023-05-26T10:22:52+00:00","breadcrumb":{"@id":"https:\/\/kreftforeningen.no\/vardesenteret\/oppskrifter\/suji-ka-halwa-semulegrot\/#breadcrumb"},"inLanguage":"nb-NO","potentialAction":[{"@type":"ReadAction","target":["https:\/\/kreftforeningen.no\/vardesenteret\/oppskrifter\/suji-ka-halwa-semulegrot\/"]}]},{"@type":"ImageObject","inLanguage":"nb-NO","@id":"https:\/\/kreftforeningen.no\/vardesenteret\/oppskrifter\/suji-ka-halwa-semulegrot\/#primaryimage","url":"https:\/\/kreftforeningen.no\/content\/uploads\/2023\/05\/Suji-ka-halwa_plakat.jpg","contentUrl":"https:\/\/kreftforeningen.no\/content\/uploads\/2023\/05\/Suji-ka-halwa_plakat.jpg"},{"@type":"BreadcrumbList","@id":"https:\/\/kreftforeningen.no\/vardesenteret\/oppskrifter\/suji-ka-halwa-semulegrot\/#breadcrumb","itemListElement":[{"@type":"ListItem","position":1,"name":"Forside","item":"https:\/\/kreftforeningen.no\/vardesenteret\/"},{"@type":"ListItem","position":2,"name":"Matoppskrifter ved kreft","item":"https:\/\/kreftforeningen.no\/vardesenteret\/oppskrifter\/"},{"@type":"ListItem","position":3,"name":"Suji ka halwa (semulegr\u00f8t)"}]},{"@type":"WebSite","@id":"https:\/\/kreftforeningen.no\/vardesenteret\/#website","url":"https:\/\/kreftforeningen.no\/vardesenteret\/","name":"Vardesenteret","description":"","publisher":{"@id":"https:\/\/kreftforeningen.no\/vardesenteret\/#organization"},"potentialAction":[{"@type":"SearchAction","target":{"@type":"EntryPoint","urlTemplate":"https:\/\/kreftforeningen.no\/vardesenteret\/?s={search_term_string}"},"query-input":{"@type":"PropertyValueSpecification","valueRequired":true,"valueName":"search_term_string"}}],"inLanguage":"nb-NO"},{"@type":"Organization","@id":"https:\/\/kreftforeningen.no\/vardesenteret\/#organization","name":"Vardesenteret","url":"https:\/\/kreftforeningen.no\/vardesenteret\/","logo":{"@type":"ImageObject","inLanguage":"nb-NO","@id":"https:\/\/kreftforeningen.no\/vardesenteret\/#\/schema\/logo\/image\/","url":"https:\/\/kreftforeningen.no\/content\/uploads\/2026\/02\/cropped-Vardesenter_signatur_sort_horisontal_uten-undertekst-e1589886700835.png","contentUrl":"https:\/\/kreftforeningen.no\/content\/uploads\/2026\/02\/cropped-Vardesenter_signatur_sort_horisontal_uten-undertekst-e1589886700835.png","caption":"Vardesenteret"},"image":{"@id":"https:\/\/kreftforeningen.no\/vardesenteret\/#\/schema\/logo\/image\/"}}]}},"_links":{"self":[{"href":"https:\/\/kreftforeningen.no\/vardesenteret\/wp-json\/wp\/v2\/pages\/4093","targetHints":{"allow":["GET"]}}],"collection":[{"href":"https:\/\/kreftforeningen.no\/vardesenteret\/wp-json\/wp\/v2\/pages"}],"about":[{"href":"https:\/\/kreftforeningen.no\/vardesenteret\/wp-json\/wp\/v2\/types\/page"}],"author":[{"embeddable":true,"href":"https:\/\/kreftforeningen.no\/vardesenteret\/wp-json\/wp\/v2\/users\/47"}],"replies":[{"embeddable":true,"href":"https:\/\/kreftforeningen.no\/vardesenteret\/wp-json\/wp\/v2\/comments?post=4093"}],"version-history":[{"count":2,"href":"https:\/\/kreftforeningen.no\/vardesenteret\/wp-json\/wp\/v2\/pages\/4093\/revisions"}],"predecessor-version":[{"id":4151,"href":"https:\/\/kreftforeningen.no\/vardesenteret\/wp-json\/wp\/v2\/pages\/4093\/revisions\/4151"}],"up":[{"embeddable":true,"href":"https:\/\/kreftforeningen.no\/vardesenteret\/wp-json\/wp\/v2\/pages\/1000"}],"wp:featuredmedia":[{"embeddable":true,"href":"https:\/\/kreftforeningen.no\/vardesenteret\/wp-json\/"}],"wp:attachment":[{"href":"https:\/\/kreftforeningen.no\/vardesenteret\/wp-json\/wp\/v2\/media?parent=4093"}],"curies":[{"name":"wp","href":"https:\/\/api.w.org\/{rel}","templated":true}]}}