{"id":158,"date":"2020-05-19T15:53:07","date_gmt":"2020-05-19T13:53:07","guid":{"rendered":"https:\/\/stage2.kreftforeningen.no\/vitensenteret\/?page_id=158"},"modified":"2025-06-06T12:34:08","modified_gmt":"2025-06-06T10:34:08","slug":"besok-oss","status":"publish","type":"page","link":"https:\/\/kreftforeningen.no\/vitensenteret\/besok-oss\/","title":{"rendered":"Bes\u00f8k oss"},"content":{"rendered":"\n<div class=\"wp-block-kf-ingress\"><div class=\"kf-header__ingress\"><p>Du finner Kreftforeningens Vitensenter i Oslo sentrum, og det er alltid helt gratis \u00e5 bes\u00f8ke oss.<\/p><\/div><\/div>\n\n\n\n<figure class=\"wp-block-image size-large\"><img loading=\"lazy\" decoding=\"async\" width=\"1024\" height=\"576\" src=\"https:\/\/kreftforeningen.no\/content\/uploads\/2020\/02\/VitensenteretCollagePerling.jpg\" alt=\"\" class=\"wp-image-47480\" srcset=\"https:\/\/kreftforeningen.no\/content\/uploads\/2020\/02\/VitensenteretCollagePerling.jpg 1024w, https:\/\/kreftforeningen.no\/content\/uploads\/2020\/02\/VitensenteretCollagePerling-300x169.jpg 300w, https:\/\/kreftforeningen.no\/content\/uploads\/2020\/02\/VitensenteretCollagePerling-768x432.jpg 768w, https:\/\/kreftforeningen.no\/content\/uploads\/2020\/02\/VitensenteretCollagePerling-135x76.jpg 135w\" sizes=\"(max-width: 1024px) 100vw, 1024px\" \/><figcaption class=\"wp-element-caption\">I opplevelsessenteret kan du sjekke ut v\u00e5re interaktive installasjoner og blant annet reparere DNA, pr\u00f8ve deg som kikkhullskirurg og drepe kreftceller i spillet&nbsp;<em>Guardians of the Cells<\/em>. Foto: Nicki Twang.<\/figcaption><\/figure>\n\n\n\n<h2 class=\"wp-block-heading\" id=\"h-apent-for-publikum\">\u00c5pent for publikum<\/h2>\n\n\n\n<p>Senteret er \u00e5pnet for publikum i forbindelse med ulike arrangementer. For eksempel ved v\u00e5re m\u00e5nedlige perleworkshops i helger, eller ved ulike typer foredrag, seminarer og debatter p\u00e5 ukedager. Sjekk ut v\u00e5r arrangementskalender for neste mulighet til \u00e5 bes\u00f8ke oss.<\/p>\n\n\n\n<div class=\"wp-block-buttons is-style-default is-layout-flex wp-block-buttons-is-layout-flex\">\n<div class=\"wp-block-button has-custom-width wp-block-button__width-50 is-style-fill\"><a class=\"wp-block-button__link has-black-color has-orange-background-color has-text-color has-background has-link-color wp-element-button\" href=\"https:\/\/kreftforeningen.no\/vitensenteret\/tilbud\/\" style=\"border-radius:50px\">Arrangementer<\/a><\/div>\n\n\n\n<div class=\"wp-block-button has-custom-width wp-block-button__width-50\"><a class=\"wp-block-button__link has-black-color has-orange-background-color has-text-color has-background has-link-color wp-element-button\" href=\"https:\/\/kreftforeningen.no\/vitensenteret\/om-senteret\/\">Se hva du kan gj\u00f8re hos oss<\/a><\/div>\n<\/div>\n\n\n\n<h2 class=\"wp-block-heading\" id=\"h-omvisning-for-grupper\">Omvisning for grupper<\/h2>\n\n\n\n<p>Vi tilbyr bes\u00f8k med omvisninger p\u00e5 hverdager for skoleklasser, lag, foreninger, organisasjoner, studenter og liknende. Sjekk ut v\u00e5re&nbsp;<a href=\"https:\/\/kreftforeningen.no\/vitensenteret\/for-skoleklasser\/\">opplegg for skoleklasser<\/a>, eller kontakt oss p\u00e5&nbsp;<a href=\"mailto:post@kreftforeningen.no\">post@kreftforeningen.no<\/a> for andre gruppebes\u00f8k, s\u00e5 finner vi en dag som passer.<\/p>\n\n\n\n<h2 class=\"wp-block-heading\" id=\"h-pris\">Pris<\/h2>\n\n\n\n<p>Gratis<\/p>\n\n\n\n<h2 class=\"wp-block-heading\" id=\"h-her-finner-du-oss\">Her finner du oss<\/h2>\n\n\n\n<p>Kongens gate 6, 0153 Oslo&nbsp;\u2013&nbsp;<a href=\"https:\/\/www.google.no\/maps\/place\/Kongens+gate+6,+0153+Oslo\/@59.9099208,10.7396437,17z\/data=!3m1!4b1!4m5!3m4!1s0x46416e8862dff99d:0xa026a41e5ace4119!8m2!3d59.9099181!4d10.7418323\">se kart (Google Maps)<\/a><br>Inngang p\u00e5 hj\u00f8rnet av bygget i krysset Kongens gate \/ R\u00e5dhusgata i Kvadraturen i Oslo sentrum.<\/p>\n\n\n\n<p><\/p>\n","protected":false},"excerpt":{"rendered":"<p>\u00c5pent for publikum Senteret er \u00e5pnet for publikum i forbindelse med ulike arrangementer. For eksempel ved v\u00e5re m\u00e5nedlige perleworkshops i helger, eller ved ulike typer foredrag, seminarer og debatter p\u00e5 ukedager. Sjekk ut v\u00e5r arrangementskalender for neste mulighet til \u00e5 bes\u00f8ke oss. Omvisning for grupper Vi tilbyr bes\u00f8k med omvisninger p\u00e5 hverdager for skoleklasser, lag, [&hellip;]<\/p>\n","protected":false},"author":75,"featured_media":0,"parent":0,"menu_order":0,"comment_status":"closed","ping_status":"closed","template":"","meta":{"_relevanssi_hide_post":"","_relevanssi_hide_content":"","_relevanssi_pin_for_all":"","_relevanssi_pin_keywords":"","_relevanssi_unpin_keywords":"","_relevanssi_related_keywords":"","_relevanssi_related_include_ids":"","_relevanssi_related_exclude_ids":"","_relevanssi_related_no_append":"","_relevanssi_related_not_related":"","_relevanssi_related_posts":"640,640","_relevanssi_noindex_reason":"","kf_show_post_date":false,"kf_show_updated_date":false,"kf_show_print_page":false,"kf_show_chapters":false,"kf_show_chapters_expanded":false,"kf_show_post_outdated":true,"kf_post_authors":[],"kf_toggle_title":false,"teft_cards_label":"","kf_is_template":false,"teft_cards_image_id":80228,"teft_cards_image_focal_point_x":0.5,"teft_cards_image_focal_point_y":0.5,"teft_cards_title":"","teft_cards_excerpt":"","footnotes":""},"class_list":["post-158","page","type-page","status-publish","hentry"],"yoast_head":"<!-- This site is optimized with the Yoast SEO Premium plugin v26.8 (Yoast SEO v26.8) - https:\/\/yoast.com\/product\/yoast-seo-premium-wordpress\/ -->\n<title>Bes\u00f8k oss - Kreftforeningens Vitensenter<\/title>\n<meta name=\"description\" content=\"Senteret er \u00e5pnet for publikum i forbindelse med ulike arrangementer. Se v\u00e5rt program for neste mulighet.\" \/>\n<meta name=\"robots\" content=\"index, follow, max-snippet:-1, max-image-preview:large, max-video-preview:-1\" \/>\n<link rel=\"canonical\" href=\"https:\/\/kreftforeningen.no\/vitensenteret\/besok-oss\/\" \/>\n<meta property=\"og:locale\" content=\"nb_NO\" \/>\n<meta property=\"og:type\" content=\"article\" \/>\n<meta property=\"og:title\" content=\"Bes\u00f8k oss\" \/>\n<meta property=\"og:description\" content=\"Senteret er \u00e5pnet for publikum i forbindelse med ulike arrangementer. Se v\u00e5rt program for neste mulighet.\" \/>\n<meta property=\"og:url\" content=\"https:\/\/kreftforeningen.no\/vitensenteret\/besok-oss\/\" \/>\n<meta property=\"og:site_name\" content=\"Kreftforeningens Vitensenter\" \/>\n<meta property=\"article:published_time\" content=\"2020-05-19T13:53:07+00:00\" \/>\n<meta property=\"article:modified_time\" content=\"2025-06-06T10:34:08+00:00\" \/>\n<meta name=\"twitter:card\" content=\"summary_large_image\" \/>\n<meta name=\"twitter:label1\" content=\"Ansl. lesetid\" \/>\n\t<meta name=\"twitter:data1\" content=\"2 minutter\" \/>\n<script type=\"application\/ld+json\" class=\"yoast-schema-graph\">{\"@context\":\"https:\/\/schema.org\",\"@graph\":[{\"@type\":\"WebPage\",\"@id\":\"https:\/\/kreftforeningen.no\/vitensenteret\/besok-oss\/\",\"url\":\"https:\/\/kreftforeningen.no\/vitensenteret\/besok-oss\/\",\"name\":\"Bes\u00f8k oss - Kreftforeningens Vitensenter\",\"isPartOf\":{\"@id\":\"https:\/\/kreftforeningen.no\/vitensenteret\/#website\"},\"primaryImageOfPage\":{\"@id\":\"https:\/\/kreftforeningen.no\/vitensenteret\/besok-oss\/#primaryimage\"},\"image\":{\"@id\":\"https:\/\/kreftforeningen.no\/vitensenteret\/besok-oss\/#primaryimage\"},\"thumbnailUrl\":\"https:\/\/kreftforeningen.no\/content\/uploads\/2020\/02\/VitensenteretCollagePerling.jpg\",\"datePublished\":\"2020-05-19T13:53:07+00:00\",\"dateModified\":\"2025-06-06T10:34:08+00:00\",\"description\":\"Senteret er \u00e5pnet for publikum i forbindelse med ulike arrangementer. Se v\u00e5rt program for neste mulighet.\",\"breadcrumb\":{\"@id\":\"https:\/\/kreftforeningen.no\/vitensenteret\/besok-oss\/#breadcrumb\"},\"inLanguage\":\"nb-NO\",\"potentialAction\":[{\"@type\":\"ReadAction\",\"target\":[\"https:\/\/kreftforeningen.no\/vitensenteret\/besok-oss\/\"]}]},{\"@type\":\"ImageObject\",\"inLanguage\":\"nb-NO\",\"@id\":\"https:\/\/kreftforeningen.no\/vitensenteret\/besok-oss\/#primaryimage\",\"url\":\"https:\/\/kreftforeningen.no\/content\/uploads\/2020\/02\/VitensenteretCollagePerling.jpg\",\"contentUrl\":\"https:\/\/kreftforeningen.no\/content\/uploads\/2020\/02\/VitensenteretCollagePerling.jpg\"},{\"@type\":\"BreadcrumbList\",\"@id\":\"https:\/\/kreftforeningen.no\/vitensenteret\/besok-oss\/#breadcrumb\",\"itemListElement\":[{\"@type\":\"ListItem\",\"position\":1,\"name\":\"Forside\",\"item\":\"https:\/\/kreftforeningen.no\/vitensenteret\/\"},{\"@type\":\"ListItem\",\"position\":2,\"name\":\"Bes\u00f8k oss\"}]},{\"@type\":\"WebSite\",\"@id\":\"https:\/\/kreftforeningen.no\/vitensenteret\/#website\",\"url\":\"https:\/\/kreftforeningen.no\/vitensenteret\/\",\"name\":\"Kreftforeningens Vitensenter\",\"description\":\"\",\"publisher\":{\"@id\":\"https:\/\/kreftforeningen.no\/vitensenteret\/#organization\"},\"potentialAction\":[{\"@type\":\"SearchAction\",\"target\":{\"@type\":\"EntryPoint\",\"urlTemplate\":\"https:\/\/kreftforeningen.no\/vitensenteret\/?s={search_term_string}\"},\"query-input\":{\"@type\":\"PropertyValueSpecification\",\"valueRequired\":true,\"valueName\":\"search_term_string\"}}],\"inLanguage\":\"nb-NO\"},{\"@type\":\"Organization\",\"@id\":\"https:\/\/kreftforeningen.no\/vitensenteret\/#organization\",\"name\":\"Kreftforeningens Vitensenter\",\"url\":\"https:\/\/kreftforeningen.no\/vitensenteret\/\",\"logo\":{\"@type\":\"ImageObject\",\"inLanguage\":\"nb-NO\",\"@id\":\"https:\/\/kreftforeningen.no\/vitensenteret\/#\/schema\/logo\/image\/\",\"url\":\"https:\/\/kreftforeningen.no\/content\/uploads\/2020\/05\/kf-vitensenteret-logo-svart.png\",\"contentUrl\":\"https:\/\/kreftforeningen.no\/content\/uploads\/2020\/05\/kf-vitensenteret-logo-svart.png\",\"caption\":\"Kreftforeningens Vitensenter\"},\"image\":{\"@id\":\"https:\/\/kreftforeningen.no\/vitensenteret\/#\/schema\/logo\/image\/\"}}]}<\/script>\n<!-- \/ Yoast SEO Premium plugin. -->","yoast_head_json":{"title":"Bes\u00f8k oss - Kreftforeningens Vitensenter","description":"Senteret er \u00e5pnet for publikum i forbindelse med ulike arrangementer. Se v\u00e5rt program for neste mulighet.","robots":{"index":"index","follow":"follow","max-snippet":"max-snippet:-1","max-image-preview":"max-image-preview:large","max-video-preview":"max-video-preview:-1"},"canonical":"https:\/\/kreftforeningen.no\/vitensenteret\/besok-oss\/","og_locale":"nb_NO","og_type":"article","og_title":"Bes\u00f8k oss","og_description":"Senteret er \u00e5pnet for publikum i forbindelse med ulike arrangementer. Se v\u00e5rt program for neste mulighet.","og_url":"https:\/\/kreftforeningen.no\/vitensenteret\/besok-oss\/","og_site_name":"Kreftforeningens Vitensenter","article_published_time":"2020-05-19T13:53:07+00:00","article_modified_time":"2025-06-06T10:34:08+00:00","twitter_card":"summary_large_image","twitter_misc":{"Ansl. lesetid":"2 minutter"},"schema":{"@context":"https:\/\/schema.org","@graph":[{"@type":"WebPage","@id":"https:\/\/kreftforeningen.no\/vitensenteret\/besok-oss\/","url":"https:\/\/kreftforeningen.no\/vitensenteret\/besok-oss\/","name":"Bes\u00f8k oss - Kreftforeningens Vitensenter","isPartOf":{"@id":"https:\/\/kreftforeningen.no\/vitensenteret\/#website"},"primaryImageOfPage":{"@id":"https:\/\/kreftforeningen.no\/vitensenteret\/besok-oss\/#primaryimage"},"image":{"@id":"https:\/\/kreftforeningen.no\/vitensenteret\/besok-oss\/#primaryimage"},"thumbnailUrl":"https:\/\/kreftforeningen.no\/content\/uploads\/2020\/02\/VitensenteretCollagePerling.jpg","datePublished":"2020-05-19T13:53:07+00:00","dateModified":"2025-06-06T10:34:08+00:00","description":"Senteret er \u00e5pnet for publikum i forbindelse med ulike arrangementer. Se v\u00e5rt program for neste mulighet.","breadcrumb":{"@id":"https:\/\/kreftforeningen.no\/vitensenteret\/besok-oss\/#breadcrumb"},"inLanguage":"nb-NO","potentialAction":[{"@type":"ReadAction","target":["https:\/\/kreftforeningen.no\/vitensenteret\/besok-oss\/"]}]},{"@type":"ImageObject","inLanguage":"nb-NO","@id":"https:\/\/kreftforeningen.no\/vitensenteret\/besok-oss\/#primaryimage","url":"https:\/\/kreftforeningen.no\/content\/uploads\/2020\/02\/VitensenteretCollagePerling.jpg","contentUrl":"https:\/\/kreftforeningen.no\/content\/uploads\/2020\/02\/VitensenteretCollagePerling.jpg"},{"@type":"BreadcrumbList","@id":"https:\/\/kreftforeningen.no\/vitensenteret\/besok-oss\/#breadcrumb","itemListElement":[{"@type":"ListItem","position":1,"name":"Forside","item":"https:\/\/kreftforeningen.no\/vitensenteret\/"},{"@type":"ListItem","position":2,"name":"Bes\u00f8k oss"}]},{"@type":"WebSite","@id":"https:\/\/kreftforeningen.no\/vitensenteret\/#website","url":"https:\/\/kreftforeningen.no\/vitensenteret\/","name":"Kreftforeningens Vitensenter","description":"","publisher":{"@id":"https:\/\/kreftforeningen.no\/vitensenteret\/#organization"},"potentialAction":[{"@type":"SearchAction","target":{"@type":"EntryPoint","urlTemplate":"https:\/\/kreftforeningen.no\/vitensenteret\/?s={search_term_string}"},"query-input":{"@type":"PropertyValueSpecification","valueRequired":true,"valueName":"search_term_string"}}],"inLanguage":"nb-NO"},{"@type":"Organization","@id":"https:\/\/kreftforeningen.no\/vitensenteret\/#organization","name":"Kreftforeningens Vitensenter","url":"https:\/\/kreftforeningen.no\/vitensenteret\/","logo":{"@type":"ImageObject","inLanguage":"nb-NO","@id":"https:\/\/kreftforeningen.no\/vitensenteret\/#\/schema\/logo\/image\/","url":"https:\/\/kreftforeningen.no\/content\/uploads\/2020\/05\/kf-vitensenteret-logo-svart.png","contentUrl":"https:\/\/kreftforeningen.no\/content\/uploads\/2020\/05\/kf-vitensenteret-logo-svart.png","caption":"Kreftforeningens Vitensenter"},"image":{"@id":"https:\/\/kreftforeningen.no\/vitensenteret\/#\/schema\/logo\/image\/"}}]}},"_links":{"self":[{"href":"https:\/\/kreftforeningen.no\/vitensenteret\/wp-json\/wp\/v2\/pages\/158"}],"collection":[{"href":"https:\/\/kreftforeningen.no\/vitensenteret\/wp-json\/wp\/v2\/pages"}],"about":[{"href":"https:\/\/kreftforeningen.no\/vitensenteret\/wp-json\/wp\/v2\/types\/page"}],"author":[{"embeddable":true,"href":"https:\/\/kreftforeningen.no\/vitensenteret\/wp-json\/wp\/v2\/users\/75"}],"replies":[{"embeddable":true,"href":"https:\/\/kreftforeningen.no\/vitensenteret\/wp-json\/wp\/v2\/comments?post=158"}],"version-history":[{"count":129,"href":"https:\/\/kreftforeningen.no\/vitensenteret\/wp-json\/wp\/v2\/pages\/158\/revisions"}],"predecessor-version":[{"id":2621,"href":"https:\/\/kreftforeningen.no\/vitensenteret\/wp-json\/wp\/v2\/pages\/158\/revisions\/2621"}],"wp:attachment":[{"href":"https:\/\/kreftforeningen.no\/vitensenteret\/wp-json\/wp\/v2\/media?parent=158"}],"curies":[{"name":"wp","href":"https:\/\/api.w.org\/{rel}","templated":true}]}}