{"id":19,"date":"2020-05-05T12:53:03","date_gmt":"2020-05-05T10:53:03","guid":{"rendered":"https:\/\/stage2.kreftforeningen.no\/vitensenteret\/?page_id=19"},"modified":"2026-03-09T16:18:35","modified_gmt":"2026-03-09T15:18:35","slug":"for-skoleklasser","status":"publish","type":"page","link":"https:\/\/kreftforeningen.no\/vitensenteret\/for-skoleklasser\/","title":{"rendered":"For skoleklasser"},"content":{"rendered":"\n<div class=\"wp-block-kf-ingress\"><div class=\"kf-header__ingress\"><p>Kreftforeningens Vitensenter tilbyr b\u00e5de gratis skolebes\u00f8k i senteret i Oslo og digitale undervisningsopplegg. V\u00e5re skoleopplegg er tilpasset elever i 10. trinn og i videreg\u00e5ende skole, med hovedfokus p\u00e5 VG1 generelt, og VG2 og VG3 for biologielever og helse- og oppvekstfag.<\/p><\/div><\/div>\n\n\n\t<div style=\"min-height:400px\" class=\"alignwide has-background-dim has-grey_light-background-color alignwide is-style-content-right wp-block-teft-banner\" id=\"wp-block-teft-banner-2d78187a81b6\">\n\t\t\t\t\t<div class=\"wp-block-teft-banner__media\" style=\"background-image: url(https:\/\/kreftforeningen.no\/content\/uploads\/2022\/01\/behandling9a.jpg);background-position: 54% 0%\">\n\t\t\t<\/div>\n\t\t\t\t<div class=\"wp-block-teft-banner__inner-container\">\n\t\t\t\n\n<h2 class=\"wp-block-heading\" id=\"h-skoleopplegg-med-besok-i-kreftforeningens-vitensenter\">Skoleopplegg med bes\u00f8k i Kreftforeningens Vitensenter<\/h2>\n\n\n\n<p>Vi har flere ulike opplegg for skoleklasser som vil bes\u00f8ke Kreftforeningens Vitensenter i Oslo sentrum. Her kan elevene selv bruke installasjonene i v\u00e5rt interaktive opplevelsessenter. Ta kontakt for \u00e5 booke tid.<\/p>\n\n\n\n<div class=\"wp-block-buttons is-layout-flex wp-block-buttons-is-layout-flex\">\n<div class=\"wp-block-button\"><a class=\"wp-block-button__link has-grey-background-color has-background wp-element-button\" href=\"https:\/\/kreftforeningen.no\/vitensenteret\/for-skoleklasser\/skoleopplegg-med-besok-i-senteret\/\">Se skoleoppleggene<\/a><\/div>\n\n\n\n<div class=\"wp-block-button is-style-outline is-style-outline--4d52b74a1bcfff5cb2e312baf349089d\"><a class=\"wp-block-button__link has-grey-background-color has-background wp-element-button\" href=\"https:\/\/kreftforeningen.no\/vitensenteret\/om-senteret\/\">Om senteret<\/a><\/div>\n<\/div>\n\n\n<div class=\"kf-video-banner-btn banner-video-inline\"><div class=\"kf-btn-wrap\"><button class=\"banner-play-button\" aria-label=\"Avspill video\" data-color=\"#387b9f\" style=\"background-color: #387b9f\"><svg xmlns=\"http:\/\/www.w3.org\/2000\/svg\" width=\"15\" height=\"18\" viewBox=\"0 0 15 18\" fill=\"white\"><g><path d=\"M0 0V18L15 9L0 0Z\"><\/path><\/g><\/svg><\/button><\/div><div class=\"video-container\"><iframe loading=\"lazy\" width=\"500\" height=\"281\" src=\"https:\/\/www.youtube-nocookie.com\/embed\/JUetyxF7Bhg?feature=oembed\" frameborder=\"0\" allowfullscreen><\/iframe><\/div><\/div>\n\t\t<\/div>\n\t<\/div>\n\t\n\n\n<h2 class=\"wp-block-heading\" id=\"h-digitale-undervisningsopplegg\">Digitale undervisningsopplegg<\/h2>\n\n\n\n<p>Etter \u00e5 ha sett en film p\u00e5 10 minutter kan elevene bryne seg p\u00e5 ulike oppgaver og aktiviteter. Her f\u00e5r du som er l\u00e6rer forslag til alt fra \u00e9n skoletime til et st\u00f8rre prosjekt. <\/p>\n\n\n\n<p>Oppleggene er tilpasset elever i 10. trinn og i videreg\u00e5ende skole, men kan ogs\u00e5 fritt benyttes av andre som \u00f8nsker det.<\/p>\n\n\n\n<div class=\"wp-block-teft-cards-theme alignfull is-style-light\">\n<div class=\"wp-block-teft-cards alignwide teft-cards-grid default-size-4\"><div class=\"teft-cards-item has-4-columns is-card-kf-custom has-card-shadow\">\n\t<div class=\"teft-card card_type_page \">\n\t\t<a href=\"https:\/\/kreftforeningen.no\/vitensenteret\/for-skoleklasser\/undervisningsopplegg-om-folkehelse\/\" class=\"teft-card__primary-action\">\n\t\t\t<div class=\"teft-card__media teft-card__media--16-9\"><img decoding=\"async\" width=\"1024\" height=\"536\" src=\"https:\/\/kreftforeningen.no\/content\/uploads\/2021\/01\/digitalt-undervisningsopplegg-folkehelse-1200x628-rent-jan21.png\" class=\"attachment-large size-large\" alt=\"en kvinne som stikker ut av mobilen og roper\" sizes=\"(max-width: 960px) calc(100vw - 48px), calc((100vw - 56px) \/ 3)\" srcset=\"https:\/\/kreftforeningen.no\/content\/uploads\/2021\/01\/digitalt-undervisningsopplegg-folkehelse-1200x628-rent-jan21.png 1200w, https:\/\/kreftforeningen.no\/content\/uploads\/2021\/01\/digitalt-undervisningsopplegg-folkehelse-1200x628-rent-jan21-135x71.png 135w\" style=\"object-position: 5% 52%\" loading=\"lazy\" \/> <\/div>\t\t\t<div class=\"teft-card__primary\">\n\t\t\t\t<span class=\"meta label\">Digitalt undervisningsopplegg<\/span><h2 class=\"teft-card__title\" id=\"folkehelse\">Folkehelse<\/h2>\n\t\t\t<\/div>\n\n\t\t\t<div class=\"teft-card__secondary\">\n\t\t\t\t<p>\u00abMarkedsf\u00f8ring og markedskrefter \u2013 hete dager og kalde fakta\u00bb<\/p><img decoding=\"async\" src=\"https:\/\/kreftforeningen.no\/content\/themes\/kreftforeningen\/assets\/icons\/arrow-right-blue.svg\" alt=\"Les Folkehelse\" \/>\t\t\t<\/div>\n\t\t<\/a>\n\t<\/div>\n\n\t<\/div>\n\n<div class=\"teft-cards-item has-4-columns is-card-kf-custom has-card-shadow\">\n\t<div class=\"teft-card card_type_page \">\n\t\t<a href=\"https:\/\/kreftforeningen.no\/vitensenteret\/for-skoleklasser\/undervisningsopplegg-om-sol-og-solarium\/\" class=\"teft-card__primary-action\">\n\t\t\t<div class=\"teft-card__media teft-card__media--16-9\"><img decoding=\"async\" width=\"1024\" height=\"576\" src=\"https:\/\/kreftforeningen.no\/content\/uploads\/2021\/01\/huden-glemmer-ikke-sol-2-1024x576.jpg\" class=\"attachment-large size-large\" alt=\"et kunstnerinntrykk av en sol og en planet.\" sizes=\"(max-width: 960px) calc(100vw - 48px), calc((100vw - 56px) \/ 3)\" srcset=\"https:\/\/kreftforeningen.no\/content\/uploads\/2021\/01\/huden-glemmer-ikke-sol-2-1024x576.jpg 1024w, https:\/\/kreftforeningen.no\/content\/uploads\/2021\/01\/huden-glemmer-ikke-sol-2-300x169.jpg 300w, https:\/\/kreftforeningen.no\/content\/uploads\/2021\/01\/huden-glemmer-ikke-sol-2-768x432.jpg 768w, https:\/\/kreftforeningen.no\/content\/uploads\/2021\/01\/huden-glemmer-ikke-sol-2-135x76.jpg 135w, https:\/\/kreftforeningen.no\/content\/uploads\/2021\/01\/huden-glemmer-ikke-sol-2.jpg 1440w\" style=\"object-position: 50% 50%\" loading=\"lazy\" \/> <\/div>\t\t\t<div class=\"teft-card__primary\">\n\t\t\t\t<span class=\"meta label\">Digitalt undervisningsopplegg<\/span><h2 class=\"teft-card__title\" id=\"sol-og-solarium\">Sol og solarium<\/h2>\n\t\t\t<\/div>\n\n\t\t\t<div class=\"teft-card__secondary\">\n\t\t\t\t<p>\u00abHuden glemmer ikke\u00bb<\/p><img decoding=\"async\" src=\"https:\/\/kreftforeningen.no\/content\/themes\/kreftforeningen\/assets\/icons\/arrow-right-blue.svg\" alt=\"Les Sol og solarium\" \/>\t\t\t<\/div>\n\t\t<\/a>\n\t<\/div>\n\n\t<\/div>\n\n<div class=\"teft-cards-item has-4-columns is-card-kf-custom has-card-shadow\">\n\t<div class=\"teft-card card_type_page \">\n\t\t<a href=\"https:\/\/kreftforeningen.no\/vitensenteret\/for-skoleklasser\/undervisningsopplegg-om-tobakk\/\" class=\"teft-card__primary-action\">\n\t\t\t<div class=\"teft-card__media teft-card__media--16-9\"><img decoding=\"async\" width=\"1024\" height=\"536\" src=\"https:\/\/kreftforeningen.no\/content\/uploads\/2021\/01\/digitalt-undervisningsopplegg-tobakk-1200x628-rent-jan21.png\" class=\"attachment-large size-large\" alt=\"to sigaretter som slipper ut r\u00f8yk\" sizes=\"(max-width: 960px) calc(100vw - 48px), calc((100vw - 56px) \/ 3)\" srcset=\"https:\/\/kreftforeningen.no\/content\/uploads\/2021\/01\/digitalt-undervisningsopplegg-tobakk-1200x628-rent-jan21.png 1200w, https:\/\/kreftforeningen.no\/content\/uploads\/2021\/01\/digitalt-undervisningsopplegg-tobakk-1200x628-rent-jan21-135x71.png 135w\" style=\"object-position: 13% 57%\" loading=\"lazy\" \/> <\/div>\t\t\t<div class=\"teft-card__primary\">\n\t\t\t\t<span class=\"meta label\">Digitalt undervisningsopplegg<\/span><h2 class=\"teft-card__title\" id=\"tobakk\">Tobakk<\/h2>\n\t\t\t<\/div>\n\n\t\t\t<div class=\"teft-card__secondary\">\n\t\t\t\t<p>\u00abTobakksindustriens kyniske metoder og milj\u00f8avtrykk\u00bb<\/p><img decoding=\"async\" src=\"https:\/\/kreftforeningen.no\/content\/themes\/kreftforeningen\/assets\/icons\/arrow-right-blue.svg\" alt=\"Les Tobakk\" \/>\t\t\t<\/div>\n\t\t<\/a>\n\t<\/div>\n\n\t<\/div><\/div>\n<\/div>\n","protected":false},"excerpt":{"rendered":"<p>Digitale undervisningsopplegg Etter \u00e5 ha sett en film p\u00e5 10 minutter kan elevene bryne seg p\u00e5 ulike oppgaver og aktiviteter. Her f\u00e5r du som er l\u00e6rer forslag til alt fra \u00e9n skoletime til et st\u00f8rre prosjekt. Oppleggene er tilpasset elever i 10. trinn og i videreg\u00e5ende skole, men kan ogs\u00e5 fritt benyttes av andre som [&hellip;]<\/p>\n","protected":false},"author":30,"featured_media":95553,"parent":0,"menu_order":0,"comment_status":"closed","ping_status":"closed","template":"","meta":{"_relevanssi_hide_post":"","_relevanssi_hide_content":"","_relevanssi_pin_for_all":"","_relevanssi_pin_keywords":"","_relevanssi_unpin_keywords":"","_relevanssi_related_keywords":"","_relevanssi_related_include_ids":"","_relevanssi_related_exclude_ids":"","_relevanssi_related_no_append":"","_relevanssi_related_not_related":"","_relevanssi_related_posts":"640","_relevanssi_noindex_reason":"","kf_show_post_date":false,"kf_show_updated_date":false,"kf_show_print_page":false,"kf_show_chapters":false,"kf_show_chapters_expanded":false,"kf_show_post_outdated":true,"kf_post_authors":[],"kf_toggle_title":false,"teft_cards_label":"","kf_is_template":false,"teft_cards_image_id":0,"teft_cards_image_focal_point_x":0,"teft_cards_image_focal_point_y":0,"teft_cards_title":"Gratis undervisningsopplegg","teft_cards_excerpt":"","footnotes":""},"class_list":["post-19","page","type-page","status-publish","has-post-thumbnail","hentry"],"yoast_head":"<!-- This site is optimized with the Yoast SEO Premium plugin v26.8 (Yoast SEO v26.8) - https:\/\/yoast.com\/product\/yoast-seo-premium-wordpress\/ -->\n<title>For skoleklasser - Kreftforeningens Vitensenter<\/title>\n<meta name=\"robots\" content=\"index, follow, max-snippet:-1, max-image-preview:large, max-video-preview:-1\" \/>\n<link rel=\"canonical\" href=\"https:\/\/kreftforeningen.no\/vitensenteret\/for-skoleklasser\/\" \/>\n<meta property=\"og:locale\" content=\"nb_NO\" \/>\n<meta property=\"og:type\" content=\"article\" \/>\n<meta property=\"og:title\" content=\"For skoleklasser\" \/>\n<meta property=\"og:description\" content=\"Digitale undervisningsopplegg Etter \u00e5 ha sett en film p\u00e5 10 minutter kan elevene bryne seg p\u00e5 ulike oppgaver og aktiviteter. Her f\u00e5r du som er l\u00e6rer forslag til alt fra \u00e9n skoletime til et st\u00f8rre prosjekt. Oppleggene er tilpasset elever i 10. trinn og i videreg\u00e5ende skole, men kan ogs\u00e5 fritt benyttes av andre som [&hellip;]\" \/>\n<meta property=\"og:url\" content=\"https:\/\/kreftforeningen.no\/vitensenteret\/for-skoleklasser\/\" \/>\n<meta property=\"og:site_name\" content=\"Kreftforeningens Vitensenter\" \/>\n<meta property=\"article:published_time\" content=\"2020-05-05T10:53:03+00:00\" \/>\n<meta property=\"article:modified_time\" content=\"2026-03-09T15:18:35+00:00\" \/>\n<meta property=\"og:image\" content=\"https:\/\/kreftforeningen.no\/content\/uploads\/2022\/01\/behandling9a.jpg\" \/>\n\t<meta property=\"og:image:width\" content=\"2560\" \/>\n\t<meta property=\"og:image:height\" content=\"1440\" \/>\n\t<meta property=\"og:image:type\" content=\"image\/jpeg\" \/>\n<meta name=\"twitter:card\" content=\"summary_large_image\" \/>\n<meta name=\"twitter:label1\" content=\"Ansl. lesetid\" \/>\n\t<meta name=\"twitter:data1\" content=\"1 minutt\" \/>\n<script type=\"application\/ld+json\" class=\"yoast-schema-graph\">{\"@context\":\"https:\/\/schema.org\",\"@graph\":[{\"@type\":\"WebPage\",\"@id\":\"https:\/\/kreftforeningen.no\/vitensenteret\/for-skoleklasser\/\",\"url\":\"https:\/\/kreftforeningen.no\/vitensenteret\/for-skoleklasser\/\",\"name\":\"For skoleklasser - Kreftforeningens Vitensenter\",\"isPartOf\":{\"@id\":\"https:\/\/kreftforeningen.no\/vitensenteret\/#website\"},\"primaryImageOfPage\":{\"@id\":\"https:\/\/kreftforeningen.no\/vitensenteret\/for-skoleklasser\/#primaryimage\"},\"image\":{\"@id\":\"https:\/\/kreftforeningen.no\/vitensenteret\/for-skoleklasser\/#primaryimage\"},\"thumbnailUrl\":\"https:\/\/kreftforeningen.no\/content\/uploads\/2022\/01\/behandling9a.jpg\",\"datePublished\":\"2020-05-05T10:53:03+00:00\",\"dateModified\":\"2026-03-09T15:18:35+00:00\",\"breadcrumb\":{\"@id\":\"https:\/\/kreftforeningen.no\/vitensenteret\/for-skoleklasser\/#breadcrumb\"},\"inLanguage\":\"nb-NO\",\"potentialAction\":[{\"@type\":\"ReadAction\",\"target\":[\"https:\/\/kreftforeningen.no\/vitensenteret\/for-skoleklasser\/\"]}]},{\"@type\":\"ImageObject\",\"inLanguage\":\"nb-NO\",\"@id\":\"https:\/\/kreftforeningen.no\/vitensenteret\/for-skoleklasser\/#primaryimage\",\"url\":\"https:\/\/kreftforeningen.no\/content\/uploads\/2022\/01\/behandling9a.jpg\",\"contentUrl\":\"https:\/\/kreftforeningen.no\/content\/uploads\/2022\/01\/behandling9a.jpg\"},{\"@type\":\"BreadcrumbList\",\"@id\":\"https:\/\/kreftforeningen.no\/vitensenteret\/for-skoleklasser\/#breadcrumb\",\"itemListElement\":[{\"@type\":\"ListItem\",\"position\":1,\"name\":\"Forside\",\"item\":\"https:\/\/kreftforeningen.no\/vitensenteret\/\"},{\"@type\":\"ListItem\",\"position\":2,\"name\":\"For skoleklasser\"}]},{\"@type\":\"WebSite\",\"@id\":\"https:\/\/kreftforeningen.no\/vitensenteret\/#website\",\"url\":\"https:\/\/kreftforeningen.no\/vitensenteret\/\",\"name\":\"Kreftforeningens Vitensenter\",\"description\":\"\",\"publisher\":{\"@id\":\"https:\/\/kreftforeningen.no\/vitensenteret\/#organization\"},\"potentialAction\":[{\"@type\":\"SearchAction\",\"target\":{\"@type\":\"EntryPoint\",\"urlTemplate\":\"https:\/\/kreftforeningen.no\/vitensenteret\/?s={search_term_string}\"},\"query-input\":{\"@type\":\"PropertyValueSpecification\",\"valueRequired\":true,\"valueName\":\"search_term_string\"}}],\"inLanguage\":\"nb-NO\"},{\"@type\":\"Organization\",\"@id\":\"https:\/\/kreftforeningen.no\/vitensenteret\/#organization\",\"name\":\"Kreftforeningens Vitensenter\",\"url\":\"https:\/\/kreftforeningen.no\/vitensenteret\/\",\"logo\":{\"@type\":\"ImageObject\",\"inLanguage\":\"nb-NO\",\"@id\":\"https:\/\/kreftforeningen.no\/vitensenteret\/#\/schema\/logo\/image\/\",\"url\":\"https:\/\/kreftforeningen.no\/content\/uploads\/2020\/05\/kf-vitensenteret-logo-svart.png\",\"contentUrl\":\"https:\/\/kreftforeningen.no\/content\/uploads\/2020\/05\/kf-vitensenteret-logo-svart.png\",\"caption\":\"Kreftforeningens Vitensenter\"},\"image\":{\"@id\":\"https:\/\/kreftforeningen.no\/vitensenteret\/#\/schema\/logo\/image\/\"}}]}<\/script>\n<!-- \/ Yoast SEO Premium plugin. -->","yoast_head_json":{"title":"For skoleklasser - Kreftforeningens Vitensenter","robots":{"index":"index","follow":"follow","max-snippet":"max-snippet:-1","max-image-preview":"max-image-preview:large","max-video-preview":"max-video-preview:-1"},"canonical":"https:\/\/kreftforeningen.no\/vitensenteret\/for-skoleklasser\/","og_locale":"nb_NO","og_type":"article","og_title":"For skoleklasser","og_description":"Digitale undervisningsopplegg Etter \u00e5 ha sett en film p\u00e5 10 minutter kan elevene bryne seg p\u00e5 ulike oppgaver og aktiviteter. Her f\u00e5r du som er l\u00e6rer forslag til alt fra \u00e9n skoletime til et st\u00f8rre prosjekt. Oppleggene er tilpasset elever i 10. trinn og i videreg\u00e5ende skole, men kan ogs\u00e5 fritt benyttes av andre som [&hellip;]","og_url":"https:\/\/kreftforeningen.no\/vitensenteret\/for-skoleklasser\/","og_site_name":"Kreftforeningens Vitensenter","article_published_time":"2020-05-05T10:53:03+00:00","article_modified_time":"2026-03-09T15:18:35+00:00","og_image":[{"width":2560,"height":1440,"url":"https:\/\/kreftforeningen.no\/content\/uploads\/2022\/01\/behandling9a.jpg","type":"image\/jpeg"}],"twitter_card":"summary_large_image","twitter_misc":{"Ansl. lesetid":"1 minutt"},"schema":{"@context":"https:\/\/schema.org","@graph":[{"@type":"WebPage","@id":"https:\/\/kreftforeningen.no\/vitensenteret\/for-skoleklasser\/","url":"https:\/\/kreftforeningen.no\/vitensenteret\/for-skoleklasser\/","name":"For skoleklasser - Kreftforeningens Vitensenter","isPartOf":{"@id":"https:\/\/kreftforeningen.no\/vitensenteret\/#website"},"primaryImageOfPage":{"@id":"https:\/\/kreftforeningen.no\/vitensenteret\/for-skoleklasser\/#primaryimage"},"image":{"@id":"https:\/\/kreftforeningen.no\/vitensenteret\/for-skoleklasser\/#primaryimage"},"thumbnailUrl":"https:\/\/kreftforeningen.no\/content\/uploads\/2022\/01\/behandling9a.jpg","datePublished":"2020-05-05T10:53:03+00:00","dateModified":"2026-03-09T15:18:35+00:00","breadcrumb":{"@id":"https:\/\/kreftforeningen.no\/vitensenteret\/for-skoleklasser\/#breadcrumb"},"inLanguage":"nb-NO","potentialAction":[{"@type":"ReadAction","target":["https:\/\/kreftforeningen.no\/vitensenteret\/for-skoleklasser\/"]}]},{"@type":"ImageObject","inLanguage":"nb-NO","@id":"https:\/\/kreftforeningen.no\/vitensenteret\/for-skoleklasser\/#primaryimage","url":"https:\/\/kreftforeningen.no\/content\/uploads\/2022\/01\/behandling9a.jpg","contentUrl":"https:\/\/kreftforeningen.no\/content\/uploads\/2022\/01\/behandling9a.jpg"},{"@type":"BreadcrumbList","@id":"https:\/\/kreftforeningen.no\/vitensenteret\/for-skoleklasser\/#breadcrumb","itemListElement":[{"@type":"ListItem","position":1,"name":"Forside","item":"https:\/\/kreftforeningen.no\/vitensenteret\/"},{"@type":"ListItem","position":2,"name":"For skoleklasser"}]},{"@type":"WebSite","@id":"https:\/\/kreftforeningen.no\/vitensenteret\/#website","url":"https:\/\/kreftforeningen.no\/vitensenteret\/","name":"Kreftforeningens Vitensenter","description":"","publisher":{"@id":"https:\/\/kreftforeningen.no\/vitensenteret\/#organization"},"potentialAction":[{"@type":"SearchAction","target":{"@type":"EntryPoint","urlTemplate":"https:\/\/kreftforeningen.no\/vitensenteret\/?s={search_term_string}"},"query-input":{"@type":"PropertyValueSpecification","valueRequired":true,"valueName":"search_term_string"}}],"inLanguage":"nb-NO"},{"@type":"Organization","@id":"https:\/\/kreftforeningen.no\/vitensenteret\/#organization","name":"Kreftforeningens Vitensenter","url":"https:\/\/kreftforeningen.no\/vitensenteret\/","logo":{"@type":"ImageObject","inLanguage":"nb-NO","@id":"https:\/\/kreftforeningen.no\/vitensenteret\/#\/schema\/logo\/image\/","url":"https:\/\/kreftforeningen.no\/content\/uploads\/2020\/05\/kf-vitensenteret-logo-svart.png","contentUrl":"https:\/\/kreftforeningen.no\/content\/uploads\/2020\/05\/kf-vitensenteret-logo-svart.png","caption":"Kreftforeningens Vitensenter"},"image":{"@id":"https:\/\/kreftforeningen.no\/vitensenteret\/#\/schema\/logo\/image\/"}}]}},"_links":{"self":[{"href":"https:\/\/kreftforeningen.no\/vitensenteret\/wp-json\/wp\/v2\/pages\/19"}],"collection":[{"href":"https:\/\/kreftforeningen.no\/vitensenteret\/wp-json\/wp\/v2\/pages"}],"about":[{"href":"https:\/\/kreftforeningen.no\/vitensenteret\/wp-json\/wp\/v2\/types\/page"}],"author":[{"embeddable":true,"href":"https:\/\/kreftforeningen.no\/vitensenteret\/wp-json\/wp\/v2\/users\/30"}],"replies":[{"embeddable":true,"href":"https:\/\/kreftforeningen.no\/vitensenteret\/wp-json\/wp\/v2\/comments?post=19"}],"version-history":[{"count":64,"href":"https:\/\/kreftforeningen.no\/vitensenteret\/wp-json\/wp\/v2\/pages\/19\/revisions"}],"predecessor-version":[{"id":3033,"href":"https:\/\/kreftforeningen.no\/vitensenteret\/wp-json\/wp\/v2\/pages\/19\/revisions\/3033"}],"wp:featuredmedia":[{"embeddable":true,"href":"https:\/\/kreftforeningen.no\/vitensenteret\/wp-json\/"}],"wp:attachment":[{"href":"https:\/\/kreftforeningen.no\/vitensenteret\/wp-json\/wp\/v2\/media?parent=19"}],"curies":[{"name":"wp","href":"https:\/\/api.w.org\/{rel}","templated":true}]}}