{"id":4,"date":"2020-05-03T16:11:54","date_gmt":"2020-05-03T14:11:54","guid":{"rendered":"https:\/\/stage2.kreftforeningen.no\/vitensenteret\/?page_id=4"},"modified":"2026-02-18T10:56:46","modified_gmt":"2026-02-18T09:56:46","slug":"forside","status":"publish","type":"page","link":"https:\/\/kreftforeningen.no\/vitensenteret\/","title":{"rendered":"Kreftforeningens Vitensenter"},"content":{"rendered":"\t<div style=\"min-height:400px\" class=\"alignwide has-background-dim has-grey_light-background-color is-vertically-aligned-center alignwide is-style-content-right wp-block-teft-banner\" id=\"wp-block-teft-banner-269578fdbb61\">\n\t\t\t\t\t<div class=\"wp-block-teft-banner__media\" style=\"background-image: url(https:\/\/kreftforeningen.no\/content\/uploads\/2020\/02\/VitensenteretCollagePerling.jpg);background-position: 51% 49%\">\n\t\t\t<\/div>\n\t\t\t\t<div class=\"wp-block-teft-banner__inner-container\">\n\t\t\t\n\n<h2 class=\"wp-block-heading\" id=\"h-besok-oss\">Bes\u00f8k oss <\/h2>\n\n\n\n<p>I Kreftforeningens Vitensenter i Oslo sentrum kan du l\u00e6re mer om kreft, pr\u00f8ve deg som kikkhullskirurg, reparere DNA, perle Fuck Cancer-armb\u00e5nd eller armb\u00e5nd med magiske UV-perler, bli med p\u00e5 quiz og mye mer. Gratis inngang.<\/p>\n\n\n\n<div class=\"wp-block-button is-style-fill\"><a class=\"wp-block-button__link has-grey-background-color has-background wp-element-button\" href=\"https:\/\/kreftforeningen.no\/vitensenteret\/besok-oss\/\"><strong>Bes\u00f8k oss<\/strong><\/a><\/div>\n\n\t\t<\/div>\n\t<\/div>\n\t\n\n<div class=\"teft-cards-item is-card-kf-custom has-card-shadow\">\n\t<div class=\"teft-card card_type_page \">\n\t\t<a href=\"https:\/\/kreftforeningen.no\/vitensenteret\/for-skoleklasser\/skoleopplegg-med-besok-i-senteret\/\" class=\"teft-card__primary-action\">\n\t\t\t<div class=\"teft-card__media teft-card__media--16-9\"><img decoding=\"async\" width=\"1024\" height=\"576\" src=\"https:\/\/kreftforeningen.no\/content\/uploads\/2025\/04\/Behandling5-1024x576.jpg\" class=\"attachment-large size-large\" alt=\"En person betjener en medisinsk simuleringsenhet, kontrollerer instrumenter p\u00e5 en gr\u00f8nn overflate, mens han overv\u00e5ker en skjerm som viser en forst\u00f8rret visning i et moderne laboratoriemilj\u00f8.\" srcset=\"https:\/\/kreftforeningen.no\/content\/uploads\/2025\/04\/Behandling5-1024x576.jpg 1024w, https:\/\/kreftforeningen.no\/content\/uploads\/2025\/04\/Behandling5-300x169.jpg 300w, https:\/\/kreftforeningen.no\/content\/uploads\/2025\/04\/Behandling5-768x432.jpg 768w, https:\/\/kreftforeningen.no\/content\/uploads\/2025\/04\/Behandling5-1536x864.jpg 1536w, https:\/\/kreftforeningen.no\/content\/uploads\/2025\/04\/Behandling5-2048x1152.jpg 2048w, https:\/\/kreftforeningen.no\/content\/uploads\/2025\/04\/Behandling5-135x76.jpg 135w\" sizes=\"(max-width: 1024px) 100vw, 1024px\" loading=\"lazy\" \/> <\/div>\t\t\t<div class=\"teft-card__primary\">\n\t\t\t\t<span class=\"meta label\">Bes\u00f8k oss i Oslo sentrum<\/span><h2 class=\"teft-card__title\" id=\"skoleopplegg-med-besok-i-senteret\">Skoleopplegg med bes\u00f8k i senteret<\/h2>\n\t\t\t<\/div>\n\n\t\t\t<div class=\"teft-card__secondary\">\n\t\t\t\t<p>Vi har flere skoleopplegg, tilpasset elever p\u00e5 ulike trinn. Prim\u00e6rm\u00e5lgruppen er elever p\u00e5 10. trinn og i videreg\u00e5ende skole, men vi tar ogs\u00e5 imot andre interesserte grupper.<\/p><img decoding=\"async\" src=\"https:\/\/kreftforeningen.no\/content\/themes\/kreftforeningen\/assets\/icons\/arrow-right-blue.svg\" alt=\"Les Skoleopplegg med bes\u00f8k i senteret\" \/>\t\t\t<\/div>\n\t\t<\/a>\n\t<\/div>\n\n\t<\/div>\n\n\n<div class=\"wp-block-teft-cards alignwide teft-cards-grid default-size-4 is-style-image_text\"><div class=\"teft-cards-item has-4-columns is-card-kf-custom has-card-shadow\">\n\t<div class=\"teft-card card_type_page \">\n\t\t<a href=\"https:\/\/kreftforeningen.no\/vitensenteret\/for-skoleklasser\/undervisningsopplegg-om-folkehelse\/\" class=\"teft-card__primary-action\">\n\t\t\t<div class=\"teft-card__media teft-card__media--16-9\"><img decoding=\"async\" width=\"1024\" height=\"536\" src=\"https:\/\/kreftforeningen.no\/content\/uploads\/2021\/01\/digitalt-undervisningsopplegg-folkehelse-1200x628-rent-jan21.png\" class=\"attachment-large size-large\" alt=\"en kvinne som stikker ut av mobilen og roper\" sizes=\"(max-width: 960px) calc(100vw - 48px), calc((100vw - 56px) \/ 3)\" srcset=\"https:\/\/kreftforeningen.no\/content\/uploads\/2021\/01\/digitalt-undervisningsopplegg-folkehelse-1200x628-rent-jan21.png 1200w, https:\/\/kreftforeningen.no\/content\/uploads\/2021\/01\/digitalt-undervisningsopplegg-folkehelse-1200x628-rent-jan21-135x71.png 135w\" style=\"object-position: 5% 52%\" loading=\"lazy\" \/> <\/div>\t\t\t<div class=\"teft-card__primary\">\n\t\t\t\t<span class=\"meta label\">Digitalt undervisningsopplegg<\/span><h2 class=\"teft-card__title\" id=\"folkehelse\">Folkehelse<\/h2>\n\t\t\t<\/div>\n\n\t\t\t<div class=\"teft-card__secondary\">\n\t\t\t\t<p>\u00abMarkedsf\u00f8ring og markedskrefter \u2013 hete dager og kalde fakta\u00bb<\/p><img decoding=\"async\" src=\"https:\/\/kreftforeningen.no\/content\/themes\/kreftforeningen\/assets\/icons\/arrow-right-blue.svg\" alt=\"Les Folkehelse\" \/>\t\t\t<\/div>\n\t\t<\/a>\n\t<\/div>\n\n\t<\/div>\n\n<div class=\"teft-cards-item has-4-columns is-card-kf-custom has-card-shadow\">\n\t<div class=\"teft-card card_type_page \">\n\t\t<a href=\"https:\/\/kreftforeningen.no\/vitensenteret\/for-skoleklasser\/undervisningsopplegg-om-tobakk\/\" class=\"teft-card__primary-action\">\n\t\t\t<div class=\"teft-card__media teft-card__media--16-9\"><img decoding=\"async\" width=\"1024\" height=\"536\" src=\"https:\/\/kreftforeningen.no\/content\/uploads\/2021\/01\/digitalt-undervisningsopplegg-tobakk-1200x628-rent-jan21.png\" class=\"attachment-large size-large\" alt=\"to sigaretter som slipper ut r\u00f8yk\" sizes=\"(max-width: 960px) calc(100vw - 48px), calc((100vw - 56px) \/ 3)\" srcset=\"https:\/\/kreftforeningen.no\/content\/uploads\/2021\/01\/digitalt-undervisningsopplegg-tobakk-1200x628-rent-jan21.png 1200w, https:\/\/kreftforeningen.no\/content\/uploads\/2021\/01\/digitalt-undervisningsopplegg-tobakk-1200x628-rent-jan21-135x71.png 135w\" style=\"object-position: 13% 57%\" loading=\"lazy\" \/> <\/div>\t\t\t<div class=\"teft-card__primary\">\n\t\t\t\t<span class=\"meta label\">Digitalt undervisningsopplegg<\/span><h2 class=\"teft-card__title\" id=\"tobakk\">Tobakk<\/h2>\n\t\t\t<\/div>\n\n\t\t\t<div class=\"teft-card__secondary\">\n\t\t\t\t<p>\u00abTobakksindustriens kyniske metoder og milj\u00f8avtrykk\u00bb<\/p><img decoding=\"async\" src=\"https:\/\/kreftforeningen.no\/content\/themes\/kreftforeningen\/assets\/icons\/arrow-right-blue.svg\" alt=\"Les Tobakk\" \/>\t\t\t<\/div>\n\t\t<\/a>\n\t<\/div>\n\n\t<\/div>\n\n<div class=\"teft-cards-item has-4-columns is-card-kf-custom has-card-shadow\">\n\t<div class=\"teft-card card_type_page \">\n\t\t<a href=\"https:\/\/kreftforeningen.no\/vitensenteret\/for-skoleklasser\/undervisningsopplegg-om-sol-og-solarium\/\" class=\"teft-card__primary-action\">\n\t\t\t<div class=\"teft-card__media teft-card__media--16-9\"><img decoding=\"async\" width=\"1024\" height=\"576\" src=\"https:\/\/kreftforeningen.no\/content\/uploads\/2021\/01\/huden-glemmer-ikke-sol-2-1024x576.jpg\" class=\"attachment-large size-large\" alt=\"et kunstnerinntrykk av en sol og en planet.\" sizes=\"(max-width: 960px) calc(100vw - 48px), calc((100vw - 56px) \/ 3)\" srcset=\"https:\/\/kreftforeningen.no\/content\/uploads\/2021\/01\/huden-glemmer-ikke-sol-2-1024x576.jpg 1024w, https:\/\/kreftforeningen.no\/content\/uploads\/2021\/01\/huden-glemmer-ikke-sol-2-300x169.jpg 300w, https:\/\/kreftforeningen.no\/content\/uploads\/2021\/01\/huden-glemmer-ikke-sol-2-768x432.jpg 768w, https:\/\/kreftforeningen.no\/content\/uploads\/2021\/01\/huden-glemmer-ikke-sol-2-135x76.jpg 135w, https:\/\/kreftforeningen.no\/content\/uploads\/2021\/01\/huden-glemmer-ikke-sol-2.jpg 1440w\" style=\"object-position: 50% 50%\" loading=\"lazy\" \/> <\/div>\t\t\t<div class=\"teft-card__primary\">\n\t\t\t\t<span class=\"meta label\">Digitalt undervisningsopplegg<\/span><h2 class=\"teft-card__title\" id=\"sol-og-solarium\">Sol og solarium<\/h2>\n\t\t\t<\/div>\n\n\t\t\t<div class=\"teft-card__secondary\">\n\t\t\t\t<p>\u00abHuden glemmer ikke\u00bb<\/p><img decoding=\"async\" src=\"https:\/\/kreftforeningen.no\/content\/themes\/kreftforeningen\/assets\/icons\/arrow-right-blue.svg\" alt=\"Les Sol og solarium\" \/>\t\t\t<\/div>\n\t\t<\/a>\n\t<\/div>\n\n\t<\/div><\/div>\n\n\n<div  class=\"teft-cards-grid-dynamic alignwide has-0-posts has-even-count\"><div class=\"teft-cards-grid default-size-4\"><div class=\"teft-query-no-found\">No posts found<\/div><\/div><\/div>\n\n\n<div class=\"wp-block-buttons is-content-justification-center is-layout-flex wp-container-core-buttons-is-layout-1 wp-block-buttons-is-layout-flex\">\n<div class=\"wp-block-button\"><a class=\"wp-block-button__link has-grey-background-color has-background wp-element-button\" href=\"https:\/\/kreftforeningen.no\/vitensenteret\/tilbud\/\">Sjekk ut hele programmet<\/a><\/div>\n<\/div>\n\n\n\t<div style=\"min-height:400px\" class=\"alignwide has-background-dim has-grey_light-background-color has-white-color is-vertically-aligned-center alignwide is-style-content-left wp-block-teft-banner\" id=\"wp-block-teft-banner-d91418af7ed3\">\n\t\t\t\t\t<div class=\"wp-block-teft-banner__media\" style=\"background-image: url(https:\/\/kreftforeningen.no\/content\/uploads\/2022\/01\/behandling7.jpg);background-position: 50% 11%\">\n\t\t\t<\/div>\n\t\t\t\t<div class=\"wp-block-teft-banner__inner-container\">\n\t\t\t\n\n<h2 class=\"wp-block-heading\" id=\"h-om-kreftforeningens-vitensenter\">Om Kreftforeningens Vitensenter<\/h2>\n\n\n\n<p>I Kreftforeningens Vitensenter i Oslo sentrum kan du l\u00e6re mer om kreft, pr\u00f8ve deg som kikkhullskirurg, reparere DNA, drepe kreftceller i spillet&nbsp;<em>Guardians of the Cells<\/em>. <\/p>\n\n\n\n<div class=\"wp-block-button is-style-outline is-style-outline--5b2f58f4c94232500d7310f4cc086295\"><a class=\"wp-block-button__link has-grey-background-color has-background wp-element-button\" href=\"https:\/\/kreftforeningen.no\/vitensenteret\/om-senteret\/\"><strong>Om senteret<\/strong><\/a><\/div>\n\n\t\t<\/div>\n\t<\/div>\n\t\n\n\t<div style=\"min-height:400px\" class=\"alignwide has-background-dim has-grey_light-background-color has-white-color is-vertically-aligned-center alignwide is-style-content-right wp-block-teft-banner\" id=\"wp-block-teft-banner-4ae1b9840e1a\">\n\t\t\t\t\t<div class=\"wp-block-teft-banner__media\" style=\"background-image: url(https:\/\/kreftforeningen.no\/content\/uploads\/2026\/02\/scene-vitensenteret-samtale.jpg);background-position: 55% 41%\">\n\t\t\t<\/div>\n\t\t\t\t<div class=\"wp-block-teft-banner__inner-container\">\n\t\t\t\n\n<h2 class=\"wp-block-heading\" id=\"h-se-tidligere-webinarer\">Se tidligere webinarer<\/h2>\n\n\n\n<p>Vi sender inni mellom webinarer som du kan se live. Det har blitt noen i l\u00f8pet av de siste \u00e5rene, og de aller fleste kan du fortsatt se i opptak.<\/p>\n\n\n\n<div class=\"wp-block-button is-style-outline is-style-outline--f8a303e80be611434b69627be6c111d3\"><a class=\"wp-block-button__link has-grey-background-color has-background wp-element-button\" href=\"https:\/\/kreftforeningen.no\/vitensenteret\/webinar\/\"><strong>Tidligere webinarer<\/strong><\/a><\/div>\n\n\t\t<\/div>\n\t<\/div>\n\t","protected":false},"excerpt":{"rendered":"","protected":false},"author":75,"featured_media":47480,"parent":0,"menu_order":0,"comment_status":"closed","ping_status":"closed","template":"","meta":{"_relevanssi_hide_post":"","_relevanssi_hide_content":"","_relevanssi_pin_for_all":"","_relevanssi_pin_keywords":"","_relevanssi_unpin_keywords":"","_relevanssi_related_keywords":"","_relevanssi_related_include_ids":"","_relevanssi_related_exclude_ids":"","_relevanssi_related_no_append":"","_relevanssi_related_not_related":"","_relevanssi_related_posts":"1","_relevanssi_noindex_reason":"","kf_show_post_date":false,"kf_show_updated_date":false,"kf_show_print_page":false,"kf_show_chapters":false,"kf_show_chapters_expanded":false,"kf_show_post_outdated":true,"kf_post_authors":[],"kf_toggle_title":true,"teft_cards_label":"","kf_is_template":false,"teft_cards_image_id":0,"teft_cards_image_focal_point_x":0.5,"teft_cards_image_focal_point_y":0.5,"teft_cards_title":"","teft_cards_excerpt":"","footnotes":""},"class_list":["post-4","page","type-page","status-publish","has-post-thumbnail","hentry"],"yoast_head":"<!-- This site is optimized with the Yoast SEO Premium plugin v26.8 (Yoast SEO v26.8) - https:\/\/yoast.com\/product\/yoast-seo-premium-wordpress\/ -->\n<title>Kreftforeningens Vitensenter - Kreftforeningens Vitensenter<\/title>\n<meta name=\"robots\" content=\"index, follow, max-snippet:-1, max-image-preview:large, max-video-preview:-1\" \/>\n<link rel=\"canonical\" href=\"https:\/\/kreftforeningen.no\/vitensenteret\/\" \/>\n<meta property=\"og:locale\" content=\"nb_NO\" \/>\n<meta property=\"og:type\" content=\"article\" \/>\n<meta property=\"og:title\" content=\"Kreftforeningens Vitensenter\" \/>\n<meta property=\"og:url\" content=\"https:\/\/kreftforeningen.no\/vitensenteret\/\" \/>\n<meta property=\"og:site_name\" content=\"Kreftforeningens Vitensenter\" \/>\n<meta property=\"article:published_time\" content=\"2020-05-03T14:11:54+00:00\" \/>\n<meta property=\"article:modified_time\" content=\"2026-02-18T09:56:46+00:00\" \/>\n<meta property=\"og:image\" content=\"https:\/\/kreftforeningen.no\/content\/uploads\/2020\/02\/VitensenteretCollagePerling.jpg\" \/>\n\t<meta property=\"og:image:width\" content=\"1024\" \/>\n\t<meta property=\"og:image:height\" content=\"576\" \/>\n\t<meta property=\"og:image:type\" content=\"image\/jpeg\" \/>\n<meta name=\"twitter:card\" content=\"summary_large_image\" \/>\n<meta name=\"twitter:label1\" content=\"Ansl. lesetid\" \/>\n\t<meta name=\"twitter:data1\" content=\"1 minutt\" \/>\n<script type=\"application\/ld+json\" class=\"yoast-schema-graph\">{\"@context\":\"https:\/\/schema.org\",\"@graph\":[{\"@type\":\"WebPage\",\"@id\":\"https:\/\/kreftforeningen.no\/vitensenteret\/\",\"url\":\"https:\/\/kreftforeningen.no\/vitensenteret\/\",\"name\":\"Kreftforeningens Vitensenter - Kreftforeningens Vitensenter\",\"isPartOf\":{\"@id\":\"https:\/\/kreftforeningen.no\/vitensenteret\/#website\"},\"primaryImageOfPage\":{\"@id\":\"https:\/\/kreftforeningen.no\/vitensenteret\/#primaryimage\"},\"image\":{\"@id\":\"https:\/\/kreftforeningen.no\/vitensenteret\/#primaryimage\"},\"thumbnailUrl\":\"https:\/\/kreftforeningen.no\/content\/uploads\/2020\/02\/VitensenteretCollagePerling.jpg\",\"datePublished\":\"2020-05-03T14:11:54+00:00\",\"dateModified\":\"2026-02-18T09:56:46+00:00\",\"breadcrumb\":{\"@id\":\"https:\/\/kreftforeningen.no\/vitensenteret\/#breadcrumb\"},\"inLanguage\":\"nb-NO\",\"potentialAction\":[{\"@type\":\"ReadAction\",\"target\":[\"https:\/\/kreftforeningen.no\/vitensenteret\/\"]}]},{\"@type\":\"ImageObject\",\"inLanguage\":\"nb-NO\",\"@id\":\"https:\/\/kreftforeningen.no\/vitensenteret\/#primaryimage\",\"url\":\"https:\/\/kreftforeningen.no\/content\/uploads\/2020\/02\/VitensenteretCollagePerling.jpg\",\"contentUrl\":\"https:\/\/kreftforeningen.no\/content\/uploads\/2020\/02\/VitensenteretCollagePerling.jpg\"},{\"@type\":\"BreadcrumbList\",\"@id\":\"https:\/\/kreftforeningen.no\/vitensenteret\/#breadcrumb\",\"itemListElement\":[{\"@type\":\"ListItem\",\"position\":1,\"name\":\"Forside\",\"item\":\"https:\/\/kreftforeningen.no\/vitensenteret\/\"},{\"@type\":\"ListItem\",\"position\":2,\"name\":\"Kreftforeningens Vitensenter\"}]},{\"@type\":\"WebSite\",\"@id\":\"https:\/\/kreftforeningen.no\/vitensenteret\/#website\",\"url\":\"https:\/\/kreftforeningen.no\/vitensenteret\/\",\"name\":\"Kreftforeningens Vitensenter\",\"description\":\"\",\"publisher\":{\"@id\":\"https:\/\/kreftforeningen.no\/vitensenteret\/#organization\"},\"potentialAction\":[{\"@type\":\"SearchAction\",\"target\":{\"@type\":\"EntryPoint\",\"urlTemplate\":\"https:\/\/kreftforeningen.no\/vitensenteret\/?s={search_term_string}\"},\"query-input\":{\"@type\":\"PropertyValueSpecification\",\"valueRequired\":true,\"valueName\":\"search_term_string\"}}],\"inLanguage\":\"nb-NO\"},{\"@type\":\"Organization\",\"@id\":\"https:\/\/kreftforeningen.no\/vitensenteret\/#organization\",\"name\":\"Kreftforeningens Vitensenter\",\"url\":\"https:\/\/kreftforeningen.no\/vitensenteret\/\",\"logo\":{\"@type\":\"ImageObject\",\"inLanguage\":\"nb-NO\",\"@id\":\"https:\/\/kreftforeningen.no\/vitensenteret\/#\/schema\/logo\/image\/\",\"url\":\"https:\/\/kreftforeningen.no\/content\/uploads\/2020\/05\/kf-vitensenteret-logo-svart.png\",\"contentUrl\":\"https:\/\/kreftforeningen.no\/content\/uploads\/2020\/05\/kf-vitensenteret-logo-svart.png\",\"caption\":\"Kreftforeningens Vitensenter\"},\"image\":{\"@id\":\"https:\/\/kreftforeningen.no\/vitensenteret\/#\/schema\/logo\/image\/\"}}]}<\/script>\n<!-- \/ Yoast SEO Premium plugin. -->","yoast_head_json":{"title":"Kreftforeningens Vitensenter - Kreftforeningens Vitensenter","robots":{"index":"index","follow":"follow","max-snippet":"max-snippet:-1","max-image-preview":"max-image-preview:large","max-video-preview":"max-video-preview:-1"},"canonical":"https:\/\/kreftforeningen.no\/vitensenteret\/","og_locale":"nb_NO","og_type":"article","og_title":"Kreftforeningens Vitensenter","og_url":"https:\/\/kreftforeningen.no\/vitensenteret\/","og_site_name":"Kreftforeningens Vitensenter","article_published_time":"2020-05-03T14:11:54+00:00","article_modified_time":"2026-02-18T09:56:46+00:00","og_image":[{"width":1024,"height":576,"url":"https:\/\/kreftforeningen.no\/content\/uploads\/2020\/02\/VitensenteretCollagePerling.jpg","type":"image\/jpeg"}],"twitter_card":"summary_large_image","twitter_misc":{"Ansl. lesetid":"1 minutt"},"schema":{"@context":"https:\/\/schema.org","@graph":[{"@type":"WebPage","@id":"https:\/\/kreftforeningen.no\/vitensenteret\/","url":"https:\/\/kreftforeningen.no\/vitensenteret\/","name":"Kreftforeningens Vitensenter - Kreftforeningens Vitensenter","isPartOf":{"@id":"https:\/\/kreftforeningen.no\/vitensenteret\/#website"},"primaryImageOfPage":{"@id":"https:\/\/kreftforeningen.no\/vitensenteret\/#primaryimage"},"image":{"@id":"https:\/\/kreftforeningen.no\/vitensenteret\/#primaryimage"},"thumbnailUrl":"https:\/\/kreftforeningen.no\/content\/uploads\/2020\/02\/VitensenteretCollagePerling.jpg","datePublished":"2020-05-03T14:11:54+00:00","dateModified":"2026-02-18T09:56:46+00:00","breadcrumb":{"@id":"https:\/\/kreftforeningen.no\/vitensenteret\/#breadcrumb"},"inLanguage":"nb-NO","potentialAction":[{"@type":"ReadAction","target":["https:\/\/kreftforeningen.no\/vitensenteret\/"]}]},{"@type":"ImageObject","inLanguage":"nb-NO","@id":"https:\/\/kreftforeningen.no\/vitensenteret\/#primaryimage","url":"https:\/\/kreftforeningen.no\/content\/uploads\/2020\/02\/VitensenteretCollagePerling.jpg","contentUrl":"https:\/\/kreftforeningen.no\/content\/uploads\/2020\/02\/VitensenteretCollagePerling.jpg"},{"@type":"BreadcrumbList","@id":"https:\/\/kreftforeningen.no\/vitensenteret\/#breadcrumb","itemListElement":[{"@type":"ListItem","position":1,"name":"Forside","item":"https:\/\/kreftforeningen.no\/vitensenteret\/"},{"@type":"ListItem","position":2,"name":"Kreftforeningens Vitensenter"}]},{"@type":"WebSite","@id":"https:\/\/kreftforeningen.no\/vitensenteret\/#website","url":"https:\/\/kreftforeningen.no\/vitensenteret\/","name":"Kreftforeningens Vitensenter","description":"","publisher":{"@id":"https:\/\/kreftforeningen.no\/vitensenteret\/#organization"},"potentialAction":[{"@type":"SearchAction","target":{"@type":"EntryPoint","urlTemplate":"https:\/\/kreftforeningen.no\/vitensenteret\/?s={search_term_string}"},"query-input":{"@type":"PropertyValueSpecification","valueRequired":true,"valueName":"search_term_string"}}],"inLanguage":"nb-NO"},{"@type":"Organization","@id":"https:\/\/kreftforeningen.no\/vitensenteret\/#organization","name":"Kreftforeningens Vitensenter","url":"https:\/\/kreftforeningen.no\/vitensenteret\/","logo":{"@type":"ImageObject","inLanguage":"nb-NO","@id":"https:\/\/kreftforeningen.no\/vitensenteret\/#\/schema\/logo\/image\/","url":"https:\/\/kreftforeningen.no\/content\/uploads\/2020\/05\/kf-vitensenteret-logo-svart.png","contentUrl":"https:\/\/kreftforeningen.no\/content\/uploads\/2020\/05\/kf-vitensenteret-logo-svart.png","caption":"Kreftforeningens Vitensenter"},"image":{"@id":"https:\/\/kreftforeningen.no\/vitensenteret\/#\/schema\/logo\/image\/"}}]}},"_links":{"self":[{"href":"https:\/\/kreftforeningen.no\/vitensenteret\/wp-json\/wp\/v2\/pages\/4"}],"collection":[{"href":"https:\/\/kreftforeningen.no\/vitensenteret\/wp-json\/wp\/v2\/pages"}],"about":[{"href":"https:\/\/kreftforeningen.no\/vitensenteret\/wp-json\/wp\/v2\/types\/page"}],"author":[{"embeddable":true,"href":"https:\/\/kreftforeningen.no\/vitensenteret\/wp-json\/wp\/v2\/users\/75"}],"replies":[{"embeddable":true,"href":"https:\/\/kreftforeningen.no\/vitensenteret\/wp-json\/wp\/v2\/comments?post=4"}],"version-history":[{"count":445,"href":"https:\/\/kreftforeningen.no\/vitensenteret\/wp-json\/wp\/v2\/pages\/4\/revisions"}],"predecessor-version":[{"id":3005,"href":"https:\/\/kreftforeningen.no\/vitensenteret\/wp-json\/wp\/v2\/pages\/4\/revisions\/3005"}],"wp:featuredmedia":[{"embeddable":true,"href":"https:\/\/kreftforeningen.no\/vitensenteret\/wp-json\/"}],"wp:attachment":[{"href":"https:\/\/kreftforeningen.no\/vitensenteret\/wp-json\/wp\/v2\/media?parent=4"}],"curies":[{"name":"wp","href":"https:\/\/api.w.org\/{rel}","templated":true}]}}