{"id":95,"date":"2020-05-14T14:26:35","date_gmt":"2020-05-14T12:26:35","guid":{"rendered":"https:\/\/stage2.kreftforeningen.no\/vitensenteret\/?page_id=95"},"modified":"2024-12-18T01:47:43","modified_gmt":"2024-12-18T00:47:43","slug":"webinar","status":"publish","type":"page","link":"https:\/\/kreftforeningen.no\/vitensenteret\/webinar\/","title":{"rendered":"Tidligere webinarer"},"content":{"rendered":"\n<div class=\"wp-block-kf-ingress\"><div class=\"kf-header__ingress\"><p>Vi har sendt en rekke webinarer, b\u00e5de frittst\u00e5ende og som serier. De fleste kan du se i opptak i spillelistene under. <a href=\"https:\/\/kreftforeningen.no\/vitensenteret\/tilbud\/\">Kommende webinarer finner du i programmet<\/a>.<\/p><\/div><\/div>\n\t\t<div class=\"chapters\">\n\t\t\t<button\n\t\t\t\t\tclass=\"chapters-title\"\n\t\t\t\t\taria-expanded=\"false\"\n\t\t\t\t>\n\t\t\t\tInnhold p\u00e5 siden\t\t\t\t<svg class=\"icon icon-toggle\" width=\"24\" height=\"24\" viewBox=\"0 0 24 24\" fill=\"none\" xmlns=\"http:\/\/www.w3.org\/2000\/svg\">\n\t\t\t\t\t<path d=\"M14 16L18.0001 20L22 16.0006\" stroke=\"var(--toc-color, #000)\" stroke-width=\"2\" stroke-linecap=\"round\" stroke-linejoin=\"round\"\/>\n\t\t\t\t\t<path d=\"M18 11L18 20\" stroke=\"var(--toc-color, #000)\" stroke-width=\"2\" stroke-linecap=\"round\" stroke-linejoin=\"round\"\/>\n\t\t\t\t\t<path d=\"M2 12.0006L9.99936 12\" stroke=\"var(--toc-color, #000)\" stroke-width=\"2\" stroke-linecap=\"round\" stroke-linejoin=\"round\"\/>\n\t\t\t\t\t<path d=\"M2 5L18 5\" stroke=\"var(--toc-color, #000)\" stroke-width=\"2\" stroke-linecap=\"round\" stroke-linejoin=\"round\"\/>\n\t\t\t\t\t<path d=\"M2 19L10 19\" stroke=\"var(--toc-color, #000)\" stroke-width=\"2\" stroke-linecap=\"round\" stroke-linejoin=\"round\"\/>\n\t\t\t\t<\/svg>\n\t\t\t<\/button>\n\t\t\t<ul class=\"chapters-list\">\n\t\t\t\t\t\t\t\t\t<li>\n\t\t\t\t\t\t<a href=\"#h-webinar-fra-kreftforeningens-vitensenter\" aria-label=\"Kapittel: Webinar fra Kreftforeningens Vitensenter\"\n\t\t\t\t\t\t>Webinar fra Kreftforeningens Vitensenter<\/a>\n\t\t\t\t\t<\/li>\n\t\t\t\t\t\t\t\t\t<li>\n\t\t\t\t\t\t<a href=\"#h-kreft-tar-ikke-pause\" aria-label=\"Kapittel: Kreft tar ikke pause\"\n\t\t\t\t\t\t>Kreft tar ikke pause<\/a>\n\t\t\t\t\t<\/li>\n\t\t\t\t\t\t\t\t\t<li>\n\t\t\t\t\t\t<a href=\"#h-pandemifri-med-kaveh-rashidi\" aria-label=\"Kapittel: Pandemifri med Kaveh Rashidi\"\n\t\t\t\t\t\t>Pandemifri med Kaveh Rashidi<\/a>\n\t\t\t\t\t<\/li>\n\t\t\t\t\t\t\t\t\t<li>\n\t\t\t\t\t\t<a href=\"#h-corona-og-cancer-pa-somali-og-urdu\" aria-label=\"Kapittel: Corona og cancer p\u00e5 somali og urdu\"\n\t\t\t\t\t\t>Corona og cancer p\u00e5 somali og urdu<\/a>\n\t\t\t\t\t<\/li>\n\t\t\t\t\t\t\t<\/ul>\n\t\t<\/div>\n\t\t\n\n\n<h2 class=\"wp-block-heading\" id=\"h-webinar-fra-kreftforeningens-vitensenter\">Webinar fra Kreftforeningens Vitensenter <\/h2>\n\n\n\n<p>For oversikt over <a href=\"https:\/\/www.youtube.com\/playlist?list=PLUJm1E9kI0CadJZWjcA4BxXbODF5ovyPT\">alle webinarer fra Vitensenteret, kan du \u00e5pne spillelisten (youtube.com)<\/a>.<\/p>\n\n\n\n<figure class=\"wp-block-embed is-type-video is-provider-youtube wp-block-embed-youtube wp-embed-aspect-16-9 wp-has-aspect-ratio\"><div class=\"wp-block-embed__wrapper\">\n<iframe loading=\"lazy\" title=\"Webinar \u2013 live fra Kreftforeningens Vitensenter\" width=\"500\" height=\"281\" src=\"https:\/\/www.youtube-nocookie.com\/embed\/videoseries?list=PLUJm1E9kI0CadJZWjcA4BxXbODF5ovyPT\" frameborder=\"0\" allow=\"accelerometer; autoplay; clipboard-write; encrypted-media; gyroscope; picture-in-picture; web-share\" referrerpolicy=\"strict-origin-when-cross-origin\" allowfullscreen><\/iframe>\n<\/div><\/figure>\n\n\n\n<h2 class=\"wp-block-heading\" id=\"h-kreft-tar-ikke-pause\">Kreft tar ikke pause<\/h2>\n\n\n\n<p>En webinarserie med aktuelle temaer for kreftpasienter og p\u00e5r\u00f8rende. <a href=\"https:\/\/www.youtube.com\/playlist?list=PLUJm1E9kI0CYhV4Pnr19EtD5r28m_gpxt\">Se alle videoene i denne serien ved \u00e5 \u00e5pne spillelisten (youtube.com)<\/a>.<\/p>\n\n\n\n<figure class=\"wp-block-embed is-type-video is-provider-youtube wp-block-embed-youtube wp-embed-aspect-16-9 wp-has-aspect-ratio\"><div class=\"wp-block-embed__wrapper\">\n<iframe loading=\"lazy\" title=\"Kreft tar ikke pause\" width=\"500\" height=\"281\" src=\"https:\/\/www.youtube-nocookie.com\/embed\/videoseries?list=PLUJm1E9kI0CYhV4Pnr19EtD5r28m_gpxt\" frameborder=\"0\" allow=\"accelerometer; autoplay; clipboard-write; encrypted-media; gyroscope; picture-in-picture; web-share\" referrerpolicy=\"strict-origin-when-cross-origin\" allowfullscreen><\/iframe>\n<\/div><\/figure>\n\n\n\n<h2 class=\"wp-block-heading\" id=\"h-pandemifri-med-kaveh-rashidi\">Pandemifri med Kaveh Rashidi <\/h2>\n\n\n\n<p>Lege og forfatter Kaveh Rashidi inviterer kjente gjester inn i Kreftforeningens Vitensenter. Webinarserien hadde ikke blitt til hvis ikke det hadde v\u00e6rt for\u00a0<a href=\"https:\/\/dam.no\/\">Stiftelsen Dam<\/a>. De er en av Norges st\u00f8rste stiftelser som gir penger til helse- og forskningsprosjekter som skal gi bedre helse gjennom deltakelse, aktivitet og mestring for folk i Norge. <a href=\"https:\/\/www.youtube.com\/playlist?list=PLUJm1E9kI0CaIbke0g2BsUezGo_BHljSz\">Se alle videoene i denne serien ved \u00e5 \u00e5pne spillelisten (youtube.com)<\/a>.<\/p>\n\n\n\n<figure class=\"wp-block-embed is-type-video is-provider-youtube wp-block-embed-youtube wp-embed-aspect-16-9 wp-has-aspect-ratio\"><div class=\"wp-block-embed__wrapper\">\n<iframe loading=\"lazy\" title=\"Pandemifri med Kaveh Rashidi\" width=\"500\" height=\"281\" src=\"https:\/\/www.youtube-nocookie.com\/embed\/videoseries?list=PLUJm1E9kI0CaIbke0g2BsUezGo_BHljSz\" frameborder=\"0\" allow=\"accelerometer; autoplay; clipboard-write; encrypted-media; gyroscope; picture-in-picture; web-share\" referrerpolicy=\"strict-origin-when-cross-origin\" allowfullscreen><\/iframe>\n<\/div><\/figure>\n\n\n\n<h2 class=\"wp-block-heading\" id=\"h-corona-og-cancer-pa-somali-og-urdu\">Corona og cancer p\u00e5 somali og urdu<\/h2>\n\n\n\n<p>What are the differences and similarities between corona and cancer, and how to reduce the risk of getting them? Online meetings in collaboration between Bydelsm\u00f8dre and The Norwegian Cancer Society took place in November 2020. <a href=\"https:\/\/www.youtube.com\/playlist?list=PLUJm1E9kI0CbQI9gadrJ0OYkxZgTvE7Rt\">For a list of all the videos, see the playlist (youtube.com)<\/a>.<\/p>\n\n\n\n<figure class=\"wp-block-embed is-type-video is-provider-youtube wp-block-embed-youtube wp-embed-aspect-16-9 wp-has-aspect-ratio\"><div class=\"wp-block-embed__wrapper\">\n<iframe loading=\"lazy\" title=\"Corona og cancer p\u00e5 somali og urdu\" width=\"500\" height=\"281\" src=\"https:\/\/www.youtube-nocookie.com\/embed\/videoseries?list=PLUJm1E9kI0CbQI9gadrJ0OYkxZgTvE7Rt\" frameborder=\"0\" allow=\"accelerometer; autoplay; clipboard-write; encrypted-media; gyroscope; picture-in-picture; web-share\" referrerpolicy=\"strict-origin-when-cross-origin\" allowfullscreen><\/iframe>\n<\/div><\/figure>\n","protected":false},"excerpt":{"rendered":"<p>Webinar fra Kreftforeningens Vitensenter For oversikt over alle webinarer fra Vitensenteret, kan du \u00e5pne spillelisten (youtube.com). Kreft tar ikke pause En webinarserie med aktuelle temaer for kreftpasienter og p\u00e5r\u00f8rende. Se alle videoene i denne serien ved \u00e5 \u00e5pne spillelisten (youtube.com). Pandemifri med Kaveh Rashidi Lege og forfatter Kaveh Rashidi inviterer kjente gjester inn i Kreftforeningens [&hellip;]<\/p>\n","protected":false},"author":30,"featured_media":0,"parent":0,"menu_order":0,"comment_status":"closed","ping_status":"closed","template":"","meta":{"_relevanssi_hide_post":"","_relevanssi_hide_content":"","_relevanssi_pin_for_all":"","_relevanssi_pin_keywords":"","_relevanssi_unpin_keywords":"","_relevanssi_related_keywords":"","_relevanssi_related_include_ids":"","_relevanssi_related_exclude_ids":"","_relevanssi_related_no_append":"","_relevanssi_related_not_related":"","_relevanssi_related_posts":"640","_relevanssi_noindex_reason":"","kf_show_post_date":false,"kf_show_updated_date":false,"kf_show_print_page":false,"kf_show_chapters":true,"kf_show_chapters_expanded":false,"kf_show_post_outdated":true,"kf_post_authors":[],"kf_toggle_title":false,"teft_cards_label":"","kf_is_template":false,"teft_cards_image_id":0,"teft_cards_image_focal_point_x":0,"teft_cards_image_focal_point_y":0,"teft_cards_title":"","teft_cards_excerpt":"","footnotes":""},"class_list":["post-95","page","type-page","status-publish","hentry"],"yoast_head":"<!-- This site is optimized with the Yoast SEO Premium plugin v26.8 (Yoast SEO v26.8) - https:\/\/yoast.com\/product\/yoast-seo-premium-wordpress\/ -->\n<title>Tidligere webinarer - Kreftforeningens Vitensenter<\/title>\n<meta name=\"robots\" content=\"index, follow, max-snippet:-1, max-image-preview:large, max-video-preview:-1\" \/>\n<link rel=\"canonical\" href=\"https:\/\/kreftforeningen.no\/vitensenteret\/webinar\/\" \/>\n<meta property=\"og:locale\" content=\"nb_NO\" \/>\n<meta property=\"og:type\" content=\"article\" \/>\n<meta property=\"og:title\" content=\"Tidligere webinarer\" \/>\n<meta property=\"og:description\" content=\"Webinar fra Kreftforeningens Vitensenter For oversikt over alle webinarer fra Vitensenteret, kan du \u00e5pne spillelisten (youtube.com). Kreft tar ikke pause En webinarserie med aktuelle temaer for kreftpasienter og p\u00e5r\u00f8rende. Se alle videoene i denne serien ved \u00e5 \u00e5pne spillelisten (youtube.com). Pandemifri med Kaveh Rashidi Lege og forfatter Kaveh Rashidi inviterer kjente gjester inn i Kreftforeningens [&hellip;]\" \/>\n<meta property=\"og:url\" content=\"https:\/\/kreftforeningen.no\/vitensenteret\/webinar\/\" \/>\n<meta property=\"og:site_name\" content=\"Kreftforeningens Vitensenter\" \/>\n<meta property=\"article:published_time\" content=\"2020-05-14T12:26:35+00:00\" \/>\n<meta property=\"article:modified_time\" content=\"2024-12-18T00:47:43+00:00\" \/>\n<meta name=\"twitter:card\" content=\"summary_large_image\" \/>\n<meta name=\"twitter:label1\" content=\"Ansl. lesetid\" \/>\n\t<meta name=\"twitter:data1\" content=\"2 minutter\" \/>\n<script type=\"application\/ld+json\" class=\"yoast-schema-graph\">{\"@context\":\"https:\/\/schema.org\",\"@graph\":[{\"@type\":\"WebPage\",\"@id\":\"https:\/\/kreftforeningen.no\/vitensenteret\/webinar\/\",\"url\":\"https:\/\/kreftforeningen.no\/vitensenteret\/webinar\/\",\"name\":\"Tidligere webinarer - Kreftforeningens Vitensenter\",\"isPartOf\":{\"@id\":\"https:\/\/kreftforeningen.no\/vitensenteret\/#website\"},\"datePublished\":\"2020-05-14T12:26:35+00:00\",\"dateModified\":\"2024-12-18T00:47:43+00:00\",\"breadcrumb\":{\"@id\":\"https:\/\/kreftforeningen.no\/vitensenteret\/webinar\/#breadcrumb\"},\"inLanguage\":\"nb-NO\",\"potentialAction\":[{\"@type\":\"ReadAction\",\"target\":[\"https:\/\/kreftforeningen.no\/vitensenteret\/webinar\/\"]}]},{\"@type\":\"BreadcrumbList\",\"@id\":\"https:\/\/kreftforeningen.no\/vitensenteret\/webinar\/#breadcrumb\",\"itemListElement\":[{\"@type\":\"ListItem\",\"position\":1,\"name\":\"Forside\",\"item\":\"https:\/\/kreftforeningen.no\/vitensenteret\/\"},{\"@type\":\"ListItem\",\"position\":2,\"name\":\"Tidligere webinarer\"}]},{\"@type\":\"WebSite\",\"@id\":\"https:\/\/kreftforeningen.no\/vitensenteret\/#website\",\"url\":\"https:\/\/kreftforeningen.no\/vitensenteret\/\",\"name\":\"Kreftforeningens Vitensenter\",\"description\":\"\",\"publisher\":{\"@id\":\"https:\/\/kreftforeningen.no\/vitensenteret\/#organization\"},\"potentialAction\":[{\"@type\":\"SearchAction\",\"target\":{\"@type\":\"EntryPoint\",\"urlTemplate\":\"https:\/\/kreftforeningen.no\/vitensenteret\/?s={search_term_string}\"},\"query-input\":{\"@type\":\"PropertyValueSpecification\",\"valueRequired\":true,\"valueName\":\"search_term_string\"}}],\"inLanguage\":\"nb-NO\"},{\"@type\":\"Organization\",\"@id\":\"https:\/\/kreftforeningen.no\/vitensenteret\/#organization\",\"name\":\"Kreftforeningens Vitensenter\",\"url\":\"https:\/\/kreftforeningen.no\/vitensenteret\/\",\"logo\":{\"@type\":\"ImageObject\",\"inLanguage\":\"nb-NO\",\"@id\":\"https:\/\/kreftforeningen.no\/vitensenteret\/#\/schema\/logo\/image\/\",\"url\":\"https:\/\/kreftforeningen.no\/content\/uploads\/2020\/05\/kf-vitensenteret-logo-svart.png\",\"contentUrl\":\"https:\/\/kreftforeningen.no\/content\/uploads\/2020\/05\/kf-vitensenteret-logo-svart.png\",\"caption\":\"Kreftforeningens Vitensenter\"},\"image\":{\"@id\":\"https:\/\/kreftforeningen.no\/vitensenteret\/#\/schema\/logo\/image\/\"}}]}<\/script>\n<!-- \/ Yoast SEO Premium plugin. -->","yoast_head_json":{"title":"Tidligere webinarer - Kreftforeningens Vitensenter","robots":{"index":"index","follow":"follow","max-snippet":"max-snippet:-1","max-image-preview":"max-image-preview:large","max-video-preview":"max-video-preview:-1"},"canonical":"https:\/\/kreftforeningen.no\/vitensenteret\/webinar\/","og_locale":"nb_NO","og_type":"article","og_title":"Tidligere webinarer","og_description":"Webinar fra Kreftforeningens Vitensenter For oversikt over alle webinarer fra Vitensenteret, kan du \u00e5pne spillelisten (youtube.com). Kreft tar ikke pause En webinarserie med aktuelle temaer for kreftpasienter og p\u00e5r\u00f8rende. Se alle videoene i denne serien ved \u00e5 \u00e5pne spillelisten (youtube.com). Pandemifri med Kaveh Rashidi Lege og forfatter Kaveh Rashidi inviterer kjente gjester inn i Kreftforeningens [&hellip;]","og_url":"https:\/\/kreftforeningen.no\/vitensenteret\/webinar\/","og_site_name":"Kreftforeningens Vitensenter","article_published_time":"2020-05-14T12:26:35+00:00","article_modified_time":"2024-12-18T00:47:43+00:00","twitter_card":"summary_large_image","twitter_misc":{"Ansl. lesetid":"2 minutter"},"schema":{"@context":"https:\/\/schema.org","@graph":[{"@type":"WebPage","@id":"https:\/\/kreftforeningen.no\/vitensenteret\/webinar\/","url":"https:\/\/kreftforeningen.no\/vitensenteret\/webinar\/","name":"Tidligere webinarer - Kreftforeningens Vitensenter","isPartOf":{"@id":"https:\/\/kreftforeningen.no\/vitensenteret\/#website"},"datePublished":"2020-05-14T12:26:35+00:00","dateModified":"2024-12-18T00:47:43+00:00","breadcrumb":{"@id":"https:\/\/kreftforeningen.no\/vitensenteret\/webinar\/#breadcrumb"},"inLanguage":"nb-NO","potentialAction":[{"@type":"ReadAction","target":["https:\/\/kreftforeningen.no\/vitensenteret\/webinar\/"]}]},{"@type":"BreadcrumbList","@id":"https:\/\/kreftforeningen.no\/vitensenteret\/webinar\/#breadcrumb","itemListElement":[{"@type":"ListItem","position":1,"name":"Forside","item":"https:\/\/kreftforeningen.no\/vitensenteret\/"},{"@type":"ListItem","position":2,"name":"Tidligere webinarer"}]},{"@type":"WebSite","@id":"https:\/\/kreftforeningen.no\/vitensenteret\/#website","url":"https:\/\/kreftforeningen.no\/vitensenteret\/","name":"Kreftforeningens Vitensenter","description":"","publisher":{"@id":"https:\/\/kreftforeningen.no\/vitensenteret\/#organization"},"potentialAction":[{"@type":"SearchAction","target":{"@type":"EntryPoint","urlTemplate":"https:\/\/kreftforeningen.no\/vitensenteret\/?s={search_term_string}"},"query-input":{"@type":"PropertyValueSpecification","valueRequired":true,"valueName":"search_term_string"}}],"inLanguage":"nb-NO"},{"@type":"Organization","@id":"https:\/\/kreftforeningen.no\/vitensenteret\/#organization","name":"Kreftforeningens Vitensenter","url":"https:\/\/kreftforeningen.no\/vitensenteret\/","logo":{"@type":"ImageObject","inLanguage":"nb-NO","@id":"https:\/\/kreftforeningen.no\/vitensenteret\/#\/schema\/logo\/image\/","url":"https:\/\/kreftforeningen.no\/content\/uploads\/2020\/05\/kf-vitensenteret-logo-svart.png","contentUrl":"https:\/\/kreftforeningen.no\/content\/uploads\/2020\/05\/kf-vitensenteret-logo-svart.png","caption":"Kreftforeningens Vitensenter"},"image":{"@id":"https:\/\/kreftforeningen.no\/vitensenteret\/#\/schema\/logo\/image\/"}}]}},"_links":{"self":[{"href":"https:\/\/kreftforeningen.no\/vitensenteret\/wp-json\/wp\/v2\/pages\/95"}],"collection":[{"href":"https:\/\/kreftforeningen.no\/vitensenteret\/wp-json\/wp\/v2\/pages"}],"about":[{"href":"https:\/\/kreftforeningen.no\/vitensenteret\/wp-json\/wp\/v2\/types\/page"}],"author":[{"embeddable":true,"href":"https:\/\/kreftforeningen.no\/vitensenteret\/wp-json\/wp\/v2\/users\/30"}],"replies":[{"embeddable":true,"href":"https:\/\/kreftforeningen.no\/vitensenteret\/wp-json\/wp\/v2\/comments?post=95"}],"version-history":[{"count":147,"href":"https:\/\/kreftforeningen.no\/vitensenteret\/wp-json\/wp\/v2\/pages\/95\/revisions"}],"predecessor-version":[{"id":2620,"href":"https:\/\/kreftforeningen.no\/vitensenteret\/wp-json\/wp\/v2\/pages\/95\/revisions\/2620"}],"wp:attachment":[{"href":"https:\/\/kreftforeningen.no\/vitensenteret\/wp-json\/wp\/v2\/media?parent=95"}],"curies":[{"name":"wp","href":"https:\/\/api.w.org\/{rel}","templated":true}]}}